{"id":726,"date":"2021-02-04T12:56:39","date_gmt":"2021-02-04T11:56:39","guid":{"rendered":"https:\/\/uniest.it\/product\/tea-tree-oil-crema-nutriente-gli-speciali\/"},"modified":"2025-04-15T11:29:48","modified_gmt":"2025-04-15T10:29:48","slug":"tea-tree-oil-30ml","status":"publish","type":"product","link":"https:\/\/uniest.it\/es\/prodotto\/tea-tree-oil-30ml\/","title":{"rendered":"Tea Tree Oil &#8211; 30ml"},"content":{"rendered":"<p>Tea Tree Oil \u00e8 crema al Tea Tree Oil contiene un\u2019alta percentuale di purissimo Olio Essenziale di Tea Tree (Melaleuca Officinale chiamata dagli aborigeni \u201cAlbero del T\u00e8\u201d appunto \u201cTea Tree\u201d) e ne mantiene inalterate pressoch\u00e9 tutte le propriet\u00e0. Il Tea Tree Oil, \u00e8 considerato una sorta di \u2018rimedio universal\u00c8 a tantissimi disturbi di varia natura, specialmente a quelli di tipo cutaneo. Particolarmente indicato, come coadiuvante, in caso di: dermatiti, prurito, lievi ustioni e\/o eritema solare, foruncolosi, herpes, porri e verruche, influenza, bronchite. Questa crema \u00e8 stata impreziosita con materie prime naturali come l\u2019Olio di Mandorle Dolci BIOLOGICO* ed il Burro di Karit\u00e9 BIOLOGICO*, atte a rendere la pelle nutrita, idratata e morbida. Senza coloranti e profumi, la sua nota pungente \u00e8 data esclusivamente dall\u2019Olio Essenziale di Tea Tree Oil.<\/p>\n","protected":false},"excerpt":{"rendered":"<p>Tea Tree Oil \u00e8 crema al Tea Tree Oil contiene un\u2019alta percentuale di purissimo Olio Essenziale di Tea Tree (Melaleuca Officinale chiamata dagli aborigeni \u201cAlbero del T\u00e8\u201d appunto \u201cTea Tree\u201d) e ne mantiene inalterate pressoch\u00e9 tutte le propriet\u00e0. Il Tea Tree Oil, \u00e8 considerato una sorta di \u2018rimedio universal\u00c8 a tantissimi disturbi di varia natura, [&hellip;]<\/p>\n","protected":false},"featured_media":531,"template":"","meta":{"_acf_changed":false,"inline_featured_image":false},"product_brand":[],"product_cat":[1093,1111,1064],"product_tag":[],"class_list":{"0":"post-726","1":"product","2":"type-product","3":"status-publish","4":"has-post-thumbnail","6":"product_beauty-detox-e-dren","7":"product_beauty-idratare","8":"product_beauty-lenire","9":"product_beauty-nutrire-e-rigenerare","10":"product_beauty-proteggere","11":"product_beauty-purificare","12":"product_skin-tutte-le-pelli","13":"product_kind-i-rimedi-dalla-natura","14":"product_kind-trattamenti-mani-e-piedi","15":"product_kind-trattamenti-speciali","16":"product_kind-tutte-le-creme-corpo","17":"product_lines-i-rimedi-dalla-natura","18":"product_cat-corpo","19":"product_cat-mani-e-piedi","20":"product_cat-viso","21":"pa_size-104","23":"first","24":"instock","25":"taxable","26":"shipping-taxable","27":"purchasable","28":"product-type-simple"},"acf":[],"yoast_head":"<!-- This site is optimized with the Yoast SEO plugin v24.6 - https:\/\/yoast.com\/wordpress\/plugins\/seo\/ -->\n<title>Tea Tree Oil - 30ml - Uniest<\/title>\n<meta name=\"robots\" content=\"index, follow, max-snippet:-1, max-image-preview:large, max-video-preview:-1\" \/>\n<link rel=\"canonical\" href=\"https:\/\/uniest.it\/prodotto\/tea-tree-oil-30ml\/\" \/>\n<meta property=\"og:locale\" content=\"es_ES\" \/>\n<meta property=\"og:type\" content=\"article\" \/>\n<meta property=\"og:title\" content=\"Tea Tree Oil - 30ml - Uniest\" \/>\n<meta property=\"og:description\" content=\"Tea Tree Oil \u00e8 crema al Tea Tree Oil contiene un\u2019alta percentuale di purissimo Olio Essenziale di Tea Tree (Melaleuca Officinale chiamata dagli aborigeni \u201cAlbero del T\u00e8\u201d appunto \u201cTea Tree\u201d) e ne mantiene inalterate pressoch\u00e9 tutte le propriet\u00e0. Il Tea Tree Oil, \u00e8 considerato una sorta di \u2018rimedio universal\u00c8 a tantissimi disturbi di varia natura, [&hellip;]\" \/>\n<meta property=\"og:url\" content=\"https:\/\/uniest.it\/prodotto\/tea-tree-oil-30ml\/\" \/>\n<meta property=\"og:site_name\" content=\"Uniest\" \/>\n<meta property=\"article:modified_time\" content=\"2025-04-15T10:29:48+00:00\" \/>\n<meta property=\"og:image\" content=\"https:\/\/uniest.it\/wp-content\/uploads\/2020\/11\/007AAE.png\" \/>\n\t<meta property=\"og:image:width\" content=\"1283\" \/>\n\t<meta property=\"og:image:height\" content=\"2000\" \/>\n\t<meta property=\"og:image:type\" content=\"image\/png\" \/>\n<meta name=\"twitter:card\" content=\"summary_large_image\" \/>\n<meta name=\"twitter:label1\" content=\"Tiempo de lectura\" \/>\n\t<meta name=\"twitter:data1\" content=\"1 minuto\" \/>\n<script type=\"application\/ld+json\" class=\"yoast-schema-graph\">{\"@context\":\"https:\/\/schema.org\",\"@graph\":[{\"@type\":\"WebPage\",\"@id\":\"https:\/\/uniest.it\/prodotto\/tea-tree-oil-30ml\/\",\"url\":\"https:\/\/uniest.it\/prodotto\/tea-tree-oil-30ml\/\",\"name\":\"Tea Tree Oil - 30ml - Uniest\",\"isPartOf\":{\"@id\":\"https:\/\/uniest.it\/#website\"},\"primaryImageOfPage\":{\"@id\":\"https:\/\/uniest.it\/prodotto\/tea-tree-oil-30ml\/#primaryimage\"},\"image\":{\"@id\":\"https:\/\/uniest.it\/prodotto\/tea-tree-oil-30ml\/#primaryimage\"},\"thumbnailUrl\":\"https:\/\/uniest.it\/wp-content\/uploads\/2020\/11\/007AAE.png\",\"datePublished\":\"2021-02-04T11:56:39+00:00\",\"dateModified\":\"2025-04-15T10:29:48+00:00\",\"breadcrumb\":{\"@id\":\"https:\/\/uniest.it\/prodotto\/tea-tree-oil-30ml\/#breadcrumb\"},\"inLanguage\":\"es\",\"potentialAction\":[{\"@type\":\"ReadAction\",\"target\":[\"https:\/\/uniest.it\/prodotto\/tea-tree-oil-30ml\/\"]}]},{\"@type\":\"ImageObject\",\"inLanguage\":\"es\",\"@id\":\"https:\/\/uniest.it\/prodotto\/tea-tree-oil-30ml\/#primaryimage\",\"url\":\"https:\/\/uniest.it\/wp-content\/uploads\/2020\/11\/007AAE.png\",\"contentUrl\":\"https:\/\/uniest.it\/wp-content\/uploads\/2020\/11\/007AAE.png\",\"width\":1283,\"height\":2000},{\"@type\":\"BreadcrumbList\",\"@id\":\"https:\/\/uniest.it\/prodotto\/tea-tree-oil-30ml\/#breadcrumb\",\"itemListElement\":[{\"@type\":\"ListItem\",\"position\":1,\"name\":\"Home\",\"item\":\"https:\/\/uniest.it\/es\/\"},{\"@type\":\"ListItem\",\"position\":2,\"name\":\"Shop\",\"item\":\"https:\/\/uniest.it\/shop\/\"},{\"@type\":\"ListItem\",\"position\":3,\"name\":\"Tea Tree Oil &#8211; 30ml\"}]},{\"@type\":\"WebSite\",\"@id\":\"https:\/\/uniest.it\/#website\",\"url\":\"https:\/\/uniest.it\/\",\"name\":\"Uniest\",\"description\":\"Cosmetici Naturali e Bio\",\"potentialAction\":[{\"@type\":\"SearchAction\",\"target\":{\"@type\":\"EntryPoint\",\"urlTemplate\":\"https:\/\/uniest.it\/?s={search_term_string}\"},\"query-input\":{\"@type\":\"PropertyValueSpecification\",\"valueRequired\":true,\"valueName\":\"search_term_string\"}}],\"inLanguage\":\"es\"}]}<\/script>\n<!-- \/ Yoast SEO plugin. -->","yoast_head_json":{"title":"Tea Tree Oil - 30ml - Uniest","robots":{"index":"index","follow":"follow","max-snippet":"max-snippet:-1","max-image-preview":"max-image-preview:large","max-video-preview":"max-video-preview:-1"},"canonical":"https:\/\/uniest.it\/prodotto\/tea-tree-oil-30ml\/","og_locale":"es_ES","og_type":"article","og_title":"Tea Tree Oil - 30ml - Uniest","og_description":"Tea Tree Oil \u00e8 crema al Tea Tree Oil contiene un\u2019alta percentuale di purissimo Olio Essenziale di Tea Tree (Melaleuca Officinale chiamata dagli aborigeni \u201cAlbero del T\u00e8\u201d appunto \u201cTea Tree\u201d) e ne mantiene inalterate pressoch\u00e9 tutte le propriet\u00e0. Il Tea Tree Oil, \u00e8 considerato una sorta di \u2018rimedio universal\u00c8 a tantissimi disturbi di varia natura, [&hellip;]","og_url":"https:\/\/uniest.it\/prodotto\/tea-tree-oil-30ml\/","og_site_name":"Uniest","article_modified_time":"2025-04-15T10:29:48+00:00","og_image":[{"width":1283,"height":2000,"url":"https:\/\/uniest.it\/wp-content\/uploads\/2020\/11\/007AAE.png","type":"image\/png"}],"twitter_card":"summary_large_image","twitter_misc":{"Tiempo de lectura":"1 minuto"},"schema":{"@context":"https:\/\/schema.org","@graph":[{"@type":"WebPage","@id":"https:\/\/uniest.it\/prodotto\/tea-tree-oil-30ml\/","url":"https:\/\/uniest.it\/prodotto\/tea-tree-oil-30ml\/","name":"Tea Tree Oil - 30ml - Uniest","isPartOf":{"@id":"https:\/\/uniest.it\/#website"},"primaryImageOfPage":{"@id":"https:\/\/uniest.it\/prodotto\/tea-tree-oil-30ml\/#primaryimage"},"image":{"@id":"https:\/\/uniest.it\/prodotto\/tea-tree-oil-30ml\/#primaryimage"},"thumbnailUrl":"https:\/\/uniest.it\/wp-content\/uploads\/2020\/11\/007AAE.png","datePublished":"2021-02-04T11:56:39+00:00","dateModified":"2025-04-15T10:29:48+00:00","breadcrumb":{"@id":"https:\/\/uniest.it\/prodotto\/tea-tree-oil-30ml\/#breadcrumb"},"inLanguage":"es","potentialAction":[{"@type":"ReadAction","target":["https:\/\/uniest.it\/prodotto\/tea-tree-oil-30ml\/"]}]},{"@type":"ImageObject","inLanguage":"es","@id":"https:\/\/uniest.it\/prodotto\/tea-tree-oil-30ml\/#primaryimage","url":"https:\/\/uniest.it\/wp-content\/uploads\/2020\/11\/007AAE.png","contentUrl":"https:\/\/uniest.it\/wp-content\/uploads\/2020\/11\/007AAE.png","width":1283,"height":2000},{"@type":"BreadcrumbList","@id":"https:\/\/uniest.it\/prodotto\/tea-tree-oil-30ml\/#breadcrumb","itemListElement":[{"@type":"ListItem","position":1,"name":"Home","item":"https:\/\/uniest.it\/es\/"},{"@type":"ListItem","position":2,"name":"Shop","item":"https:\/\/uniest.it\/shop\/"},{"@type":"ListItem","position":3,"name":"Tea Tree Oil &#8211; 30ml"}]},{"@type":"WebSite","@id":"https:\/\/uniest.it\/#website","url":"https:\/\/uniest.it\/","name":"Uniest","description":"Cosmetici Naturali e Bio","potentialAction":[{"@type":"SearchAction","target":{"@type":"EntryPoint","urlTemplate":"https:\/\/uniest.it\/?s={search_term_string}"},"query-input":{"@type":"PropertyValueSpecification","valueRequired":true,"valueName":"search_term_string"}}],"inLanguage":"es"}]}},"_links":{"self":[{"href":"https:\/\/uniest.it\/es\/wp-json\/wp\/v2\/product\/726","targetHints":{"allow":["GET"]}}],"collection":[{"href":"https:\/\/uniest.it\/es\/wp-json\/wp\/v2\/product"}],"about":[{"href":"https:\/\/uniest.it\/es\/wp-json\/wp\/v2\/types\/product"}],"wp:featuredmedia":[{"embeddable":true,"href":"https:\/\/uniest.it\/es\/wp-json\/wp\/v2\/media\/531"}],"wp:attachment":[{"href":"https:\/\/uniest.it\/es\/wp-json\/wp\/v2\/media?parent=726"}],"wp:term":[{"taxonomy":"product_brand","embeddable":true,"href":"https:\/\/uniest.it\/es\/wp-json\/wp\/v2\/product_brand?post=726"},{"taxonomy":"product_cat","embeddable":true,"href":"https:\/\/uniest.it\/es\/wp-json\/wp\/v2\/product_cat?post=726"},{"taxonomy":"product_tag","embeddable":true,"href":"https:\/\/uniest.it\/es\/wp-json\/wp\/v2\/product_tag?post=726"}],"curies":[{"name":"wp","href":"https:\/\/api.w.org\/{rel}","templated":true}]}}