{"id":738,"date":"2021-02-04T12:56:39","date_gmt":"2021-02-04T11:56:39","guid":{"rendered":"https:\/\/uniest.it\/product\/latte-micellare\/"},"modified":"2024-11-26T00:00:05","modified_gmt":"2024-11-25T23:00:05","slug":"latte-micellare-detergente-struccante","status":"publish","type":"product","link":"https:\/\/uniest.it\/es\/prodotto\/latte-micellare-detergente-struccante\/","title":{"rendered":"Latte Micellare"},"content":{"rendered":"<p>Morbido Latte Micellare detergente e struccante che grazie alla sua innovativa formula ed alla micella contenuta, \u00e8 adatto a tutti i tipi di pelle che vengono deterse, pulite ed idratate in modo delicato.<\/p>\n<p>Grazie alla micella presente \u00e8 in grado di catturare ed asportare anche il trucco pi\u00f9 difficile senza necessit\u00e0 di sfregamenti.<\/p>\n<p>Ricco in principi attivi, lo rendono un fitocosmetico immancabile nella beauty routine quotidiana.<\/p>\n<p>L&#8217;Olio Extra Vergine di Oliva \u00e8 considerato un vero e proprio \u201cnutraceutico\u201d, ricco in Vitamine A, E, F, B, Lecitina, Sali Minerali ed Enzimi.<\/p>\n<p>Il Vino Rosso \u00e8 ricco di alfaidrossiacidi, polifenoli, zuccheri e lipidi che grazie alle molteplici azioni che svolgono sulla nostra cute, viene considerato un potente alleato per la bellezza.<\/p>\n<p>L\u2019Olio Extra Vergine di Oliva D.O.P. ed il Vino D.O.C. sono entrambi di provenienza del Lago di Garda, ai quali vengono riconosciute propriet\u00e0 ipotensive, antiossidanti, illuminanti, anti-age e protettive.<\/p>\n","protected":false},"excerpt":{"rendered":"<p>Morbido Latte Micellare detergente e struccante che grazie alla sua innovativa formula ed alla micella contenuta, \u00e8 adatto a tutti i tipi di pelle che vengono deterse, pulite ed idratate in modo delicato. Grazie alla micella presente \u00e8 in grado di catturare ed asportare anche il trucco pi\u00f9 difficile senza necessit\u00e0 di sfregamenti. Ricco in [&hellip;]<\/p>\n","protected":false},"featured_media":536,"template":"","meta":{"_acf_changed":false,"inline_featured_image":false},"product_brand":[],"product_cat":[1064,1290],"product_tag":[],"class_list":{"0":"post-738","1":"product","2":"type-product","3":"status-publish","4":"has-post-thumbnail","6":"product_beauty-detergere","7":"product_beauty-idratare","8":"product_beauty-nutrire","9":"product_skin-pelli-delicate-e-sensibili","10":"product_skin-pelli-giovani-e-prime-rughe","11":"product_skin-pelli-grasse-e-miste","12":"product_skin-pelli-mature-e-rughe","13":"product_skin-pelli-secche-e-normali","14":"product_skin-tutte-le-pelli","15":"product_kind-detergenti-e-struccanti-viso","16":"product_lines-garda-lake-beauty","17":"product_cat-viso","18":"product_cat-garda-lake-beauty","19":"pa_size-33","21":"first","22":"instock","23":"taxable","24":"shipping-taxable","25":"purchasable","26":"product-type-simple"},"acf":[],"yoast_head":"<!-- This site is optimized with the Yoast SEO plugin v24.6 - https:\/\/yoast.com\/wordpress\/plugins\/seo\/ -->\n<title>Latte Micellare - Uniest<\/title>\n<meta name=\"description\" content=\"Morbido Latte Micellare detergente e struccante, in grado di catturare ed asportare anche il trucco pi\u00f9 difficile senza necessit\u00e0 di sfregamenti.\" \/>\n<meta name=\"robots\" content=\"index, follow, max-snippet:-1, max-image-preview:large, max-video-preview:-1\" \/>\n<link rel=\"canonical\" href=\"https:\/\/uniest.it\/prodotto\/latte-micellare-detergente-struccante\/\" \/>\n<meta property=\"og:locale\" content=\"es_ES\" \/>\n<meta property=\"og:type\" content=\"article\" \/>\n<meta property=\"og:title\" content=\"Latte Micellare - Uniest\" \/>\n<meta property=\"og:description\" content=\"Morbido Latte Micellare detergente e struccante, in grado di catturare ed asportare anche il trucco pi\u00f9 difficile senza necessit\u00e0 di sfregamenti.\" \/>\n<meta property=\"og:url\" content=\"https:\/\/uniest.it\/prodotto\/latte-micellare-detergente-struccante\/\" \/>\n<meta property=\"og:site_name\" content=\"Uniest\" \/>\n<meta property=\"article:modified_time\" content=\"2024-11-25T23:00:05+00:00\" \/>\n<meta property=\"og:image\" content=\"https:\/\/uniest.it\/wp-content\/uploads\/2020\/11\/009LGB.png\" \/>\n\t<meta property=\"og:image:width\" content=\"1283\" \/>\n\t<meta property=\"og:image:height\" content=\"2000\" \/>\n\t<meta property=\"og:image:type\" content=\"image\/png\" \/>\n<meta name=\"twitter:card\" content=\"summary_large_image\" \/>\n<meta name=\"twitter:label1\" content=\"Tiempo de lectura\" \/>\n\t<meta name=\"twitter:data1\" content=\"1 minuto\" \/>\n<script type=\"application\/ld+json\" class=\"yoast-schema-graph\">{\"@context\":\"https:\/\/schema.org\",\"@graph\":[{\"@type\":\"WebPage\",\"@id\":\"https:\/\/uniest.it\/prodotto\/latte-micellare-detergente-struccante\/\",\"url\":\"https:\/\/uniest.it\/prodotto\/latte-micellare-detergente-struccante\/\",\"name\":\"Latte Micellare - Uniest\",\"isPartOf\":{\"@id\":\"https:\/\/uniest.it\/#website\"},\"primaryImageOfPage\":{\"@id\":\"https:\/\/uniest.it\/prodotto\/latte-micellare-detergente-struccante\/#primaryimage\"},\"image\":{\"@id\":\"https:\/\/uniest.it\/prodotto\/latte-micellare-detergente-struccante\/#primaryimage\"},\"thumbnailUrl\":\"https:\/\/uniest.it\/wp-content\/uploads\/2020\/11\/009LGB.png\",\"datePublished\":\"2021-02-04T11:56:39+00:00\",\"dateModified\":\"2024-11-25T23:00:05+00:00\",\"description\":\"Morbido Latte Micellare detergente e struccante, in grado di catturare ed asportare anche il trucco pi\u00f9 difficile senza necessit\u00e0 di sfregamenti.\",\"breadcrumb\":{\"@id\":\"https:\/\/uniest.it\/prodotto\/latte-micellare-detergente-struccante\/#breadcrumb\"},\"inLanguage\":\"es\",\"potentialAction\":[{\"@type\":\"ReadAction\",\"target\":[\"https:\/\/uniest.it\/prodotto\/latte-micellare-detergente-struccante\/\"]}]},{\"@type\":\"ImageObject\",\"inLanguage\":\"es\",\"@id\":\"https:\/\/uniest.it\/prodotto\/latte-micellare-detergente-struccante\/#primaryimage\",\"url\":\"https:\/\/uniest.it\/wp-content\/uploads\/2020\/11\/009LGB.png\",\"contentUrl\":\"https:\/\/uniest.it\/wp-content\/uploads\/2020\/11\/009LGB.png\",\"width\":1283,\"height\":2000},{\"@type\":\"BreadcrumbList\",\"@id\":\"https:\/\/uniest.it\/prodotto\/latte-micellare-detergente-struccante\/#breadcrumb\",\"itemListElement\":[{\"@type\":\"ListItem\",\"position\":1,\"name\":\"Home\",\"item\":\"https:\/\/uniest.it\/es\/\"},{\"@type\":\"ListItem\",\"position\":2,\"name\":\"Shop\",\"item\":\"https:\/\/uniest.it\/shop\/\"},{\"@type\":\"ListItem\",\"position\":3,\"name\":\"Latte Micellare\"}]},{\"@type\":\"WebSite\",\"@id\":\"https:\/\/uniest.it\/#website\",\"url\":\"https:\/\/uniest.it\/\",\"name\":\"Uniest\",\"description\":\"Cosmetici Naturali e Bio\",\"potentialAction\":[{\"@type\":\"SearchAction\",\"target\":{\"@type\":\"EntryPoint\",\"urlTemplate\":\"https:\/\/uniest.it\/?s={search_term_string}\"},\"query-input\":{\"@type\":\"PropertyValueSpecification\",\"valueRequired\":true,\"valueName\":\"search_term_string\"}}],\"inLanguage\":\"es\"}]}<\/script>\n<!-- \/ Yoast SEO plugin. -->","yoast_head_json":{"title":"Latte Micellare - Uniest","description":"Morbido Latte Micellare detergente e struccante, in grado di catturare ed asportare anche il trucco pi\u00f9 difficile senza necessit\u00e0 di sfregamenti.","robots":{"index":"index","follow":"follow","max-snippet":"max-snippet:-1","max-image-preview":"max-image-preview:large","max-video-preview":"max-video-preview:-1"},"canonical":"https:\/\/uniest.it\/prodotto\/latte-micellare-detergente-struccante\/","og_locale":"es_ES","og_type":"article","og_title":"Latte Micellare - Uniest","og_description":"Morbido Latte Micellare detergente e struccante, in grado di catturare ed asportare anche il trucco pi\u00f9 difficile senza necessit\u00e0 di sfregamenti.","og_url":"https:\/\/uniest.it\/prodotto\/latte-micellare-detergente-struccante\/","og_site_name":"Uniest","article_modified_time":"2024-11-25T23:00:05+00:00","og_image":[{"width":1283,"height":2000,"url":"https:\/\/uniest.it\/wp-content\/uploads\/2020\/11\/009LGB.png","type":"image\/png"}],"twitter_card":"summary_large_image","twitter_misc":{"Tiempo de lectura":"1 minuto"},"schema":{"@context":"https:\/\/schema.org","@graph":[{"@type":"WebPage","@id":"https:\/\/uniest.it\/prodotto\/latte-micellare-detergente-struccante\/","url":"https:\/\/uniest.it\/prodotto\/latte-micellare-detergente-struccante\/","name":"Latte Micellare - Uniest","isPartOf":{"@id":"https:\/\/uniest.it\/#website"},"primaryImageOfPage":{"@id":"https:\/\/uniest.it\/prodotto\/latte-micellare-detergente-struccante\/#primaryimage"},"image":{"@id":"https:\/\/uniest.it\/prodotto\/latte-micellare-detergente-struccante\/#primaryimage"},"thumbnailUrl":"https:\/\/uniest.it\/wp-content\/uploads\/2020\/11\/009LGB.png","datePublished":"2021-02-04T11:56:39+00:00","dateModified":"2024-11-25T23:00:05+00:00","description":"Morbido Latte Micellare detergente e struccante, in grado di catturare ed asportare anche il trucco pi\u00f9 difficile senza necessit\u00e0 di sfregamenti.","breadcrumb":{"@id":"https:\/\/uniest.it\/prodotto\/latte-micellare-detergente-struccante\/#breadcrumb"},"inLanguage":"es","potentialAction":[{"@type":"ReadAction","target":["https:\/\/uniest.it\/prodotto\/latte-micellare-detergente-struccante\/"]}]},{"@type":"ImageObject","inLanguage":"es","@id":"https:\/\/uniest.it\/prodotto\/latte-micellare-detergente-struccante\/#primaryimage","url":"https:\/\/uniest.it\/wp-content\/uploads\/2020\/11\/009LGB.png","contentUrl":"https:\/\/uniest.it\/wp-content\/uploads\/2020\/11\/009LGB.png","width":1283,"height":2000},{"@type":"BreadcrumbList","@id":"https:\/\/uniest.it\/prodotto\/latte-micellare-detergente-struccante\/#breadcrumb","itemListElement":[{"@type":"ListItem","position":1,"name":"Home","item":"https:\/\/uniest.it\/es\/"},{"@type":"ListItem","position":2,"name":"Shop","item":"https:\/\/uniest.it\/shop\/"},{"@type":"ListItem","position":3,"name":"Latte Micellare"}]},{"@type":"WebSite","@id":"https:\/\/uniest.it\/#website","url":"https:\/\/uniest.it\/","name":"Uniest","description":"Cosmetici Naturali e Bio","potentialAction":[{"@type":"SearchAction","target":{"@type":"EntryPoint","urlTemplate":"https:\/\/uniest.it\/?s={search_term_string}"},"query-input":{"@type":"PropertyValueSpecification","valueRequired":true,"valueName":"search_term_string"}}],"inLanguage":"es"}]}},"_links":{"self":[{"href":"https:\/\/uniest.it\/es\/wp-json\/wp\/v2\/product\/738","targetHints":{"allow":["GET"]}}],"collection":[{"href":"https:\/\/uniest.it\/es\/wp-json\/wp\/v2\/product"}],"about":[{"href":"https:\/\/uniest.it\/es\/wp-json\/wp\/v2\/types\/product"}],"wp:featuredmedia":[{"embeddable":true,"href":"https:\/\/uniest.it\/es\/wp-json\/wp\/v2\/media\/536"}],"wp:attachment":[{"href":"https:\/\/uniest.it\/es\/wp-json\/wp\/v2\/media?parent=738"}],"wp:term":[{"taxonomy":"product_brand","embeddable":true,"href":"https:\/\/uniest.it\/es\/wp-json\/wp\/v2\/product_brand?post=738"},{"taxonomy":"product_cat","embeddable":true,"href":"https:\/\/uniest.it\/es\/wp-json\/wp\/v2\/product_cat?post=738"},{"taxonomy":"product_tag","embeddable":true,"href":"https:\/\/uniest.it\/es\/wp-json\/wp\/v2\/product_tag?post=738"}],"curies":[{"name":"wp","href":"https:\/\/api.w.org\/{rel}","templated":true}]}}