{"id":854,"date":"2021-02-04T12:58:44","date_gmt":"2021-02-04T11:58:44","guid":{"rendered":"https:\/\/uniest.it\/product\/sun-screen-for-young-pepole-spf-50\/"},"modified":"2025-04-11T11:41:48","modified_gmt":"2025-04-11T10:41:48","slug":"sun-screen-for-young-pepole-crema-solare-protezione-molto-alta-spf-50","status":"publish","type":"product","link":"https:\/\/uniest.it\/es\/prodotto\/sun-screen-for-young-pepole-crema-solare-protezione-molto-alta-spf-50\/","title":{"rendered":"Sun Screen For Young Pepole Crema Solare Protezione Molto Alta SPF 50+"},"content":{"rendered":"<p>Sun screen for young people \u00e8 una morbida crema unisce i pi\u00f9 sicuri filtri solari per ottenere un\u2019ottima protezione e un\u2019abbronzatura sicura e sana.<br \/>\nLa pelle dei bambini \u00e8 molto delicata ecco perch\u00e8 \u00e8 molto importante proteggerla in modo corretto dal sole durante le vacanze e nelle giornate all\u2019aria aperta.<br \/>\nLa sua formulazione contiene l\u2019Olio di Crusca di Riso, filtro solare naturale ricco di Gamma-Orizanolo e Vitamina E, \u00e8 adatta anche per le pelli pi\u00f9 delicate.<br \/>\nL\u2019Olio di Carota, di Girasole Biologico e di Mallo di noce con il Burro di Karit\u00e9 Biologico tutti dalle caratteristiche filtranti naturali, protettive, idratanti ed emollienti.<\/p>\n","protected":false},"excerpt":{"rendered":"<p>Sun screen for young people \u00e8 una morbida crema unisce i pi\u00f9 sicuri filtri solari per ottenere un\u2019ottima protezione e un\u2019abbronzatura sicura e sana. La pelle dei bambini \u00e8 molto delicata ecco perch\u00e8 \u00e8 molto importante proteggerla in modo corretto dal sole durante le vacanze e nelle giornate all\u2019aria aperta. La sua formulazione contiene l\u2019Olio [&hellip;]<\/p>\n","protected":false},"featured_media":588,"template":"","meta":{"_acf_changed":false,"inline_featured_image":false},"product_brand":[],"product_cat":[1292,1146],"product_tag":[],"class_list":{"0":"post-854","1":"product","2":"type-product","3":"status-publish","4":"has-post-thumbnail","6":"product_beauty-idratare","7":"product_beauty-lenire","8":"product_beauty-nutrire-e-rigenerare","9":"product_beauty-proteggere","10":"product_skin-tutte-le-pelli","11":"product_kind-prodotti-baby-mamy","12":"product_kind-protezione-solare","13":"product_kind-tutte-le-creme-corpo","14":"product_lines-baby-mamy","15":"product_lines-solari","16":"product_cat-famiglia-e-pet","17":"product_cat-solari","18":"pa_size-237","20":"first","21":"instock","22":"taxable","23":"shipping-taxable","24":"purchasable","25":"product-type-simple"},"acf":[],"yoast_head":"<!-- This site is optimized with the Yoast SEO plugin v24.6 - https:\/\/yoast.com\/wordpress\/plugins\/seo\/ -->\n<title>Sun Screen For Young Pepole Crema Solare Protezione Molto Alta SPF 50+ - Uniest<\/title>\n<meta name=\"robots\" content=\"index, follow, max-snippet:-1, max-image-preview:large, max-video-preview:-1\" \/>\n<link rel=\"canonical\" href=\"https:\/\/uniest.it\/prodotto\/sun-screen-for-young-pepole-crema-solare-protezione-molto-alta-spf-50\/\" \/>\n<meta property=\"og:locale\" content=\"es_ES\" \/>\n<meta property=\"og:type\" content=\"article\" \/>\n<meta property=\"og:title\" content=\"Sun Screen For Young Pepole Crema Solare Protezione Molto Alta SPF 50+ - Uniest\" \/>\n<meta property=\"og:description\" content=\"Sun screen for young people \u00e8 una morbida crema unisce i pi\u00f9 sicuri filtri solari per ottenere un\u2019ottima protezione e un\u2019abbronzatura sicura e sana. La pelle dei bambini \u00e8 molto delicata ecco perch\u00e8 \u00e8 molto importante proteggerla in modo corretto dal sole durante le vacanze e nelle giornate all\u2019aria aperta. La sua formulazione contiene l\u2019Olio [&hellip;]\" \/>\n<meta property=\"og:url\" content=\"https:\/\/uniest.it\/prodotto\/sun-screen-for-young-pepole-crema-solare-protezione-molto-alta-spf-50\/\" \/>\n<meta property=\"og:site_name\" content=\"Uniest\" \/>\n<meta property=\"article:modified_time\" content=\"2025-04-11T10:41:48+00:00\" \/>\n<meta property=\"og:image\" content=\"https:\/\/uniest.it\/wp-content\/uploads\/2020\/11\/041AAA.png\" \/>\n\t<meta property=\"og:image:width\" content=\"1283\" \/>\n\t<meta property=\"og:image:height\" content=\"2000\" \/>\n\t<meta property=\"og:image:type\" content=\"image\/png\" \/>\n<meta name=\"twitter:card\" content=\"summary_large_image\" \/>\n<meta name=\"twitter:label1\" content=\"Tiempo de lectura\" \/>\n\t<meta name=\"twitter:data1\" content=\"1 minuto\" \/>\n<script type=\"application\/ld+json\" class=\"yoast-schema-graph\">{\"@context\":\"https:\/\/schema.org\",\"@graph\":[{\"@type\":\"WebPage\",\"@id\":\"https:\/\/uniest.it\/prodotto\/sun-screen-for-young-pepole-crema-solare-protezione-molto-alta-spf-50\/\",\"url\":\"https:\/\/uniest.it\/prodotto\/sun-screen-for-young-pepole-crema-solare-protezione-molto-alta-spf-50\/\",\"name\":\"Sun Screen For Young Pepole Crema Solare Protezione Molto Alta SPF 50+ - Uniest\",\"isPartOf\":{\"@id\":\"https:\/\/uniest.it\/#website\"},\"primaryImageOfPage\":{\"@id\":\"https:\/\/uniest.it\/prodotto\/sun-screen-for-young-pepole-crema-solare-protezione-molto-alta-spf-50\/#primaryimage\"},\"image\":{\"@id\":\"https:\/\/uniest.it\/prodotto\/sun-screen-for-young-pepole-crema-solare-protezione-molto-alta-spf-50\/#primaryimage\"},\"thumbnailUrl\":\"https:\/\/uniest.it\/wp-content\/uploads\/2020\/11\/041AAA.png\",\"datePublished\":\"2021-02-04T11:58:44+00:00\",\"dateModified\":\"2025-04-11T10:41:48+00:00\",\"breadcrumb\":{\"@id\":\"https:\/\/uniest.it\/prodotto\/sun-screen-for-young-pepole-crema-solare-protezione-molto-alta-spf-50\/#breadcrumb\"},\"inLanguage\":\"es\",\"potentialAction\":[{\"@type\":\"ReadAction\",\"target\":[\"https:\/\/uniest.it\/prodotto\/sun-screen-for-young-pepole-crema-solare-protezione-molto-alta-spf-50\/\"]}]},{\"@type\":\"ImageObject\",\"inLanguage\":\"es\",\"@id\":\"https:\/\/uniest.it\/prodotto\/sun-screen-for-young-pepole-crema-solare-protezione-molto-alta-spf-50\/#primaryimage\",\"url\":\"https:\/\/uniest.it\/wp-content\/uploads\/2020\/11\/041AAA.png\",\"contentUrl\":\"https:\/\/uniest.it\/wp-content\/uploads\/2020\/11\/041AAA.png\",\"width\":1283,\"height\":2000},{\"@type\":\"BreadcrumbList\",\"@id\":\"https:\/\/uniest.it\/prodotto\/sun-screen-for-young-pepole-crema-solare-protezione-molto-alta-spf-50\/#breadcrumb\",\"itemListElement\":[{\"@type\":\"ListItem\",\"position\":1,\"name\":\"Home\",\"item\":\"https:\/\/uniest.it\/es\/\"},{\"@type\":\"ListItem\",\"position\":2,\"name\":\"Shop\",\"item\":\"https:\/\/uniest.it\/shop\/\"},{\"@type\":\"ListItem\",\"position\":3,\"name\":\"Sun Screen For Young Pepole Crema Solare Protezione Molto Alta SPF 50+\"}]},{\"@type\":\"WebSite\",\"@id\":\"https:\/\/uniest.it\/#website\",\"url\":\"https:\/\/uniest.it\/\",\"name\":\"Uniest\",\"description\":\"Cosmetici Naturali e Bio\",\"potentialAction\":[{\"@type\":\"SearchAction\",\"target\":{\"@type\":\"EntryPoint\",\"urlTemplate\":\"https:\/\/uniest.it\/?s={search_term_string}\"},\"query-input\":{\"@type\":\"PropertyValueSpecification\",\"valueRequired\":true,\"valueName\":\"search_term_string\"}}],\"inLanguage\":\"es\"}]}<\/script>\n<!-- \/ Yoast SEO plugin. -->","yoast_head_json":{"title":"Sun Screen For Young Pepole Crema Solare Protezione Molto Alta SPF 50+ - Uniest","robots":{"index":"index","follow":"follow","max-snippet":"max-snippet:-1","max-image-preview":"max-image-preview:large","max-video-preview":"max-video-preview:-1"},"canonical":"https:\/\/uniest.it\/prodotto\/sun-screen-for-young-pepole-crema-solare-protezione-molto-alta-spf-50\/","og_locale":"es_ES","og_type":"article","og_title":"Sun Screen For Young Pepole Crema Solare Protezione Molto Alta SPF 50+ - Uniest","og_description":"Sun screen for young people \u00e8 una morbida crema unisce i pi\u00f9 sicuri filtri solari per ottenere un\u2019ottima protezione e un\u2019abbronzatura sicura e sana. La pelle dei bambini \u00e8 molto delicata ecco perch\u00e8 \u00e8 molto importante proteggerla in modo corretto dal sole durante le vacanze e nelle giornate all\u2019aria aperta. La sua formulazione contiene l\u2019Olio [&hellip;]","og_url":"https:\/\/uniest.it\/prodotto\/sun-screen-for-young-pepole-crema-solare-protezione-molto-alta-spf-50\/","og_site_name":"Uniest","article_modified_time":"2025-04-11T10:41:48+00:00","og_image":[{"width":1283,"height":2000,"url":"https:\/\/uniest.it\/wp-content\/uploads\/2020\/11\/041AAA.png","type":"image\/png"}],"twitter_card":"summary_large_image","twitter_misc":{"Tiempo de lectura":"1 minuto"},"schema":{"@context":"https:\/\/schema.org","@graph":[{"@type":"WebPage","@id":"https:\/\/uniest.it\/prodotto\/sun-screen-for-young-pepole-crema-solare-protezione-molto-alta-spf-50\/","url":"https:\/\/uniest.it\/prodotto\/sun-screen-for-young-pepole-crema-solare-protezione-molto-alta-spf-50\/","name":"Sun Screen For Young Pepole Crema Solare Protezione Molto Alta SPF 50+ - Uniest","isPartOf":{"@id":"https:\/\/uniest.it\/#website"},"primaryImageOfPage":{"@id":"https:\/\/uniest.it\/prodotto\/sun-screen-for-young-pepole-crema-solare-protezione-molto-alta-spf-50\/#primaryimage"},"image":{"@id":"https:\/\/uniest.it\/prodotto\/sun-screen-for-young-pepole-crema-solare-protezione-molto-alta-spf-50\/#primaryimage"},"thumbnailUrl":"https:\/\/uniest.it\/wp-content\/uploads\/2020\/11\/041AAA.png","datePublished":"2021-02-04T11:58:44+00:00","dateModified":"2025-04-11T10:41:48+00:00","breadcrumb":{"@id":"https:\/\/uniest.it\/prodotto\/sun-screen-for-young-pepole-crema-solare-protezione-molto-alta-spf-50\/#breadcrumb"},"inLanguage":"es","potentialAction":[{"@type":"ReadAction","target":["https:\/\/uniest.it\/prodotto\/sun-screen-for-young-pepole-crema-solare-protezione-molto-alta-spf-50\/"]}]},{"@type":"ImageObject","inLanguage":"es","@id":"https:\/\/uniest.it\/prodotto\/sun-screen-for-young-pepole-crema-solare-protezione-molto-alta-spf-50\/#primaryimage","url":"https:\/\/uniest.it\/wp-content\/uploads\/2020\/11\/041AAA.png","contentUrl":"https:\/\/uniest.it\/wp-content\/uploads\/2020\/11\/041AAA.png","width":1283,"height":2000},{"@type":"BreadcrumbList","@id":"https:\/\/uniest.it\/prodotto\/sun-screen-for-young-pepole-crema-solare-protezione-molto-alta-spf-50\/#breadcrumb","itemListElement":[{"@type":"ListItem","position":1,"name":"Home","item":"https:\/\/uniest.it\/es\/"},{"@type":"ListItem","position":2,"name":"Shop","item":"https:\/\/uniest.it\/shop\/"},{"@type":"ListItem","position":3,"name":"Sun Screen For Young Pepole Crema Solare Protezione Molto Alta SPF 50+"}]},{"@type":"WebSite","@id":"https:\/\/uniest.it\/#website","url":"https:\/\/uniest.it\/","name":"Uniest","description":"Cosmetici Naturali e Bio","potentialAction":[{"@type":"SearchAction","target":{"@type":"EntryPoint","urlTemplate":"https:\/\/uniest.it\/?s={search_term_string}"},"query-input":{"@type":"PropertyValueSpecification","valueRequired":true,"valueName":"search_term_string"}}],"inLanguage":"es"}]}},"_links":{"self":[{"href":"https:\/\/uniest.it\/es\/wp-json\/wp\/v2\/product\/854","targetHints":{"allow":["GET"]}}],"collection":[{"href":"https:\/\/uniest.it\/es\/wp-json\/wp\/v2\/product"}],"about":[{"href":"https:\/\/uniest.it\/es\/wp-json\/wp\/v2\/types\/product"}],"wp:featuredmedia":[{"embeddable":true,"href":"https:\/\/uniest.it\/es\/wp-json\/wp\/v2\/media\/588"}],"wp:attachment":[{"href":"https:\/\/uniest.it\/es\/wp-json\/wp\/v2\/media?parent=854"}],"wp:term":[{"taxonomy":"product_brand","embeddable":true,"href":"https:\/\/uniest.it\/es\/wp-json\/wp\/v2\/product_brand?post=854"},{"taxonomy":"product_cat","embeddable":true,"href":"https:\/\/uniest.it\/es\/wp-json\/wp\/v2\/product_cat?post=854"},{"taxonomy":"product_tag","embeddable":true,"href":"https:\/\/uniest.it\/es\/wp-json\/wp\/v2\/product_tag?post=854"}],"curies":[{"name":"wp","href":"https:\/\/api.w.org\/{rel}","templated":true}]}}