{"id":888,"date":"2021-02-04T12:59:20","date_gmt":"2021-02-04T11:59:20","guid":{"rendered":"https:\/\/uniest.it\/product\/acqua-micellare-idratante\/"},"modified":"2026-02-16T16:54:55","modified_gmt":"2026-02-16T15:54:55","slug":"acqua-micellare-idratante","status":"publish","type":"product","link":"https:\/\/uniest.it\/es\/prodotto\/acqua-micellare-idratante\/","title":{"rendered":"Acqua Micellare Idratante"},"content":{"rendered":"<p>*E&#8217; possibile che la confezione possa essere diversa dalla fotografia.<\/p>\n<p>Acqua Micellare Idratante \u00e8 un prodotto di concezione evoluta che permette una detersione profonda ma delicata della pelle, rispettandone il pH fisiologico.<br \/>\nSi tratta di un\u2019innovativa Acqua Micellare Idratante a base di preziosi Estratti Vegetali Naturali di Aloe Biologica*, Calendula Biologica*, Mirtillo e Cetriolo, quindi \u00e8 in grado di donare una piacevole sensazione di freschezza e tonicit\u00e0 alla cute, lasciandola idratata, detersa dalle impurit\u00e0 e lenita sino in profondit\u00e0.<br \/>\nGrazie alla micella vegetale contenuta \u00e8 in grado di catturare ed asportare anche il trucco pi\u00f9 difficile senza necessit\u00e0 di sfregamenti.<\/p>\n","protected":false},"excerpt":{"rendered":"<p>*E&#8217; possibile che la confezione possa essere diversa dalla fotografia. Acqua Micellare Idratante \u00e8 un prodotto di concezione evoluta che permette una detersione profonda ma delicata della pelle, rispettandone il pH fisiologico. Si tratta di un\u2019innovativa Acqua Micellare Idratante a base di preziosi Estratti Vegetali Naturali di Aloe Biologica*, Calendula Biologica*, Mirtillo e Cetriolo, quindi [&hellip;]<\/p>\n","protected":false},"featured_media":619,"template":"","meta":{"_acf_changed":false,"inline_featured_image":false},"product_brand":[],"product_cat":[1064],"product_tag":[],"class_list":{"0":"post-888","1":"product","2":"type-product","3":"status-publish","4":"has-post-thumbnail","6":"product_beauty-detergere","7":"product_beauty-idratare","8":"product_beauty-lenire","9":"product_skin-pelli-giovani-e-prime-rughe","10":"product_kind-detergenti-e-struccanti-viso","11":"product_lines-pelli-normali-e-prime-rughe","12":"product_cat-viso","13":"pa_size-33","15":"first","16":"instock","17":"taxable","18":"shipping-taxable","19":"purchasable","20":"product-type-simple"},"acf":[],"yoast_head":"<!-- This site is optimized with the Yoast SEO plugin v24.6 - https:\/\/yoast.com\/wordpress\/plugins\/seo\/ -->\n<title>Acqua Micellare Idratante - Uniest<\/title>\n<meta name=\"robots\" content=\"index, follow, max-snippet:-1, max-image-preview:large, max-video-preview:-1\" \/>\n<link rel=\"canonical\" href=\"https:\/\/uniest.it\/prodotto\/acqua-micellare-idratante\/\" \/>\n<meta property=\"og:locale\" content=\"es_ES\" \/>\n<meta property=\"og:type\" content=\"article\" \/>\n<meta property=\"og:title\" content=\"Acqua Micellare Idratante - Uniest\" \/>\n<meta property=\"og:description\" content=\"*E&#8217; possibile che la confezione possa essere diversa dalla fotografia. Acqua Micellare Idratante \u00e8 un prodotto di concezione evoluta che permette una detersione profonda ma delicata della pelle, rispettandone il pH fisiologico. Si tratta di un\u2019innovativa Acqua Micellare Idratante a base di preziosi Estratti Vegetali Naturali di Aloe Biologica*, Calendula Biologica*, Mirtillo e Cetriolo, quindi [&hellip;]\" \/>\n<meta property=\"og:url\" content=\"https:\/\/uniest.it\/prodotto\/acqua-micellare-idratante\/\" \/>\n<meta property=\"og:site_name\" content=\"Uniest\" \/>\n<meta property=\"article:modified_time\" content=\"2026-02-16T15:54:55+00:00\" \/>\n<meta property=\"og:image\" content=\"https:\/\/uniest.it\/wp-content\/uploads\/2020\/11\/103AAE.png\" \/>\n\t<meta property=\"og:image:width\" content=\"1283\" \/>\n\t<meta property=\"og:image:height\" content=\"2001\" \/>\n\t<meta property=\"og:image:type\" content=\"image\/png\" \/>\n<meta name=\"twitter:card\" content=\"summary_large_image\" \/>\n<meta name=\"twitter:label1\" content=\"Tiempo de lectura\" \/>\n\t<meta name=\"twitter:data1\" content=\"1 minuto\" \/>\n<script type=\"application\/ld+json\" class=\"yoast-schema-graph\">{\"@context\":\"https:\/\/schema.org\",\"@graph\":[{\"@type\":\"WebPage\",\"@id\":\"https:\/\/uniest.it\/prodotto\/acqua-micellare-idratante\/\",\"url\":\"https:\/\/uniest.it\/prodotto\/acqua-micellare-idratante\/\",\"name\":\"Acqua Micellare Idratante - Uniest\",\"isPartOf\":{\"@id\":\"https:\/\/uniest.it\/#website\"},\"primaryImageOfPage\":{\"@id\":\"https:\/\/uniest.it\/prodotto\/acqua-micellare-idratante\/#primaryimage\"},\"image\":{\"@id\":\"https:\/\/uniest.it\/prodotto\/acqua-micellare-idratante\/#primaryimage\"},\"thumbnailUrl\":\"https:\/\/uniest.it\/wp-content\/uploads\/2020\/11\/103AAE.png\",\"datePublished\":\"2021-02-04T11:59:20+00:00\",\"dateModified\":\"2026-02-16T15:54:55+00:00\",\"breadcrumb\":{\"@id\":\"https:\/\/uniest.it\/prodotto\/acqua-micellare-idratante\/#breadcrumb\"},\"inLanguage\":\"es\",\"potentialAction\":[{\"@type\":\"ReadAction\",\"target\":[\"https:\/\/uniest.it\/prodotto\/acqua-micellare-idratante\/\"]}]},{\"@type\":\"ImageObject\",\"inLanguage\":\"es\",\"@id\":\"https:\/\/uniest.it\/prodotto\/acqua-micellare-idratante\/#primaryimage\",\"url\":\"https:\/\/uniest.it\/wp-content\/uploads\/2020\/11\/103AAE.png\",\"contentUrl\":\"https:\/\/uniest.it\/wp-content\/uploads\/2020\/11\/103AAE.png\",\"width\":1283,\"height\":2001},{\"@type\":\"BreadcrumbList\",\"@id\":\"https:\/\/uniest.it\/prodotto\/acqua-micellare-idratante\/#breadcrumb\",\"itemListElement\":[{\"@type\":\"ListItem\",\"position\":1,\"name\":\"Home\",\"item\":\"https:\/\/uniest.it\/es\/\"},{\"@type\":\"ListItem\",\"position\":2,\"name\":\"Shop\",\"item\":\"https:\/\/uniest.it\/shop\/\"},{\"@type\":\"ListItem\",\"position\":3,\"name\":\"Acqua Micellare Idratante\"}]},{\"@type\":\"WebSite\",\"@id\":\"https:\/\/uniest.it\/#website\",\"url\":\"https:\/\/uniest.it\/\",\"name\":\"Uniest\",\"description\":\"Cosmetici Naturali e Bio\",\"potentialAction\":[{\"@type\":\"SearchAction\",\"target\":{\"@type\":\"EntryPoint\",\"urlTemplate\":\"https:\/\/uniest.it\/?s={search_term_string}\"},\"query-input\":{\"@type\":\"PropertyValueSpecification\",\"valueRequired\":true,\"valueName\":\"search_term_string\"}}],\"inLanguage\":\"es\"}]}<\/script>\n<!-- \/ Yoast SEO plugin. -->","yoast_head_json":{"title":"Acqua Micellare Idratante - Uniest","robots":{"index":"index","follow":"follow","max-snippet":"max-snippet:-1","max-image-preview":"max-image-preview:large","max-video-preview":"max-video-preview:-1"},"canonical":"https:\/\/uniest.it\/prodotto\/acqua-micellare-idratante\/","og_locale":"es_ES","og_type":"article","og_title":"Acqua Micellare Idratante - Uniest","og_description":"*E&#8217; possibile che la confezione possa essere diversa dalla fotografia. Acqua Micellare Idratante \u00e8 un prodotto di concezione evoluta che permette una detersione profonda ma delicata della pelle, rispettandone il pH fisiologico. Si tratta di un\u2019innovativa Acqua Micellare Idratante a base di preziosi Estratti Vegetali Naturali di Aloe Biologica*, Calendula Biologica*, Mirtillo e Cetriolo, quindi [&hellip;]","og_url":"https:\/\/uniest.it\/prodotto\/acqua-micellare-idratante\/","og_site_name":"Uniest","article_modified_time":"2026-02-16T15:54:55+00:00","og_image":[{"width":1283,"height":2001,"url":"https:\/\/uniest.it\/wp-content\/uploads\/2020\/11\/103AAE.png","type":"image\/png"}],"twitter_card":"summary_large_image","twitter_misc":{"Tiempo de lectura":"1 minuto"},"schema":{"@context":"https:\/\/schema.org","@graph":[{"@type":"WebPage","@id":"https:\/\/uniest.it\/prodotto\/acqua-micellare-idratante\/","url":"https:\/\/uniest.it\/prodotto\/acqua-micellare-idratante\/","name":"Acqua Micellare Idratante - Uniest","isPartOf":{"@id":"https:\/\/uniest.it\/#website"},"primaryImageOfPage":{"@id":"https:\/\/uniest.it\/prodotto\/acqua-micellare-idratante\/#primaryimage"},"image":{"@id":"https:\/\/uniest.it\/prodotto\/acqua-micellare-idratante\/#primaryimage"},"thumbnailUrl":"https:\/\/uniest.it\/wp-content\/uploads\/2020\/11\/103AAE.png","datePublished":"2021-02-04T11:59:20+00:00","dateModified":"2026-02-16T15:54:55+00:00","breadcrumb":{"@id":"https:\/\/uniest.it\/prodotto\/acqua-micellare-idratante\/#breadcrumb"},"inLanguage":"es","potentialAction":[{"@type":"ReadAction","target":["https:\/\/uniest.it\/prodotto\/acqua-micellare-idratante\/"]}]},{"@type":"ImageObject","inLanguage":"es","@id":"https:\/\/uniest.it\/prodotto\/acqua-micellare-idratante\/#primaryimage","url":"https:\/\/uniest.it\/wp-content\/uploads\/2020\/11\/103AAE.png","contentUrl":"https:\/\/uniest.it\/wp-content\/uploads\/2020\/11\/103AAE.png","width":1283,"height":2001},{"@type":"BreadcrumbList","@id":"https:\/\/uniest.it\/prodotto\/acqua-micellare-idratante\/#breadcrumb","itemListElement":[{"@type":"ListItem","position":1,"name":"Home","item":"https:\/\/uniest.it\/es\/"},{"@type":"ListItem","position":2,"name":"Shop","item":"https:\/\/uniest.it\/shop\/"},{"@type":"ListItem","position":3,"name":"Acqua Micellare Idratante"}]},{"@type":"WebSite","@id":"https:\/\/uniest.it\/#website","url":"https:\/\/uniest.it\/","name":"Uniest","description":"Cosmetici Naturali e Bio","potentialAction":[{"@type":"SearchAction","target":{"@type":"EntryPoint","urlTemplate":"https:\/\/uniest.it\/?s={search_term_string}"},"query-input":{"@type":"PropertyValueSpecification","valueRequired":true,"valueName":"search_term_string"}}],"inLanguage":"es"}]}},"_links":{"self":[{"href":"https:\/\/uniest.it\/es\/wp-json\/wp\/v2\/product\/888","targetHints":{"allow":["GET"]}}],"collection":[{"href":"https:\/\/uniest.it\/es\/wp-json\/wp\/v2\/product"}],"about":[{"href":"https:\/\/uniest.it\/es\/wp-json\/wp\/v2\/types\/product"}],"wp:featuredmedia":[{"embeddable":true,"href":"https:\/\/uniest.it\/es\/wp-json\/wp\/v2\/media\/619"}],"wp:attachment":[{"href":"https:\/\/uniest.it\/es\/wp-json\/wp\/v2\/media?parent=888"}],"wp:term":[{"taxonomy":"product_brand","embeddable":true,"href":"https:\/\/uniest.it\/es\/wp-json\/wp\/v2\/product_brand?post=888"},{"taxonomy":"product_cat","embeddable":true,"href":"https:\/\/uniest.it\/es\/wp-json\/wp\/v2\/product_cat?post=888"},{"taxonomy":"product_tag","embeddable":true,"href":"https:\/\/uniest.it\/es\/wp-json\/wp\/v2\/product_tag?post=888"}],"curies":[{"name":"wp","href":"https:\/\/api.w.org\/{rel}","templated":true}]}}