{"id":5651,"date":"2021-02-04T12:58:04","date_gmt":"2024-10-23T14:42:18","guid":{"rendered":"https:\/\/uniest.it\/prodotto\/sun-beam-emulsion-solaire-haute-protection-spf-30\/"},"modified":"2024-10-23T16:29:44","modified_gmt":"2024-10-23T15:29:44","slug":"sun-beam-emulsion-solaire-haute-protection-spf-30","status":"publish","type":"product","link":"https:\/\/uniest.it\/fr\/prodotto\/sun-beam-emulsion-solaire-haute-protection-spf-30\/","title":{"rendered":"Sun Beam \u00c9mulsion Solaire Haute Protection SPF 30"},"content":{"rendered":"<p>Sun Beam 30 est une \u00e9mulsion solaire haute protection, elle prot\u00e8ge la peau des rayons du soleil, surtout si elle est l\u00e9g\u00e8re et d\u00e9licate. L&rsquo;action du soleil repr\u00e9sente un danger de coups de soleil et d&rsquo;\u00e9ryth\u00e8mes, qui peuvent endommager la peau de mani\u00e8re permanente et provoquer des modifications pr\u00e9canc\u00e9reuses. Le soleil peut \u00eatre \u00e0 l&rsquo;origine de l&rsquo;apparition pr\u00e9matur\u00e9e de rides et d&rsquo;autres signes de l&rsquo;\u00e2ge, c&rsquo;est pourquoi il est essentiel de se prot\u00e9ger des rayons du soleil avec une protection. L&rsquo;exposition aux UV est un facteur de risque de d\u00e9veloppement \u00e0 la fois du m\u00e9lanome et d&rsquo;autres formes de cancer, qui proviennent des cellules basales (carcinomes) ou des cellules superficielles de l&rsquo;\u00e9piderme. Les filtres solaires naturels aux extraits d&rsquo;Arnica, de Mauve et de Millepertuis ont une action apaisante, \u00e9molliente et r\u00e9\u00e9pith\u00e9lisante. Le beurre de karit\u00e9 biologique et les huiles d&rsquo;amande douce, de son de riz, de carotte, de noix de coco et de coque de noix adoucissent, hydratent et apaisent la peau. Il contient \u00e9galement des extraits de marron d&rsquo;Inde, de Centella, d&rsquo;alo\u00e8s biologique, de fucus et de miel.<\/p>\n","protected":false},"excerpt":{"rendered":"<p>Sun Beam 30 est une \u00e9mulsion solaire haute protection, elle prot\u00e8ge la peau des rayons du soleil, surtout si elle est l\u00e9g\u00e8re et d\u00e9licate. L&rsquo;action du soleil repr\u00e9sente un danger de coups de soleil et d&rsquo;\u00e9ryth\u00e8mes, qui peuvent endommager la peau de mani\u00e8re permanente et provoquer des modifications pr\u00e9canc\u00e9reuses. Le soleil peut \u00eatre \u00e0 l&rsquo;origine [&hellip;]<\/p>\n","protected":false},"featured_media":5653,"template":"","meta":{"_acf_changed":false,"inline_featured_image":false},"product_brand":[],"product_cat":[1372,1378,1380],"product_tag":[],"class_list":{"0":"post-5651","1":"product","2":"type-product","3":"status-publish","4":"has-post-thumbnail","6":"product_beauty-antirughe","7":"product_beauty-idratare","8":"product_beauty-nutrire-e-rigenerare","9":"product_beauty-proteggere","10":"product_beauty-rassodare-e-tonificare","11":"product_skin-tutte-le-pelli","12":"product_kind-creme-antieta-e-prime-rughe","13":"product_kind-protezione-solare","14":"product_kind-tutte-le-creme-corpo","15":"product_kind-tutte-le-creme-viso","16":"product_lines-solari","17":"product_cat-corpo-fr","18":"product_cat-famiglia-e-pet-fr","19":"product_cat-solari-fr","20":"pa_size-150-fr","22":"first","23":"instock","24":"taxable","25":"shipping-taxable","26":"purchasable","27":"product-type-simple"},"acf":[],"yoast_head":"<!-- This site is optimized with the Yoast SEO plugin v24.6 - https:\/\/yoast.com\/wordpress\/plugins\/seo\/ -->\n<title>Sun Beam \u00c9mulsion Solaire Haute Protection SPF 30 - Uniest<\/title>\n<meta name=\"robots\" content=\"index, follow, max-snippet:-1, max-image-preview:large, max-video-preview:-1\" \/>\n<link rel=\"canonical\" href=\"https:\/\/uniest.it\/prodotto\/sun-beam-emulsione-solare-protezione-alta-spf-30\/\" \/>\n<meta property=\"og:locale\" content=\"fr_FR\" \/>\n<meta property=\"og:type\" content=\"article\" \/>\n<meta property=\"og:title\" content=\"Sun Beam \u00c9mulsion Solaire Haute Protection SPF 30 - Uniest\" \/>\n<meta property=\"og:description\" content=\"Sun Beam 30 est une \u00e9mulsion solaire haute protection, elle prot\u00e8ge la peau des rayons du soleil, surtout si elle est l\u00e9g\u00e8re et d\u00e9licate. L&rsquo;action du soleil repr\u00e9sente un danger de coups de soleil et d&rsquo;\u00e9ryth\u00e8mes, qui peuvent endommager la peau de mani\u00e8re permanente et provoquer des modifications pr\u00e9canc\u00e9reuses. Le soleil peut \u00eatre \u00e0 l&rsquo;origine [&hellip;]\" \/>\n<meta property=\"og:url\" content=\"https:\/\/uniest.it\/prodotto\/sun-beam-emulsione-solare-protezione-alta-spf-30\/\" \/>\n<meta property=\"og:site_name\" content=\"Uniest\" \/>\n<meta property=\"article:modified_time\" content=\"2024-10-23T15:29:44+00:00\" \/>\n<meta property=\"og:image\" content=\"https:\/\/uniest.it\/wp-content\/uploads\/2021\/02\/020AAS-1280x1920.png\" \/>\n\t<meta property=\"og:image:width\" content=\"1280\" \/>\n\t<meta property=\"og:image:height\" content=\"1920\" \/>\n\t<meta property=\"og:image:type\" content=\"image\/png\" \/>\n<meta name=\"twitter:card\" content=\"summary_large_image\" \/>\n<meta name=\"twitter:label1\" content=\"Dur\u00e9e de lecture estim\u00e9e\" \/>\n\t<meta name=\"twitter:data1\" content=\"1 minute\" \/>\n<script type=\"application\/ld+json\" class=\"yoast-schema-graph\">{\"@context\":\"https:\/\/schema.org\",\"@graph\":[{\"@type\":\"WebPage\",\"@id\":\"https:\/\/uniest.it\/prodotto\/sun-beam-emulsione-solare-protezione-alta-spf-30\/\",\"url\":\"https:\/\/uniest.it\/prodotto\/sun-beam-emulsione-solare-protezione-alta-spf-30\/\",\"name\":\"Sun Beam \u00c9mulsion Solaire Haute Protection SPF 30 - Uniest\",\"isPartOf\":{\"@id\":\"https:\/\/uniest.it\/#website\"},\"primaryImageOfPage\":{\"@id\":\"https:\/\/uniest.it\/prodotto\/sun-beam-emulsione-solare-protezione-alta-spf-30\/#primaryimage\"},\"image\":{\"@id\":\"https:\/\/uniest.it\/prodotto\/sun-beam-emulsione-solare-protezione-alta-spf-30\/#primaryimage\"},\"thumbnailUrl\":\"https:\/\/uniest.it\/wp-content\/uploads\/2021\/02\/020AAS.png\",\"datePublished\":\"2024-10-23T14:42:18+00:00\",\"dateModified\":\"2024-10-23T15:29:44+00:00\",\"breadcrumb\":{\"@id\":\"https:\/\/uniest.it\/prodotto\/sun-beam-emulsione-solare-protezione-alta-spf-30\/#breadcrumb\"},\"inLanguage\":\"fr-FR\",\"potentialAction\":[{\"@type\":\"ReadAction\",\"target\":[\"https:\/\/uniest.it\/prodotto\/sun-beam-emulsione-solare-protezione-alta-spf-30\/\"]}]},{\"@type\":\"ImageObject\",\"inLanguage\":\"fr-FR\",\"@id\":\"https:\/\/uniest.it\/prodotto\/sun-beam-emulsione-solare-protezione-alta-spf-30\/#primaryimage\",\"url\":\"https:\/\/uniest.it\/wp-content\/uploads\/2021\/02\/020AAS.png\",\"contentUrl\":\"https:\/\/uniest.it\/wp-content\/uploads\/2021\/02\/020AAS.png\",\"width\":3456,\"height\":5184},{\"@type\":\"BreadcrumbList\",\"@id\":\"https:\/\/uniest.it\/prodotto\/sun-beam-emulsione-solare-protezione-alta-spf-30\/#breadcrumb\",\"itemListElement\":[{\"@type\":\"ListItem\",\"position\":1,\"name\":\"Home\",\"item\":\"https:\/\/uniest.it\/fr\/\"},{\"@type\":\"ListItem\",\"position\":2,\"name\":\"Shop\",\"item\":\"https:\/\/uniest.it\/shop\/\"},{\"@type\":\"ListItem\",\"position\":3,\"name\":\"Sun Beam \u00c9mulsion Solaire Haute Protection SPF 30\"}]},{\"@type\":\"WebSite\",\"@id\":\"https:\/\/uniest.it\/#website\",\"url\":\"https:\/\/uniest.it\/\",\"name\":\"Uniest\",\"description\":\"Cosmetici Naturali e Bio\",\"potentialAction\":[{\"@type\":\"SearchAction\",\"target\":{\"@type\":\"EntryPoint\",\"urlTemplate\":\"https:\/\/uniest.it\/?s={search_term_string}\"},\"query-input\":{\"@type\":\"PropertyValueSpecification\",\"valueRequired\":true,\"valueName\":\"search_term_string\"}}],\"inLanguage\":\"fr-FR\"}]}<\/script>\n<!-- \/ Yoast SEO plugin. -->","yoast_head_json":{"title":"Sun Beam \u00c9mulsion Solaire Haute Protection SPF 30 - Uniest","robots":{"index":"index","follow":"follow","max-snippet":"max-snippet:-1","max-image-preview":"max-image-preview:large","max-video-preview":"max-video-preview:-1"},"canonical":"https:\/\/uniest.it\/prodotto\/sun-beam-emulsione-solare-protezione-alta-spf-30\/","og_locale":"fr_FR","og_type":"article","og_title":"Sun Beam \u00c9mulsion Solaire Haute Protection SPF 30 - Uniest","og_description":"Sun Beam 30 est une \u00e9mulsion solaire haute protection, elle prot\u00e8ge la peau des rayons du soleil, surtout si elle est l\u00e9g\u00e8re et d\u00e9licate. L&rsquo;action du soleil repr\u00e9sente un danger de coups de soleil et d&rsquo;\u00e9ryth\u00e8mes, qui peuvent endommager la peau de mani\u00e8re permanente et provoquer des modifications pr\u00e9canc\u00e9reuses. Le soleil peut \u00eatre \u00e0 l&rsquo;origine [&hellip;]","og_url":"https:\/\/uniest.it\/prodotto\/sun-beam-emulsione-solare-protezione-alta-spf-30\/","og_site_name":"Uniest","article_modified_time":"2024-10-23T15:29:44+00:00","og_image":[{"width":1280,"height":1920,"url":"https:\/\/uniest.it\/wp-content\/uploads\/2021\/02\/020AAS-1280x1920.png","type":"image\/png"}],"twitter_card":"summary_large_image","twitter_misc":{"Dur\u00e9e de lecture estim\u00e9e":"1 minute"},"schema":{"@context":"https:\/\/schema.org","@graph":[{"@type":"WebPage","@id":"https:\/\/uniest.it\/prodotto\/sun-beam-emulsione-solare-protezione-alta-spf-30\/","url":"https:\/\/uniest.it\/prodotto\/sun-beam-emulsione-solare-protezione-alta-spf-30\/","name":"Sun Beam \u00c9mulsion Solaire Haute Protection SPF 30 - Uniest","isPartOf":{"@id":"https:\/\/uniest.it\/#website"},"primaryImageOfPage":{"@id":"https:\/\/uniest.it\/prodotto\/sun-beam-emulsione-solare-protezione-alta-spf-30\/#primaryimage"},"image":{"@id":"https:\/\/uniest.it\/prodotto\/sun-beam-emulsione-solare-protezione-alta-spf-30\/#primaryimage"},"thumbnailUrl":"https:\/\/uniest.it\/wp-content\/uploads\/2021\/02\/020AAS.png","datePublished":"2024-10-23T14:42:18+00:00","dateModified":"2024-10-23T15:29:44+00:00","breadcrumb":{"@id":"https:\/\/uniest.it\/prodotto\/sun-beam-emulsione-solare-protezione-alta-spf-30\/#breadcrumb"},"inLanguage":"fr-FR","potentialAction":[{"@type":"ReadAction","target":["https:\/\/uniest.it\/prodotto\/sun-beam-emulsione-solare-protezione-alta-spf-30\/"]}]},{"@type":"ImageObject","inLanguage":"fr-FR","@id":"https:\/\/uniest.it\/prodotto\/sun-beam-emulsione-solare-protezione-alta-spf-30\/#primaryimage","url":"https:\/\/uniest.it\/wp-content\/uploads\/2021\/02\/020AAS.png","contentUrl":"https:\/\/uniest.it\/wp-content\/uploads\/2021\/02\/020AAS.png","width":3456,"height":5184},{"@type":"BreadcrumbList","@id":"https:\/\/uniest.it\/prodotto\/sun-beam-emulsione-solare-protezione-alta-spf-30\/#breadcrumb","itemListElement":[{"@type":"ListItem","position":1,"name":"Home","item":"https:\/\/uniest.it\/fr\/"},{"@type":"ListItem","position":2,"name":"Shop","item":"https:\/\/uniest.it\/shop\/"},{"@type":"ListItem","position":3,"name":"Sun Beam \u00c9mulsion Solaire Haute Protection SPF 30"}]},{"@type":"WebSite","@id":"https:\/\/uniest.it\/#website","url":"https:\/\/uniest.it\/","name":"Uniest","description":"Cosmetici Naturali e Bio","potentialAction":[{"@type":"SearchAction","target":{"@type":"EntryPoint","urlTemplate":"https:\/\/uniest.it\/?s={search_term_string}"},"query-input":{"@type":"PropertyValueSpecification","valueRequired":true,"valueName":"search_term_string"}}],"inLanguage":"fr-FR"}]}},"_links":{"self":[{"href":"https:\/\/uniest.it\/fr\/wp-json\/wp\/v2\/product\/5651","targetHints":{"allow":["GET"]}}],"collection":[{"href":"https:\/\/uniest.it\/fr\/wp-json\/wp\/v2\/product"}],"about":[{"href":"https:\/\/uniest.it\/fr\/wp-json\/wp\/v2\/types\/product"}],"wp:featuredmedia":[{"embeddable":true,"href":"https:\/\/uniest.it\/fr\/wp-json\/wp\/v2\/media\/5653"}],"wp:attachment":[{"href":"https:\/\/uniest.it\/fr\/wp-json\/wp\/v2\/media?parent=5651"}],"wp:term":[{"taxonomy":"product_brand","embeddable":true,"href":"https:\/\/uniest.it\/fr\/wp-json\/wp\/v2\/product_brand?post=5651"},{"taxonomy":"product_cat","embeddable":true,"href":"https:\/\/uniest.it\/fr\/wp-json\/wp\/v2\/product_cat?post=5651"},{"taxonomy":"product_tag","embeddable":true,"href":"https:\/\/uniest.it\/fr\/wp-json\/wp\/v2\/product_tag?post=5651"}],"curies":[{"name":"wp","href":"https:\/\/api.w.org\/{rel}","templated":true}]}}