{"id":5654,"date":"2024-10-23T15:42:18","date_gmt":"2024-10-23T14:42:18","guid":{"rendered":"https:\/\/uniest.it\/prodotto\/eglantier-de-chien\/"},"modified":"2024-10-23T16:29:45","modified_gmt":"2024-10-23T15:29:45","slug":"eglantier-de-chien","status":"publish","type":"product","link":"https:\/\/uniest.it\/fr\/prodotto\/eglantier-de-chien\/","title":{"rendered":"\u00c9glantier de chien"},"content":{"rendered":"<p>La rose musqu\u00e9e est une plante tr\u00e8s riche en vitamine C et en bioflavono\u00efdes. Gr\u00e2ce \u00e0 ses propri\u00e9t\u00e9s vitaminantes, il est tr\u00e8s utile dans le traitement du rhume, de la conjonctivite et de l&rsquo;asthme, mais il est \u00e9galement utilis\u00e9 pour faciliter l&rsquo;absorption du fer et du calcium. En fait, la propri\u00e9t\u00e9 anti-inflammatoire trouve une utilisation th\u00e9rapeutique importante dans l&rsquo;inflammation des muqueuses nasales, des yeux et des voies respiratoires sup\u00e9rieures avec pour cons\u00e9quence la production de mucosit\u00e9s. La teinture m\u00e8re est donc excellente en cas de rhumes, d&rsquo;allergies et dans le traitement des rhinites, conjonctivites et asthmes dus au contact du pollen ; mais il est aussi g\u00e9n\u00e9ralement recommand\u00e9 en cas d&rsquo;amygdalites, de rhinopharyngites, d&rsquo;otites, de toux et de rhumes d&rsquo;origine infectieuse. Les d\u00e9fenses immunitaires de l&rsquo;organisme trouvent un alli\u00e9 valable dans l&rsquo;\u00e9glantier, il suffit de penser que 100 grammes de baies contiennent la m\u00eame quantit\u00e9 de vitamine C que 1 kilo d&rsquo;agrumes traditionnels. L&rsquo;action vitaminante est li\u00e9e \u00e0 l&rsquo;action antioxydante des bioflavono\u00efdes, contenus dans la pulpe et la peau, qui agissent en synergie avec la vitamine C, optimisant la circulation sanguine. Cet effet b\u00e9n\u00e9fique sur la qualit\u00e9 du sang est d\u00fb \u00e0 sa capacit\u00e9 \u00e0 favoriser l&rsquo;absorption du calcium et du fer dans l&rsquo;intestin, \u00e0 \u00e9quilibrer le taux de cholest\u00e9rol et \u00e0 contribuer \u00e0 la production d&rsquo;h\u00e9moglobine ; il active \u00e9galement la vitamine B9 (acide folique). La rose musqu\u00e9e est \u00e9galement un excellent tonique pour faire face \u00e0 l&rsquo;\u00e9puisement et \u00e0 la fatigue, elle aide \u00e0 vaincre le stress ; enfin elle stimule l&rsquo;\u00e9limination des toxines par diur\u00e8se et les baies ont une action astringente gr\u00e2ce \u00e0 la pr\u00e9sence de tanins, donc utiles en cas de diarrh\u00e9e et de coliques intestinales. Gr\u00e2ce \u00e0 la teneur en carot\u00e9no\u00efdes et en antioxydants, divers produits peuvent \u00eatre pr\u00e9par\u00e9s avec la rose musqu\u00e9e : des cosm\u00e9tiques comme ceux anti-\u00e2ge et antirides, des cr\u00e8mes hydratantes pour le soin des peaux s\u00e8ches et ab\u00eem\u00e9es et m\u00eame des produits apaisants et astringents.<\/p>\n","protected":false},"excerpt":{"rendered":"<p>La rose musqu\u00e9e est une plante tr\u00e8s riche en vitamine C et en bioflavono\u00efdes. Gr\u00e2ce \u00e0 ses propri\u00e9t\u00e9s vitaminantes, il est tr\u00e8s utile dans le traitement du rhume, de la conjonctivite et de l&rsquo;asthme, mais il est \u00e9galement utilis\u00e9 pour faciliter l&rsquo;absorption du fer et du calcium. En fait, la propri\u00e9t\u00e9 anti-inflammatoire trouve une utilisation [&hellip;]<\/p>\n","protected":false},"featured_media":5655,"template":"","meta":{"_acf_changed":false,"inline_featured_image":false},"product_brand":[],"product_cat":[1381],"product_tag":[],"class_list":{"0":"post-5654","1":"product","2":"type-product","3":"status-publish","4":"has-post-thumbnail","6":"product_beauty-antinfiammatoria","7":"product_beauty-detox-e-dren","8":"product_beauty-diuretico","9":"product_beauty-drenante","10":"product_beauty-gola","11":"product_beauty-insonnia","12":"product_beauty-lenitivo","13":"product_beauty-mineralizzante","14":"product_beauty-multivitaminico","15":"product_beauty-rilassante","16":"product_beauty-sistema-immunitario","17":"product_beauty-stress","18":"product_beauty-tratto-urinario","19":"product_beauty-vie-respiratorie","20":"product_kind-integrazione-alimentare","21":"product_lines-benessere","22":"product_cat-benessere-fr","23":"pa_size-50-fr","25":"first","26":"outofstock","27":"taxable","28":"shipping-taxable","29":"purchasable","30":"product-type-simple"},"acf":[],"yoast_head":"<!-- This site is optimized with the Yoast SEO plugin v24.6 - https:\/\/yoast.com\/wordpress\/plugins\/seo\/ -->\n<title>\u00c9glantier de chien - Uniest<\/title>\n<meta name=\"robots\" content=\"index, follow, max-snippet:-1, max-image-preview:large, max-video-preview:-1\" \/>\n<link rel=\"canonical\" href=\"https:\/\/uniest.it\/prodotto\/rosa-canina\/\" \/>\n<meta property=\"og:locale\" content=\"fr_FR\" \/>\n<meta property=\"og:type\" content=\"article\" \/>\n<meta property=\"og:title\" content=\"\u00c9glantier de chien - Uniest\" \/>\n<meta property=\"og:description\" content=\"La rose musqu\u00e9e est une plante tr\u00e8s riche en vitamine C et en bioflavono\u00efdes. Gr\u00e2ce \u00e0 ses propri\u00e9t\u00e9s vitaminantes, il est tr\u00e8s utile dans le traitement du rhume, de la conjonctivite et de l&rsquo;asthme, mais il est \u00e9galement utilis\u00e9 pour faciliter l&rsquo;absorption du fer et du calcium. En fait, la propri\u00e9t\u00e9 anti-inflammatoire trouve une utilisation [&hellip;]\" \/>\n<meta property=\"og:url\" content=\"https:\/\/uniest.it\/prodotto\/rosa-canina\/\" \/>\n<meta property=\"og:site_name\" content=\"Uniest\" \/>\n<meta property=\"article:modified_time\" content=\"2024-10-23T15:29:45+00:00\" \/>\n<meta property=\"og:image\" content=\"https:\/\/uniest.it\/wp-content\/uploads\/2020\/12\/020ZTM.png\" \/>\n\t<meta property=\"og:image:width\" content=\"1283\" \/>\n\t<meta property=\"og:image:height\" content=\"2000\" \/>\n\t<meta property=\"og:image:type\" content=\"image\/png\" \/>\n<meta name=\"twitter:card\" content=\"summary_large_image\" \/>\n<meta name=\"twitter:label1\" content=\"Dur\u00e9e de lecture estim\u00e9e\" \/>\n\t<meta name=\"twitter:data1\" content=\"2 minutes\" \/>\n<script type=\"application\/ld+json\" class=\"yoast-schema-graph\">{\"@context\":\"https:\/\/schema.org\",\"@graph\":[{\"@type\":\"WebPage\",\"@id\":\"https:\/\/uniest.it\/prodotto\/rosa-canina\/\",\"url\":\"https:\/\/uniest.it\/prodotto\/rosa-canina\/\",\"name\":\"\u00c9glantier de chien - Uniest\",\"isPartOf\":{\"@id\":\"https:\/\/uniest.it\/#website\"},\"primaryImageOfPage\":{\"@id\":\"https:\/\/uniest.it\/prodotto\/rosa-canina\/#primaryimage\"},\"image\":{\"@id\":\"https:\/\/uniest.it\/prodotto\/rosa-canina\/#primaryimage\"},\"thumbnailUrl\":\"https:\/\/uniest.it\/wp-content\/uploads\/2020\/12\/020ZTM.png\",\"datePublished\":\"2024-10-23T14:42:18+00:00\",\"dateModified\":\"2024-10-23T15:29:45+00:00\",\"breadcrumb\":{\"@id\":\"https:\/\/uniest.it\/prodotto\/rosa-canina\/#breadcrumb\"},\"inLanguage\":\"fr-FR\",\"potentialAction\":[{\"@type\":\"ReadAction\",\"target\":[\"https:\/\/uniest.it\/prodotto\/rosa-canina\/\"]}]},{\"@type\":\"ImageObject\",\"inLanguage\":\"fr-FR\",\"@id\":\"https:\/\/uniest.it\/prodotto\/rosa-canina\/#primaryimage\",\"url\":\"https:\/\/uniest.it\/wp-content\/uploads\/2020\/12\/020ZTM.png\",\"contentUrl\":\"https:\/\/uniest.it\/wp-content\/uploads\/2020\/12\/020ZTM.png\",\"width\":1283,\"height\":2000},{\"@type\":\"BreadcrumbList\",\"@id\":\"https:\/\/uniest.it\/prodotto\/rosa-canina\/#breadcrumb\",\"itemListElement\":[{\"@type\":\"ListItem\",\"position\":1,\"name\":\"Home\",\"item\":\"https:\/\/uniest.it\/fr\/\"},{\"@type\":\"ListItem\",\"position\":2,\"name\":\"Shop\",\"item\":\"https:\/\/uniest.it\/shop\/\"},{\"@type\":\"ListItem\",\"position\":3,\"name\":\"\u00c9glantier de chien\"}]},{\"@type\":\"WebSite\",\"@id\":\"https:\/\/uniest.it\/#website\",\"url\":\"https:\/\/uniest.it\/\",\"name\":\"Uniest\",\"description\":\"Cosmetici Naturali e Bio\",\"potentialAction\":[{\"@type\":\"SearchAction\",\"target\":{\"@type\":\"EntryPoint\",\"urlTemplate\":\"https:\/\/uniest.it\/?s={search_term_string}\"},\"query-input\":{\"@type\":\"PropertyValueSpecification\",\"valueRequired\":true,\"valueName\":\"search_term_string\"}}],\"inLanguage\":\"fr-FR\"}]}<\/script>\n<!-- \/ Yoast SEO plugin. -->","yoast_head_json":{"title":"\u00c9glantier de chien - Uniest","robots":{"index":"index","follow":"follow","max-snippet":"max-snippet:-1","max-image-preview":"max-image-preview:large","max-video-preview":"max-video-preview:-1"},"canonical":"https:\/\/uniest.it\/prodotto\/rosa-canina\/","og_locale":"fr_FR","og_type":"article","og_title":"\u00c9glantier de chien - Uniest","og_description":"La rose musqu\u00e9e est une plante tr\u00e8s riche en vitamine C et en bioflavono\u00efdes. Gr\u00e2ce \u00e0 ses propri\u00e9t\u00e9s vitaminantes, il est tr\u00e8s utile dans le traitement du rhume, de la conjonctivite et de l&rsquo;asthme, mais il est \u00e9galement utilis\u00e9 pour faciliter l&rsquo;absorption du fer et du calcium. En fait, la propri\u00e9t\u00e9 anti-inflammatoire trouve une utilisation [&hellip;]","og_url":"https:\/\/uniest.it\/prodotto\/rosa-canina\/","og_site_name":"Uniest","article_modified_time":"2024-10-23T15:29:45+00:00","og_image":[{"width":1283,"height":2000,"url":"https:\/\/uniest.it\/wp-content\/uploads\/2020\/12\/020ZTM.png","type":"image\/png"}],"twitter_card":"summary_large_image","twitter_misc":{"Dur\u00e9e de lecture estim\u00e9e":"2 minutes"},"schema":{"@context":"https:\/\/schema.org","@graph":[{"@type":"WebPage","@id":"https:\/\/uniest.it\/prodotto\/rosa-canina\/","url":"https:\/\/uniest.it\/prodotto\/rosa-canina\/","name":"\u00c9glantier de chien - Uniest","isPartOf":{"@id":"https:\/\/uniest.it\/#website"},"primaryImageOfPage":{"@id":"https:\/\/uniest.it\/prodotto\/rosa-canina\/#primaryimage"},"image":{"@id":"https:\/\/uniest.it\/prodotto\/rosa-canina\/#primaryimage"},"thumbnailUrl":"https:\/\/uniest.it\/wp-content\/uploads\/2020\/12\/020ZTM.png","datePublished":"2024-10-23T14:42:18+00:00","dateModified":"2024-10-23T15:29:45+00:00","breadcrumb":{"@id":"https:\/\/uniest.it\/prodotto\/rosa-canina\/#breadcrumb"},"inLanguage":"fr-FR","potentialAction":[{"@type":"ReadAction","target":["https:\/\/uniest.it\/prodotto\/rosa-canina\/"]}]},{"@type":"ImageObject","inLanguage":"fr-FR","@id":"https:\/\/uniest.it\/prodotto\/rosa-canina\/#primaryimage","url":"https:\/\/uniest.it\/wp-content\/uploads\/2020\/12\/020ZTM.png","contentUrl":"https:\/\/uniest.it\/wp-content\/uploads\/2020\/12\/020ZTM.png","width":1283,"height":2000},{"@type":"BreadcrumbList","@id":"https:\/\/uniest.it\/prodotto\/rosa-canina\/#breadcrumb","itemListElement":[{"@type":"ListItem","position":1,"name":"Home","item":"https:\/\/uniest.it\/fr\/"},{"@type":"ListItem","position":2,"name":"Shop","item":"https:\/\/uniest.it\/shop\/"},{"@type":"ListItem","position":3,"name":"\u00c9glantier de chien"}]},{"@type":"WebSite","@id":"https:\/\/uniest.it\/#website","url":"https:\/\/uniest.it\/","name":"Uniest","description":"Cosmetici Naturali e Bio","potentialAction":[{"@type":"SearchAction","target":{"@type":"EntryPoint","urlTemplate":"https:\/\/uniest.it\/?s={search_term_string}"},"query-input":{"@type":"PropertyValueSpecification","valueRequired":true,"valueName":"search_term_string"}}],"inLanguage":"fr-FR"}]}},"_links":{"self":[{"href":"https:\/\/uniest.it\/fr\/wp-json\/wp\/v2\/product\/5654","targetHints":{"allow":["GET"]}}],"collection":[{"href":"https:\/\/uniest.it\/fr\/wp-json\/wp\/v2\/product"}],"about":[{"href":"https:\/\/uniest.it\/fr\/wp-json\/wp\/v2\/types\/product"}],"wp:featuredmedia":[{"embeddable":true,"href":"https:\/\/uniest.it\/fr\/wp-json\/wp\/v2\/media\/5655"}],"wp:attachment":[{"href":"https:\/\/uniest.it\/fr\/wp-json\/wp\/v2\/media?parent=5654"}],"wp:term":[{"taxonomy":"product_brand","embeddable":true,"href":"https:\/\/uniest.it\/fr\/wp-json\/wp\/v2\/product_brand?post=5654"},{"taxonomy":"product_cat","embeddable":true,"href":"https:\/\/uniest.it\/fr\/wp-json\/wp\/v2\/product_cat?post=5654"},{"taxonomy":"product_tag","embeddable":true,"href":"https:\/\/uniest.it\/fr\/wp-json\/wp\/v2\/product_tag?post=5654"}],"curies":[{"name":"wp","href":"https:\/\/api.w.org\/{rel}","templated":true}]}}