{"id":5656,"date":"2024-10-23T15:42:19","date_gmt":"2024-10-23T14:42:19","guid":{"rendered":"https:\/\/uniest.it\/prodotto\/serum-contour-des-yeux-360\/"},"modified":"2024-10-23T16:29:45","modified_gmt":"2024-10-23T15:29:45","slug":"serum-contour-des-yeux-360","status":"publish","type":"product","link":"https:\/\/uniest.it\/fr\/prodotto\/serum-contour-des-yeux-360\/","title":{"rendered":"S\u00e9rum Contour des Yeux 360\u00b0"},"content":{"rendered":"<p>S\u00e9rum innovant sp\u00e9cialement con\u00e7u pour le contour des yeux \u00e0 360 degr\u00e9s. Il agit sur les cernes, les poches et les paupi\u00e8res tombantes. L&rsquo;extrait de Fleur Blanche agit sur la d\u00e9sagr\u00e9able couleur bleu-gris\u00e2tre des cernes, augmente la circulation sanguine permettant l&rsquo;\u00e9coulement naturel des liquides, augmente \u00e9galement la production de collag\u00e8ne rendant la peau plus dense et plus \u00e9lastique. Enrichi en Beurre de Karit\u00e9 Bio* riche en Vitamines et aux propri\u00e9t\u00e9s antioxydantes en font un excellent alli\u00e9 beaut\u00e9.<\/p>\n","protected":false},"excerpt":{"rendered":"<p>S\u00e9rum innovant sp\u00e9cialement con\u00e7u pour le contour des yeux \u00e0 360 degr\u00e9s. Il agit sur les cernes, les poches et les paupi\u00e8res tombantes. L&rsquo;extrait de Fleur Blanche agit sur la d\u00e9sagr\u00e9able couleur bleu-gris\u00e2tre des cernes, augmente la circulation sanguine permettant l&rsquo;\u00e9coulement naturel des liquides, augmente \u00e9galement la production de collag\u00e8ne rendant la peau plus dense [&hellip;]<\/p>\n","protected":false},"featured_media":5657,"template":"","meta":{"_acf_changed":false,"inline_featured_image":false},"product_brand":[],"product_cat":[1383],"product_tag":[],"class_list":{"0":"post-5656","1":"product","2":"type-product","3":"status-publish","4":"has-post-thumbnail","6":"product_beauty-antirughe","7":"product_beauty-detox-e-dren","8":"product_beauty-idratare","9":"product_beauty-rassodare-e-tonificare","10":"product_skin-pelli-delicate-e-sensibili","11":"product_skin-pelli-giovani-e-prime-rughe","12":"product_skin-pelli-grasse-e-miste","13":"product_skin-pelli-mature-e-rughe","14":"product_skin-pelli-secche-e-normali","15":"product_skin-tutte-le-pelli","16":"product_kind-creme-antieta-e-prime-rughe","17":"product_kind-creme-pelli-complesse","18":"product_kind-occhi-e-labbra","19":"product_kind-trattamenti-speciali","20":"product_kind-tutte-le-creme-viso","21":"product_lines-antirughe","22":"product_cat-viso-fr","23":"pa_size-30-fr","25":"first","26":"instock","27":"taxable","28":"shipping-taxable","29":"purchasable","30":"product-type-simple"},"acf":[],"yoast_head":"<!-- This site is optimized with the Yoast SEO plugin v24.6 - https:\/\/yoast.com\/wordpress\/plugins\/seo\/ -->\n<title>S\u00e9rum Contour des Yeux 360\u00b0 - Uniest<\/title>\n<meta name=\"robots\" content=\"index, follow, max-snippet:-1, max-image-preview:large, max-video-preview:-1\" \/>\n<link rel=\"canonical\" href=\"https:\/\/uniest.it\/prodotto\/siero-contorno-occhi-360\/\" \/>\n<meta property=\"og:locale\" content=\"fr_FR\" \/>\n<meta property=\"og:type\" content=\"article\" \/>\n<meta property=\"og:title\" content=\"S\u00e9rum Contour des Yeux 360\u00b0 - Uniest\" \/>\n<meta property=\"og:description\" content=\"S\u00e9rum innovant sp\u00e9cialement con\u00e7u pour le contour des yeux \u00e0 360 degr\u00e9s. Il agit sur les cernes, les poches et les paupi\u00e8res tombantes. L&rsquo;extrait de Fleur Blanche agit sur la d\u00e9sagr\u00e9able couleur bleu-gris\u00e2tre des cernes, augmente la circulation sanguine permettant l&rsquo;\u00e9coulement naturel des liquides, augmente \u00e9galement la production de collag\u00e8ne rendant la peau plus dense [&hellip;]\" \/>\n<meta property=\"og:url\" content=\"https:\/\/uniest.it\/prodotto\/siero-contorno-occhi-360\/\" \/>\n<meta property=\"og:site_name\" content=\"Uniest\" \/>\n<meta property=\"article:modified_time\" content=\"2024-10-23T15:29:45+00:00\" \/>\n<meta property=\"og:image\" content=\"https:\/\/uniest.it\/wp-content\/uploads\/2020\/11\/026AAE.png\" \/>\n\t<meta property=\"og:image:width\" content=\"1283\" \/>\n\t<meta property=\"og:image:height\" content=\"2000\" \/>\n\t<meta property=\"og:image:type\" content=\"image\/png\" \/>\n<meta name=\"twitter:card\" content=\"summary_large_image\" \/>\n<script type=\"application\/ld+json\" class=\"yoast-schema-graph\">{\"@context\":\"https:\/\/schema.org\",\"@graph\":[{\"@type\":\"WebPage\",\"@id\":\"https:\/\/uniest.it\/prodotto\/siero-contorno-occhi-360\/\",\"url\":\"https:\/\/uniest.it\/prodotto\/siero-contorno-occhi-360\/\",\"name\":\"S\u00e9rum Contour des Yeux 360\u00b0 - Uniest\",\"isPartOf\":{\"@id\":\"https:\/\/uniest.it\/#website\"},\"primaryImageOfPage\":{\"@id\":\"https:\/\/uniest.it\/prodotto\/siero-contorno-occhi-360\/#primaryimage\"},\"image\":{\"@id\":\"https:\/\/uniest.it\/prodotto\/siero-contorno-occhi-360\/#primaryimage\"},\"thumbnailUrl\":\"https:\/\/uniest.it\/wp-content\/uploads\/2020\/11\/026AAE.png\",\"datePublished\":\"2024-10-23T14:42:19+00:00\",\"dateModified\":\"2024-10-23T15:29:45+00:00\",\"breadcrumb\":{\"@id\":\"https:\/\/uniest.it\/prodotto\/siero-contorno-occhi-360\/#breadcrumb\"},\"inLanguage\":\"fr-FR\",\"potentialAction\":[{\"@type\":\"ReadAction\",\"target\":[\"https:\/\/uniest.it\/prodotto\/siero-contorno-occhi-360\/\"]}]},{\"@type\":\"ImageObject\",\"inLanguage\":\"fr-FR\",\"@id\":\"https:\/\/uniest.it\/prodotto\/siero-contorno-occhi-360\/#primaryimage\",\"url\":\"https:\/\/uniest.it\/wp-content\/uploads\/2020\/11\/026AAE.png\",\"contentUrl\":\"https:\/\/uniest.it\/wp-content\/uploads\/2020\/11\/026AAE.png\",\"width\":1283,\"height\":2000},{\"@type\":\"BreadcrumbList\",\"@id\":\"https:\/\/uniest.it\/prodotto\/siero-contorno-occhi-360\/#breadcrumb\",\"itemListElement\":[{\"@type\":\"ListItem\",\"position\":1,\"name\":\"Home\",\"item\":\"https:\/\/uniest.it\/fr\/\"},{\"@type\":\"ListItem\",\"position\":2,\"name\":\"Shop\",\"item\":\"https:\/\/uniest.it\/shop\/\"},{\"@type\":\"ListItem\",\"position\":3,\"name\":\"S\u00e9rum Contour des Yeux 360\u00b0\"}]},{\"@type\":\"WebSite\",\"@id\":\"https:\/\/uniest.it\/#website\",\"url\":\"https:\/\/uniest.it\/\",\"name\":\"Uniest\",\"description\":\"Cosmetici Naturali e Bio\",\"potentialAction\":[{\"@type\":\"SearchAction\",\"target\":{\"@type\":\"EntryPoint\",\"urlTemplate\":\"https:\/\/uniest.it\/?s={search_term_string}\"},\"query-input\":{\"@type\":\"PropertyValueSpecification\",\"valueRequired\":true,\"valueName\":\"search_term_string\"}}],\"inLanguage\":\"fr-FR\"}]}<\/script>\n<!-- \/ Yoast SEO plugin. -->","yoast_head_json":{"title":"S\u00e9rum Contour des Yeux 360\u00b0 - Uniest","robots":{"index":"index","follow":"follow","max-snippet":"max-snippet:-1","max-image-preview":"max-image-preview:large","max-video-preview":"max-video-preview:-1"},"canonical":"https:\/\/uniest.it\/prodotto\/siero-contorno-occhi-360\/","og_locale":"fr_FR","og_type":"article","og_title":"S\u00e9rum Contour des Yeux 360\u00b0 - Uniest","og_description":"S\u00e9rum innovant sp\u00e9cialement con\u00e7u pour le contour des yeux \u00e0 360 degr\u00e9s. Il agit sur les cernes, les poches et les paupi\u00e8res tombantes. L&rsquo;extrait de Fleur Blanche agit sur la d\u00e9sagr\u00e9able couleur bleu-gris\u00e2tre des cernes, augmente la circulation sanguine permettant l&rsquo;\u00e9coulement naturel des liquides, augmente \u00e9galement la production de collag\u00e8ne rendant la peau plus dense [&hellip;]","og_url":"https:\/\/uniest.it\/prodotto\/siero-contorno-occhi-360\/","og_site_name":"Uniest","article_modified_time":"2024-10-23T15:29:45+00:00","og_image":[{"width":1283,"height":2000,"url":"https:\/\/uniest.it\/wp-content\/uploads\/2020\/11\/026AAE.png","type":"image\/png"}],"twitter_card":"summary_large_image","schema":{"@context":"https:\/\/schema.org","@graph":[{"@type":"WebPage","@id":"https:\/\/uniest.it\/prodotto\/siero-contorno-occhi-360\/","url":"https:\/\/uniest.it\/prodotto\/siero-contorno-occhi-360\/","name":"S\u00e9rum Contour des Yeux 360\u00b0 - Uniest","isPartOf":{"@id":"https:\/\/uniest.it\/#website"},"primaryImageOfPage":{"@id":"https:\/\/uniest.it\/prodotto\/siero-contorno-occhi-360\/#primaryimage"},"image":{"@id":"https:\/\/uniest.it\/prodotto\/siero-contorno-occhi-360\/#primaryimage"},"thumbnailUrl":"https:\/\/uniest.it\/wp-content\/uploads\/2020\/11\/026AAE.png","datePublished":"2024-10-23T14:42:19+00:00","dateModified":"2024-10-23T15:29:45+00:00","breadcrumb":{"@id":"https:\/\/uniest.it\/prodotto\/siero-contorno-occhi-360\/#breadcrumb"},"inLanguage":"fr-FR","potentialAction":[{"@type":"ReadAction","target":["https:\/\/uniest.it\/prodotto\/siero-contorno-occhi-360\/"]}]},{"@type":"ImageObject","inLanguage":"fr-FR","@id":"https:\/\/uniest.it\/prodotto\/siero-contorno-occhi-360\/#primaryimage","url":"https:\/\/uniest.it\/wp-content\/uploads\/2020\/11\/026AAE.png","contentUrl":"https:\/\/uniest.it\/wp-content\/uploads\/2020\/11\/026AAE.png","width":1283,"height":2000},{"@type":"BreadcrumbList","@id":"https:\/\/uniest.it\/prodotto\/siero-contorno-occhi-360\/#breadcrumb","itemListElement":[{"@type":"ListItem","position":1,"name":"Home","item":"https:\/\/uniest.it\/fr\/"},{"@type":"ListItem","position":2,"name":"Shop","item":"https:\/\/uniest.it\/shop\/"},{"@type":"ListItem","position":3,"name":"S\u00e9rum Contour des Yeux 360\u00b0"}]},{"@type":"WebSite","@id":"https:\/\/uniest.it\/#website","url":"https:\/\/uniest.it\/","name":"Uniest","description":"Cosmetici Naturali e Bio","potentialAction":[{"@type":"SearchAction","target":{"@type":"EntryPoint","urlTemplate":"https:\/\/uniest.it\/?s={search_term_string}"},"query-input":{"@type":"PropertyValueSpecification","valueRequired":true,"valueName":"search_term_string"}}],"inLanguage":"fr-FR"}]}},"_links":{"self":[{"href":"https:\/\/uniest.it\/fr\/wp-json\/wp\/v2\/product\/5656","targetHints":{"allow":["GET"]}}],"collection":[{"href":"https:\/\/uniest.it\/fr\/wp-json\/wp\/v2\/product"}],"about":[{"href":"https:\/\/uniest.it\/fr\/wp-json\/wp\/v2\/types\/product"}],"wp:featuredmedia":[{"embeddable":true,"href":"https:\/\/uniest.it\/fr\/wp-json\/wp\/v2\/media\/5657"}],"wp:attachment":[{"href":"https:\/\/uniest.it\/fr\/wp-json\/wp\/v2\/media?parent=5656"}],"wp:term":[{"taxonomy":"product_brand","embeddable":true,"href":"https:\/\/uniest.it\/fr\/wp-json\/wp\/v2\/product_brand?post=5656"},{"taxonomy":"product_cat","embeddable":true,"href":"https:\/\/uniest.it\/fr\/wp-json\/wp\/v2\/product_cat?post=5656"},{"taxonomy":"product_tag","embeddable":true,"href":"https:\/\/uniest.it\/fr\/wp-json\/wp\/v2\/product_tag?post=5656"}],"curies":[{"name":"wp","href":"https:\/\/api.w.org\/{rel}","templated":true}]}}