{"id":5658,"date":"2024-10-23T15:42:20","date_gmt":"2024-10-23T14:42:20","guid":{"rendered":"https:\/\/uniest.it\/prodotto\/mauve\/"},"modified":"2024-10-23T16:29:46","modified_gmt":"2024-10-23T15:29:46","slug":"mauve","status":"publish","type":"product","link":"https:\/\/uniest.it\/fr\/prodotto\/mauve\/","title":{"rendered":"Mauve"},"content":{"rendered":"<p>La mauve (Malva sylvestris) est une plante appartenant \u00e0 la famille des Malvac\u00e9es et probablement originaire d&rsquo;Afrique du Nord. Gr\u00e2ce \u00e0 ses propri\u00e9t\u00e9s \u00e9mollientes et anti-inflammatoires, la mauve est utile contre la toux, mais aussi pour r\u00e9guler le fonctionnement de l&rsquo;intestin. Les vertus \u00e9mollientes de la mauve sont connues et appr\u00e9ci\u00e9es depuis l&rsquo;Antiquit\u00e9, en effet, son nom d\u00e9rive du terme latin mollire, signifiant \u00ab capable d&rsquo;adoucir \u00bb. Les Grecs l&rsquo;appelaient plut\u00f4t malach\u00e8, ce qui signifie \u00ab rendre doux \u00bb. Hippocrate le recommandait pour ses propri\u00e9t\u00e9s \u00e9mollientes et laxatives, mais il \u00e9tait \u00e9galement utilis\u00e9 comme aliment par les pauvres. En fait, il est excellent dans les soupes ou bouilli et assaisonn\u00e9 d\u2019huile et de sel.<\/p>\n","protected":false},"excerpt":{"rendered":"<p>La mauve (Malva sylvestris) est une plante appartenant \u00e0 la famille des Malvac\u00e9es et probablement originaire d&rsquo;Afrique du Nord. Gr\u00e2ce \u00e0 ses propri\u00e9t\u00e9s \u00e9mollientes et anti-inflammatoires, la mauve est utile contre la toux, mais aussi pour r\u00e9guler le fonctionnement de l&rsquo;intestin. Les vertus \u00e9mollientes de la mauve sont connues et appr\u00e9ci\u00e9es depuis l&rsquo;Antiquit\u00e9, en effet, [&hellip;]<\/p>\n","protected":false},"featured_media":5659,"template":"","meta":{"_acf_changed":false,"inline_featured_image":false},"product_brand":[],"product_cat":[1381],"product_tag":[],"class_list":{"0":"post-5658","1":"product","2":"type-product","3":"status-publish","4":"has-post-thumbnail","6":"product_beauty-calmante","7":"product_beauty-detox-e-dren","8":"product_beauty-gastroprotettore","9":"product_beauty-intestino","10":"product_beauty-sedativo","11":"product_beauty-vie-respiratorie","12":"product_kind-integrazione-alimentare","13":"product_lines-benessere","14":"product_cat-benessere-fr","15":"pa_size-50-fr","17":"first","18":"outofstock","19":"taxable","20":"shipping-taxable","21":"purchasable","22":"product-type-simple"},"acf":[],"yoast_head":"<!-- This site is optimized with the Yoast SEO plugin v24.6 - https:\/\/yoast.com\/wordpress\/plugins\/seo\/ -->\n<title>Mauve - Uniest<\/title>\n<meta name=\"robots\" content=\"index, follow, max-snippet:-1, max-image-preview:large, max-video-preview:-1\" \/>\n<link rel=\"canonical\" href=\"https:\/\/uniest.it\/prodotto\/malva\/\" \/>\n<meta property=\"og:locale\" content=\"fr_FR\" \/>\n<meta property=\"og:type\" content=\"article\" \/>\n<meta property=\"og:title\" content=\"Mauve - Uniest\" \/>\n<meta property=\"og:description\" content=\"La mauve (Malva sylvestris) est une plante appartenant \u00e0 la famille des Malvac\u00e9es et probablement originaire d&rsquo;Afrique du Nord. Gr\u00e2ce \u00e0 ses propri\u00e9t\u00e9s \u00e9mollientes et anti-inflammatoires, la mauve est utile contre la toux, mais aussi pour r\u00e9guler le fonctionnement de l&rsquo;intestin. Les vertus \u00e9mollientes de la mauve sont connues et appr\u00e9ci\u00e9es depuis l&rsquo;Antiquit\u00e9, en effet, [&hellip;]\" \/>\n<meta property=\"og:url\" content=\"https:\/\/uniest.it\/prodotto\/malva\/\" \/>\n<meta property=\"og:site_name\" content=\"Uniest\" \/>\n<meta property=\"article:modified_time\" content=\"2024-10-23T15:29:46+00:00\" \/>\n<meta property=\"og:image\" content=\"https:\/\/uniest.it\/wp-content\/uploads\/2020\/12\/028ZTM.png\" \/>\n\t<meta property=\"og:image:width\" content=\"1283\" \/>\n\t<meta property=\"og:image:height\" content=\"2000\" \/>\n\t<meta property=\"og:image:type\" content=\"image\/png\" \/>\n<meta name=\"twitter:card\" content=\"summary_large_image\" \/>\n<meta name=\"twitter:label1\" content=\"Dur\u00e9e de lecture estim\u00e9e\" \/>\n\t<meta name=\"twitter:data1\" content=\"1 minute\" \/>\n<script type=\"application\/ld+json\" class=\"yoast-schema-graph\">{\"@context\":\"https:\/\/schema.org\",\"@graph\":[{\"@type\":\"WebPage\",\"@id\":\"https:\/\/uniest.it\/prodotto\/malva\/\",\"url\":\"https:\/\/uniest.it\/prodotto\/malva\/\",\"name\":\"Mauve - Uniest\",\"isPartOf\":{\"@id\":\"https:\/\/uniest.it\/#website\"},\"primaryImageOfPage\":{\"@id\":\"https:\/\/uniest.it\/prodotto\/malva\/#primaryimage\"},\"image\":{\"@id\":\"https:\/\/uniest.it\/prodotto\/malva\/#primaryimage\"},\"thumbnailUrl\":\"https:\/\/uniest.it\/wp-content\/uploads\/2020\/12\/028ZTM.png\",\"datePublished\":\"2024-10-23T14:42:20+00:00\",\"dateModified\":\"2024-10-23T15:29:46+00:00\",\"breadcrumb\":{\"@id\":\"https:\/\/uniest.it\/prodotto\/malva\/#breadcrumb\"},\"inLanguage\":\"fr-FR\",\"potentialAction\":[{\"@type\":\"ReadAction\",\"target\":[\"https:\/\/uniest.it\/prodotto\/malva\/\"]}]},{\"@type\":\"ImageObject\",\"inLanguage\":\"fr-FR\",\"@id\":\"https:\/\/uniest.it\/prodotto\/malva\/#primaryimage\",\"url\":\"https:\/\/uniest.it\/wp-content\/uploads\/2020\/12\/028ZTM.png\",\"contentUrl\":\"https:\/\/uniest.it\/wp-content\/uploads\/2020\/12\/028ZTM.png\",\"width\":1283,\"height\":2000},{\"@type\":\"BreadcrumbList\",\"@id\":\"https:\/\/uniest.it\/prodotto\/malva\/#breadcrumb\",\"itemListElement\":[{\"@type\":\"ListItem\",\"position\":1,\"name\":\"Home\",\"item\":\"https:\/\/uniest.it\/fr\/\"},{\"@type\":\"ListItem\",\"position\":2,\"name\":\"Shop\",\"item\":\"https:\/\/uniest.it\/shop\/\"},{\"@type\":\"ListItem\",\"position\":3,\"name\":\"Mauve\"}]},{\"@type\":\"WebSite\",\"@id\":\"https:\/\/uniest.it\/#website\",\"url\":\"https:\/\/uniest.it\/\",\"name\":\"Uniest\",\"description\":\"Cosmetici Naturali e Bio\",\"potentialAction\":[{\"@type\":\"SearchAction\",\"target\":{\"@type\":\"EntryPoint\",\"urlTemplate\":\"https:\/\/uniest.it\/?s={search_term_string}\"},\"query-input\":{\"@type\":\"PropertyValueSpecification\",\"valueRequired\":true,\"valueName\":\"search_term_string\"}}],\"inLanguage\":\"fr-FR\"}]}<\/script>\n<!-- \/ Yoast SEO plugin. -->","yoast_head_json":{"title":"Mauve - Uniest","robots":{"index":"index","follow":"follow","max-snippet":"max-snippet:-1","max-image-preview":"max-image-preview:large","max-video-preview":"max-video-preview:-1"},"canonical":"https:\/\/uniest.it\/prodotto\/malva\/","og_locale":"fr_FR","og_type":"article","og_title":"Mauve - Uniest","og_description":"La mauve (Malva sylvestris) est une plante appartenant \u00e0 la famille des Malvac\u00e9es et probablement originaire d&rsquo;Afrique du Nord. Gr\u00e2ce \u00e0 ses propri\u00e9t\u00e9s \u00e9mollientes et anti-inflammatoires, la mauve est utile contre la toux, mais aussi pour r\u00e9guler le fonctionnement de l&rsquo;intestin. Les vertus \u00e9mollientes de la mauve sont connues et appr\u00e9ci\u00e9es depuis l&rsquo;Antiquit\u00e9, en effet, [&hellip;]","og_url":"https:\/\/uniest.it\/prodotto\/malva\/","og_site_name":"Uniest","article_modified_time":"2024-10-23T15:29:46+00:00","og_image":[{"width":1283,"height":2000,"url":"https:\/\/uniest.it\/wp-content\/uploads\/2020\/12\/028ZTM.png","type":"image\/png"}],"twitter_card":"summary_large_image","twitter_misc":{"Dur\u00e9e de lecture estim\u00e9e":"1 minute"},"schema":{"@context":"https:\/\/schema.org","@graph":[{"@type":"WebPage","@id":"https:\/\/uniest.it\/prodotto\/malva\/","url":"https:\/\/uniest.it\/prodotto\/malva\/","name":"Mauve - Uniest","isPartOf":{"@id":"https:\/\/uniest.it\/#website"},"primaryImageOfPage":{"@id":"https:\/\/uniest.it\/prodotto\/malva\/#primaryimage"},"image":{"@id":"https:\/\/uniest.it\/prodotto\/malva\/#primaryimage"},"thumbnailUrl":"https:\/\/uniest.it\/wp-content\/uploads\/2020\/12\/028ZTM.png","datePublished":"2024-10-23T14:42:20+00:00","dateModified":"2024-10-23T15:29:46+00:00","breadcrumb":{"@id":"https:\/\/uniest.it\/prodotto\/malva\/#breadcrumb"},"inLanguage":"fr-FR","potentialAction":[{"@type":"ReadAction","target":["https:\/\/uniest.it\/prodotto\/malva\/"]}]},{"@type":"ImageObject","inLanguage":"fr-FR","@id":"https:\/\/uniest.it\/prodotto\/malva\/#primaryimage","url":"https:\/\/uniest.it\/wp-content\/uploads\/2020\/12\/028ZTM.png","contentUrl":"https:\/\/uniest.it\/wp-content\/uploads\/2020\/12\/028ZTM.png","width":1283,"height":2000},{"@type":"BreadcrumbList","@id":"https:\/\/uniest.it\/prodotto\/malva\/#breadcrumb","itemListElement":[{"@type":"ListItem","position":1,"name":"Home","item":"https:\/\/uniest.it\/fr\/"},{"@type":"ListItem","position":2,"name":"Shop","item":"https:\/\/uniest.it\/shop\/"},{"@type":"ListItem","position":3,"name":"Mauve"}]},{"@type":"WebSite","@id":"https:\/\/uniest.it\/#website","url":"https:\/\/uniest.it\/","name":"Uniest","description":"Cosmetici Naturali e Bio","potentialAction":[{"@type":"SearchAction","target":{"@type":"EntryPoint","urlTemplate":"https:\/\/uniest.it\/?s={search_term_string}"},"query-input":{"@type":"PropertyValueSpecification","valueRequired":true,"valueName":"search_term_string"}}],"inLanguage":"fr-FR"}]}},"_links":{"self":[{"href":"https:\/\/uniest.it\/fr\/wp-json\/wp\/v2\/product\/5658","targetHints":{"allow":["GET"]}}],"collection":[{"href":"https:\/\/uniest.it\/fr\/wp-json\/wp\/v2\/product"}],"about":[{"href":"https:\/\/uniest.it\/fr\/wp-json\/wp\/v2\/types\/product"}],"wp:featuredmedia":[{"embeddable":true,"href":"https:\/\/uniest.it\/fr\/wp-json\/wp\/v2\/media\/5659"}],"wp:attachment":[{"href":"https:\/\/uniest.it\/fr\/wp-json\/wp\/v2\/media?parent=5658"}],"wp:term":[{"taxonomy":"product_brand","embeddable":true,"href":"https:\/\/uniest.it\/fr\/wp-json\/wp\/v2\/product_brand?post=5658"},{"taxonomy":"product_cat","embeddable":true,"href":"https:\/\/uniest.it\/fr\/wp-json\/wp\/v2\/product_cat?post=5658"},{"taxonomy":"product_tag","embeddable":true,"href":"https:\/\/uniest.it\/fr\/wp-json\/wp\/v2\/product_tag?post=5658"}],"curies":[{"name":"wp","href":"https:\/\/api.w.org\/{rel}","templated":true}]}}