{"id":5660,"date":"2024-10-23T15:42:20","date_gmt":"2024-10-23T14:42:20","guid":{"rendered":"https:\/\/uniest.it\/prodotto\/fluide-visage-spf-6-sun-light-avec-protection-solaire\/"},"modified":"2024-10-23T16:29:46","modified_gmt":"2024-10-23T15:29:46","slug":"fluide-visage-spf-6-sun-light-avec-protection-solaire","status":"publish","type":"product","link":"https:\/\/uniest.it\/fr\/prodotto\/fluide-visage-spf-6-sun-light-avec-protection-solaire\/","title":{"rendered":"Fluide visage SPF 6 Sun Light avec protection solaire"},"content":{"rendered":"<p>Sun Light est un fluide facial sp\u00e9cialement con\u00e7u pour la saison chaude, o\u00f9 r\u00e8gnent les temp\u00e9ratures \u00e9lev\u00e9es et l&rsquo;humidit\u00e9 avec pour cons\u00e9quence la perte des pr\u00e9cieux \u00e9l\u00e9ments n\u00e9cessaires au bien-\u00eatre de notre peau. Gr\u00e2ce \u00e0 sa texture de formulation l\u00e9g\u00e8re et \u00e0 la pr\u00e9sence d&rsquo;un filtre solaire naturel, c&rsquo;est une aide parfaite pour prot\u00e9ger la peau en lui assurant un SPF6, l&rsquo;hydrater et la nourrir gr\u00e2ce \u00e0 la pr\u00e9sence d&rsquo;actifs pr\u00e9cieux comme l&rsquo;Acide Hyaluronique et les Vitamines A et E qui rendre la peau lumineuse, lisse et turgescente. La lumi\u00e8re du soleil est capable de contrecarrer la formation des rides, en comblant et en lissant celles existantes. Son action s&rsquo;exprime en quatre moments diff\u00e9rents : hydratation de la peau, gr\u00e2ce \u00e0 l&rsquo;Huile de Son de Riz et au Sorbitol ; la nutrition gr\u00e2ce aux pr\u00e9cieux complexes vitaminiques qu&rsquo;il contient\u00a0; action stretch et raffermissante gr\u00e2ce \u00e0 la pr\u00e9sence d&rsquo;Acide Hyaluronique et de Substances Lipophiles et protection solaire gr\u00e2ce \u00e0 l&rsquo;utilisation d&rsquo;un filtre naturel non nocif pour les \u00e9cosyst\u00e8mes. &#8211; AVEC FILTRE MIN\u00c9RAL NON POLLUANT Naturel : 98%<\/p>\n","protected":false},"excerpt":{"rendered":"<p>Sun Light est un fluide facial sp\u00e9cialement con\u00e7u pour la saison chaude, o\u00f9 r\u00e8gnent les temp\u00e9ratures \u00e9lev\u00e9es et l&rsquo;humidit\u00e9 avec pour cons\u00e9quence la perte des pr\u00e9cieux \u00e9l\u00e9ments n\u00e9cessaires au bien-\u00eatre de notre peau. Gr\u00e2ce \u00e0 sa texture de formulation l\u00e9g\u00e8re et \u00e0 la pr\u00e9sence d&rsquo;un filtre solaire naturel, c&rsquo;est une aide parfaite pour prot\u00e9ger la [&hellip;]<\/p>\n","protected":false},"featured_media":5661,"template":"","meta":{"_acf_changed":false,"inline_featured_image":false},"product_brand":[],"product_cat":[1383],"product_tag":[],"class_list":{"0":"post-5660","1":"product","2":"type-product","3":"status-publish","4":"has-post-thumbnail","6":"product_beauty-antirughe","7":"product_beauty-idratare","8":"product_beauty-nutrire-e-rigenerare","9":"product_beauty-proteggere","10":"product_skin-pelli-delicate-e-sensibili","11":"product_skin-pelli-giovani-e-prime-rughe","12":"product_skin-pelli-grasse-e-miste","13":"product_skin-pelli-mature-e-rughe","14":"product_skin-pelli-secche-e-normali","15":"product_skin-tutte-le-pelli","16":"product_kind-creme-antieta-e-prime-rughe","17":"product_kind-creme-pelli-complesse","18":"product_kind-protezione-solare","19":"product_kind-trattamenti-speciali","20":"product_kind-tutte-le-creme-viso","21":"product_lines-antirughe","22":"product_cat-viso-fr","23":"pa_size-30-fr","25":"first","26":"instock","27":"taxable","28":"shipping-taxable","29":"purchasable","30":"product-type-simple"},"acf":[],"yoast_head":"<!-- This site is optimized with the Yoast SEO plugin v24.6 - https:\/\/yoast.com\/wordpress\/plugins\/seo\/ -->\n<title>Fluide visage SPF 6 Sun Light avec protection solaire - Uniest<\/title>\n<meta name=\"robots\" content=\"index, follow, max-snippet:-1, max-image-preview:large, max-video-preview:-1\" \/>\n<link rel=\"canonical\" href=\"https:\/\/uniest.it\/prodotto\/sun-light-spf-6-fluido-viso-con-protezione-solare\/\" \/>\n<meta property=\"og:locale\" content=\"fr_FR\" \/>\n<meta property=\"og:type\" content=\"article\" \/>\n<meta property=\"og:title\" content=\"Fluide visage SPF 6 Sun Light avec protection solaire - Uniest\" \/>\n<meta property=\"og:description\" content=\"Sun Light est un fluide facial sp\u00e9cialement con\u00e7u pour la saison chaude, o\u00f9 r\u00e8gnent les temp\u00e9ratures \u00e9lev\u00e9es et l&rsquo;humidit\u00e9 avec pour cons\u00e9quence la perte des pr\u00e9cieux \u00e9l\u00e9ments n\u00e9cessaires au bien-\u00eatre de notre peau. Gr\u00e2ce \u00e0 sa texture de formulation l\u00e9g\u00e8re et \u00e0 la pr\u00e9sence d&rsquo;un filtre solaire naturel, c&rsquo;est une aide parfaite pour prot\u00e9ger la [&hellip;]\" \/>\n<meta property=\"og:url\" content=\"https:\/\/uniest.it\/prodotto\/sun-light-spf-6-fluido-viso-con-protezione-solare\/\" \/>\n<meta property=\"og:site_name\" content=\"Uniest\" \/>\n<meta property=\"article:modified_time\" content=\"2024-10-23T15:29:46+00:00\" \/>\n<meta property=\"og:image\" content=\"https:\/\/uniest.it\/wp-content\/uploads\/2020\/12\/029AAE.png\" \/>\n\t<meta property=\"og:image:width\" content=\"1283\" \/>\n\t<meta property=\"og:image:height\" content=\"2000\" \/>\n\t<meta property=\"og:image:type\" content=\"image\/png\" \/>\n<meta name=\"twitter:card\" content=\"summary_large_image\" \/>\n<meta name=\"twitter:label1\" content=\"Dur\u00e9e de lecture estim\u00e9e\" \/>\n\t<meta name=\"twitter:data1\" content=\"1 minute\" \/>\n<script type=\"application\/ld+json\" class=\"yoast-schema-graph\">{\"@context\":\"https:\/\/schema.org\",\"@graph\":[{\"@type\":\"WebPage\",\"@id\":\"https:\/\/uniest.it\/prodotto\/sun-light-spf-6-fluido-viso-con-protezione-solare\/\",\"url\":\"https:\/\/uniest.it\/prodotto\/sun-light-spf-6-fluido-viso-con-protezione-solare\/\",\"name\":\"Fluide visage SPF 6 Sun Light avec protection solaire - Uniest\",\"isPartOf\":{\"@id\":\"https:\/\/uniest.it\/#website\"},\"primaryImageOfPage\":{\"@id\":\"https:\/\/uniest.it\/prodotto\/sun-light-spf-6-fluido-viso-con-protezione-solare\/#primaryimage\"},\"image\":{\"@id\":\"https:\/\/uniest.it\/prodotto\/sun-light-spf-6-fluido-viso-con-protezione-solare\/#primaryimage\"},\"thumbnailUrl\":\"https:\/\/uniest.it\/wp-content\/uploads\/2020\/12\/029AAE.png\",\"datePublished\":\"2024-10-23T14:42:20+00:00\",\"dateModified\":\"2024-10-23T15:29:46+00:00\",\"breadcrumb\":{\"@id\":\"https:\/\/uniest.it\/prodotto\/sun-light-spf-6-fluido-viso-con-protezione-solare\/#breadcrumb\"},\"inLanguage\":\"fr-FR\",\"potentialAction\":[{\"@type\":\"ReadAction\",\"target\":[\"https:\/\/uniest.it\/prodotto\/sun-light-spf-6-fluido-viso-con-protezione-solare\/\"]}]},{\"@type\":\"ImageObject\",\"inLanguage\":\"fr-FR\",\"@id\":\"https:\/\/uniest.it\/prodotto\/sun-light-spf-6-fluido-viso-con-protezione-solare\/#primaryimage\",\"url\":\"https:\/\/uniest.it\/wp-content\/uploads\/2020\/12\/029AAE.png\",\"contentUrl\":\"https:\/\/uniest.it\/wp-content\/uploads\/2020\/12\/029AAE.png\",\"width\":1283,\"height\":2000},{\"@type\":\"BreadcrumbList\",\"@id\":\"https:\/\/uniest.it\/prodotto\/sun-light-spf-6-fluido-viso-con-protezione-solare\/#breadcrumb\",\"itemListElement\":[{\"@type\":\"ListItem\",\"position\":1,\"name\":\"Home\",\"item\":\"https:\/\/uniest.it\/fr\/\"},{\"@type\":\"ListItem\",\"position\":2,\"name\":\"Shop\",\"item\":\"https:\/\/uniest.it\/shop\/\"},{\"@type\":\"ListItem\",\"position\":3,\"name\":\"Fluide visage SPF 6 Sun Light avec protection solaire\"}]},{\"@type\":\"WebSite\",\"@id\":\"https:\/\/uniest.it\/#website\",\"url\":\"https:\/\/uniest.it\/\",\"name\":\"Uniest\",\"description\":\"Cosmetici Naturali e Bio\",\"potentialAction\":[{\"@type\":\"SearchAction\",\"target\":{\"@type\":\"EntryPoint\",\"urlTemplate\":\"https:\/\/uniest.it\/?s={search_term_string}\"},\"query-input\":{\"@type\":\"PropertyValueSpecification\",\"valueRequired\":true,\"valueName\":\"search_term_string\"}}],\"inLanguage\":\"fr-FR\"}]}<\/script>\n<!-- \/ Yoast SEO plugin. -->","yoast_head_json":{"title":"Fluide visage SPF 6 Sun Light avec protection solaire - Uniest","robots":{"index":"index","follow":"follow","max-snippet":"max-snippet:-1","max-image-preview":"max-image-preview:large","max-video-preview":"max-video-preview:-1"},"canonical":"https:\/\/uniest.it\/prodotto\/sun-light-spf-6-fluido-viso-con-protezione-solare\/","og_locale":"fr_FR","og_type":"article","og_title":"Fluide visage SPF 6 Sun Light avec protection solaire - Uniest","og_description":"Sun Light est un fluide facial sp\u00e9cialement con\u00e7u pour la saison chaude, o\u00f9 r\u00e8gnent les temp\u00e9ratures \u00e9lev\u00e9es et l&rsquo;humidit\u00e9 avec pour cons\u00e9quence la perte des pr\u00e9cieux \u00e9l\u00e9ments n\u00e9cessaires au bien-\u00eatre de notre peau. Gr\u00e2ce \u00e0 sa texture de formulation l\u00e9g\u00e8re et \u00e0 la pr\u00e9sence d&rsquo;un filtre solaire naturel, c&rsquo;est une aide parfaite pour prot\u00e9ger la [&hellip;]","og_url":"https:\/\/uniest.it\/prodotto\/sun-light-spf-6-fluido-viso-con-protezione-solare\/","og_site_name":"Uniest","article_modified_time":"2024-10-23T15:29:46+00:00","og_image":[{"width":1283,"height":2000,"url":"https:\/\/uniest.it\/wp-content\/uploads\/2020\/12\/029AAE.png","type":"image\/png"}],"twitter_card":"summary_large_image","twitter_misc":{"Dur\u00e9e de lecture estim\u00e9e":"1 minute"},"schema":{"@context":"https:\/\/schema.org","@graph":[{"@type":"WebPage","@id":"https:\/\/uniest.it\/prodotto\/sun-light-spf-6-fluido-viso-con-protezione-solare\/","url":"https:\/\/uniest.it\/prodotto\/sun-light-spf-6-fluido-viso-con-protezione-solare\/","name":"Fluide visage SPF 6 Sun Light avec protection solaire - Uniest","isPartOf":{"@id":"https:\/\/uniest.it\/#website"},"primaryImageOfPage":{"@id":"https:\/\/uniest.it\/prodotto\/sun-light-spf-6-fluido-viso-con-protezione-solare\/#primaryimage"},"image":{"@id":"https:\/\/uniest.it\/prodotto\/sun-light-spf-6-fluido-viso-con-protezione-solare\/#primaryimage"},"thumbnailUrl":"https:\/\/uniest.it\/wp-content\/uploads\/2020\/12\/029AAE.png","datePublished":"2024-10-23T14:42:20+00:00","dateModified":"2024-10-23T15:29:46+00:00","breadcrumb":{"@id":"https:\/\/uniest.it\/prodotto\/sun-light-spf-6-fluido-viso-con-protezione-solare\/#breadcrumb"},"inLanguage":"fr-FR","potentialAction":[{"@type":"ReadAction","target":["https:\/\/uniest.it\/prodotto\/sun-light-spf-6-fluido-viso-con-protezione-solare\/"]}]},{"@type":"ImageObject","inLanguage":"fr-FR","@id":"https:\/\/uniest.it\/prodotto\/sun-light-spf-6-fluido-viso-con-protezione-solare\/#primaryimage","url":"https:\/\/uniest.it\/wp-content\/uploads\/2020\/12\/029AAE.png","contentUrl":"https:\/\/uniest.it\/wp-content\/uploads\/2020\/12\/029AAE.png","width":1283,"height":2000},{"@type":"BreadcrumbList","@id":"https:\/\/uniest.it\/prodotto\/sun-light-spf-6-fluido-viso-con-protezione-solare\/#breadcrumb","itemListElement":[{"@type":"ListItem","position":1,"name":"Home","item":"https:\/\/uniest.it\/fr\/"},{"@type":"ListItem","position":2,"name":"Shop","item":"https:\/\/uniest.it\/shop\/"},{"@type":"ListItem","position":3,"name":"Fluide visage SPF 6 Sun Light avec protection solaire"}]},{"@type":"WebSite","@id":"https:\/\/uniest.it\/#website","url":"https:\/\/uniest.it\/","name":"Uniest","description":"Cosmetici Naturali e Bio","potentialAction":[{"@type":"SearchAction","target":{"@type":"EntryPoint","urlTemplate":"https:\/\/uniest.it\/?s={search_term_string}"},"query-input":{"@type":"PropertyValueSpecification","valueRequired":true,"valueName":"search_term_string"}}],"inLanguage":"fr-FR"}]}},"_links":{"self":[{"href":"https:\/\/uniest.it\/fr\/wp-json\/wp\/v2\/product\/5660","targetHints":{"allow":["GET"]}}],"collection":[{"href":"https:\/\/uniest.it\/fr\/wp-json\/wp\/v2\/product"}],"about":[{"href":"https:\/\/uniest.it\/fr\/wp-json\/wp\/v2\/types\/product"}],"wp:featuredmedia":[{"embeddable":true,"href":"https:\/\/uniest.it\/fr\/wp-json\/wp\/v2\/media\/5661"}],"wp:attachment":[{"href":"https:\/\/uniest.it\/fr\/wp-json\/wp\/v2\/media?parent=5660"}],"wp:term":[{"taxonomy":"product_brand","embeddable":true,"href":"https:\/\/uniest.it\/fr\/wp-json\/wp\/v2\/product_brand?post=5660"},{"taxonomy":"product_cat","embeddable":true,"href":"https:\/\/uniest.it\/fr\/wp-json\/wp\/v2\/product_cat?post=5660"},{"taxonomy":"product_tag","embeddable":true,"href":"https:\/\/uniest.it\/fr\/wp-json\/wp\/v2\/product_tag?post=5660"}],"curies":[{"name":"wp","href":"https:\/\/api.w.org\/{rel}","templated":true}]}}