{"id":5662,"date":"2021-04-01T11:50:25","date_gmt":"2024-10-23T14:42:21","guid":{"rendered":"https:\/\/uniest.it\/prodotto\/shampoing-douche-vin-doc\/"},"modified":"2024-10-23T16:29:47","modified_gmt":"2024-10-23T15:29:47","slug":"shampoing-douche-vin-doc","status":"publish","type":"product","link":"https:\/\/uniest.it\/fr\/prodotto\/shampoing-douche-vin-doc\/","title":{"rendered":"Shampoing &amp; Douche Vin DOC"},"content":{"rendered":"<p>Shampoing douche extr\u00eamement d\u00e9licat formul\u00e9 avec les meilleurs tensioactifs naturels.<\/p>\n","protected":false},"excerpt":{"rendered":"<p>Shampoing douche extr\u00eamement d\u00e9licat formul\u00e9 avec les meilleurs tensioactifs naturels.<\/p>\n","protected":false},"featured_media":5663,"template":"","meta":{"_acf_changed":false,"inline_featured_image":false},"product_brand":[],"product_cat":[1384,1372,1374],"product_tag":[],"class_list":{"0":"post-5662","1":"product","2":"type-product","3":"status-publish","4":"has-post-thumbnail","6":"product_beauty-detergere","7":"product_beauty-idratare","8":"product_beauty-nutrire-e-rigenerare","9":"product_skin-tutte-le-pelli","10":"product_skin-tutti-i-capelli","11":"product_kind-bagno","12":"product_kind-doccia","13":"product_kind-shampoo-e-detergenza","14":"product_lines-garda-lake-beauty","15":"product_cat-capelli-fr","16":"product_cat-corpo-fr","17":"product_cat-garda-lake-beauty-fr","18":"pa_size-200-fr","20":"first","21":"instock","22":"taxable","23":"shipping-taxable","24":"purchasable","25":"product-type-simple"},"acf":[],"yoast_head":"<!-- This site is optimized with the Yoast SEO plugin v24.6 - https:\/\/yoast.com\/wordpress\/plugins\/seo\/ -->\n<title>Shampoing &amp; Douche Vin DOC - Uniest<\/title>\n<meta name=\"description\" content=\"Delicatissimo shampoo doccia formulato con i migliori tensioattivi naturali al profumo di Vino.\u00a0\" \/>\n<meta name=\"robots\" content=\"index, follow, max-snippet:-1, max-image-preview:large, max-video-preview:-1\" \/>\n<link rel=\"canonical\" href=\"https:\/\/uniest.it\/prodotto\/shampoo-doccia-vino-doc\/\" \/>\n<meta property=\"og:locale\" content=\"fr_FR\" \/>\n<meta property=\"og:type\" content=\"article\" \/>\n<meta property=\"og:title\" content=\"Shampoing &amp; Douche Vin DOC - Uniest\" \/>\n<meta property=\"og:description\" content=\"Delicatissimo shampoo doccia formulato con i migliori tensioattivi naturali al profumo di Vino.\u00a0\" \/>\n<meta property=\"og:url\" content=\"https:\/\/uniest.it\/prodotto\/shampoo-doccia-vino-doc\/\" \/>\n<meta property=\"og:site_name\" content=\"Uniest\" \/>\n<meta property=\"article:modified_time\" content=\"2024-10-23T15:29:47+00:00\" \/>\n<meta property=\"og:image\" content=\"https:\/\/uniest.it\/wp-content\/uploads\/2020\/11\/029LGB.png\" \/>\n\t<meta property=\"og:image:width\" content=\"1283\" \/>\n\t<meta property=\"og:image:height\" content=\"2000\" \/>\n\t<meta property=\"og:image:type\" content=\"image\/png\" \/>\n<meta name=\"twitter:card\" content=\"summary_large_image\" \/>\n<script type=\"application\/ld+json\" class=\"yoast-schema-graph\">{\"@context\":\"https:\/\/schema.org\",\"@graph\":[{\"@type\":\"WebPage\",\"@id\":\"https:\/\/uniest.it\/prodotto\/shampoo-doccia-vino-doc\/\",\"url\":\"https:\/\/uniest.it\/prodotto\/shampoo-doccia-vino-doc\/\",\"name\":\"Shampoing &amp; Douche Vin DOC - Uniest\",\"isPartOf\":{\"@id\":\"https:\/\/uniest.it\/#website\"},\"primaryImageOfPage\":{\"@id\":\"https:\/\/uniest.it\/prodotto\/shampoo-doccia-vino-doc\/#primaryimage\"},\"image\":{\"@id\":\"https:\/\/uniest.it\/prodotto\/shampoo-doccia-vino-doc\/#primaryimage\"},\"thumbnailUrl\":\"https:\/\/uniest.it\/wp-content\/uploads\/2020\/11\/029LGB.png\",\"datePublished\":\"2024-10-23T14:42:21+00:00\",\"dateModified\":\"2024-10-23T15:29:47+00:00\",\"description\":\"Delicatissimo shampoo doccia formulato con i migliori tensioattivi naturali al profumo di Vino.\u00a0\",\"breadcrumb\":{\"@id\":\"https:\/\/uniest.it\/prodotto\/shampoo-doccia-vino-doc\/#breadcrumb\"},\"inLanguage\":\"fr-FR\",\"potentialAction\":[{\"@type\":\"ReadAction\",\"target\":[\"https:\/\/uniest.it\/prodotto\/shampoo-doccia-vino-doc\/\"]}]},{\"@type\":\"ImageObject\",\"inLanguage\":\"fr-FR\",\"@id\":\"https:\/\/uniest.it\/prodotto\/shampoo-doccia-vino-doc\/#primaryimage\",\"url\":\"https:\/\/uniest.it\/wp-content\/uploads\/2020\/11\/029LGB.png\",\"contentUrl\":\"https:\/\/uniest.it\/wp-content\/uploads\/2020\/11\/029LGB.png\",\"width\":1283,\"height\":2000},{\"@type\":\"BreadcrumbList\",\"@id\":\"https:\/\/uniest.it\/prodotto\/shampoo-doccia-vino-doc\/#breadcrumb\",\"itemListElement\":[{\"@type\":\"ListItem\",\"position\":1,\"name\":\"Home\",\"item\":\"https:\/\/uniest.it\/fr\/\"},{\"@type\":\"ListItem\",\"position\":2,\"name\":\"Shop\",\"item\":\"https:\/\/uniest.it\/shop\/\"},{\"@type\":\"ListItem\",\"position\":3,\"name\":\"Shampoing &amp; Douche Vin DOC\"}]},{\"@type\":\"WebSite\",\"@id\":\"https:\/\/uniest.it\/#website\",\"url\":\"https:\/\/uniest.it\/\",\"name\":\"Uniest\",\"description\":\"Cosmetici Naturali e Bio\",\"potentialAction\":[{\"@type\":\"SearchAction\",\"target\":{\"@type\":\"EntryPoint\",\"urlTemplate\":\"https:\/\/uniest.it\/?s={search_term_string}\"},\"query-input\":{\"@type\":\"PropertyValueSpecification\",\"valueRequired\":true,\"valueName\":\"search_term_string\"}}],\"inLanguage\":\"fr-FR\"}]}<\/script>\n<!-- \/ Yoast SEO plugin. -->","yoast_head_json":{"title":"Shampoing &amp; Douche Vin DOC - Uniest","description":"Delicatissimo shampoo doccia formulato con i migliori tensioattivi naturali al profumo di Vino.\u00a0","robots":{"index":"index","follow":"follow","max-snippet":"max-snippet:-1","max-image-preview":"max-image-preview:large","max-video-preview":"max-video-preview:-1"},"canonical":"https:\/\/uniest.it\/prodotto\/shampoo-doccia-vino-doc\/","og_locale":"fr_FR","og_type":"article","og_title":"Shampoing &amp; Douche Vin DOC - Uniest","og_description":"Delicatissimo shampoo doccia formulato con i migliori tensioattivi naturali al profumo di Vino.\u00a0","og_url":"https:\/\/uniest.it\/prodotto\/shampoo-doccia-vino-doc\/","og_site_name":"Uniest","article_modified_time":"2024-10-23T15:29:47+00:00","og_image":[{"width":1283,"height":2000,"url":"https:\/\/uniest.it\/wp-content\/uploads\/2020\/11\/029LGB.png","type":"image\/png"}],"twitter_card":"summary_large_image","schema":{"@context":"https:\/\/schema.org","@graph":[{"@type":"WebPage","@id":"https:\/\/uniest.it\/prodotto\/shampoo-doccia-vino-doc\/","url":"https:\/\/uniest.it\/prodotto\/shampoo-doccia-vino-doc\/","name":"Shampoing &amp; Douche Vin DOC - Uniest","isPartOf":{"@id":"https:\/\/uniest.it\/#website"},"primaryImageOfPage":{"@id":"https:\/\/uniest.it\/prodotto\/shampoo-doccia-vino-doc\/#primaryimage"},"image":{"@id":"https:\/\/uniest.it\/prodotto\/shampoo-doccia-vino-doc\/#primaryimage"},"thumbnailUrl":"https:\/\/uniest.it\/wp-content\/uploads\/2020\/11\/029LGB.png","datePublished":"2024-10-23T14:42:21+00:00","dateModified":"2024-10-23T15:29:47+00:00","description":"Delicatissimo shampoo doccia formulato con i migliori tensioattivi naturali al profumo di Vino.\u00a0","breadcrumb":{"@id":"https:\/\/uniest.it\/prodotto\/shampoo-doccia-vino-doc\/#breadcrumb"},"inLanguage":"fr-FR","potentialAction":[{"@type":"ReadAction","target":["https:\/\/uniest.it\/prodotto\/shampoo-doccia-vino-doc\/"]}]},{"@type":"ImageObject","inLanguage":"fr-FR","@id":"https:\/\/uniest.it\/prodotto\/shampoo-doccia-vino-doc\/#primaryimage","url":"https:\/\/uniest.it\/wp-content\/uploads\/2020\/11\/029LGB.png","contentUrl":"https:\/\/uniest.it\/wp-content\/uploads\/2020\/11\/029LGB.png","width":1283,"height":2000},{"@type":"BreadcrumbList","@id":"https:\/\/uniest.it\/prodotto\/shampoo-doccia-vino-doc\/#breadcrumb","itemListElement":[{"@type":"ListItem","position":1,"name":"Home","item":"https:\/\/uniest.it\/fr\/"},{"@type":"ListItem","position":2,"name":"Shop","item":"https:\/\/uniest.it\/shop\/"},{"@type":"ListItem","position":3,"name":"Shampoing &amp; Douche Vin DOC"}]},{"@type":"WebSite","@id":"https:\/\/uniest.it\/#website","url":"https:\/\/uniest.it\/","name":"Uniest","description":"Cosmetici Naturali e Bio","potentialAction":[{"@type":"SearchAction","target":{"@type":"EntryPoint","urlTemplate":"https:\/\/uniest.it\/?s={search_term_string}"},"query-input":{"@type":"PropertyValueSpecification","valueRequired":true,"valueName":"search_term_string"}}],"inLanguage":"fr-FR"}]}},"_links":{"self":[{"href":"https:\/\/uniest.it\/fr\/wp-json\/wp\/v2\/product\/5662","targetHints":{"allow":["GET"]}}],"collection":[{"href":"https:\/\/uniest.it\/fr\/wp-json\/wp\/v2\/product"}],"about":[{"href":"https:\/\/uniest.it\/fr\/wp-json\/wp\/v2\/types\/product"}],"wp:featuredmedia":[{"embeddable":true,"href":"https:\/\/uniest.it\/fr\/wp-json\/wp\/v2\/media\/5663"}],"wp:attachment":[{"href":"https:\/\/uniest.it\/fr\/wp-json\/wp\/v2\/media?parent=5662"}],"wp:term":[{"taxonomy":"product_brand","embeddable":true,"href":"https:\/\/uniest.it\/fr\/wp-json\/wp\/v2\/product_brand?post=5662"},{"taxonomy":"product_cat","embeddable":true,"href":"https:\/\/uniest.it\/fr\/wp-json\/wp\/v2\/product_cat?post=5662"},{"taxonomy":"product_tag","embeddable":true,"href":"https:\/\/uniest.it\/fr\/wp-json\/wp\/v2\/product_tag?post=5662"}],"curies":[{"name":"wp","href":"https:\/\/api.w.org\/{rel}","templated":true}]}}