{"id":5669,"date":"2021-02-04T12:58:25","date_gmt":"2024-10-23T14:42:23","guid":{"rendered":"https:\/\/uniest.it\/prodotto\/drengel-concentre-marine-slender-soda\/"},"modified":"2024-10-23T16:29:49","modified_gmt":"2024-10-23T15:29:49","slug":"drengel-concentre-marine-slender-soda","status":"publish","type":"product","link":"https:\/\/uniest.it\/fr\/prodotto\/drengel-concentre-marine-slender-soda\/","title":{"rendered":"Drengel Concentr\u00e9 Marine Slender &amp; Soda"},"content":{"rendered":"<p>Le vin rouge est riche en acides alpha-hydroxy, polyph\u00e9nols, sucres et lipides qui, gr\u00e2ce aux multiples actions qu&rsquo;ils exercent sur notre peau, sont consid\u00e9r\u00e9s comme un puissant alli\u00e9 de la beaut\u00e9.<\/p>\n","protected":false},"excerpt":{"rendered":"<p>Le vin rouge est riche en acides alpha-hydroxy, polyph\u00e9nols, sucres et lipides qui, gr\u00e2ce aux multiples actions qu&rsquo;ils exercent sur notre peau, sont consid\u00e9r\u00e9s comme un puissant alli\u00e9 de la beaut\u00e9.<\/p>\n","protected":false},"featured_media":5670,"template":"","meta":{"_acf_changed":false,"inline_featured_image":false},"product_brand":[],"product_cat":[1372],"product_tag":[],"class_list":{"0":"post-5669","1":"product","2":"type-product","3":"status-publish","4":"has-post-thumbnail","6":"product_beauty-anti-cellulite","7":"product_beauty-detox-e-dren","8":"product_beauty-idratare","9":"product_beauty-rassodare-e-tonificare","10":"product_skin-cellulite","11":"product_kind-cellulite-e-tonificazione","12":"product_kind-trattamenti-speciali","13":"product_kind-tutte-le-creme-corpo","14":"product_lines-cellulite-e-ritenzione","15":"product_cat-corpo-fr","16":"pa_size-250-fr","18":"first","19":"instock","20":"taxable","21":"shipping-taxable","22":"purchasable","23":"product-type-simple"},"acf":[],"yoast_head":"<!-- This site is optimized with the Yoast SEO plugin v24.6 - https:\/\/yoast.com\/wordpress\/plugins\/seo\/ -->\n<title>Drengel Concentr\u00e9 Marine Slender &amp; Soda - Uniest<\/title>\n<meta name=\"robots\" content=\"index, follow, max-snippet:-1, max-image-preview:large, max-video-preview:-1\" \/>\n<link rel=\"canonical\" href=\"https:\/\/uniest.it\/prodotto\/drengel-concentrato-marino-snella-soda\/\" \/>\n<meta property=\"og:locale\" content=\"fr_FR\" \/>\n<meta property=\"og:type\" content=\"article\" \/>\n<meta property=\"og:title\" content=\"Drengel Concentr\u00e9 Marine Slender &amp; Soda - Uniest\" \/>\n<meta property=\"og:description\" content=\"Le vin rouge est riche en acides alpha-hydroxy, polyph\u00e9nols, sucres et lipides qui, gr\u00e2ce aux multiples actions qu&rsquo;ils exercent sur notre peau, sont consid\u00e9r\u00e9s comme un puissant alli\u00e9 de la beaut\u00e9.\" \/>\n<meta property=\"og:url\" content=\"https:\/\/uniest.it\/prodotto\/drengel-concentrato-marino-snella-soda\/\" \/>\n<meta property=\"og:site_name\" content=\"Uniest\" \/>\n<meta property=\"article:modified_time\" content=\"2024-10-23T15:29:49+00:00\" \/>\n<meta property=\"og:image\" content=\"https:\/\/uniest.it\/wp-content\/uploads\/2021\/02\/031AAE-1.png\" \/>\n\t<meta property=\"og:image:width\" content=\"1283\" \/>\n\t<meta property=\"og:image:height\" content=\"2001\" \/>\n\t<meta property=\"og:image:type\" content=\"image\/png\" \/>\n<meta name=\"twitter:card\" content=\"summary_large_image\" \/>\n<script type=\"application\/ld+json\" class=\"yoast-schema-graph\">{\"@context\":\"https:\/\/schema.org\",\"@graph\":[{\"@type\":\"WebPage\",\"@id\":\"https:\/\/uniest.it\/prodotto\/drengel-concentrato-marino-snella-soda\/\",\"url\":\"https:\/\/uniest.it\/prodotto\/drengel-concentrato-marino-snella-soda\/\",\"name\":\"Drengel Concentr\u00e9 Marine Slender &amp; Soda - Uniest\",\"isPartOf\":{\"@id\":\"https:\/\/uniest.it\/#website\"},\"primaryImageOfPage\":{\"@id\":\"https:\/\/uniest.it\/prodotto\/drengel-concentrato-marino-snella-soda\/#primaryimage\"},\"image\":{\"@id\":\"https:\/\/uniest.it\/prodotto\/drengel-concentrato-marino-snella-soda\/#primaryimage\"},\"thumbnailUrl\":\"https:\/\/uniest.it\/wp-content\/uploads\/2021\/02\/031AAE-1.png\",\"datePublished\":\"2024-10-23T14:42:23+00:00\",\"dateModified\":\"2024-10-23T15:29:49+00:00\",\"breadcrumb\":{\"@id\":\"https:\/\/uniest.it\/prodotto\/drengel-concentrato-marino-snella-soda\/#breadcrumb\"},\"inLanguage\":\"fr-FR\",\"potentialAction\":[{\"@type\":\"ReadAction\",\"target\":[\"https:\/\/uniest.it\/prodotto\/drengel-concentrato-marino-snella-soda\/\"]}]},{\"@type\":\"ImageObject\",\"inLanguage\":\"fr-FR\",\"@id\":\"https:\/\/uniest.it\/prodotto\/drengel-concentrato-marino-snella-soda\/#primaryimage\",\"url\":\"https:\/\/uniest.it\/wp-content\/uploads\/2021\/02\/031AAE-1.png\",\"contentUrl\":\"https:\/\/uniest.it\/wp-content\/uploads\/2021\/02\/031AAE-1.png\",\"width\":1283,\"height\":2001},{\"@type\":\"BreadcrumbList\",\"@id\":\"https:\/\/uniest.it\/prodotto\/drengel-concentrato-marino-snella-soda\/#breadcrumb\",\"itemListElement\":[{\"@type\":\"ListItem\",\"position\":1,\"name\":\"Home\",\"item\":\"https:\/\/uniest.it\/fr\/\"},{\"@type\":\"ListItem\",\"position\":2,\"name\":\"Shop\",\"item\":\"https:\/\/uniest.it\/shop\/\"},{\"@type\":\"ListItem\",\"position\":3,\"name\":\"Drengel Concentr\u00e9 Marine Slender &amp; Soda\"}]},{\"@type\":\"WebSite\",\"@id\":\"https:\/\/uniest.it\/#website\",\"url\":\"https:\/\/uniest.it\/\",\"name\":\"Uniest\",\"description\":\"Cosmetici Naturali e Bio\",\"potentialAction\":[{\"@type\":\"SearchAction\",\"target\":{\"@type\":\"EntryPoint\",\"urlTemplate\":\"https:\/\/uniest.it\/?s={search_term_string}\"},\"query-input\":{\"@type\":\"PropertyValueSpecification\",\"valueRequired\":true,\"valueName\":\"search_term_string\"}}],\"inLanguage\":\"fr-FR\"}]}<\/script>\n<!-- \/ Yoast SEO plugin. -->","yoast_head_json":{"title":"Drengel Concentr\u00e9 Marine Slender &amp; Soda - Uniest","robots":{"index":"index","follow":"follow","max-snippet":"max-snippet:-1","max-image-preview":"max-image-preview:large","max-video-preview":"max-video-preview:-1"},"canonical":"https:\/\/uniest.it\/prodotto\/drengel-concentrato-marino-snella-soda\/","og_locale":"fr_FR","og_type":"article","og_title":"Drengel Concentr\u00e9 Marine Slender &amp; Soda - Uniest","og_description":"Le vin rouge est riche en acides alpha-hydroxy, polyph\u00e9nols, sucres et lipides qui, gr\u00e2ce aux multiples actions qu&rsquo;ils exercent sur notre peau, sont consid\u00e9r\u00e9s comme un puissant alli\u00e9 de la beaut\u00e9.","og_url":"https:\/\/uniest.it\/prodotto\/drengel-concentrato-marino-snella-soda\/","og_site_name":"Uniest","article_modified_time":"2024-10-23T15:29:49+00:00","og_image":[{"width":1283,"height":2001,"url":"https:\/\/uniest.it\/wp-content\/uploads\/2021\/02\/031AAE-1.png","type":"image\/png"}],"twitter_card":"summary_large_image","schema":{"@context":"https:\/\/schema.org","@graph":[{"@type":"WebPage","@id":"https:\/\/uniest.it\/prodotto\/drengel-concentrato-marino-snella-soda\/","url":"https:\/\/uniest.it\/prodotto\/drengel-concentrato-marino-snella-soda\/","name":"Drengel Concentr\u00e9 Marine Slender &amp; Soda - Uniest","isPartOf":{"@id":"https:\/\/uniest.it\/#website"},"primaryImageOfPage":{"@id":"https:\/\/uniest.it\/prodotto\/drengel-concentrato-marino-snella-soda\/#primaryimage"},"image":{"@id":"https:\/\/uniest.it\/prodotto\/drengel-concentrato-marino-snella-soda\/#primaryimage"},"thumbnailUrl":"https:\/\/uniest.it\/wp-content\/uploads\/2021\/02\/031AAE-1.png","datePublished":"2024-10-23T14:42:23+00:00","dateModified":"2024-10-23T15:29:49+00:00","breadcrumb":{"@id":"https:\/\/uniest.it\/prodotto\/drengel-concentrato-marino-snella-soda\/#breadcrumb"},"inLanguage":"fr-FR","potentialAction":[{"@type":"ReadAction","target":["https:\/\/uniest.it\/prodotto\/drengel-concentrato-marino-snella-soda\/"]}]},{"@type":"ImageObject","inLanguage":"fr-FR","@id":"https:\/\/uniest.it\/prodotto\/drengel-concentrato-marino-snella-soda\/#primaryimage","url":"https:\/\/uniest.it\/wp-content\/uploads\/2021\/02\/031AAE-1.png","contentUrl":"https:\/\/uniest.it\/wp-content\/uploads\/2021\/02\/031AAE-1.png","width":1283,"height":2001},{"@type":"BreadcrumbList","@id":"https:\/\/uniest.it\/prodotto\/drengel-concentrato-marino-snella-soda\/#breadcrumb","itemListElement":[{"@type":"ListItem","position":1,"name":"Home","item":"https:\/\/uniest.it\/fr\/"},{"@type":"ListItem","position":2,"name":"Shop","item":"https:\/\/uniest.it\/shop\/"},{"@type":"ListItem","position":3,"name":"Drengel Concentr\u00e9 Marine Slender &amp; Soda"}]},{"@type":"WebSite","@id":"https:\/\/uniest.it\/#website","url":"https:\/\/uniest.it\/","name":"Uniest","description":"Cosmetici Naturali e Bio","potentialAction":[{"@type":"SearchAction","target":{"@type":"EntryPoint","urlTemplate":"https:\/\/uniest.it\/?s={search_term_string}"},"query-input":{"@type":"PropertyValueSpecification","valueRequired":true,"valueName":"search_term_string"}}],"inLanguage":"fr-FR"}]}},"_links":{"self":[{"href":"https:\/\/uniest.it\/fr\/wp-json\/wp\/v2\/product\/5669","targetHints":{"allow":["GET"]}}],"collection":[{"href":"https:\/\/uniest.it\/fr\/wp-json\/wp\/v2\/product"}],"about":[{"href":"https:\/\/uniest.it\/fr\/wp-json\/wp\/v2\/types\/product"}],"wp:featuredmedia":[{"embeddable":true,"href":"https:\/\/uniest.it\/fr\/wp-json\/wp\/v2\/media\/5670"}],"wp:attachment":[{"href":"https:\/\/uniest.it\/fr\/wp-json\/wp\/v2\/media?parent=5669"}],"wp:term":[{"taxonomy":"product_brand","embeddable":true,"href":"https:\/\/uniest.it\/fr\/wp-json\/wp\/v2\/product_brand?post=5669"},{"taxonomy":"product_cat","embeddable":true,"href":"https:\/\/uniest.it\/fr\/wp-json\/wp\/v2\/product_cat?post=5669"},{"taxonomy":"product_tag","embeddable":true,"href":"https:\/\/uniest.it\/fr\/wp-json\/wp\/v2\/product_tag?post=5669"}],"curies":[{"name":"wp","href":"https:\/\/api.w.org\/{rel}","templated":true}]}}