{"id":5673,"date":"2021-02-04T12:58:25","date_gmt":"2024-10-23T14:42:24","guid":{"rendered":"https:\/\/uniest.it\/prodotto\/huile-de-bain-dren\/"},"modified":"2024-10-23T16:29:50","modified_gmt":"2024-10-23T15:29:50","slug":"huile-de-bain-dren","status":"publish","type":"product","link":"https:\/\/uniest.it\/fr\/prodotto\/huile-de-bain-dren\/","title":{"rendered":"Huile de bain DREN"},"content":{"rendered":"<p>L&rsquo;huile d&rsquo;olive extra vierge DOP et le vin DOC proviennent tous deux du lac de Garde et sont reconnus pour leurs propri\u00e9t\u00e9s hypotensives, antioxydantes, \u00e9clairantes, anti-\u00e2ge et protectrices.<\/p>\n","protected":false},"excerpt":{"rendered":"<p>L&rsquo;huile d&rsquo;olive extra vierge DOP et le vin DOC proviennent tous deux du lac de Garde et sont reconnus pour leurs propri\u00e9t\u00e9s hypotensives, antioxydantes, \u00e9clairantes, anti-\u00e2ge et protectrices.<\/p>\n","protected":false},"featured_media":5674,"template":"","meta":{"_acf_changed":false,"inline_featured_image":false},"product_brand":[],"product_cat":[1372],"product_tag":[],"class_list":{"0":"post-5673","1":"product","2":"type-product","3":"status-publish","4":"has-post-thumbnail","6":"product_beauty-anticellulite","7":"product_beauty-balsamico","8":"product_beauty-detergere","9":"product_beauty-detox-e-dren","10":"product_beauty-idratare","11":"product_skin-cellulite","12":"product_kind-bagno","13":"product_kind-doccia","14":"product_kind-shampoo-e-detergenza","15":"product_kind-trattamenti-speciali","16":"product_lines-cellulite-e-ritenzione","17":"product_cat-corpo-fr","18":"pa_size-100-fr","20":"first","21":"instock","22":"taxable","23":"shipping-taxable","24":"purchasable","25":"product-type-simple"},"acf":[],"yoast_head":"<!-- This site is optimized with the Yoast SEO plugin v24.6 - https:\/\/yoast.com\/wordpress\/plugins\/seo\/ -->\n<title>Huile de bain DREN - Uniest<\/title>\n<meta name=\"robots\" content=\"index, follow, max-snippet:-1, max-image-preview:large, max-video-preview:-1\" \/>\n<link rel=\"canonical\" href=\"https:\/\/uniest.it\/prodotto\/dren-olio-da-bagno\/\" \/>\n<meta property=\"og:locale\" content=\"fr_FR\" \/>\n<meta property=\"og:type\" content=\"article\" \/>\n<meta property=\"og:title\" content=\"Huile de bain DREN - Uniest\" \/>\n<meta property=\"og:description\" content=\"L&rsquo;huile d&rsquo;olive extra vierge DOP et le vin DOC proviennent tous deux du lac de Garde et sont reconnus pour leurs propri\u00e9t\u00e9s hypotensives, antioxydantes, \u00e9clairantes, anti-\u00e2ge et protectrices.\" \/>\n<meta property=\"og:url\" content=\"https:\/\/uniest.it\/prodotto\/dren-olio-da-bagno\/\" \/>\n<meta property=\"og:site_name\" content=\"Uniest\" \/>\n<meta property=\"article:modified_time\" content=\"2024-10-23T15:29:50+00:00\" \/>\n<meta property=\"og:image\" content=\"https:\/\/uniest.it\/wp-content\/uploads\/2020\/11\/032AAE.png\" \/>\n\t<meta property=\"og:image:width\" content=\"1283\" \/>\n\t<meta property=\"og:image:height\" content=\"2001\" \/>\n\t<meta property=\"og:image:type\" content=\"image\/png\" \/>\n<meta name=\"twitter:card\" content=\"summary_large_image\" \/>\n<script type=\"application\/ld+json\" class=\"yoast-schema-graph\">{\"@context\":\"https:\/\/schema.org\",\"@graph\":[{\"@type\":\"WebPage\",\"@id\":\"https:\/\/uniest.it\/prodotto\/dren-olio-da-bagno\/\",\"url\":\"https:\/\/uniest.it\/prodotto\/dren-olio-da-bagno\/\",\"name\":\"Huile de bain DREN - Uniest\",\"isPartOf\":{\"@id\":\"https:\/\/uniest.it\/#website\"},\"primaryImageOfPage\":{\"@id\":\"https:\/\/uniest.it\/prodotto\/dren-olio-da-bagno\/#primaryimage\"},\"image\":{\"@id\":\"https:\/\/uniest.it\/prodotto\/dren-olio-da-bagno\/#primaryimage\"},\"thumbnailUrl\":\"https:\/\/uniest.it\/wp-content\/uploads\/2020\/11\/032AAE.png\",\"datePublished\":\"2024-10-23T14:42:24+00:00\",\"dateModified\":\"2024-10-23T15:29:50+00:00\",\"breadcrumb\":{\"@id\":\"https:\/\/uniest.it\/prodotto\/dren-olio-da-bagno\/#breadcrumb\"},\"inLanguage\":\"fr-FR\",\"potentialAction\":[{\"@type\":\"ReadAction\",\"target\":[\"https:\/\/uniest.it\/prodotto\/dren-olio-da-bagno\/\"]}]},{\"@type\":\"ImageObject\",\"inLanguage\":\"fr-FR\",\"@id\":\"https:\/\/uniest.it\/prodotto\/dren-olio-da-bagno\/#primaryimage\",\"url\":\"https:\/\/uniest.it\/wp-content\/uploads\/2020\/11\/032AAE.png\",\"contentUrl\":\"https:\/\/uniest.it\/wp-content\/uploads\/2020\/11\/032AAE.png\",\"width\":1283,\"height\":2001},{\"@type\":\"BreadcrumbList\",\"@id\":\"https:\/\/uniest.it\/prodotto\/dren-olio-da-bagno\/#breadcrumb\",\"itemListElement\":[{\"@type\":\"ListItem\",\"position\":1,\"name\":\"Home\",\"item\":\"https:\/\/uniest.it\/fr\/\"},{\"@type\":\"ListItem\",\"position\":2,\"name\":\"Shop\",\"item\":\"https:\/\/uniest.it\/shop\/\"},{\"@type\":\"ListItem\",\"position\":3,\"name\":\"Huile de bain DREN\"}]},{\"@type\":\"WebSite\",\"@id\":\"https:\/\/uniest.it\/#website\",\"url\":\"https:\/\/uniest.it\/\",\"name\":\"Uniest\",\"description\":\"Cosmetici Naturali e Bio\",\"potentialAction\":[{\"@type\":\"SearchAction\",\"target\":{\"@type\":\"EntryPoint\",\"urlTemplate\":\"https:\/\/uniest.it\/?s={search_term_string}\"},\"query-input\":{\"@type\":\"PropertyValueSpecification\",\"valueRequired\":true,\"valueName\":\"search_term_string\"}}],\"inLanguage\":\"fr-FR\"}]}<\/script>\n<!-- \/ Yoast SEO plugin. -->","yoast_head_json":{"title":"Huile de bain DREN - Uniest","robots":{"index":"index","follow":"follow","max-snippet":"max-snippet:-1","max-image-preview":"max-image-preview:large","max-video-preview":"max-video-preview:-1"},"canonical":"https:\/\/uniest.it\/prodotto\/dren-olio-da-bagno\/","og_locale":"fr_FR","og_type":"article","og_title":"Huile de bain DREN - Uniest","og_description":"L&rsquo;huile d&rsquo;olive extra vierge DOP et le vin DOC proviennent tous deux du lac de Garde et sont reconnus pour leurs propri\u00e9t\u00e9s hypotensives, antioxydantes, \u00e9clairantes, anti-\u00e2ge et protectrices.","og_url":"https:\/\/uniest.it\/prodotto\/dren-olio-da-bagno\/","og_site_name":"Uniest","article_modified_time":"2024-10-23T15:29:50+00:00","og_image":[{"width":1283,"height":2001,"url":"https:\/\/uniest.it\/wp-content\/uploads\/2020\/11\/032AAE.png","type":"image\/png"}],"twitter_card":"summary_large_image","schema":{"@context":"https:\/\/schema.org","@graph":[{"@type":"WebPage","@id":"https:\/\/uniest.it\/prodotto\/dren-olio-da-bagno\/","url":"https:\/\/uniest.it\/prodotto\/dren-olio-da-bagno\/","name":"Huile de bain DREN - Uniest","isPartOf":{"@id":"https:\/\/uniest.it\/#website"},"primaryImageOfPage":{"@id":"https:\/\/uniest.it\/prodotto\/dren-olio-da-bagno\/#primaryimage"},"image":{"@id":"https:\/\/uniest.it\/prodotto\/dren-olio-da-bagno\/#primaryimage"},"thumbnailUrl":"https:\/\/uniest.it\/wp-content\/uploads\/2020\/11\/032AAE.png","datePublished":"2024-10-23T14:42:24+00:00","dateModified":"2024-10-23T15:29:50+00:00","breadcrumb":{"@id":"https:\/\/uniest.it\/prodotto\/dren-olio-da-bagno\/#breadcrumb"},"inLanguage":"fr-FR","potentialAction":[{"@type":"ReadAction","target":["https:\/\/uniest.it\/prodotto\/dren-olio-da-bagno\/"]}]},{"@type":"ImageObject","inLanguage":"fr-FR","@id":"https:\/\/uniest.it\/prodotto\/dren-olio-da-bagno\/#primaryimage","url":"https:\/\/uniest.it\/wp-content\/uploads\/2020\/11\/032AAE.png","contentUrl":"https:\/\/uniest.it\/wp-content\/uploads\/2020\/11\/032AAE.png","width":1283,"height":2001},{"@type":"BreadcrumbList","@id":"https:\/\/uniest.it\/prodotto\/dren-olio-da-bagno\/#breadcrumb","itemListElement":[{"@type":"ListItem","position":1,"name":"Home","item":"https:\/\/uniest.it\/fr\/"},{"@type":"ListItem","position":2,"name":"Shop","item":"https:\/\/uniest.it\/shop\/"},{"@type":"ListItem","position":3,"name":"Huile de bain DREN"}]},{"@type":"WebSite","@id":"https:\/\/uniest.it\/#website","url":"https:\/\/uniest.it\/","name":"Uniest","description":"Cosmetici Naturali e Bio","potentialAction":[{"@type":"SearchAction","target":{"@type":"EntryPoint","urlTemplate":"https:\/\/uniest.it\/?s={search_term_string}"},"query-input":{"@type":"PropertyValueSpecification","valueRequired":true,"valueName":"search_term_string"}}],"inLanguage":"fr-FR"}]}},"_links":{"self":[{"href":"https:\/\/uniest.it\/fr\/wp-json\/wp\/v2\/product\/5673","targetHints":{"allow":["GET"]}}],"collection":[{"href":"https:\/\/uniest.it\/fr\/wp-json\/wp\/v2\/product"}],"about":[{"href":"https:\/\/uniest.it\/fr\/wp-json\/wp\/v2\/types\/product"}],"wp:featuredmedia":[{"embeddable":true,"href":"https:\/\/uniest.it\/fr\/wp-json\/wp\/v2\/media\/5674"}],"wp:attachment":[{"href":"https:\/\/uniest.it\/fr\/wp-json\/wp\/v2\/media?parent=5673"}],"wp:term":[{"taxonomy":"product_brand","embeddable":true,"href":"https:\/\/uniest.it\/fr\/wp-json\/wp\/v2\/product_brand?post=5673"},{"taxonomy":"product_cat","embeddable":true,"href":"https:\/\/uniest.it\/fr\/wp-json\/wp\/v2\/product_cat?post=5673"},{"taxonomy":"product_tag","embeddable":true,"href":"https:\/\/uniest.it\/fr\/wp-json\/wp\/v2\/product_tag?post=5673"}],"curies":[{"name":"wp","href":"https:\/\/api.w.org\/{rel}","templated":true}]}}