{"id":5675,"date":"2024-10-23T15:42:25","date_gmt":"2024-10-23T14:42:25","guid":{"rendered":"https:\/\/uniest.it\/prodotto\/menthe-poivree\/"},"modified":"2024-10-23T16:29:50","modified_gmt":"2024-10-23T15:29:50","slug":"menthe-poivree","status":"publish","type":"product","link":"https:\/\/uniest.it\/fr\/prodotto\/menthe-poivree\/","title":{"rendered":"Menthe poivr\u00e9e"},"content":{"rendered":"<p>Menthe poivr\u00e9e : (nom scientifique Mentha Piperita L.), appartient \u00e0 la famille des Labiates ; c&rsquo;est une plante herbac\u00e9e vivace \u00e0 rhizome qui d\u00e9veloppe d&rsquo;abord une tige poilue et rampante qui envoie des racines aux n\u0153uds et devient ensuite dress\u00e9e avec une section carr\u00e9e. Il peut atteindre 70 cm de hauteur. Les feuilles ovales, lanc\u00e9ol\u00e9es, presque glabres, sont de couleur vert plut\u00f4t fonc\u00e9 ; les fleurs ont des nuances rose-violet et sont dispos\u00e9es en verticilles. C&rsquo;est une plante de jardin qui fleurit en \u00e9t\u00e9 et se reproduit \u00e0 partir de drageons. Toutes les esp\u00e8ces de menthe, tant sauvages que cultiv\u00e9es, d\u00e9gagent un parfum caract\u00e9ristique et p\u00e9n\u00e9trant, d\u00fb principalement \u00e0 la pr\u00e9sence d&rsquo;une huile essentielle contenant du menthol dans les feuilles. La menthe poivr\u00e9e est probablement l&rsquo;esp\u00e8ce au parfum le plus intense et le plus agr\u00e9able, \u00e0 partir de laquelle on obtient l&rsquo;essence de la meilleure qualit\u00e9. Pour leur usage phytoth\u00e9rapeutique, les fleurs et les feuilles de menthe sont r\u00e9colt\u00e9es entre juillet et ao\u00fbt et laiss\u00e9es s\u00e9cher \u00e0 l\u2019air libre. A la fois apaisante et revigorante, la menthe poivr\u00e9e est l\u2019une des nombreuses vari\u00e9t\u00e9s de la c\u00e9l\u00e8bre famille des menthes. Bien qu\u2019elle ait \u00e9t\u00e9 initialement utilis\u00e9e uniquement par les Grecs et les Romains, la menthe poivr\u00e9e est devenue c\u00e9l\u00e8bre au XVIIIe si\u00e8cle comme rem\u00e8de pour l\u2019estomac ; encore plus t\u00f4t, au Moyen \u00c2ge, on l&rsquo;utilisait pour rafra\u00eechir l&rsquo;haleine et blanchir les dents. De nos jours, la consommation de menthe poivr\u00e9e est tr\u00e8s r\u00e9pandue. Gr\u00e2ce au menthol, principe actif de la menthe poivr\u00e9e, cette plante peut soulager un grand nombre de probl\u00e8mes de sant\u00e9 et de beaut\u00e9.<\/p>\n","protected":false},"excerpt":{"rendered":"<p>Menthe poivr\u00e9e : (nom scientifique Mentha Piperita L.), appartient \u00e0 la famille des Labiates ; c&rsquo;est une plante herbac\u00e9e vivace \u00e0 rhizome qui d\u00e9veloppe d&rsquo;abord une tige poilue et rampante qui envoie des racines aux n\u0153uds et devient ensuite dress\u00e9e avec une section carr\u00e9e. Il peut atteindre 70 cm de hauteur. Les feuilles ovales, lanc\u00e9ol\u00e9es, [&hellip;]<\/p>\n","protected":false},"featured_media":5676,"template":"","meta":{"_acf_changed":false,"inline_featured_image":false},"product_brand":[],"product_cat":[1381],"product_tag":[],"class_list":{"0":"post-5675","1":"product","2":"type-product","3":"status-publish","4":"has-post-thumbnail","6":"product_beauty-antinfiammatoria","7":"product_beauty-denti","8":"product_beauty-detox-e-dren","9":"product_beauty-digestivo","10":"product_beauty-intestino","11":"product_beauty-lenitivo","12":"product_beauty-mal-di-testa","13":"product_beauty-ossa","14":"product_beauty-vie-respiratorie","15":"product_kind-integrazione-alimentare","16":"product_lines-benessere","17":"product_cat-benessere-fr","18":"pa_size-50-fr","20":"first","21":"outofstock","22":"taxable","23":"shipping-taxable","24":"purchasable","25":"product-type-simple"},"acf":[],"yoast_head":"<!-- This site is optimized with the Yoast SEO plugin v24.6 - https:\/\/yoast.com\/wordpress\/plugins\/seo\/ -->\n<title>Menthe poivr\u00e9e - Uniest<\/title>\n<meta name=\"robots\" content=\"index, follow, max-snippet:-1, max-image-preview:large, max-video-preview:-1\" \/>\n<link rel=\"canonical\" href=\"https:\/\/uniest.it\/prodotto\/menta-piperita\/\" \/>\n<meta property=\"og:locale\" content=\"fr_FR\" \/>\n<meta property=\"og:type\" content=\"article\" \/>\n<meta property=\"og:title\" content=\"Menthe poivr\u00e9e - Uniest\" \/>\n<meta property=\"og:description\" content=\"Menthe poivr\u00e9e : (nom scientifique Mentha Piperita L.), appartient \u00e0 la famille des Labiates ; c&rsquo;est une plante herbac\u00e9e vivace \u00e0 rhizome qui d\u00e9veloppe d&rsquo;abord une tige poilue et rampante qui envoie des racines aux n\u0153uds et devient ensuite dress\u00e9e avec une section carr\u00e9e. Il peut atteindre 70 cm de hauteur. Les feuilles ovales, lanc\u00e9ol\u00e9es, [&hellip;]\" \/>\n<meta property=\"og:url\" content=\"https:\/\/uniest.it\/prodotto\/menta-piperita\/\" \/>\n<meta property=\"og:site_name\" content=\"Uniest\" \/>\n<meta property=\"article:modified_time\" content=\"2024-10-23T15:29:50+00:00\" \/>\n<meta property=\"og:image\" content=\"https:\/\/uniest.it\/wp-content\/uploads\/2020\/12\/032ZTM.png\" \/>\n\t<meta property=\"og:image:width\" content=\"1283\" \/>\n\t<meta property=\"og:image:height\" content=\"2000\" \/>\n\t<meta property=\"og:image:type\" content=\"image\/png\" \/>\n<meta name=\"twitter:card\" content=\"summary_large_image\" \/>\n<meta name=\"twitter:label1\" content=\"Dur\u00e9e de lecture estim\u00e9e\" \/>\n\t<meta name=\"twitter:data1\" content=\"2 minutes\" \/>\n<script type=\"application\/ld+json\" class=\"yoast-schema-graph\">{\"@context\":\"https:\/\/schema.org\",\"@graph\":[{\"@type\":\"WebPage\",\"@id\":\"https:\/\/uniest.it\/prodotto\/menta-piperita\/\",\"url\":\"https:\/\/uniest.it\/prodotto\/menta-piperita\/\",\"name\":\"Menthe poivr\u00e9e - Uniest\",\"isPartOf\":{\"@id\":\"https:\/\/uniest.it\/#website\"},\"primaryImageOfPage\":{\"@id\":\"https:\/\/uniest.it\/prodotto\/menta-piperita\/#primaryimage\"},\"image\":{\"@id\":\"https:\/\/uniest.it\/prodotto\/menta-piperita\/#primaryimage\"},\"thumbnailUrl\":\"https:\/\/uniest.it\/wp-content\/uploads\/2020\/12\/032ZTM.png\",\"datePublished\":\"2024-10-23T14:42:25+00:00\",\"dateModified\":\"2024-10-23T15:29:50+00:00\",\"breadcrumb\":{\"@id\":\"https:\/\/uniest.it\/prodotto\/menta-piperita\/#breadcrumb\"},\"inLanguage\":\"fr-FR\",\"potentialAction\":[{\"@type\":\"ReadAction\",\"target\":[\"https:\/\/uniest.it\/prodotto\/menta-piperita\/\"]}]},{\"@type\":\"ImageObject\",\"inLanguage\":\"fr-FR\",\"@id\":\"https:\/\/uniest.it\/prodotto\/menta-piperita\/#primaryimage\",\"url\":\"https:\/\/uniest.it\/wp-content\/uploads\/2020\/12\/032ZTM.png\",\"contentUrl\":\"https:\/\/uniest.it\/wp-content\/uploads\/2020\/12\/032ZTM.png\",\"width\":1283,\"height\":2000},{\"@type\":\"BreadcrumbList\",\"@id\":\"https:\/\/uniest.it\/prodotto\/menta-piperita\/#breadcrumb\",\"itemListElement\":[{\"@type\":\"ListItem\",\"position\":1,\"name\":\"Home\",\"item\":\"https:\/\/uniest.it\/fr\/\"},{\"@type\":\"ListItem\",\"position\":2,\"name\":\"Shop\",\"item\":\"https:\/\/uniest.it\/shop\/\"},{\"@type\":\"ListItem\",\"position\":3,\"name\":\"Menthe poivr\u00e9e\"}]},{\"@type\":\"WebSite\",\"@id\":\"https:\/\/uniest.it\/#website\",\"url\":\"https:\/\/uniest.it\/\",\"name\":\"Uniest\",\"description\":\"Cosmetici Naturali e Bio\",\"potentialAction\":[{\"@type\":\"SearchAction\",\"target\":{\"@type\":\"EntryPoint\",\"urlTemplate\":\"https:\/\/uniest.it\/?s={search_term_string}\"},\"query-input\":{\"@type\":\"PropertyValueSpecification\",\"valueRequired\":true,\"valueName\":\"search_term_string\"}}],\"inLanguage\":\"fr-FR\"}]}<\/script>\n<!-- \/ Yoast SEO plugin. -->","yoast_head_json":{"title":"Menthe poivr\u00e9e - Uniest","robots":{"index":"index","follow":"follow","max-snippet":"max-snippet:-1","max-image-preview":"max-image-preview:large","max-video-preview":"max-video-preview:-1"},"canonical":"https:\/\/uniest.it\/prodotto\/menta-piperita\/","og_locale":"fr_FR","og_type":"article","og_title":"Menthe poivr\u00e9e - Uniest","og_description":"Menthe poivr\u00e9e : (nom scientifique Mentha Piperita L.), appartient \u00e0 la famille des Labiates ; c&rsquo;est une plante herbac\u00e9e vivace \u00e0 rhizome qui d\u00e9veloppe d&rsquo;abord une tige poilue et rampante qui envoie des racines aux n\u0153uds et devient ensuite dress\u00e9e avec une section carr\u00e9e. Il peut atteindre 70 cm de hauteur. Les feuilles ovales, lanc\u00e9ol\u00e9es, [&hellip;]","og_url":"https:\/\/uniest.it\/prodotto\/menta-piperita\/","og_site_name":"Uniest","article_modified_time":"2024-10-23T15:29:50+00:00","og_image":[{"width":1283,"height":2000,"url":"https:\/\/uniest.it\/wp-content\/uploads\/2020\/12\/032ZTM.png","type":"image\/png"}],"twitter_card":"summary_large_image","twitter_misc":{"Dur\u00e9e de lecture estim\u00e9e":"2 minutes"},"schema":{"@context":"https:\/\/schema.org","@graph":[{"@type":"WebPage","@id":"https:\/\/uniest.it\/prodotto\/menta-piperita\/","url":"https:\/\/uniest.it\/prodotto\/menta-piperita\/","name":"Menthe poivr\u00e9e - Uniest","isPartOf":{"@id":"https:\/\/uniest.it\/#website"},"primaryImageOfPage":{"@id":"https:\/\/uniest.it\/prodotto\/menta-piperita\/#primaryimage"},"image":{"@id":"https:\/\/uniest.it\/prodotto\/menta-piperita\/#primaryimage"},"thumbnailUrl":"https:\/\/uniest.it\/wp-content\/uploads\/2020\/12\/032ZTM.png","datePublished":"2024-10-23T14:42:25+00:00","dateModified":"2024-10-23T15:29:50+00:00","breadcrumb":{"@id":"https:\/\/uniest.it\/prodotto\/menta-piperita\/#breadcrumb"},"inLanguage":"fr-FR","potentialAction":[{"@type":"ReadAction","target":["https:\/\/uniest.it\/prodotto\/menta-piperita\/"]}]},{"@type":"ImageObject","inLanguage":"fr-FR","@id":"https:\/\/uniest.it\/prodotto\/menta-piperita\/#primaryimage","url":"https:\/\/uniest.it\/wp-content\/uploads\/2020\/12\/032ZTM.png","contentUrl":"https:\/\/uniest.it\/wp-content\/uploads\/2020\/12\/032ZTM.png","width":1283,"height":2000},{"@type":"BreadcrumbList","@id":"https:\/\/uniest.it\/prodotto\/menta-piperita\/#breadcrumb","itemListElement":[{"@type":"ListItem","position":1,"name":"Home","item":"https:\/\/uniest.it\/fr\/"},{"@type":"ListItem","position":2,"name":"Shop","item":"https:\/\/uniest.it\/shop\/"},{"@type":"ListItem","position":3,"name":"Menthe poivr\u00e9e"}]},{"@type":"WebSite","@id":"https:\/\/uniest.it\/#website","url":"https:\/\/uniest.it\/","name":"Uniest","description":"Cosmetici Naturali e Bio","potentialAction":[{"@type":"SearchAction","target":{"@type":"EntryPoint","urlTemplate":"https:\/\/uniest.it\/?s={search_term_string}"},"query-input":{"@type":"PropertyValueSpecification","valueRequired":true,"valueName":"search_term_string"}}],"inLanguage":"fr-FR"}]}},"_links":{"self":[{"href":"https:\/\/uniest.it\/fr\/wp-json\/wp\/v2\/product\/5675","targetHints":{"allow":["GET"]}}],"collection":[{"href":"https:\/\/uniest.it\/fr\/wp-json\/wp\/v2\/product"}],"about":[{"href":"https:\/\/uniest.it\/fr\/wp-json\/wp\/v2\/types\/product"}],"wp:featuredmedia":[{"embeddable":true,"href":"https:\/\/uniest.it\/fr\/wp-json\/wp\/v2\/media\/5676"}],"wp:attachment":[{"href":"https:\/\/uniest.it\/fr\/wp-json\/wp\/v2\/media?parent=5675"}],"wp:term":[{"taxonomy":"product_brand","embeddable":true,"href":"https:\/\/uniest.it\/fr\/wp-json\/wp\/v2\/product_brand?post=5675"},{"taxonomy":"product_cat","embeddable":true,"href":"https:\/\/uniest.it\/fr\/wp-json\/wp\/v2\/product_cat?post=5675"},{"taxonomy":"product_tag","embeddable":true,"href":"https:\/\/uniest.it\/fr\/wp-json\/wp\/v2\/product_tag?post=5675"}],"curies":[{"name":"wp","href":"https:\/\/api.w.org\/{rel}","templated":true}]}}