{"id":5677,"date":"2024-10-23T15:42:25","date_gmt":"2024-10-23T14:42:25","guid":{"rendered":"https:\/\/uniest.it\/prodotto\/reequilibre-plus-nuit\/"},"modified":"2024-10-23T16:29:50","modified_gmt":"2024-10-23T15:29:50","slug":"reequilibre-plus-nuit","status":"publish","type":"product","link":"https:\/\/uniest.it\/fr\/prodotto\/reequilibre-plus-nuit\/","title":{"rendered":"R\u00e9\u00e9quilibre Plus Nuit"},"content":{"rendered":"<p>Riequilibra plus nuit est un support indispensable des peaux grasses et mixtes. Gr\u00e2ce \u00e0 ses pr\u00e9cieux ingr\u00e9dients il laisse la peau purifi\u00e9e, les pores resserr\u00e9s, le s\u00e9bum r\u00e9\u00e9quilibr\u00e9 et donc le teint plus lumineux. L&rsquo;huile essentielle de Tea Tree Oil antifongique, antiseptique et antibact\u00e9rienne et les extraits v\u00e9g\u00e9taux de Propolis, Calendula Bio, Lavande et Millepertuis ont des propri\u00e9t\u00e9s calmantes et antiseptiques. L\u2019une des erreurs les plus classiques est de ne pas hydrater la peau grasse. On pense \u00e0 tort que de cette fa\u00e7on, il sera encore plus brillant et gras. Ce n\u2019est absolument pas vrai, mais il peut \u00eatre utile d\u2019utiliser des produits \u00ab matifiants \u00bb, c\u2019est-\u00e0-dire des produits qui maintiennent l\u2019effet brillant \u00e0 distance. Son utilisation quotidienne permet donc de maintenir une peau r\u00e9\u00e9quilibr\u00e9e et \u00e9lastique en pr\u00e9venant la production excessive de s\u00e9bum et la d\u00e9shydratation.<\/p>\n","protected":false},"excerpt":{"rendered":"<p>Riequilibra plus nuit est un support indispensable des peaux grasses et mixtes. Gr\u00e2ce \u00e0 ses pr\u00e9cieux ingr\u00e9dients il laisse la peau purifi\u00e9e, les pores resserr\u00e9s, le s\u00e9bum r\u00e9\u00e9quilibr\u00e9 et donc le teint plus lumineux. L&rsquo;huile essentielle de Tea Tree Oil antifongique, antiseptique et antibact\u00e9rienne et les extraits v\u00e9g\u00e9taux de Propolis, Calendula Bio, Lavande et Millepertuis [&hellip;]<\/p>\n","protected":false},"featured_media":5678,"template":"","meta":{"_acf_changed":false,"inline_featured_image":false},"product_brand":[],"product_cat":[1383],"product_tag":[],"class_list":{"0":"post-5677","1":"product","2":"type-product","3":"status-publish","4":"has-post-thumbnail","6":"product_beauty-detox-e-dren","7":"product_beauty-idratare","8":"product_beauty-nutrire-e-rigenerare","9":"product_beauty-purificare","10":"product_beauty-riequilibrare","11":"product_skin-pelli-grasse-e-miste","12":"product_kind-creme-pelli-complesse","13":"product_kind-trattaemtni-speciali","14":"product_kind-tutte-le-creme-viso","15":"product_lines-pelli-grasse-e-miste","16":"product_cat-viso-fr","17":"pa_size-50-fr","19":"first","20":"instock","21":"taxable","22":"shipping-taxable","23":"purchasable","24":"product-type-simple"},"acf":[],"yoast_head":"<!-- This site is optimized with the Yoast SEO plugin v24.6 - https:\/\/yoast.com\/wordpress\/plugins\/seo\/ -->\n<title>R\u00e9\u00e9quilibre Plus Nuit - Uniest<\/title>\n<meta name=\"robots\" content=\"index, follow, max-snippet:-1, max-image-preview:large, max-video-preview:-1\" \/>\n<link rel=\"canonical\" href=\"https:\/\/uniest.it\/prodotto\/riequilibra-plus-nuit\/\" \/>\n<meta property=\"og:locale\" content=\"fr_FR\" \/>\n<meta property=\"og:type\" content=\"article\" \/>\n<meta property=\"og:title\" content=\"R\u00e9\u00e9quilibre Plus Nuit - Uniest\" \/>\n<meta property=\"og:description\" content=\"Riequilibra plus nuit est un support indispensable des peaux grasses et mixtes. Gr\u00e2ce \u00e0 ses pr\u00e9cieux ingr\u00e9dients il laisse la peau purifi\u00e9e, les pores resserr\u00e9s, le s\u00e9bum r\u00e9\u00e9quilibr\u00e9 et donc le teint plus lumineux. L&rsquo;huile essentielle de Tea Tree Oil antifongique, antiseptique et antibact\u00e9rienne et les extraits v\u00e9g\u00e9taux de Propolis, Calendula Bio, Lavande et Millepertuis [&hellip;]\" \/>\n<meta property=\"og:url\" content=\"https:\/\/uniest.it\/prodotto\/riequilibra-plus-nuit\/\" \/>\n<meta property=\"og:site_name\" content=\"Uniest\" \/>\n<meta property=\"article:modified_time\" content=\"2024-10-23T15:29:50+00:00\" \/>\n<meta property=\"og:image\" content=\"https:\/\/uniest.it\/wp-content\/uploads\/2020\/11\/033AAE.png\" \/>\n\t<meta property=\"og:image:width\" content=\"1283\" \/>\n\t<meta property=\"og:image:height\" content=\"2000\" \/>\n\t<meta property=\"og:image:type\" content=\"image\/png\" \/>\n<meta name=\"twitter:card\" content=\"summary_large_image\" \/>\n<meta name=\"twitter:label1\" content=\"Dur\u00e9e de lecture estim\u00e9e\" \/>\n\t<meta name=\"twitter:data1\" content=\"1 minute\" \/>\n<script type=\"application\/ld+json\" class=\"yoast-schema-graph\">{\"@context\":\"https:\/\/schema.org\",\"@graph\":[{\"@type\":\"WebPage\",\"@id\":\"https:\/\/uniest.it\/prodotto\/riequilibra-plus-nuit\/\",\"url\":\"https:\/\/uniest.it\/prodotto\/riequilibra-plus-nuit\/\",\"name\":\"R\u00e9\u00e9quilibre Plus Nuit - Uniest\",\"isPartOf\":{\"@id\":\"https:\/\/uniest.it\/#website\"},\"primaryImageOfPage\":{\"@id\":\"https:\/\/uniest.it\/prodotto\/riequilibra-plus-nuit\/#primaryimage\"},\"image\":{\"@id\":\"https:\/\/uniest.it\/prodotto\/riequilibra-plus-nuit\/#primaryimage\"},\"thumbnailUrl\":\"https:\/\/uniest.it\/wp-content\/uploads\/2020\/11\/033AAE.png\",\"datePublished\":\"2024-10-23T14:42:25+00:00\",\"dateModified\":\"2024-10-23T15:29:50+00:00\",\"breadcrumb\":{\"@id\":\"https:\/\/uniest.it\/prodotto\/riequilibra-plus-nuit\/#breadcrumb\"},\"inLanguage\":\"fr-FR\",\"potentialAction\":[{\"@type\":\"ReadAction\",\"target\":[\"https:\/\/uniest.it\/prodotto\/riequilibra-plus-nuit\/\"]}]},{\"@type\":\"ImageObject\",\"inLanguage\":\"fr-FR\",\"@id\":\"https:\/\/uniest.it\/prodotto\/riequilibra-plus-nuit\/#primaryimage\",\"url\":\"https:\/\/uniest.it\/wp-content\/uploads\/2020\/11\/033AAE.png\",\"contentUrl\":\"https:\/\/uniest.it\/wp-content\/uploads\/2020\/11\/033AAE.png\",\"width\":1283,\"height\":2000},{\"@type\":\"BreadcrumbList\",\"@id\":\"https:\/\/uniest.it\/prodotto\/riequilibra-plus-nuit\/#breadcrumb\",\"itemListElement\":[{\"@type\":\"ListItem\",\"position\":1,\"name\":\"Home\",\"item\":\"https:\/\/uniest.it\/fr\/\"},{\"@type\":\"ListItem\",\"position\":2,\"name\":\"Shop\",\"item\":\"https:\/\/uniest.it\/shop\/\"},{\"@type\":\"ListItem\",\"position\":3,\"name\":\"R\u00e9\u00e9quilibre Plus Nuit\"}]},{\"@type\":\"WebSite\",\"@id\":\"https:\/\/uniest.it\/#website\",\"url\":\"https:\/\/uniest.it\/\",\"name\":\"Uniest\",\"description\":\"Cosmetici Naturali e Bio\",\"potentialAction\":[{\"@type\":\"SearchAction\",\"target\":{\"@type\":\"EntryPoint\",\"urlTemplate\":\"https:\/\/uniest.it\/?s={search_term_string}\"},\"query-input\":{\"@type\":\"PropertyValueSpecification\",\"valueRequired\":true,\"valueName\":\"search_term_string\"}}],\"inLanguage\":\"fr-FR\"}]}<\/script>\n<!-- \/ Yoast SEO plugin. -->","yoast_head_json":{"title":"R\u00e9\u00e9quilibre Plus Nuit - Uniest","robots":{"index":"index","follow":"follow","max-snippet":"max-snippet:-1","max-image-preview":"max-image-preview:large","max-video-preview":"max-video-preview:-1"},"canonical":"https:\/\/uniest.it\/prodotto\/riequilibra-plus-nuit\/","og_locale":"fr_FR","og_type":"article","og_title":"R\u00e9\u00e9quilibre Plus Nuit - Uniest","og_description":"Riequilibra plus nuit est un support indispensable des peaux grasses et mixtes. Gr\u00e2ce \u00e0 ses pr\u00e9cieux ingr\u00e9dients il laisse la peau purifi\u00e9e, les pores resserr\u00e9s, le s\u00e9bum r\u00e9\u00e9quilibr\u00e9 et donc le teint plus lumineux. L&rsquo;huile essentielle de Tea Tree Oil antifongique, antiseptique et antibact\u00e9rienne et les extraits v\u00e9g\u00e9taux de Propolis, Calendula Bio, Lavande et Millepertuis [&hellip;]","og_url":"https:\/\/uniest.it\/prodotto\/riequilibra-plus-nuit\/","og_site_name":"Uniest","article_modified_time":"2024-10-23T15:29:50+00:00","og_image":[{"width":1283,"height":2000,"url":"https:\/\/uniest.it\/wp-content\/uploads\/2020\/11\/033AAE.png","type":"image\/png"}],"twitter_card":"summary_large_image","twitter_misc":{"Dur\u00e9e de lecture estim\u00e9e":"1 minute"},"schema":{"@context":"https:\/\/schema.org","@graph":[{"@type":"WebPage","@id":"https:\/\/uniest.it\/prodotto\/riequilibra-plus-nuit\/","url":"https:\/\/uniest.it\/prodotto\/riequilibra-plus-nuit\/","name":"R\u00e9\u00e9quilibre Plus Nuit - Uniest","isPartOf":{"@id":"https:\/\/uniest.it\/#website"},"primaryImageOfPage":{"@id":"https:\/\/uniest.it\/prodotto\/riequilibra-plus-nuit\/#primaryimage"},"image":{"@id":"https:\/\/uniest.it\/prodotto\/riequilibra-plus-nuit\/#primaryimage"},"thumbnailUrl":"https:\/\/uniest.it\/wp-content\/uploads\/2020\/11\/033AAE.png","datePublished":"2024-10-23T14:42:25+00:00","dateModified":"2024-10-23T15:29:50+00:00","breadcrumb":{"@id":"https:\/\/uniest.it\/prodotto\/riequilibra-plus-nuit\/#breadcrumb"},"inLanguage":"fr-FR","potentialAction":[{"@type":"ReadAction","target":["https:\/\/uniest.it\/prodotto\/riequilibra-plus-nuit\/"]}]},{"@type":"ImageObject","inLanguage":"fr-FR","@id":"https:\/\/uniest.it\/prodotto\/riequilibra-plus-nuit\/#primaryimage","url":"https:\/\/uniest.it\/wp-content\/uploads\/2020\/11\/033AAE.png","contentUrl":"https:\/\/uniest.it\/wp-content\/uploads\/2020\/11\/033AAE.png","width":1283,"height":2000},{"@type":"BreadcrumbList","@id":"https:\/\/uniest.it\/prodotto\/riequilibra-plus-nuit\/#breadcrumb","itemListElement":[{"@type":"ListItem","position":1,"name":"Home","item":"https:\/\/uniest.it\/fr\/"},{"@type":"ListItem","position":2,"name":"Shop","item":"https:\/\/uniest.it\/shop\/"},{"@type":"ListItem","position":3,"name":"R\u00e9\u00e9quilibre Plus Nuit"}]},{"@type":"WebSite","@id":"https:\/\/uniest.it\/#website","url":"https:\/\/uniest.it\/","name":"Uniest","description":"Cosmetici Naturali e Bio","potentialAction":[{"@type":"SearchAction","target":{"@type":"EntryPoint","urlTemplate":"https:\/\/uniest.it\/?s={search_term_string}"},"query-input":{"@type":"PropertyValueSpecification","valueRequired":true,"valueName":"search_term_string"}}],"inLanguage":"fr-FR"}]}},"_links":{"self":[{"href":"https:\/\/uniest.it\/fr\/wp-json\/wp\/v2\/product\/5677","targetHints":{"allow":["GET"]}}],"collection":[{"href":"https:\/\/uniest.it\/fr\/wp-json\/wp\/v2\/product"}],"about":[{"href":"https:\/\/uniest.it\/fr\/wp-json\/wp\/v2\/types\/product"}],"wp:featuredmedia":[{"embeddable":true,"href":"https:\/\/uniest.it\/fr\/wp-json\/wp\/v2\/media\/5678"}],"wp:attachment":[{"href":"https:\/\/uniest.it\/fr\/wp-json\/wp\/v2\/media?parent=5677"}],"wp:term":[{"taxonomy":"product_brand","embeddable":true,"href":"https:\/\/uniest.it\/fr\/wp-json\/wp\/v2\/product_brand?post=5677"},{"taxonomy":"product_cat","embeddable":true,"href":"https:\/\/uniest.it\/fr\/wp-json\/wp\/v2\/product_cat?post=5677"},{"taxonomy":"product_tag","embeddable":true,"href":"https:\/\/uniest.it\/fr\/wp-json\/wp\/v2\/product_tag?post=5677"}],"curies":[{"name":"wp","href":"https:\/\/api.w.org\/{rel}","templated":true}]}}