{"id":5679,"date":"2021-02-04T12:58:25","date_gmt":"2024-10-23T14:42:26","guid":{"rendered":"https:\/\/uniest.it\/prodotto\/huile-de-bain-reactivate\/"},"modified":"2024-10-23T16:29:51","modified_gmt":"2024-10-23T15:29:51","slug":"huile-de-bain-reactivate","status":"publish","type":"product","link":"https:\/\/uniest.it\/fr\/prodotto\/huile-de-bain-reactivate\/","title":{"rendered":"Huile de bain REACTIVATE"},"content":{"rendered":"<p>Pour retrouver un bon dynamisme apr\u00e8s une longue journ\u00e9e de travail, il est important d&rsquo;accorder au corps, mais aussi \u00e0 l&rsquo;esprit, une pause qui donne l&rsquo;envie de recommencer. L&rsquo;huile de bain r\u00e9activante utilise des principes naturels pour restaurer un regain d&rsquo;\u00e9nergie. Dans sa formulation on retrouve en effet les Huiles Essentielles de Romarin, Sauge, T\u00e9r\u00e9benthine, Cannelle, Orange Am\u00e8re et Pin sylvestre qui agissent en synergie avec leurs propri\u00e9t\u00e9s stimulantes et tonifiantes. De plus, le bain vous enveloppera du parfum sensuel et d\u00e9licat qui d\u00e9rive des extraits v\u00e9g\u00e9taux de Capsicum, de Gen\u00e9vrier et de Thym. Avec l&rsquo;Huile de Bain R\u00e9activatrice, la peau sera dorlot\u00e9e et retrouvera la bonne \u00e9lasticit\u00e9. De plus, les senteurs d\u00e9gag\u00e9es par les Huiles Essentielles agiront sur l&rsquo;esprit, restituant l&rsquo;\u00e9nergie perdue au cours de la journ\u00e9e. Avec l&rsquo;utilisation de ce produit, le processus osmotique est r\u00e9activ\u00e9 et stimul\u00e9, ce qui entra\u00eene une am\u00e9lioration de l&rsquo;oxyg\u00e9nation et de la nutrition cellulaire, entra\u00eenant une am\u00e9lioration du m\u00e9tabolisme.<\/p>\n","protected":false},"excerpt":{"rendered":"<p>Pour retrouver un bon dynamisme apr\u00e8s une longue journ\u00e9e de travail, il est important d&rsquo;accorder au corps, mais aussi \u00e0 l&rsquo;esprit, une pause qui donne l&rsquo;envie de recommencer. L&rsquo;huile de bain r\u00e9activante utilise des principes naturels pour restaurer un regain d&rsquo;\u00e9nergie. Dans sa formulation on retrouve en effet les Huiles Essentielles de Romarin, Sauge, T\u00e9r\u00e9benthine, [&hellip;]<\/p>\n","protected":false},"featured_media":5680,"template":"","meta":{"_acf_changed":false,"inline_featured_image":false},"product_brand":[],"product_cat":[1372],"product_tag":[],"class_list":{"0":"post-5679","1":"product","2":"type-product","3":"status-publish","4":"has-post-thumbnail","6":"product_beauty-anti-cellulite","7":"product_beauty-detergere","8":"product_beauty-detox-e-dren","9":"product_beauty-nutrire-e-rigenerare","10":"product_beauty-rassodare-e-tonificare","11":"product_skin-cellulite","12":"product_skin-tutte-le-pelli","13":"product_kind-bagno","14":"product_kind-doccia","15":"product_kind-shampoo-e-detergenza","16":"product_kind-trattamenti-speciali","17":"product_lines-cellulite-e-ritenzione","18":"product_cat-corpo-fr","19":"pa_size-100-fr","21":"first","22":"instock","23":"taxable","24":"shipping-taxable","25":"purchasable","26":"product-type-simple"},"acf":[],"yoast_head":"<!-- This site is optimized with the Yoast SEO plugin v24.6 - https:\/\/yoast.com\/wordpress\/plugins\/seo\/ -->\n<title>Huile de bain REACTIVATE - Uniest<\/title>\n<meta name=\"robots\" content=\"index, follow, max-snippet:-1, max-image-preview:large, max-video-preview:-1\" \/>\n<link rel=\"canonical\" href=\"https:\/\/uniest.it\/prodotto\/riattiva-olio-da-bagno\/\" \/>\n<meta property=\"og:locale\" content=\"fr_FR\" \/>\n<meta property=\"og:type\" content=\"article\" \/>\n<meta property=\"og:title\" content=\"Huile de bain REACTIVATE - Uniest\" \/>\n<meta property=\"og:description\" content=\"Pour retrouver un bon dynamisme apr\u00e8s une longue journ\u00e9e de travail, il est important d&rsquo;accorder au corps, mais aussi \u00e0 l&rsquo;esprit, une pause qui donne l&rsquo;envie de recommencer. L&rsquo;huile de bain r\u00e9activante utilise des principes naturels pour restaurer un regain d&rsquo;\u00e9nergie. Dans sa formulation on retrouve en effet les Huiles Essentielles de Romarin, Sauge, T\u00e9r\u00e9benthine, [&hellip;]\" \/>\n<meta property=\"og:url\" content=\"https:\/\/uniest.it\/prodotto\/riattiva-olio-da-bagno\/\" \/>\n<meta property=\"og:site_name\" content=\"Uniest\" \/>\n<meta property=\"article:modified_time\" content=\"2024-10-23T15:29:51+00:00\" \/>\n<meta property=\"og:image\" content=\"https:\/\/uniest.it\/wp-content\/uploads\/2020\/11\/035AAE.png\" \/>\n\t<meta property=\"og:image:width\" content=\"1283\" \/>\n\t<meta property=\"og:image:height\" content=\"2001\" \/>\n\t<meta property=\"og:image:type\" content=\"image\/png\" \/>\n<meta name=\"twitter:card\" content=\"summary_large_image\" \/>\n<meta name=\"twitter:label1\" content=\"Dur\u00e9e de lecture estim\u00e9e\" \/>\n\t<meta name=\"twitter:data1\" content=\"1 minute\" \/>\n<script type=\"application\/ld+json\" class=\"yoast-schema-graph\">{\"@context\":\"https:\/\/schema.org\",\"@graph\":[{\"@type\":\"WebPage\",\"@id\":\"https:\/\/uniest.it\/prodotto\/riattiva-olio-da-bagno\/\",\"url\":\"https:\/\/uniest.it\/prodotto\/riattiva-olio-da-bagno\/\",\"name\":\"Huile de bain REACTIVATE - Uniest\",\"isPartOf\":{\"@id\":\"https:\/\/uniest.it\/#website\"},\"primaryImageOfPage\":{\"@id\":\"https:\/\/uniest.it\/prodotto\/riattiva-olio-da-bagno\/#primaryimage\"},\"image\":{\"@id\":\"https:\/\/uniest.it\/prodotto\/riattiva-olio-da-bagno\/#primaryimage\"},\"thumbnailUrl\":\"https:\/\/uniest.it\/wp-content\/uploads\/2020\/11\/035AAE.png\",\"datePublished\":\"2024-10-23T14:42:26+00:00\",\"dateModified\":\"2024-10-23T15:29:51+00:00\",\"breadcrumb\":{\"@id\":\"https:\/\/uniest.it\/prodotto\/riattiva-olio-da-bagno\/#breadcrumb\"},\"inLanguage\":\"fr-FR\",\"potentialAction\":[{\"@type\":\"ReadAction\",\"target\":[\"https:\/\/uniest.it\/prodotto\/riattiva-olio-da-bagno\/\"]}]},{\"@type\":\"ImageObject\",\"inLanguage\":\"fr-FR\",\"@id\":\"https:\/\/uniest.it\/prodotto\/riattiva-olio-da-bagno\/#primaryimage\",\"url\":\"https:\/\/uniest.it\/wp-content\/uploads\/2020\/11\/035AAE.png\",\"contentUrl\":\"https:\/\/uniest.it\/wp-content\/uploads\/2020\/11\/035AAE.png\",\"width\":1283,\"height\":2001},{\"@type\":\"BreadcrumbList\",\"@id\":\"https:\/\/uniest.it\/prodotto\/riattiva-olio-da-bagno\/#breadcrumb\",\"itemListElement\":[{\"@type\":\"ListItem\",\"position\":1,\"name\":\"Home\",\"item\":\"https:\/\/uniest.it\/fr\/\"},{\"@type\":\"ListItem\",\"position\":2,\"name\":\"Shop\",\"item\":\"https:\/\/uniest.it\/shop\/\"},{\"@type\":\"ListItem\",\"position\":3,\"name\":\"Huile de bain REACTIVATE\"}]},{\"@type\":\"WebSite\",\"@id\":\"https:\/\/uniest.it\/#website\",\"url\":\"https:\/\/uniest.it\/\",\"name\":\"Uniest\",\"description\":\"Cosmetici Naturali e Bio\",\"potentialAction\":[{\"@type\":\"SearchAction\",\"target\":{\"@type\":\"EntryPoint\",\"urlTemplate\":\"https:\/\/uniest.it\/?s={search_term_string}\"},\"query-input\":{\"@type\":\"PropertyValueSpecification\",\"valueRequired\":true,\"valueName\":\"search_term_string\"}}],\"inLanguage\":\"fr-FR\"}]}<\/script>\n<!-- \/ Yoast SEO plugin. -->","yoast_head_json":{"title":"Huile de bain REACTIVATE - Uniest","robots":{"index":"index","follow":"follow","max-snippet":"max-snippet:-1","max-image-preview":"max-image-preview:large","max-video-preview":"max-video-preview:-1"},"canonical":"https:\/\/uniest.it\/prodotto\/riattiva-olio-da-bagno\/","og_locale":"fr_FR","og_type":"article","og_title":"Huile de bain REACTIVATE - Uniest","og_description":"Pour retrouver un bon dynamisme apr\u00e8s une longue journ\u00e9e de travail, il est important d&rsquo;accorder au corps, mais aussi \u00e0 l&rsquo;esprit, une pause qui donne l&rsquo;envie de recommencer. L&rsquo;huile de bain r\u00e9activante utilise des principes naturels pour restaurer un regain d&rsquo;\u00e9nergie. Dans sa formulation on retrouve en effet les Huiles Essentielles de Romarin, Sauge, T\u00e9r\u00e9benthine, [&hellip;]","og_url":"https:\/\/uniest.it\/prodotto\/riattiva-olio-da-bagno\/","og_site_name":"Uniest","article_modified_time":"2024-10-23T15:29:51+00:00","og_image":[{"width":1283,"height":2001,"url":"https:\/\/uniest.it\/wp-content\/uploads\/2020\/11\/035AAE.png","type":"image\/png"}],"twitter_card":"summary_large_image","twitter_misc":{"Dur\u00e9e de lecture estim\u00e9e":"1 minute"},"schema":{"@context":"https:\/\/schema.org","@graph":[{"@type":"WebPage","@id":"https:\/\/uniest.it\/prodotto\/riattiva-olio-da-bagno\/","url":"https:\/\/uniest.it\/prodotto\/riattiva-olio-da-bagno\/","name":"Huile de bain REACTIVATE - Uniest","isPartOf":{"@id":"https:\/\/uniest.it\/#website"},"primaryImageOfPage":{"@id":"https:\/\/uniest.it\/prodotto\/riattiva-olio-da-bagno\/#primaryimage"},"image":{"@id":"https:\/\/uniest.it\/prodotto\/riattiva-olio-da-bagno\/#primaryimage"},"thumbnailUrl":"https:\/\/uniest.it\/wp-content\/uploads\/2020\/11\/035AAE.png","datePublished":"2024-10-23T14:42:26+00:00","dateModified":"2024-10-23T15:29:51+00:00","breadcrumb":{"@id":"https:\/\/uniest.it\/prodotto\/riattiva-olio-da-bagno\/#breadcrumb"},"inLanguage":"fr-FR","potentialAction":[{"@type":"ReadAction","target":["https:\/\/uniest.it\/prodotto\/riattiva-olio-da-bagno\/"]}]},{"@type":"ImageObject","inLanguage":"fr-FR","@id":"https:\/\/uniest.it\/prodotto\/riattiva-olio-da-bagno\/#primaryimage","url":"https:\/\/uniest.it\/wp-content\/uploads\/2020\/11\/035AAE.png","contentUrl":"https:\/\/uniest.it\/wp-content\/uploads\/2020\/11\/035AAE.png","width":1283,"height":2001},{"@type":"BreadcrumbList","@id":"https:\/\/uniest.it\/prodotto\/riattiva-olio-da-bagno\/#breadcrumb","itemListElement":[{"@type":"ListItem","position":1,"name":"Home","item":"https:\/\/uniest.it\/fr\/"},{"@type":"ListItem","position":2,"name":"Shop","item":"https:\/\/uniest.it\/shop\/"},{"@type":"ListItem","position":3,"name":"Huile de bain REACTIVATE"}]},{"@type":"WebSite","@id":"https:\/\/uniest.it\/#website","url":"https:\/\/uniest.it\/","name":"Uniest","description":"Cosmetici Naturali e Bio","potentialAction":[{"@type":"SearchAction","target":{"@type":"EntryPoint","urlTemplate":"https:\/\/uniest.it\/?s={search_term_string}"},"query-input":{"@type":"PropertyValueSpecification","valueRequired":true,"valueName":"search_term_string"}}],"inLanguage":"fr-FR"}]}},"_links":{"self":[{"href":"https:\/\/uniest.it\/fr\/wp-json\/wp\/v2\/product\/5679","targetHints":{"allow":["GET"]}}],"collection":[{"href":"https:\/\/uniest.it\/fr\/wp-json\/wp\/v2\/product"}],"about":[{"href":"https:\/\/uniest.it\/fr\/wp-json\/wp\/v2\/types\/product"}],"wp:featuredmedia":[{"embeddable":true,"href":"https:\/\/uniest.it\/fr\/wp-json\/wp\/v2\/media\/5680"}],"wp:attachment":[{"href":"https:\/\/uniest.it\/fr\/wp-json\/wp\/v2\/media?parent=5679"}],"wp:term":[{"taxonomy":"product_brand","embeddable":true,"href":"https:\/\/uniest.it\/fr\/wp-json\/wp\/v2\/product_brand?post=5679"},{"taxonomy":"product_cat","embeddable":true,"href":"https:\/\/uniest.it\/fr\/wp-json\/wp\/v2\/product_cat?post=5679"},{"taxonomy":"product_tag","embeddable":true,"href":"https:\/\/uniest.it\/fr\/wp-json\/wp\/v2\/product_tag?post=5679"}],"curies":[{"name":"wp","href":"https:\/\/api.w.org\/{rel}","templated":true}]}}