{"id":5681,"date":"2021-02-04T12:58:25","date_gmt":"2024-10-23T14:42:27","guid":{"rendered":"https:\/\/uniest.it\/prodotto\/deodorant-ecologique\/"},"modified":"2024-10-23T16:29:51","modified_gmt":"2024-10-23T15:29:51","slug":"deodorant-ecologique","status":"publish","type":"product","link":"https:\/\/uniest.it\/fr\/prodotto\/deodorant-ecologique\/","title":{"rendered":"D\u00e9odorant \u00c9cologique"},"content":{"rendered":"<p>D\u00e9odorant naturel \u00e0 la Menthe Poivr\u00e9e et Glyc\u00e9rine V\u00e9g\u00e9tale Eco Deodorant est un d\u00e9odorant de derni\u00e8re g\u00e9n\u00e9ration, alliant la naturalit\u00e9 des actifs \u00e0 l&rsquo;efficacit\u00e9 de la formulation. Eco D\u00e9odorant a \u00e9t\u00e9 savamment enrichi en huile essentielle de Menthe poivr\u00e9e, aux propri\u00e9t\u00e9s balsamiques, apaisantes, d\u00e9odorantes et purifiantes, et en Glyc\u00e9rine V\u00e9g\u00e9tale, ce qui rend ce produit adapt\u00e9 \u00e0 tous les types de peau. Sa formulation particuli\u00e8re n&rsquo;obstrue pas les pores mais permet \u00e0 la peau de respirer naturellement. Son packaging pratique, \u00e9galement adapt\u00e9 \u00e0 la salle de sport, en fait un alli\u00e9 irrempla\u00e7able de la beaut\u00e9 masculine. Ne contient pas d&rsquo;aluminium.<\/p>\n","protected":false},"excerpt":{"rendered":"<p>D\u00e9odorant naturel \u00e0 la Menthe Poivr\u00e9e et Glyc\u00e9rine V\u00e9g\u00e9tale Eco Deodorant est un d\u00e9odorant de derni\u00e8re g\u00e9n\u00e9ration, alliant la naturalit\u00e9 des actifs \u00e0 l&rsquo;efficacit\u00e9 de la formulation. Eco D\u00e9odorant a \u00e9t\u00e9 savamment enrichi en huile essentielle de Menthe poivr\u00e9e, aux propri\u00e9t\u00e9s balsamiques, apaisantes, d\u00e9odorantes et purifiantes, et en Glyc\u00e9rine V\u00e9g\u00e9tale, ce qui rend ce produit [&hellip;]<\/p>\n","protected":false},"featured_media":5682,"template":"","meta":{"_acf_changed":false,"inline_featured_image":false},"product_brand":[],"product_cat":[1373],"product_tag":[],"class_list":{"0":"post-5681","1":"product","2":"type-product","3":"status-publish","4":"has-post-thumbnail","6":"product_beauty-aromatizzare-e-profumare","7":"product_beauty-idratare","8":"product_beauty-lenire","9":"product_beauty-nutrire-e-rigenerare","10":"product_skin-pelli-delicate-e-sensibili","11":"product_skin-pelli-giovani-e-prime-rughe","12":"product_skin-pelli-grasse-e-miste","13":"product_skin-pelli-mature-e-rughe","14":"product_skin-pelli-secche-e-normali","15":"product_skin-tutte-le-pelli","16":"product_kind-speciale-sport","17":"product_lines-uomo","18":"product_cat-uomo-fr","19":"pa_size-50-fr","21":"first","22":"instock","23":"taxable","24":"shipping-taxable","25":"purchasable","26":"product-type-simple"},"acf":[],"yoast_head":"<!-- This site is optimized with the Yoast SEO plugin v24.6 - https:\/\/yoast.com\/wordpress\/plugins\/seo\/ -->\n<title>D\u00e9odorant \u00c9cologique - Uniest<\/title>\n<meta name=\"robots\" content=\"index, follow, max-snippet:-1, max-image-preview:large, max-video-preview:-1\" \/>\n<link rel=\"canonical\" href=\"https:\/\/uniest.it\/prodotto\/eco-deodorant\/\" \/>\n<meta property=\"og:locale\" content=\"fr_FR\" \/>\n<meta property=\"og:type\" content=\"article\" \/>\n<meta property=\"og:title\" content=\"D\u00e9odorant \u00c9cologique - Uniest\" \/>\n<meta property=\"og:description\" content=\"D\u00e9odorant naturel \u00e0 la Menthe Poivr\u00e9e et Glyc\u00e9rine V\u00e9g\u00e9tale Eco Deodorant est un d\u00e9odorant de derni\u00e8re g\u00e9n\u00e9ration, alliant la naturalit\u00e9 des actifs \u00e0 l&rsquo;efficacit\u00e9 de la formulation. Eco D\u00e9odorant a \u00e9t\u00e9 savamment enrichi en huile essentielle de Menthe poivr\u00e9e, aux propri\u00e9t\u00e9s balsamiques, apaisantes, d\u00e9odorantes et purifiantes, et en Glyc\u00e9rine V\u00e9g\u00e9tale, ce qui rend ce produit [&hellip;]\" \/>\n<meta property=\"og:url\" content=\"https:\/\/uniest.it\/prodotto\/eco-deodorant\/\" \/>\n<meta property=\"og:site_name\" content=\"Uniest\" \/>\n<meta property=\"article:modified_time\" content=\"2024-10-23T15:29:51+00:00\" \/>\n<meta property=\"og:image\" content=\"https:\/\/uniest.it\/wp-content\/uploads\/2020\/12\/035AAU.png\" \/>\n\t<meta property=\"og:image:width\" content=\"1283\" \/>\n\t<meta property=\"og:image:height\" content=\"2000\" \/>\n\t<meta property=\"og:image:type\" content=\"image\/png\" \/>\n<meta name=\"twitter:card\" content=\"summary_large_image\" \/>\n<meta name=\"twitter:label1\" content=\"Dur\u00e9e de lecture estim\u00e9e\" \/>\n\t<meta name=\"twitter:data1\" content=\"1 minute\" \/>\n<script type=\"application\/ld+json\" class=\"yoast-schema-graph\">{\"@context\":\"https:\/\/schema.org\",\"@graph\":[{\"@type\":\"WebPage\",\"@id\":\"https:\/\/uniest.it\/prodotto\/eco-deodorant\/\",\"url\":\"https:\/\/uniest.it\/prodotto\/eco-deodorant\/\",\"name\":\"D\u00e9odorant \u00c9cologique - Uniest\",\"isPartOf\":{\"@id\":\"https:\/\/uniest.it\/#website\"},\"primaryImageOfPage\":{\"@id\":\"https:\/\/uniest.it\/prodotto\/eco-deodorant\/#primaryimage\"},\"image\":{\"@id\":\"https:\/\/uniest.it\/prodotto\/eco-deodorant\/#primaryimage\"},\"thumbnailUrl\":\"https:\/\/uniest.it\/wp-content\/uploads\/2020\/12\/035AAU.png\",\"datePublished\":\"2024-10-23T14:42:27+00:00\",\"dateModified\":\"2024-10-23T15:29:51+00:00\",\"breadcrumb\":{\"@id\":\"https:\/\/uniest.it\/prodotto\/eco-deodorant\/#breadcrumb\"},\"inLanguage\":\"fr-FR\",\"potentialAction\":[{\"@type\":\"ReadAction\",\"target\":[\"https:\/\/uniest.it\/prodotto\/eco-deodorant\/\"]}]},{\"@type\":\"ImageObject\",\"inLanguage\":\"fr-FR\",\"@id\":\"https:\/\/uniest.it\/prodotto\/eco-deodorant\/#primaryimage\",\"url\":\"https:\/\/uniest.it\/wp-content\/uploads\/2020\/12\/035AAU.png\",\"contentUrl\":\"https:\/\/uniest.it\/wp-content\/uploads\/2020\/12\/035AAU.png\",\"width\":1283,\"height\":2000},{\"@type\":\"BreadcrumbList\",\"@id\":\"https:\/\/uniest.it\/prodotto\/eco-deodorant\/#breadcrumb\",\"itemListElement\":[{\"@type\":\"ListItem\",\"position\":1,\"name\":\"Home\",\"item\":\"https:\/\/uniest.it\/fr\/\"},{\"@type\":\"ListItem\",\"position\":2,\"name\":\"Shop\",\"item\":\"https:\/\/uniest.it\/shop\/\"},{\"@type\":\"ListItem\",\"position\":3,\"name\":\"D\u00e9odorant \u00c9cologique\"}]},{\"@type\":\"WebSite\",\"@id\":\"https:\/\/uniest.it\/#website\",\"url\":\"https:\/\/uniest.it\/\",\"name\":\"Uniest\",\"description\":\"Cosmetici Naturali e Bio\",\"potentialAction\":[{\"@type\":\"SearchAction\",\"target\":{\"@type\":\"EntryPoint\",\"urlTemplate\":\"https:\/\/uniest.it\/?s={search_term_string}\"},\"query-input\":{\"@type\":\"PropertyValueSpecification\",\"valueRequired\":true,\"valueName\":\"search_term_string\"}}],\"inLanguage\":\"fr-FR\"}]}<\/script>\n<!-- \/ Yoast SEO plugin. -->","yoast_head_json":{"title":"D\u00e9odorant \u00c9cologique - Uniest","robots":{"index":"index","follow":"follow","max-snippet":"max-snippet:-1","max-image-preview":"max-image-preview:large","max-video-preview":"max-video-preview:-1"},"canonical":"https:\/\/uniest.it\/prodotto\/eco-deodorant\/","og_locale":"fr_FR","og_type":"article","og_title":"D\u00e9odorant \u00c9cologique - Uniest","og_description":"D\u00e9odorant naturel \u00e0 la Menthe Poivr\u00e9e et Glyc\u00e9rine V\u00e9g\u00e9tale Eco Deodorant est un d\u00e9odorant de derni\u00e8re g\u00e9n\u00e9ration, alliant la naturalit\u00e9 des actifs \u00e0 l&rsquo;efficacit\u00e9 de la formulation. Eco D\u00e9odorant a \u00e9t\u00e9 savamment enrichi en huile essentielle de Menthe poivr\u00e9e, aux propri\u00e9t\u00e9s balsamiques, apaisantes, d\u00e9odorantes et purifiantes, et en Glyc\u00e9rine V\u00e9g\u00e9tale, ce qui rend ce produit [&hellip;]","og_url":"https:\/\/uniest.it\/prodotto\/eco-deodorant\/","og_site_name":"Uniest","article_modified_time":"2024-10-23T15:29:51+00:00","og_image":[{"width":1283,"height":2000,"url":"https:\/\/uniest.it\/wp-content\/uploads\/2020\/12\/035AAU.png","type":"image\/png"}],"twitter_card":"summary_large_image","twitter_misc":{"Dur\u00e9e de lecture estim\u00e9e":"1 minute"},"schema":{"@context":"https:\/\/schema.org","@graph":[{"@type":"WebPage","@id":"https:\/\/uniest.it\/prodotto\/eco-deodorant\/","url":"https:\/\/uniest.it\/prodotto\/eco-deodorant\/","name":"D\u00e9odorant \u00c9cologique - Uniest","isPartOf":{"@id":"https:\/\/uniest.it\/#website"},"primaryImageOfPage":{"@id":"https:\/\/uniest.it\/prodotto\/eco-deodorant\/#primaryimage"},"image":{"@id":"https:\/\/uniest.it\/prodotto\/eco-deodorant\/#primaryimage"},"thumbnailUrl":"https:\/\/uniest.it\/wp-content\/uploads\/2020\/12\/035AAU.png","datePublished":"2024-10-23T14:42:27+00:00","dateModified":"2024-10-23T15:29:51+00:00","breadcrumb":{"@id":"https:\/\/uniest.it\/prodotto\/eco-deodorant\/#breadcrumb"},"inLanguage":"fr-FR","potentialAction":[{"@type":"ReadAction","target":["https:\/\/uniest.it\/prodotto\/eco-deodorant\/"]}]},{"@type":"ImageObject","inLanguage":"fr-FR","@id":"https:\/\/uniest.it\/prodotto\/eco-deodorant\/#primaryimage","url":"https:\/\/uniest.it\/wp-content\/uploads\/2020\/12\/035AAU.png","contentUrl":"https:\/\/uniest.it\/wp-content\/uploads\/2020\/12\/035AAU.png","width":1283,"height":2000},{"@type":"BreadcrumbList","@id":"https:\/\/uniest.it\/prodotto\/eco-deodorant\/#breadcrumb","itemListElement":[{"@type":"ListItem","position":1,"name":"Home","item":"https:\/\/uniest.it\/fr\/"},{"@type":"ListItem","position":2,"name":"Shop","item":"https:\/\/uniest.it\/shop\/"},{"@type":"ListItem","position":3,"name":"D\u00e9odorant \u00c9cologique"}]},{"@type":"WebSite","@id":"https:\/\/uniest.it\/#website","url":"https:\/\/uniest.it\/","name":"Uniest","description":"Cosmetici Naturali e Bio","potentialAction":[{"@type":"SearchAction","target":{"@type":"EntryPoint","urlTemplate":"https:\/\/uniest.it\/?s={search_term_string}"},"query-input":{"@type":"PropertyValueSpecification","valueRequired":true,"valueName":"search_term_string"}}],"inLanguage":"fr-FR"}]}},"_links":{"self":[{"href":"https:\/\/uniest.it\/fr\/wp-json\/wp\/v2\/product\/5681","targetHints":{"allow":["GET"]}}],"collection":[{"href":"https:\/\/uniest.it\/fr\/wp-json\/wp\/v2\/product"}],"about":[{"href":"https:\/\/uniest.it\/fr\/wp-json\/wp\/v2\/types\/product"}],"wp:featuredmedia":[{"embeddable":true,"href":"https:\/\/uniest.it\/fr\/wp-json\/wp\/v2\/media\/5682"}],"wp:attachment":[{"href":"https:\/\/uniest.it\/fr\/wp-json\/wp\/v2\/media?parent=5681"}],"wp:term":[{"taxonomy":"product_brand","embeddable":true,"href":"https:\/\/uniest.it\/fr\/wp-json\/wp\/v2\/product_brand?post=5681"},{"taxonomy":"product_cat","embeddable":true,"href":"https:\/\/uniest.it\/fr\/wp-json\/wp\/v2\/product_cat?post=5681"},{"taxonomy":"product_tag","embeddable":true,"href":"https:\/\/uniest.it\/fr\/wp-json\/wp\/v2\/product_tag?post=5681"}],"curies":[{"name":"wp","href":"https:\/\/api.w.org\/{rel}","templated":true}]}}