{"id":5683,"date":"2024-10-23T15:42:27","date_gmt":"2024-10-23T14:42:27","guid":{"rendered":"https:\/\/uniest.it\/prodotto\/fenouil\/"},"modified":"2024-10-23T16:29:52","modified_gmt":"2024-10-23T15:29:52","slug":"fenouil","status":"publish","type":"product","link":"https:\/\/uniest.it\/fr\/prodotto\/fenouil\/","title":{"rendered":"Fenouil"},"content":{"rendered":"<p>Le fenouil est surtout connu pour ses propri\u00e9t\u00e9s digestives ; mais c&rsquo;est un ami de tout le syst\u00e8me gastro-intestinal. En effet, il a la capacit\u00e9 d&rsquo;\u00e9viter la formation de gaz intestinaux et contient de l&rsquo;an\u00e9thole, une substance capable d&rsquo;agir sur les contractions abdominales douloureuses. Le fenouil poss\u00e8de \u00e9galement des propri\u00e9t\u00e9s purifiantes, agissant notamment sur le foie et le sang. Il poss\u00e8de \u00e9galement des propri\u00e9t\u00e9s anti-inflammatoires.<\/p>\n","protected":false},"excerpt":{"rendered":"<p>Le fenouil est surtout connu pour ses propri\u00e9t\u00e9s digestives ; mais c&rsquo;est un ami de tout le syst\u00e8me gastro-intestinal. En effet, il a la capacit\u00e9 d&rsquo;\u00e9viter la formation de gaz intestinaux et contient de l&rsquo;an\u00e9thole, une substance capable d&rsquo;agir sur les contractions abdominales douloureuses. Le fenouil poss\u00e8de \u00e9galement des propri\u00e9t\u00e9s purifiantes, agissant notamment sur le [&hellip;]<\/p>\n","protected":false},"featured_media":5684,"template":"","meta":{"_acf_changed":false,"inline_featured_image":false},"product_brand":[],"product_cat":[1381],"product_tag":[],"class_list":{"0":"post-5683","1":"product","2":"type-product","3":"status-publish","4":"has-post-thumbnail","6":"product_beauty-anemia","7":"product_beauty-antinfiammatoria","8":"product_beauty-calmante","9":"product_beauty-colesterolo","10":"product_beauty-detox-e-dren","11":"product_beauty-digestivo","12":"product_beauty-gola","13":"product_beauty-intestino","14":"product_beauty-lenitivo","15":"product_beauty-menopausa","16":"product_beauty-mesturazioni","17":"product_beauty-sedativo","18":"product_beauty-sistema-immunitario","19":"product_beauty-vie-respiratorie","20":"product_beauty-vista","21":"product_kind-integrazione-alimentare","22":"product_lines-benessere","23":"product_cat-benessere-fr","24":"pa_size-100-cps-fr","26":"first","27":"outofstock","28":"taxable","29":"shipping-taxable","30":"purchasable","31":"product-type-simple"},"acf":[],"yoast_head":"<!-- This site is optimized with the Yoast SEO plugin v24.6 - https:\/\/yoast.com\/wordpress\/plugins\/seo\/ -->\n<title>Fenouil - Uniest<\/title>\n<meta name=\"robots\" content=\"index, follow, max-snippet:-1, max-image-preview:large, max-video-preview:-1\" \/>\n<link rel=\"canonical\" href=\"https:\/\/uniest.it\/prodotto\/finocchio\/\" \/>\n<meta property=\"og:locale\" content=\"fr_FR\" \/>\n<meta property=\"og:type\" content=\"article\" \/>\n<meta property=\"og:title\" content=\"Fenouil - Uniest\" \/>\n<meta property=\"og:description\" content=\"Le fenouil est surtout connu pour ses propri\u00e9t\u00e9s digestives ; mais c&rsquo;est un ami de tout le syst\u00e8me gastro-intestinal. En effet, il a la capacit\u00e9 d&rsquo;\u00e9viter la formation de gaz intestinaux et contient de l&rsquo;an\u00e9thole, une substance capable d&rsquo;agir sur les contractions abdominales douloureuses. Le fenouil poss\u00e8de \u00e9galement des propri\u00e9t\u00e9s purifiantes, agissant notamment sur le [&hellip;]\" \/>\n<meta property=\"og:url\" content=\"https:\/\/uniest.it\/prodotto\/finocchio\/\" \/>\n<meta property=\"og:site_name\" content=\"Uniest\" \/>\n<meta property=\"article:modified_time\" content=\"2024-10-23T15:29:52+00:00\" \/>\n<meta property=\"og:image\" content=\"https:\/\/uniest.it\/wp-content\/uploads\/2020\/12\/035ZOP.png\" \/>\n\t<meta property=\"og:image:width\" content=\"1283\" \/>\n\t<meta property=\"og:image:height\" content=\"2000\" \/>\n\t<meta property=\"og:image:type\" content=\"image\/png\" \/>\n<meta name=\"twitter:card\" content=\"summary_large_image\" \/>\n<script type=\"application\/ld+json\" class=\"yoast-schema-graph\">{\"@context\":\"https:\/\/schema.org\",\"@graph\":[{\"@type\":\"WebPage\",\"@id\":\"https:\/\/uniest.it\/prodotto\/finocchio\/\",\"url\":\"https:\/\/uniest.it\/prodotto\/finocchio\/\",\"name\":\"Fenouil - Uniest\",\"isPartOf\":{\"@id\":\"https:\/\/uniest.it\/#website\"},\"primaryImageOfPage\":{\"@id\":\"https:\/\/uniest.it\/prodotto\/finocchio\/#primaryimage\"},\"image\":{\"@id\":\"https:\/\/uniest.it\/prodotto\/finocchio\/#primaryimage\"},\"thumbnailUrl\":\"https:\/\/uniest.it\/wp-content\/uploads\/2020\/12\/035ZOP.png\",\"datePublished\":\"2024-10-23T14:42:27+00:00\",\"dateModified\":\"2024-10-23T15:29:52+00:00\",\"breadcrumb\":{\"@id\":\"https:\/\/uniest.it\/prodotto\/finocchio\/#breadcrumb\"},\"inLanguage\":\"fr-FR\",\"potentialAction\":[{\"@type\":\"ReadAction\",\"target\":[\"https:\/\/uniest.it\/prodotto\/finocchio\/\"]}]},{\"@type\":\"ImageObject\",\"inLanguage\":\"fr-FR\",\"@id\":\"https:\/\/uniest.it\/prodotto\/finocchio\/#primaryimage\",\"url\":\"https:\/\/uniest.it\/wp-content\/uploads\/2020\/12\/035ZOP.png\",\"contentUrl\":\"https:\/\/uniest.it\/wp-content\/uploads\/2020\/12\/035ZOP.png\",\"width\":1283,\"height\":2000},{\"@type\":\"BreadcrumbList\",\"@id\":\"https:\/\/uniest.it\/prodotto\/finocchio\/#breadcrumb\",\"itemListElement\":[{\"@type\":\"ListItem\",\"position\":1,\"name\":\"Home\",\"item\":\"https:\/\/uniest.it\/fr\/\"},{\"@type\":\"ListItem\",\"position\":2,\"name\":\"Shop\",\"item\":\"https:\/\/uniest.it\/shop\/\"},{\"@type\":\"ListItem\",\"position\":3,\"name\":\"Fenouil\"}]},{\"@type\":\"WebSite\",\"@id\":\"https:\/\/uniest.it\/#website\",\"url\":\"https:\/\/uniest.it\/\",\"name\":\"Uniest\",\"description\":\"Cosmetici Naturali e Bio\",\"potentialAction\":[{\"@type\":\"SearchAction\",\"target\":{\"@type\":\"EntryPoint\",\"urlTemplate\":\"https:\/\/uniest.it\/?s={search_term_string}\"},\"query-input\":{\"@type\":\"PropertyValueSpecification\",\"valueRequired\":true,\"valueName\":\"search_term_string\"}}],\"inLanguage\":\"fr-FR\"}]}<\/script>\n<!-- \/ Yoast SEO plugin. -->","yoast_head_json":{"title":"Fenouil - Uniest","robots":{"index":"index","follow":"follow","max-snippet":"max-snippet:-1","max-image-preview":"max-image-preview:large","max-video-preview":"max-video-preview:-1"},"canonical":"https:\/\/uniest.it\/prodotto\/finocchio\/","og_locale":"fr_FR","og_type":"article","og_title":"Fenouil - Uniest","og_description":"Le fenouil est surtout connu pour ses propri\u00e9t\u00e9s digestives ; mais c&rsquo;est un ami de tout le syst\u00e8me gastro-intestinal. En effet, il a la capacit\u00e9 d&rsquo;\u00e9viter la formation de gaz intestinaux et contient de l&rsquo;an\u00e9thole, une substance capable d&rsquo;agir sur les contractions abdominales douloureuses. Le fenouil poss\u00e8de \u00e9galement des propri\u00e9t\u00e9s purifiantes, agissant notamment sur le [&hellip;]","og_url":"https:\/\/uniest.it\/prodotto\/finocchio\/","og_site_name":"Uniest","article_modified_time":"2024-10-23T15:29:52+00:00","og_image":[{"width":1283,"height":2000,"url":"https:\/\/uniest.it\/wp-content\/uploads\/2020\/12\/035ZOP.png","type":"image\/png"}],"twitter_card":"summary_large_image","schema":{"@context":"https:\/\/schema.org","@graph":[{"@type":"WebPage","@id":"https:\/\/uniest.it\/prodotto\/finocchio\/","url":"https:\/\/uniest.it\/prodotto\/finocchio\/","name":"Fenouil - Uniest","isPartOf":{"@id":"https:\/\/uniest.it\/#website"},"primaryImageOfPage":{"@id":"https:\/\/uniest.it\/prodotto\/finocchio\/#primaryimage"},"image":{"@id":"https:\/\/uniest.it\/prodotto\/finocchio\/#primaryimage"},"thumbnailUrl":"https:\/\/uniest.it\/wp-content\/uploads\/2020\/12\/035ZOP.png","datePublished":"2024-10-23T14:42:27+00:00","dateModified":"2024-10-23T15:29:52+00:00","breadcrumb":{"@id":"https:\/\/uniest.it\/prodotto\/finocchio\/#breadcrumb"},"inLanguage":"fr-FR","potentialAction":[{"@type":"ReadAction","target":["https:\/\/uniest.it\/prodotto\/finocchio\/"]}]},{"@type":"ImageObject","inLanguage":"fr-FR","@id":"https:\/\/uniest.it\/prodotto\/finocchio\/#primaryimage","url":"https:\/\/uniest.it\/wp-content\/uploads\/2020\/12\/035ZOP.png","contentUrl":"https:\/\/uniest.it\/wp-content\/uploads\/2020\/12\/035ZOP.png","width":1283,"height":2000},{"@type":"BreadcrumbList","@id":"https:\/\/uniest.it\/prodotto\/finocchio\/#breadcrumb","itemListElement":[{"@type":"ListItem","position":1,"name":"Home","item":"https:\/\/uniest.it\/fr\/"},{"@type":"ListItem","position":2,"name":"Shop","item":"https:\/\/uniest.it\/shop\/"},{"@type":"ListItem","position":3,"name":"Fenouil"}]},{"@type":"WebSite","@id":"https:\/\/uniest.it\/#website","url":"https:\/\/uniest.it\/","name":"Uniest","description":"Cosmetici Naturali e Bio","potentialAction":[{"@type":"SearchAction","target":{"@type":"EntryPoint","urlTemplate":"https:\/\/uniest.it\/?s={search_term_string}"},"query-input":{"@type":"PropertyValueSpecification","valueRequired":true,"valueName":"search_term_string"}}],"inLanguage":"fr-FR"}]}},"_links":{"self":[{"href":"https:\/\/uniest.it\/fr\/wp-json\/wp\/v2\/product\/5683","targetHints":{"allow":["GET"]}}],"collection":[{"href":"https:\/\/uniest.it\/fr\/wp-json\/wp\/v2\/product"}],"about":[{"href":"https:\/\/uniest.it\/fr\/wp-json\/wp\/v2\/types\/product"}],"wp:featuredmedia":[{"embeddable":true,"href":"https:\/\/uniest.it\/fr\/wp-json\/wp\/v2\/media\/5684"}],"wp:attachment":[{"href":"https:\/\/uniest.it\/fr\/wp-json\/wp\/v2\/media?parent=5683"}],"wp:term":[{"taxonomy":"product_brand","embeddable":true,"href":"https:\/\/uniest.it\/fr\/wp-json\/wp\/v2\/product_brand?post=5683"},{"taxonomy":"product_cat","embeddable":true,"href":"https:\/\/uniest.it\/fr\/wp-json\/wp\/v2\/product_cat?post=5683"},{"taxonomy":"product_tag","embeddable":true,"href":"https:\/\/uniest.it\/fr\/wp-json\/wp\/v2\/product_tag?post=5683"}],"curies":[{"name":"wp","href":"https:\/\/api.w.org\/{rel}","templated":true}]}}