{"id":5685,"date":"2024-10-23T15:42:28","date_gmt":"2024-10-23T14:42:28","guid":{"rendered":"https:\/\/uniest.it\/prodotto\/propolis-50ml\/"},"modified":"2024-10-23T16:29:52","modified_gmt":"2024-10-23T15:29:52","slug":"propolis-50ml","status":"publish","type":"product","link":"https:\/\/uniest.it\/fr\/prodotto\/propolis-50ml\/","title":{"rendered":"Propolis &#8211; 50ml"},"content":{"rendered":"<p>La Teinture M\u00e8re de Propolis est une substance r\u00e9sineuse d\u00e9finie comme un antibiotique naturel, extr\u00eamement b\u00e9n\u00e9fique pour notre organisme. Son utilisation principale est contre les maux de gorge (pharyngite, trach\u00e9ite et amygdalite) et les maladies des voies respiratoires (toux et rhume), mais elle est \u00e9galement utile dans le traitement de la cavit\u00e9 buccale (aphtes, gingivite, inflammation de la langue et du palais). Ses propri\u00e9t\u00e9s d\u00e9fensives s&rsquo;appliquent contre les infections par le virus de la grippe, l&rsquo;herp\u00e8s simplex et la fi\u00e8vre ; tandis que son action antifongique est extr\u00eamement efficace pour lutter contre les candidoses et les mycoses. C&rsquo;est \u00e9galement un d\u00e9sinfectant et un cicatrisant valable pour les petites plaies, favorisant la r\u00e9g\u00e9n\u00e9ration des tissus. Son efficacit\u00e9 est maximale surtout si ces troubles sont trait\u00e9s d\u00e8s les premiers signes et encore mieux \u00e0 titre pr\u00e9ventif ; En effet, la propolis est \u00e9galement utilis\u00e9e \u00e0 titre pr\u00e9ventif pour renforcer le syst\u00e8me immunitaire et \u00e9viter les affections saisonni\u00e8res.<\/p>\n","protected":false},"excerpt":{"rendered":"<p>La Teinture M\u00e8re de Propolis est une substance r\u00e9sineuse d\u00e9finie comme un antibiotique naturel, extr\u00eamement b\u00e9n\u00e9fique pour notre organisme. Son utilisation principale est contre les maux de gorge (pharyngite, trach\u00e9ite et amygdalite) et les maladies des voies respiratoires (toux et rhume), mais elle est \u00e9galement utile dans le traitement de la cavit\u00e9 buccale (aphtes, gingivite, [&hellip;]<\/p>\n","protected":false},"featured_media":5686,"template":"","meta":{"_acf_changed":false,"inline_featured_image":false},"product_brand":[],"product_cat":[1381],"product_tag":[],"class_list":{"0":"post-5685","1":"product","2":"type-product","3":"status-publish","4":"has-post-thumbnail","6":"product_beauty-antinfiammatoria","7":"product_beauty-gola","8":"product_beauty-lenitivo","9":"product_beauty-mineralizzante","10":"product_beauty-multivitaminico","11":"product_beauty-sistema-immunitario","12":"product_beauty-tratto-urinario","13":"product_beauty-vie-respiratorie","14":"product_kind-integrazione-alimentare","15":"product_lines-benessere","16":"product_cat-benessere-fr","17":"pa_size-50-fr","19":"first","20":"outofstock","21":"taxable","22":"shipping-taxable","23":"purchasable","24":"product-type-simple"},"acf":[],"yoast_head":"<!-- This site is optimized with the Yoast SEO plugin v24.6 - https:\/\/yoast.com\/wordpress\/plugins\/seo\/ -->\n<title>Propolis - 50ml - Uniest<\/title>\n<meta name=\"robots\" content=\"index, follow, max-snippet:-1, max-image-preview:large, max-video-preview:-1\" \/>\n<link rel=\"canonical\" href=\"https:\/\/uniest.it\/prodotto\/propoli-50ml\/\" \/>\n<meta property=\"og:locale\" content=\"fr_FR\" \/>\n<meta property=\"og:type\" content=\"article\" \/>\n<meta property=\"og:title\" content=\"Propolis - 50ml - Uniest\" \/>\n<meta property=\"og:description\" content=\"La Teinture M\u00e8re de Propolis est une substance r\u00e9sineuse d\u00e9finie comme un antibiotique naturel, extr\u00eamement b\u00e9n\u00e9fique pour notre organisme. Son utilisation principale est contre les maux de gorge (pharyngite, trach\u00e9ite et amygdalite) et les maladies des voies respiratoires (toux et rhume), mais elle est \u00e9galement utile dans le traitement de la cavit\u00e9 buccale (aphtes, gingivite, [&hellip;]\" \/>\n<meta property=\"og:url\" content=\"https:\/\/uniest.it\/prodotto\/propoli-50ml\/\" \/>\n<meta property=\"og:site_name\" content=\"Uniest\" \/>\n<meta property=\"article:modified_time\" content=\"2024-10-23T15:29:52+00:00\" \/>\n<meta property=\"og:image\" content=\"https:\/\/uniest.it\/wp-content\/uploads\/2020\/12\/035ZTM.png\" \/>\n\t<meta property=\"og:image:width\" content=\"1283\" \/>\n\t<meta property=\"og:image:height\" content=\"2000\" \/>\n\t<meta property=\"og:image:type\" content=\"image\/png\" \/>\n<meta name=\"twitter:card\" content=\"summary_large_image\" \/>\n<meta name=\"twitter:label1\" content=\"Dur\u00e9e de lecture estim\u00e9e\" \/>\n\t<meta name=\"twitter:data1\" content=\"1 minute\" \/>\n<script type=\"application\/ld+json\" class=\"yoast-schema-graph\">{\"@context\":\"https:\/\/schema.org\",\"@graph\":[{\"@type\":\"WebPage\",\"@id\":\"https:\/\/uniest.it\/prodotto\/propoli-50ml\/\",\"url\":\"https:\/\/uniest.it\/prodotto\/propoli-50ml\/\",\"name\":\"Propolis - 50ml - Uniest\",\"isPartOf\":{\"@id\":\"https:\/\/uniest.it\/#website\"},\"primaryImageOfPage\":{\"@id\":\"https:\/\/uniest.it\/prodotto\/propoli-50ml\/#primaryimage\"},\"image\":{\"@id\":\"https:\/\/uniest.it\/prodotto\/propoli-50ml\/#primaryimage\"},\"thumbnailUrl\":\"https:\/\/uniest.it\/wp-content\/uploads\/2020\/12\/035ZTM.png\",\"datePublished\":\"2024-10-23T14:42:28+00:00\",\"dateModified\":\"2024-10-23T15:29:52+00:00\",\"breadcrumb\":{\"@id\":\"https:\/\/uniest.it\/prodotto\/propoli-50ml\/#breadcrumb\"},\"inLanguage\":\"fr-FR\",\"potentialAction\":[{\"@type\":\"ReadAction\",\"target\":[\"https:\/\/uniest.it\/prodotto\/propoli-50ml\/\"]}]},{\"@type\":\"ImageObject\",\"inLanguage\":\"fr-FR\",\"@id\":\"https:\/\/uniest.it\/prodotto\/propoli-50ml\/#primaryimage\",\"url\":\"https:\/\/uniest.it\/wp-content\/uploads\/2020\/12\/035ZTM.png\",\"contentUrl\":\"https:\/\/uniest.it\/wp-content\/uploads\/2020\/12\/035ZTM.png\",\"width\":1283,\"height\":2000},{\"@type\":\"BreadcrumbList\",\"@id\":\"https:\/\/uniest.it\/prodotto\/propoli-50ml\/#breadcrumb\",\"itemListElement\":[{\"@type\":\"ListItem\",\"position\":1,\"name\":\"Home\",\"item\":\"https:\/\/uniest.it\/fr\/\"},{\"@type\":\"ListItem\",\"position\":2,\"name\":\"Shop\",\"item\":\"https:\/\/uniest.it\/shop\/\"},{\"@type\":\"ListItem\",\"position\":3,\"name\":\"Propolis &#8211; 50ml\"}]},{\"@type\":\"WebSite\",\"@id\":\"https:\/\/uniest.it\/#website\",\"url\":\"https:\/\/uniest.it\/\",\"name\":\"Uniest\",\"description\":\"Cosmetici Naturali e Bio\",\"potentialAction\":[{\"@type\":\"SearchAction\",\"target\":{\"@type\":\"EntryPoint\",\"urlTemplate\":\"https:\/\/uniest.it\/?s={search_term_string}\"},\"query-input\":{\"@type\":\"PropertyValueSpecification\",\"valueRequired\":true,\"valueName\":\"search_term_string\"}}],\"inLanguage\":\"fr-FR\"}]}<\/script>\n<!-- \/ Yoast SEO plugin. -->","yoast_head_json":{"title":"Propolis - 50ml - Uniest","robots":{"index":"index","follow":"follow","max-snippet":"max-snippet:-1","max-image-preview":"max-image-preview:large","max-video-preview":"max-video-preview:-1"},"canonical":"https:\/\/uniest.it\/prodotto\/propoli-50ml\/","og_locale":"fr_FR","og_type":"article","og_title":"Propolis - 50ml - Uniest","og_description":"La Teinture M\u00e8re de Propolis est une substance r\u00e9sineuse d\u00e9finie comme un antibiotique naturel, extr\u00eamement b\u00e9n\u00e9fique pour notre organisme. Son utilisation principale est contre les maux de gorge (pharyngite, trach\u00e9ite et amygdalite) et les maladies des voies respiratoires (toux et rhume), mais elle est \u00e9galement utile dans le traitement de la cavit\u00e9 buccale (aphtes, gingivite, [&hellip;]","og_url":"https:\/\/uniest.it\/prodotto\/propoli-50ml\/","og_site_name":"Uniest","article_modified_time":"2024-10-23T15:29:52+00:00","og_image":[{"width":1283,"height":2000,"url":"https:\/\/uniest.it\/wp-content\/uploads\/2020\/12\/035ZTM.png","type":"image\/png"}],"twitter_card":"summary_large_image","twitter_misc":{"Dur\u00e9e de lecture estim\u00e9e":"1 minute"},"schema":{"@context":"https:\/\/schema.org","@graph":[{"@type":"WebPage","@id":"https:\/\/uniest.it\/prodotto\/propoli-50ml\/","url":"https:\/\/uniest.it\/prodotto\/propoli-50ml\/","name":"Propolis - 50ml - Uniest","isPartOf":{"@id":"https:\/\/uniest.it\/#website"},"primaryImageOfPage":{"@id":"https:\/\/uniest.it\/prodotto\/propoli-50ml\/#primaryimage"},"image":{"@id":"https:\/\/uniest.it\/prodotto\/propoli-50ml\/#primaryimage"},"thumbnailUrl":"https:\/\/uniest.it\/wp-content\/uploads\/2020\/12\/035ZTM.png","datePublished":"2024-10-23T14:42:28+00:00","dateModified":"2024-10-23T15:29:52+00:00","breadcrumb":{"@id":"https:\/\/uniest.it\/prodotto\/propoli-50ml\/#breadcrumb"},"inLanguage":"fr-FR","potentialAction":[{"@type":"ReadAction","target":["https:\/\/uniest.it\/prodotto\/propoli-50ml\/"]}]},{"@type":"ImageObject","inLanguage":"fr-FR","@id":"https:\/\/uniest.it\/prodotto\/propoli-50ml\/#primaryimage","url":"https:\/\/uniest.it\/wp-content\/uploads\/2020\/12\/035ZTM.png","contentUrl":"https:\/\/uniest.it\/wp-content\/uploads\/2020\/12\/035ZTM.png","width":1283,"height":2000},{"@type":"BreadcrumbList","@id":"https:\/\/uniest.it\/prodotto\/propoli-50ml\/#breadcrumb","itemListElement":[{"@type":"ListItem","position":1,"name":"Home","item":"https:\/\/uniest.it\/fr\/"},{"@type":"ListItem","position":2,"name":"Shop","item":"https:\/\/uniest.it\/shop\/"},{"@type":"ListItem","position":3,"name":"Propolis &#8211; 50ml"}]},{"@type":"WebSite","@id":"https:\/\/uniest.it\/#website","url":"https:\/\/uniest.it\/","name":"Uniest","description":"Cosmetici Naturali e Bio","potentialAction":[{"@type":"SearchAction","target":{"@type":"EntryPoint","urlTemplate":"https:\/\/uniest.it\/?s={search_term_string}"},"query-input":{"@type":"PropertyValueSpecification","valueRequired":true,"valueName":"search_term_string"}}],"inLanguage":"fr-FR"}]}},"_links":{"self":[{"href":"https:\/\/uniest.it\/fr\/wp-json\/wp\/v2\/product\/5685","targetHints":{"allow":["GET"]}}],"collection":[{"href":"https:\/\/uniest.it\/fr\/wp-json\/wp\/v2\/product"}],"about":[{"href":"https:\/\/uniest.it\/fr\/wp-json\/wp\/v2\/types\/product"}],"wp:featuredmedia":[{"embeddable":true,"href":"https:\/\/uniest.it\/fr\/wp-json\/wp\/v2\/media\/5686"}],"wp:attachment":[{"href":"https:\/\/uniest.it\/fr\/wp-json\/wp\/v2\/media?parent=5685"}],"wp:term":[{"taxonomy":"product_brand","embeddable":true,"href":"https:\/\/uniest.it\/fr\/wp-json\/wp\/v2\/product_brand?post=5685"},{"taxonomy":"product_cat","embeddable":true,"href":"https:\/\/uniest.it\/fr\/wp-json\/wp\/v2\/product_cat?post=5685"},{"taxonomy":"product_tag","embeddable":true,"href":"https:\/\/uniest.it\/fr\/wp-json\/wp\/v2\/product_tag?post=5685"}],"curies":[{"name":"wp","href":"https:\/\/api.w.org\/{rel}","templated":true}]}}