{"id":5687,"date":"2024-10-23T15:42:28","date_gmt":"2024-10-23T14:42:28","guid":{"rendered":"https:\/\/uniest.it\/prodotto\/creme-pour-peau-seborrheique\/"},"modified":"2024-10-23T16:29:52","modified_gmt":"2024-10-23T15:29:52","slug":"creme-pour-peau-seborrheique","status":"publish","type":"product","link":"https:\/\/uniest.it\/fr\/prodotto\/creme-pour-peau-seborrheique\/","title":{"rendered":"Cr\u00e8me pour peau s\u00e9borrh\u00e9ique"},"content":{"rendered":"<p>Traitement adjuvant de l&rsquo;acn\u00e9. Cr\u00e8me pour peaux s\u00e9borrh\u00e9iques : con\u00e7ue pour les peaux avec beaucoup de graisse et de s\u00e9bum ou les peaux \u00e0 tendance acn\u00e9ique. Les substances qu&rsquo;il contient sont reconnues comme ayant la capacit\u00e9 de contribuer \u00e0 r\u00e9duire l&rsquo;exc\u00e8s de s\u00e9bum, exer\u00e7ant \u00e9galement un effet hydratant et matifiant. Son application est particuli\u00e8rement douce gr\u00e2ce \u00e0 l&rsquo;huile de son de riz et au sorbitol. Cr\u00e8me \u00e0 base de prot\u00e9ines de soja et de soufre, riche en acides amin\u00e9s et en huiles essentielles de bouleau et de gen\u00e9vrier \u00e0 action purifiante, \u00e9lastifiante, astringente et r\u00e9\u00e9pith\u00e9lisante. Par peau \u00ab grasse \u00bb, nous entendons un type de peau qui produit trop de s\u00e9bum, c&rsquo;est-\u00e0-dire qu&rsquo;une hypers\u00e9cr\u00e9tion de s\u00e9bum par les glandes s\u00e9bac\u00e9es, pr\u00e9sentes dans le derme, rend la peau s\u00e9borrh\u00e9ique. La peau grasse doit \u00eatre trait\u00e9e avec douceur car elle peut \u00eatre tout aussi sensible que la peau s\u00e8che. Les meilleures solutions sont repr\u00e9sent\u00e9es par les rem\u00e8des naturels, pour remplacer les d\u00e9tergents agressifs et les cr\u00e8mes pour le visage courantes qui peuvent obstruer les pores. Compte tenu des caract\u00e9ristiques des peaux grasses et de la tendance \u00e0 d\u00e9velopper des points noirs et de l&rsquo;acn\u00e9, l&rsquo;utilisation de traitements \u00e0 action dermopurifiante et normalisante du s\u00e9bum peut \u00eatre utile.<\/p>\n","protected":false},"excerpt":{"rendered":"<p>Traitement adjuvant de l&rsquo;acn\u00e9. Cr\u00e8me pour peaux s\u00e9borrh\u00e9iques : con\u00e7ue pour les peaux avec beaucoup de graisse et de s\u00e9bum ou les peaux \u00e0 tendance acn\u00e9ique. Les substances qu&rsquo;il contient sont reconnues comme ayant la capacit\u00e9 de contribuer \u00e0 r\u00e9duire l&rsquo;exc\u00e8s de s\u00e9bum, exer\u00e7ant \u00e9galement un effet hydratant et matifiant. Son application est particuli\u00e8rement douce [&hellip;]<\/p>\n","protected":false},"featured_media":5688,"template":"","meta":{"_acf_changed":false,"inline_featured_image":false},"product_brand":[],"product_cat":[1383],"product_tag":[],"class_list":{"0":"post-5687","1":"product","2":"type-product","3":"status-publish","4":"has-post-thumbnail","6":"product_beauty-detox-e-dren","7":"product_beauty-lenire","8":"product_beauty-purificare","9":"product_beauty-riequilibrare","10":"product_skin-pelli-grasse-e-miste","11":"product_kind-creme-pelli-complesse","12":"product_kind-trattamenti-speciali","13":"product_kind-tutte-le-creme-viso","14":"product_lines-pelli-grasse-e-miste","15":"product_cat-viso-fr","16":"pa_size-50-fr","18":"first","19":"instock","20":"taxable","21":"shipping-taxable","22":"purchasable","23":"product-type-simple"},"acf":[],"yoast_head":"<!-- This site is optimized with the Yoast SEO plugin v24.6 - https:\/\/yoast.com\/wordpress\/plugins\/seo\/ -->\n<title>Cr\u00e8me pour peau s\u00e9borrh\u00e9ique - Uniest<\/title>\n<meta name=\"robots\" content=\"index, follow, max-snippet:-1, max-image-preview:large, max-video-preview:-1\" \/>\n<link rel=\"canonical\" href=\"https:\/\/uniest.it\/prodotto\/crema-per-pelli-seborroiche\/\" \/>\n<meta property=\"og:locale\" content=\"fr_FR\" \/>\n<meta property=\"og:type\" content=\"article\" \/>\n<meta property=\"og:title\" content=\"Cr\u00e8me pour peau s\u00e9borrh\u00e9ique - Uniest\" \/>\n<meta property=\"og:description\" content=\"Traitement adjuvant de l&rsquo;acn\u00e9. Cr\u00e8me pour peaux s\u00e9borrh\u00e9iques : con\u00e7ue pour les peaux avec beaucoup de graisse et de s\u00e9bum ou les peaux \u00e0 tendance acn\u00e9ique. Les substances qu&rsquo;il contient sont reconnues comme ayant la capacit\u00e9 de contribuer \u00e0 r\u00e9duire l&rsquo;exc\u00e8s de s\u00e9bum, exer\u00e7ant \u00e9galement un effet hydratant et matifiant. Son application est particuli\u00e8rement douce [&hellip;]\" \/>\n<meta property=\"og:url\" content=\"https:\/\/uniest.it\/prodotto\/crema-per-pelli-seborroiche\/\" \/>\n<meta property=\"og:site_name\" content=\"Uniest\" \/>\n<meta property=\"article:modified_time\" content=\"2024-10-23T15:29:52+00:00\" \/>\n<meta property=\"og:image\" content=\"https:\/\/uniest.it\/wp-content\/uploads\/2020\/11\/036AAE.png\" \/>\n\t<meta property=\"og:image:width\" content=\"1283\" \/>\n\t<meta property=\"og:image:height\" content=\"2001\" \/>\n\t<meta property=\"og:image:type\" content=\"image\/png\" \/>\n<meta name=\"twitter:card\" content=\"summary_large_image\" \/>\n<meta name=\"twitter:label1\" content=\"Dur\u00e9e de lecture estim\u00e9e\" \/>\n\t<meta name=\"twitter:data1\" content=\"1 minute\" \/>\n<script type=\"application\/ld+json\" class=\"yoast-schema-graph\">{\"@context\":\"https:\/\/schema.org\",\"@graph\":[{\"@type\":\"WebPage\",\"@id\":\"https:\/\/uniest.it\/prodotto\/crema-per-pelli-seborroiche\/\",\"url\":\"https:\/\/uniest.it\/prodotto\/crema-per-pelli-seborroiche\/\",\"name\":\"Cr\u00e8me pour peau s\u00e9borrh\u00e9ique - Uniest\",\"isPartOf\":{\"@id\":\"https:\/\/uniest.it\/#website\"},\"primaryImageOfPage\":{\"@id\":\"https:\/\/uniest.it\/prodotto\/crema-per-pelli-seborroiche\/#primaryimage\"},\"image\":{\"@id\":\"https:\/\/uniest.it\/prodotto\/crema-per-pelli-seborroiche\/#primaryimage\"},\"thumbnailUrl\":\"https:\/\/uniest.it\/wp-content\/uploads\/2020\/11\/036AAE.png\",\"datePublished\":\"2024-10-23T14:42:28+00:00\",\"dateModified\":\"2024-10-23T15:29:52+00:00\",\"breadcrumb\":{\"@id\":\"https:\/\/uniest.it\/prodotto\/crema-per-pelli-seborroiche\/#breadcrumb\"},\"inLanguage\":\"fr-FR\",\"potentialAction\":[{\"@type\":\"ReadAction\",\"target\":[\"https:\/\/uniest.it\/prodotto\/crema-per-pelli-seborroiche\/\"]}]},{\"@type\":\"ImageObject\",\"inLanguage\":\"fr-FR\",\"@id\":\"https:\/\/uniest.it\/prodotto\/crema-per-pelli-seborroiche\/#primaryimage\",\"url\":\"https:\/\/uniest.it\/wp-content\/uploads\/2020\/11\/036AAE.png\",\"contentUrl\":\"https:\/\/uniest.it\/wp-content\/uploads\/2020\/11\/036AAE.png\",\"width\":1283,\"height\":2001},{\"@type\":\"BreadcrumbList\",\"@id\":\"https:\/\/uniest.it\/prodotto\/crema-per-pelli-seborroiche\/#breadcrumb\",\"itemListElement\":[{\"@type\":\"ListItem\",\"position\":1,\"name\":\"Home\",\"item\":\"https:\/\/uniest.it\/fr\/\"},{\"@type\":\"ListItem\",\"position\":2,\"name\":\"Shop\",\"item\":\"https:\/\/uniest.it\/shop\/\"},{\"@type\":\"ListItem\",\"position\":3,\"name\":\"Cr\u00e8me pour peau s\u00e9borrh\u00e9ique\"}]},{\"@type\":\"WebSite\",\"@id\":\"https:\/\/uniest.it\/#website\",\"url\":\"https:\/\/uniest.it\/\",\"name\":\"Uniest\",\"description\":\"Cosmetici Naturali e Bio\",\"potentialAction\":[{\"@type\":\"SearchAction\",\"target\":{\"@type\":\"EntryPoint\",\"urlTemplate\":\"https:\/\/uniest.it\/?s={search_term_string}\"},\"query-input\":{\"@type\":\"PropertyValueSpecification\",\"valueRequired\":true,\"valueName\":\"search_term_string\"}}],\"inLanguage\":\"fr-FR\"}]}<\/script>\n<!-- \/ Yoast SEO plugin. -->","yoast_head_json":{"title":"Cr\u00e8me pour peau s\u00e9borrh\u00e9ique - Uniest","robots":{"index":"index","follow":"follow","max-snippet":"max-snippet:-1","max-image-preview":"max-image-preview:large","max-video-preview":"max-video-preview:-1"},"canonical":"https:\/\/uniest.it\/prodotto\/crema-per-pelli-seborroiche\/","og_locale":"fr_FR","og_type":"article","og_title":"Cr\u00e8me pour peau s\u00e9borrh\u00e9ique - Uniest","og_description":"Traitement adjuvant de l&rsquo;acn\u00e9. Cr\u00e8me pour peaux s\u00e9borrh\u00e9iques : con\u00e7ue pour les peaux avec beaucoup de graisse et de s\u00e9bum ou les peaux \u00e0 tendance acn\u00e9ique. Les substances qu&rsquo;il contient sont reconnues comme ayant la capacit\u00e9 de contribuer \u00e0 r\u00e9duire l&rsquo;exc\u00e8s de s\u00e9bum, exer\u00e7ant \u00e9galement un effet hydratant et matifiant. Son application est particuli\u00e8rement douce [&hellip;]","og_url":"https:\/\/uniest.it\/prodotto\/crema-per-pelli-seborroiche\/","og_site_name":"Uniest","article_modified_time":"2024-10-23T15:29:52+00:00","og_image":[{"width":1283,"height":2001,"url":"https:\/\/uniest.it\/wp-content\/uploads\/2020\/11\/036AAE.png","type":"image\/png"}],"twitter_card":"summary_large_image","twitter_misc":{"Dur\u00e9e de lecture estim\u00e9e":"1 minute"},"schema":{"@context":"https:\/\/schema.org","@graph":[{"@type":"WebPage","@id":"https:\/\/uniest.it\/prodotto\/crema-per-pelli-seborroiche\/","url":"https:\/\/uniest.it\/prodotto\/crema-per-pelli-seborroiche\/","name":"Cr\u00e8me pour peau s\u00e9borrh\u00e9ique - Uniest","isPartOf":{"@id":"https:\/\/uniest.it\/#website"},"primaryImageOfPage":{"@id":"https:\/\/uniest.it\/prodotto\/crema-per-pelli-seborroiche\/#primaryimage"},"image":{"@id":"https:\/\/uniest.it\/prodotto\/crema-per-pelli-seborroiche\/#primaryimage"},"thumbnailUrl":"https:\/\/uniest.it\/wp-content\/uploads\/2020\/11\/036AAE.png","datePublished":"2024-10-23T14:42:28+00:00","dateModified":"2024-10-23T15:29:52+00:00","breadcrumb":{"@id":"https:\/\/uniest.it\/prodotto\/crema-per-pelli-seborroiche\/#breadcrumb"},"inLanguage":"fr-FR","potentialAction":[{"@type":"ReadAction","target":["https:\/\/uniest.it\/prodotto\/crema-per-pelli-seborroiche\/"]}]},{"@type":"ImageObject","inLanguage":"fr-FR","@id":"https:\/\/uniest.it\/prodotto\/crema-per-pelli-seborroiche\/#primaryimage","url":"https:\/\/uniest.it\/wp-content\/uploads\/2020\/11\/036AAE.png","contentUrl":"https:\/\/uniest.it\/wp-content\/uploads\/2020\/11\/036AAE.png","width":1283,"height":2001},{"@type":"BreadcrumbList","@id":"https:\/\/uniest.it\/prodotto\/crema-per-pelli-seborroiche\/#breadcrumb","itemListElement":[{"@type":"ListItem","position":1,"name":"Home","item":"https:\/\/uniest.it\/fr\/"},{"@type":"ListItem","position":2,"name":"Shop","item":"https:\/\/uniest.it\/shop\/"},{"@type":"ListItem","position":3,"name":"Cr\u00e8me pour peau s\u00e9borrh\u00e9ique"}]},{"@type":"WebSite","@id":"https:\/\/uniest.it\/#website","url":"https:\/\/uniest.it\/","name":"Uniest","description":"Cosmetici Naturali e Bio","potentialAction":[{"@type":"SearchAction","target":{"@type":"EntryPoint","urlTemplate":"https:\/\/uniest.it\/?s={search_term_string}"},"query-input":{"@type":"PropertyValueSpecification","valueRequired":true,"valueName":"search_term_string"}}],"inLanguage":"fr-FR"}]}},"_links":{"self":[{"href":"https:\/\/uniest.it\/fr\/wp-json\/wp\/v2\/product\/5687","targetHints":{"allow":["GET"]}}],"collection":[{"href":"https:\/\/uniest.it\/fr\/wp-json\/wp\/v2\/product"}],"about":[{"href":"https:\/\/uniest.it\/fr\/wp-json\/wp\/v2\/types\/product"}],"wp:featuredmedia":[{"embeddable":true,"href":"https:\/\/uniest.it\/fr\/wp-json\/wp\/v2\/media\/5688"}],"wp:attachment":[{"href":"https:\/\/uniest.it\/fr\/wp-json\/wp\/v2\/media?parent=5687"}],"wp:term":[{"taxonomy":"product_brand","embeddable":true,"href":"https:\/\/uniest.it\/fr\/wp-json\/wp\/v2\/product_brand?post=5687"},{"taxonomy":"product_cat","embeddable":true,"href":"https:\/\/uniest.it\/fr\/wp-json\/wp\/v2\/product_cat?post=5687"},{"taxonomy":"product_tag","embeddable":true,"href":"https:\/\/uniest.it\/fr\/wp-json\/wp\/v2\/product_tag?post=5687"}],"curies":[{"name":"wp","href":"https:\/\/api.w.org\/{rel}","templated":true}]}}