{"id":5689,"date":"2021-02-04T12:58:44","date_gmt":"2024-10-23T14:42:28","guid":{"rendered":"https:\/\/uniest.it\/prodotto\/eco-parfum-tonifiant\/"},"modified":"2024-10-23T16:29:53","modified_gmt":"2024-10-23T15:29:53","slug":"eco-parfum-tonifiant","status":"publish","type":"product","link":"https:\/\/uniest.it\/fr\/prodotto\/eco-parfum-tonifiant\/","title":{"rendered":"Eco Parfum Tonifiant"},"content":{"rendered":"<p>Tonifiant Eco Parfum m\u00e9rite une attention particuli\u00e8re gr\u00e2ce \u00e0 sa formulation \u00e9cologique innovante sans alcool et riche en principes actifs. Nouveau parfum au pouvoir tonifiant et rafra\u00eechissant gr\u00e2ce \u00e0 la pr\u00e9sence de la pr\u00e9cieuse huile essentielle de Menthol. Il a \u00e9t\u00e9 enrichi en extraits v\u00e9g\u00e9taux de Bois de Santal, r\u00e9\u00e9pith\u00e9lisant et hydratant, d&rsquo;Achill\u00e9e millefeuille Bio, aux propri\u00e9t\u00e9s apaisantes, de Gen\u00e9vrier, de Thym r\u00e9activant et tonifiant. Au contraire, la synergie entre Glyc\u00e9rine, Sorbitol et Aloe exerce un pouvoir hydratant marqu\u00e9, donnant \u00e0 la peau de la fra\u00eecheur sans alt\u00e9rer son \u00e9quilibre \u00e9pidermique normal. Le parfum agr\u00e9able qui le caract\u00e9rise en fait un moyen de bien-\u00eatre irrempla\u00e7able \u00e0 utiliser apr\u00e8s le sport, la douche, le bain ou \u00e0 tout moment o\u00f9 l&rsquo;on ressent le besoin d&rsquo;avoir une note fra\u00eeche sur la peau.<\/p>\n","protected":false},"excerpt":{"rendered":"<p>Tonifiant Eco Parfum m\u00e9rite une attention particuli\u00e8re gr\u00e2ce \u00e0 sa formulation \u00e9cologique innovante sans alcool et riche en principes actifs. Nouveau parfum au pouvoir tonifiant et rafra\u00eechissant gr\u00e2ce \u00e0 la pr\u00e9sence de la pr\u00e9cieuse huile essentielle de Menthol. Il a \u00e9t\u00e9 enrichi en extraits v\u00e9g\u00e9taux de Bois de Santal, r\u00e9\u00e9pith\u00e9lisant et hydratant, d&rsquo;Achill\u00e9e millefeuille Bio, [&hellip;]<\/p>\n","protected":false},"featured_media":5690,"template":"","meta":{"_acf_changed":false,"inline_featured_image":false},"product_brand":[],"product_cat":[1373],"product_tag":[],"class_list":{"0":"post-5689","1":"product","2":"type-product","3":"status-publish","4":"has-post-thumbnail","6":"product_beauty-aromatizzare-e-profumare","7":"product_beauty-idratare","8":"product_beauty-lenire","9":"product_beauty-rassodare-e-tonificare","10":"product_skin-pelli-delicate-e-sensibili","11":"product_skin-pelli-giovani-e-prime-rughe","12":"product_skin-pelli-grasse-e-miste","13":"product_skin-pelli-mature-e-rughe","14":"product_skin-pelli-secche-e-normali","15":"product_skin-tutte-le-pelli","16":"product_kind-aromaterapia-e-profumi","17":"product_kind-tonici-e-lozioni-corpo","18":"product_lines-uomo","19":"product_cat-uomo-fr","20":"pa_size-150-fr","22":"first","23":"instock","24":"taxable","25":"shipping-taxable","26":"purchasable","27":"product-type-simple"},"acf":[],"yoast_head":"<!-- This site is optimized with the Yoast SEO plugin v24.6 - https:\/\/yoast.com\/wordpress\/plugins\/seo\/ -->\n<title>Eco Parfum Tonifiant - Uniest<\/title>\n<meta name=\"robots\" content=\"index, follow, max-snippet:-1, max-image-preview:large, max-video-preview:-1\" \/>\n<link rel=\"canonical\" href=\"https:\/\/uniest.it\/prodotto\/toning-eco-parfum\/\" \/>\n<meta property=\"og:locale\" content=\"fr_FR\" \/>\n<meta property=\"og:type\" content=\"article\" \/>\n<meta property=\"og:title\" content=\"Eco Parfum Tonifiant - Uniest\" \/>\n<meta property=\"og:description\" content=\"Tonifiant Eco Parfum m\u00e9rite une attention particuli\u00e8re gr\u00e2ce \u00e0 sa formulation \u00e9cologique innovante sans alcool et riche en principes actifs. Nouveau parfum au pouvoir tonifiant et rafra\u00eechissant gr\u00e2ce \u00e0 la pr\u00e9sence de la pr\u00e9cieuse huile essentielle de Menthol. Il a \u00e9t\u00e9 enrichi en extraits v\u00e9g\u00e9taux de Bois de Santal, r\u00e9\u00e9pith\u00e9lisant et hydratant, d&rsquo;Achill\u00e9e millefeuille Bio, [&hellip;]\" \/>\n<meta property=\"og:url\" content=\"https:\/\/uniest.it\/prodotto\/toning-eco-parfum\/\" \/>\n<meta property=\"og:site_name\" content=\"Uniest\" \/>\n<meta property=\"article:modified_time\" content=\"2024-10-23T15:29:53+00:00\" \/>\n<meta property=\"og:image\" content=\"https:\/\/uniest.it\/wp-content\/uploads\/2020\/12\/037AAU.png\" \/>\n\t<meta property=\"og:image:width\" content=\"1283\" \/>\n\t<meta property=\"og:image:height\" content=\"2000\" \/>\n\t<meta property=\"og:image:type\" content=\"image\/png\" \/>\n<meta name=\"twitter:card\" content=\"summary_large_image\" \/>\n<meta name=\"twitter:label1\" content=\"Dur\u00e9e de lecture estim\u00e9e\" \/>\n\t<meta name=\"twitter:data1\" content=\"1 minute\" \/>\n<script type=\"application\/ld+json\" class=\"yoast-schema-graph\">{\"@context\":\"https:\/\/schema.org\",\"@graph\":[{\"@type\":\"WebPage\",\"@id\":\"https:\/\/uniest.it\/prodotto\/toning-eco-parfum\/\",\"url\":\"https:\/\/uniest.it\/prodotto\/toning-eco-parfum\/\",\"name\":\"Eco Parfum Tonifiant - Uniest\",\"isPartOf\":{\"@id\":\"https:\/\/uniest.it\/#website\"},\"primaryImageOfPage\":{\"@id\":\"https:\/\/uniest.it\/prodotto\/toning-eco-parfum\/#primaryimage\"},\"image\":{\"@id\":\"https:\/\/uniest.it\/prodotto\/toning-eco-parfum\/#primaryimage\"},\"thumbnailUrl\":\"https:\/\/uniest.it\/wp-content\/uploads\/2020\/12\/037AAU.png\",\"datePublished\":\"2024-10-23T14:42:28+00:00\",\"dateModified\":\"2024-10-23T15:29:53+00:00\",\"breadcrumb\":{\"@id\":\"https:\/\/uniest.it\/prodotto\/toning-eco-parfum\/#breadcrumb\"},\"inLanguage\":\"fr-FR\",\"potentialAction\":[{\"@type\":\"ReadAction\",\"target\":[\"https:\/\/uniest.it\/prodotto\/toning-eco-parfum\/\"]}]},{\"@type\":\"ImageObject\",\"inLanguage\":\"fr-FR\",\"@id\":\"https:\/\/uniest.it\/prodotto\/toning-eco-parfum\/#primaryimage\",\"url\":\"https:\/\/uniest.it\/wp-content\/uploads\/2020\/12\/037AAU.png\",\"contentUrl\":\"https:\/\/uniest.it\/wp-content\/uploads\/2020\/12\/037AAU.png\",\"width\":1283,\"height\":2000},{\"@type\":\"BreadcrumbList\",\"@id\":\"https:\/\/uniest.it\/prodotto\/toning-eco-parfum\/#breadcrumb\",\"itemListElement\":[{\"@type\":\"ListItem\",\"position\":1,\"name\":\"Home\",\"item\":\"https:\/\/uniest.it\/fr\/\"},{\"@type\":\"ListItem\",\"position\":2,\"name\":\"Shop\",\"item\":\"https:\/\/uniest.it\/shop\/\"},{\"@type\":\"ListItem\",\"position\":3,\"name\":\"Eco Parfum Tonifiant\"}]},{\"@type\":\"WebSite\",\"@id\":\"https:\/\/uniest.it\/#website\",\"url\":\"https:\/\/uniest.it\/\",\"name\":\"Uniest\",\"description\":\"Cosmetici Naturali e Bio\",\"potentialAction\":[{\"@type\":\"SearchAction\",\"target\":{\"@type\":\"EntryPoint\",\"urlTemplate\":\"https:\/\/uniest.it\/?s={search_term_string}\"},\"query-input\":{\"@type\":\"PropertyValueSpecification\",\"valueRequired\":true,\"valueName\":\"search_term_string\"}}],\"inLanguage\":\"fr-FR\"}]}<\/script>\n<!-- \/ Yoast SEO plugin. -->","yoast_head_json":{"title":"Eco Parfum Tonifiant - Uniest","robots":{"index":"index","follow":"follow","max-snippet":"max-snippet:-1","max-image-preview":"max-image-preview:large","max-video-preview":"max-video-preview:-1"},"canonical":"https:\/\/uniest.it\/prodotto\/toning-eco-parfum\/","og_locale":"fr_FR","og_type":"article","og_title":"Eco Parfum Tonifiant - Uniest","og_description":"Tonifiant Eco Parfum m\u00e9rite une attention particuli\u00e8re gr\u00e2ce \u00e0 sa formulation \u00e9cologique innovante sans alcool et riche en principes actifs. Nouveau parfum au pouvoir tonifiant et rafra\u00eechissant gr\u00e2ce \u00e0 la pr\u00e9sence de la pr\u00e9cieuse huile essentielle de Menthol. Il a \u00e9t\u00e9 enrichi en extraits v\u00e9g\u00e9taux de Bois de Santal, r\u00e9\u00e9pith\u00e9lisant et hydratant, d&rsquo;Achill\u00e9e millefeuille Bio, [&hellip;]","og_url":"https:\/\/uniest.it\/prodotto\/toning-eco-parfum\/","og_site_name":"Uniest","article_modified_time":"2024-10-23T15:29:53+00:00","og_image":[{"width":1283,"height":2000,"url":"https:\/\/uniest.it\/wp-content\/uploads\/2020\/12\/037AAU.png","type":"image\/png"}],"twitter_card":"summary_large_image","twitter_misc":{"Dur\u00e9e de lecture estim\u00e9e":"1 minute"},"schema":{"@context":"https:\/\/schema.org","@graph":[{"@type":"WebPage","@id":"https:\/\/uniest.it\/prodotto\/toning-eco-parfum\/","url":"https:\/\/uniest.it\/prodotto\/toning-eco-parfum\/","name":"Eco Parfum Tonifiant - Uniest","isPartOf":{"@id":"https:\/\/uniest.it\/#website"},"primaryImageOfPage":{"@id":"https:\/\/uniest.it\/prodotto\/toning-eco-parfum\/#primaryimage"},"image":{"@id":"https:\/\/uniest.it\/prodotto\/toning-eco-parfum\/#primaryimage"},"thumbnailUrl":"https:\/\/uniest.it\/wp-content\/uploads\/2020\/12\/037AAU.png","datePublished":"2024-10-23T14:42:28+00:00","dateModified":"2024-10-23T15:29:53+00:00","breadcrumb":{"@id":"https:\/\/uniest.it\/prodotto\/toning-eco-parfum\/#breadcrumb"},"inLanguage":"fr-FR","potentialAction":[{"@type":"ReadAction","target":["https:\/\/uniest.it\/prodotto\/toning-eco-parfum\/"]}]},{"@type":"ImageObject","inLanguage":"fr-FR","@id":"https:\/\/uniest.it\/prodotto\/toning-eco-parfum\/#primaryimage","url":"https:\/\/uniest.it\/wp-content\/uploads\/2020\/12\/037AAU.png","contentUrl":"https:\/\/uniest.it\/wp-content\/uploads\/2020\/12\/037AAU.png","width":1283,"height":2000},{"@type":"BreadcrumbList","@id":"https:\/\/uniest.it\/prodotto\/toning-eco-parfum\/#breadcrumb","itemListElement":[{"@type":"ListItem","position":1,"name":"Home","item":"https:\/\/uniest.it\/fr\/"},{"@type":"ListItem","position":2,"name":"Shop","item":"https:\/\/uniest.it\/shop\/"},{"@type":"ListItem","position":3,"name":"Eco Parfum Tonifiant"}]},{"@type":"WebSite","@id":"https:\/\/uniest.it\/#website","url":"https:\/\/uniest.it\/","name":"Uniest","description":"Cosmetici Naturali e Bio","potentialAction":[{"@type":"SearchAction","target":{"@type":"EntryPoint","urlTemplate":"https:\/\/uniest.it\/?s={search_term_string}"},"query-input":{"@type":"PropertyValueSpecification","valueRequired":true,"valueName":"search_term_string"}}],"inLanguage":"fr-FR"}]}},"_links":{"self":[{"href":"https:\/\/uniest.it\/fr\/wp-json\/wp\/v2\/product\/5689","targetHints":{"allow":["GET"]}}],"collection":[{"href":"https:\/\/uniest.it\/fr\/wp-json\/wp\/v2\/product"}],"about":[{"href":"https:\/\/uniest.it\/fr\/wp-json\/wp\/v2\/types\/product"}],"wp:featuredmedia":[{"embeddable":true,"href":"https:\/\/uniest.it\/fr\/wp-json\/wp\/v2\/media\/5690"}],"wp:attachment":[{"href":"https:\/\/uniest.it\/fr\/wp-json\/wp\/v2\/media?parent=5689"}],"wp:term":[{"taxonomy":"product_brand","embeddable":true,"href":"https:\/\/uniest.it\/fr\/wp-json\/wp\/v2\/product_brand?post=5689"},{"taxonomy":"product_cat","embeddable":true,"href":"https:\/\/uniest.it\/fr\/wp-json\/wp\/v2\/product_cat?post=5689"},{"taxonomy":"product_tag","embeddable":true,"href":"https:\/\/uniest.it\/fr\/wp-json\/wp\/v2\/product_tag?post=5689"}],"curies":[{"name":"wp","href":"https:\/\/api.w.org\/{rel}","templated":true}]}}