{"id":5691,"date":"2021-02-04T12:58:44","date_gmt":"2024-10-23T14:42:29","guid":{"rendered":"https:\/\/uniest.it\/prodotto\/phytomasque-purifiant\/"},"modified":"2025-03-04T00:00:46","modified_gmt":"2025-03-03T23:00:46","slug":"phytomasque-purifiant","status":"publish","type":"product","link":"https:\/\/uniest.it\/fr\/prodotto\/phytomasque-purifiant\/","title":{"rendered":"Phytomasque purifiant"},"content":{"rendered":"<p>Apaisant et astringent pour les peaux mixtes ou grasses. Phytomasque purifiant : c&rsquo;est un masque v\u00e9g\u00e9tal riche en actifs naturels, dont des extraits de Ginseng, Propolis, Mauve, Sauge et R\u00e9glisse. Soutien des peaux grasses et mixtes : purifiant, apaisant, astringent et nourrissant gr\u00e2ce \u00e0 la pr\u00e9sence d&rsquo;argile, de dioxyde de titane, de kaolin, de bentonite et d&rsquo;huile essentielle de pin sylvestre.<\/p>\n","protected":false},"excerpt":{"rendered":"<p>Apaisant et astringent pour les peaux mixtes ou grasses. Phytomasque purifiant : c&rsquo;est un masque v\u00e9g\u00e9tal riche en actifs naturels, dont des extraits de Ginseng, Propolis, Mauve, Sauge et R\u00e9glisse. Soutien des peaux grasses et mixtes : purifiant, apaisant, astringent et nourrissant gr\u00e2ce \u00e0 la pr\u00e9sence d&rsquo;argile, de dioxyde de titane, de kaolin, de bentonite [&hellip;]<\/p>\n","protected":false},"featured_media":5692,"template":"","meta":{"_acf_changed":false,"inline_featured_image":false},"product_brand":[],"product_cat":[1383],"product_tag":[],"class_list":{"0":"post-5691","1":"product","2":"type-product","3":"status-publish","4":"has-post-thumbnail","6":"product_beauty-detox-e-dren","7":"product_beauty-idratare","8":"product_beauty-purificare","9":"product_beauty-riequilibrare","10":"product_skin-pelli-grasse-e-miste","11":"product_kind-creme-pelli-complesse","12":"product_kind-maschere-ed-esfolianti-viso","13":"product_kind-trattamenti-speciali","14":"product_lines-pelli-grasse-e-miste","15":"product_cat-viso-fr","16":"pa_size-50-fr","18":"first","19":"instock","20":"taxable","21":"shipping-taxable","22":"purchasable","23":"product-type-simple"},"acf":[],"yoast_head":"<!-- This site is optimized with the Yoast SEO plugin v24.6 - https:\/\/yoast.com\/wordpress\/plugins\/seo\/ -->\n<title>Phytomasque purifiant - Uniest<\/title>\n<meta name=\"robots\" content=\"index, follow, max-snippet:-1, max-image-preview:large, max-video-preview:-1\" \/>\n<link rel=\"canonical\" href=\"https:\/\/uniest.it\/prodotto\/fitomaschera-depurante\/\" \/>\n<meta property=\"og:locale\" content=\"fr_FR\" \/>\n<meta property=\"og:type\" content=\"article\" \/>\n<meta property=\"og:title\" content=\"Phytomasque purifiant - Uniest\" \/>\n<meta property=\"og:description\" content=\"Apaisant et astringent pour les peaux mixtes ou grasses. Phytomasque purifiant : c&rsquo;est un masque v\u00e9g\u00e9tal riche en actifs naturels, dont des extraits de Ginseng, Propolis, Mauve, Sauge et R\u00e9glisse. Soutien des peaux grasses et mixtes : purifiant, apaisant, astringent et nourrissant gr\u00e2ce \u00e0 la pr\u00e9sence d&rsquo;argile, de dioxyde de titane, de kaolin, de bentonite [&hellip;]\" \/>\n<meta property=\"og:url\" content=\"https:\/\/uniest.it\/prodotto\/fitomaschera-depurante\/\" \/>\n<meta property=\"og:site_name\" content=\"Uniest\" \/>\n<meta property=\"article:modified_time\" content=\"2025-03-03T23:00:46+00:00\" \/>\n<meta property=\"og:image\" content=\"https:\/\/uniest.it\/wp-content\/uploads\/2020\/11\/039AAE.png\" \/>\n\t<meta property=\"og:image:width\" content=\"1283\" \/>\n\t<meta property=\"og:image:height\" content=\"2001\" \/>\n\t<meta property=\"og:image:type\" content=\"image\/png\" \/>\n<meta name=\"twitter:card\" content=\"summary_large_image\" \/>\n<script type=\"application\/ld+json\" class=\"yoast-schema-graph\">{\"@context\":\"https:\/\/schema.org\",\"@graph\":[{\"@type\":\"WebPage\",\"@id\":\"https:\/\/uniest.it\/prodotto\/fitomaschera-depurante\/\",\"url\":\"https:\/\/uniest.it\/prodotto\/fitomaschera-depurante\/\",\"name\":\"Phytomasque purifiant - Uniest\",\"isPartOf\":{\"@id\":\"https:\/\/uniest.it\/#website\"},\"primaryImageOfPage\":{\"@id\":\"https:\/\/uniest.it\/prodotto\/fitomaschera-depurante\/#primaryimage\"},\"image\":{\"@id\":\"https:\/\/uniest.it\/prodotto\/fitomaschera-depurante\/#primaryimage\"},\"thumbnailUrl\":\"https:\/\/uniest.it\/wp-content\/uploads\/2020\/11\/039AAE.png\",\"datePublished\":\"2024-10-23T14:42:29+00:00\",\"dateModified\":\"2025-03-03T23:00:46+00:00\",\"breadcrumb\":{\"@id\":\"https:\/\/uniest.it\/prodotto\/fitomaschera-depurante\/#breadcrumb\"},\"inLanguage\":\"fr-FR\",\"potentialAction\":[{\"@type\":\"ReadAction\",\"target\":[\"https:\/\/uniest.it\/prodotto\/fitomaschera-depurante\/\"]}]},{\"@type\":\"ImageObject\",\"inLanguage\":\"fr-FR\",\"@id\":\"https:\/\/uniest.it\/prodotto\/fitomaschera-depurante\/#primaryimage\",\"url\":\"https:\/\/uniest.it\/wp-content\/uploads\/2020\/11\/039AAE.png\",\"contentUrl\":\"https:\/\/uniest.it\/wp-content\/uploads\/2020\/11\/039AAE.png\",\"width\":1283,\"height\":2001},{\"@type\":\"BreadcrumbList\",\"@id\":\"https:\/\/uniest.it\/prodotto\/fitomaschera-depurante\/#breadcrumb\",\"itemListElement\":[{\"@type\":\"ListItem\",\"position\":1,\"name\":\"Home\",\"item\":\"https:\/\/uniest.it\/fr\/\"},{\"@type\":\"ListItem\",\"position\":2,\"name\":\"Shop\",\"item\":\"https:\/\/uniest.it\/shop\/\"},{\"@type\":\"ListItem\",\"position\":3,\"name\":\"Phytomasque purifiant\"}]},{\"@type\":\"WebSite\",\"@id\":\"https:\/\/uniest.it\/#website\",\"url\":\"https:\/\/uniest.it\/\",\"name\":\"Uniest\",\"description\":\"Cosmetici Naturali e Bio\",\"potentialAction\":[{\"@type\":\"SearchAction\",\"target\":{\"@type\":\"EntryPoint\",\"urlTemplate\":\"https:\/\/uniest.it\/?s={search_term_string}\"},\"query-input\":{\"@type\":\"PropertyValueSpecification\",\"valueRequired\":true,\"valueName\":\"search_term_string\"}}],\"inLanguage\":\"fr-FR\"}]}<\/script>\n<!-- \/ Yoast SEO plugin. -->","yoast_head_json":{"title":"Phytomasque purifiant - Uniest","robots":{"index":"index","follow":"follow","max-snippet":"max-snippet:-1","max-image-preview":"max-image-preview:large","max-video-preview":"max-video-preview:-1"},"canonical":"https:\/\/uniest.it\/prodotto\/fitomaschera-depurante\/","og_locale":"fr_FR","og_type":"article","og_title":"Phytomasque purifiant - Uniest","og_description":"Apaisant et astringent pour les peaux mixtes ou grasses. Phytomasque purifiant : c&rsquo;est un masque v\u00e9g\u00e9tal riche en actifs naturels, dont des extraits de Ginseng, Propolis, Mauve, Sauge et R\u00e9glisse. Soutien des peaux grasses et mixtes : purifiant, apaisant, astringent et nourrissant gr\u00e2ce \u00e0 la pr\u00e9sence d&rsquo;argile, de dioxyde de titane, de kaolin, de bentonite [&hellip;]","og_url":"https:\/\/uniest.it\/prodotto\/fitomaschera-depurante\/","og_site_name":"Uniest","article_modified_time":"2025-03-03T23:00:46+00:00","og_image":[{"width":1283,"height":2001,"url":"https:\/\/uniest.it\/wp-content\/uploads\/2020\/11\/039AAE.png","type":"image\/png"}],"twitter_card":"summary_large_image","schema":{"@context":"https:\/\/schema.org","@graph":[{"@type":"WebPage","@id":"https:\/\/uniest.it\/prodotto\/fitomaschera-depurante\/","url":"https:\/\/uniest.it\/prodotto\/fitomaschera-depurante\/","name":"Phytomasque purifiant - Uniest","isPartOf":{"@id":"https:\/\/uniest.it\/#website"},"primaryImageOfPage":{"@id":"https:\/\/uniest.it\/prodotto\/fitomaschera-depurante\/#primaryimage"},"image":{"@id":"https:\/\/uniest.it\/prodotto\/fitomaschera-depurante\/#primaryimage"},"thumbnailUrl":"https:\/\/uniest.it\/wp-content\/uploads\/2020\/11\/039AAE.png","datePublished":"2024-10-23T14:42:29+00:00","dateModified":"2025-03-03T23:00:46+00:00","breadcrumb":{"@id":"https:\/\/uniest.it\/prodotto\/fitomaschera-depurante\/#breadcrumb"},"inLanguage":"fr-FR","potentialAction":[{"@type":"ReadAction","target":["https:\/\/uniest.it\/prodotto\/fitomaschera-depurante\/"]}]},{"@type":"ImageObject","inLanguage":"fr-FR","@id":"https:\/\/uniest.it\/prodotto\/fitomaschera-depurante\/#primaryimage","url":"https:\/\/uniest.it\/wp-content\/uploads\/2020\/11\/039AAE.png","contentUrl":"https:\/\/uniest.it\/wp-content\/uploads\/2020\/11\/039AAE.png","width":1283,"height":2001},{"@type":"BreadcrumbList","@id":"https:\/\/uniest.it\/prodotto\/fitomaschera-depurante\/#breadcrumb","itemListElement":[{"@type":"ListItem","position":1,"name":"Home","item":"https:\/\/uniest.it\/fr\/"},{"@type":"ListItem","position":2,"name":"Shop","item":"https:\/\/uniest.it\/shop\/"},{"@type":"ListItem","position":3,"name":"Phytomasque purifiant"}]},{"@type":"WebSite","@id":"https:\/\/uniest.it\/#website","url":"https:\/\/uniest.it\/","name":"Uniest","description":"Cosmetici Naturali e Bio","potentialAction":[{"@type":"SearchAction","target":{"@type":"EntryPoint","urlTemplate":"https:\/\/uniest.it\/?s={search_term_string}"},"query-input":{"@type":"PropertyValueSpecification","valueRequired":true,"valueName":"search_term_string"}}],"inLanguage":"fr-FR"}]}},"_links":{"self":[{"href":"https:\/\/uniest.it\/fr\/wp-json\/wp\/v2\/product\/5691","targetHints":{"allow":["GET"]}}],"collection":[{"href":"https:\/\/uniest.it\/fr\/wp-json\/wp\/v2\/product"}],"about":[{"href":"https:\/\/uniest.it\/fr\/wp-json\/wp\/v2\/types\/product"}],"wp:featuredmedia":[{"embeddable":true,"href":"https:\/\/uniest.it\/fr\/wp-json\/wp\/v2\/media\/5692"}],"wp:attachment":[{"href":"https:\/\/uniest.it\/fr\/wp-json\/wp\/v2\/media?parent=5691"}],"wp:term":[{"taxonomy":"product_brand","embeddable":true,"href":"https:\/\/uniest.it\/fr\/wp-json\/wp\/v2\/product_brand?post=5691"},{"taxonomy":"product_cat","embeddable":true,"href":"https:\/\/uniest.it\/fr\/wp-json\/wp\/v2\/product_cat?post=5691"},{"taxonomy":"product_tag","embeddable":true,"href":"https:\/\/uniest.it\/fr\/wp-json\/wp\/v2\/product_tag?post=5691"}],"curies":[{"name":"wp","href":"https:\/\/api.w.org\/{rel}","templated":true}]}}