{"id":5693,"date":"2021-02-04T12:58:44","date_gmt":"2024-10-23T14:42:30","guid":{"rendered":"https:\/\/uniest.it\/prodotto\/huile-precieuse-corps\/"},"modified":"2024-10-23T16:29:54","modified_gmt":"2024-10-23T15:29:54","slug":"huile-precieuse-corps","status":"publish","type":"product","link":"https:\/\/uniest.it\/fr\/prodotto\/huile-precieuse-corps\/","title":{"rendered":"Huile Pr\u00e9cieuse Corps"},"content":{"rendered":"<p>C&rsquo;est un excellent alli\u00e9 beaut\u00e9 pour pr\u00e9venir la formation de vergetures, la d\u00e9shydratation et la perte de tonus et d&rsquo;\u00e9lasticit\u00e9. L&rsquo;Huile Pr\u00e9cieuse Corps nourrit, lisse, prot\u00e8ge et hydrate la peau du corps, la rendant douce et \u00e9lastique. Il est compos\u00e9 d&rsquo;un m\u00e9lange d&rsquo;huiles naturelles (son de riz, germe de bl\u00e9, carotte, soja, jojoba, amande douce bio*, squalane v\u00e9g\u00e9tal) qui, par leur action hydratante et anti-radicalaire, conf\u00e8rent \u00e0 la peau un effet lisse et velout\u00e9. . L&rsquo;Huile Pr\u00e9cieuse Corps, gr\u00e2ce aux substances actives, est capable d&rsquo;apporter soulagement et bien-\u00eatre gr\u00e2ce \u00e0 la pr\u00e9sence du Complexe d&rsquo;Extraits V\u00e9g\u00e9taux de Mauve, Calendula et Alth\u00e9a dans l&rsquo;Huile de Tournesol Bio* associ\u00e9 aux pr\u00e9cieuses Vitamine C et Vitamine E. Il a donc une action r\u00e9paratrice sur les peaux matures mais aussi pr\u00e9ventive sur les peaux plus jeunes, freinant la d\u00e9shydratation, favorisant l&rsquo;\u00e9lasticit\u00e9 et retardant le vieillissement pr\u00e9matur\u00e9.<\/p>\n","protected":false},"excerpt":{"rendered":"<p>C&rsquo;est un excellent alli\u00e9 beaut\u00e9 pour pr\u00e9venir la formation de vergetures, la d\u00e9shydratation et la perte de tonus et d&rsquo;\u00e9lasticit\u00e9. L&rsquo;Huile Pr\u00e9cieuse Corps nourrit, lisse, prot\u00e8ge et hydrate la peau du corps, la rendant douce et \u00e9lastique. Il est compos\u00e9 d&rsquo;un m\u00e9lange d&rsquo;huiles naturelles (son de riz, germe de bl\u00e9, carotte, soja, jojoba, amande douce [&hellip;]<\/p>\n","protected":false},"featured_media":5694,"template":"","meta":{"_acf_changed":false,"inline_featured_image":false},"product_brand":[],"product_cat":[1372],"product_tag":[],"class_list":{"0":"post-5693","1":"product","2":"type-product","3":"status-publish","4":"has-post-thumbnail","6":"product_beauty-aromatizzare-e-profumare","7":"product_beauty-idratare","8":"product_beauty-lenire","9":"product_beauty-nutrire-e-rigenerare","10":"product_beauty-rassodare-e-tonificare","11":"product_skin-tutte-le-pelli","12":"product_kind-oli-e-burri","13":"product_lines-corpo-e-benessere","14":"product_cat-corpo-fr","15":"pa_size-100-fr","17":"first","18":"instock","19":"taxable","20":"shipping-taxable","21":"purchasable","22":"product-type-simple"},"acf":[],"yoast_head":"<!-- This site is optimized with the Yoast SEO plugin v24.6 - https:\/\/yoast.com\/wordpress\/plugins\/seo\/ -->\n<title>Huile Pr\u00e9cieuse Corps - Uniest<\/title>\n<meta name=\"robots\" content=\"index, follow, max-snippet:-1, max-image-preview:large, max-video-preview:-1\" \/>\n<link rel=\"canonical\" href=\"https:\/\/uniest.it\/prodotto\/prezioso-olio-corpo\/\" \/>\n<meta property=\"og:locale\" content=\"fr_FR\" \/>\n<meta property=\"og:type\" content=\"article\" \/>\n<meta property=\"og:title\" content=\"Huile Pr\u00e9cieuse Corps - Uniest\" \/>\n<meta property=\"og:description\" content=\"C&rsquo;est un excellent alli\u00e9 beaut\u00e9 pour pr\u00e9venir la formation de vergetures, la d\u00e9shydratation et la perte de tonus et d&rsquo;\u00e9lasticit\u00e9. L&rsquo;Huile Pr\u00e9cieuse Corps nourrit, lisse, prot\u00e8ge et hydrate la peau du corps, la rendant douce et \u00e9lastique. Il est compos\u00e9 d&rsquo;un m\u00e9lange d&rsquo;huiles naturelles (son de riz, germe de bl\u00e9, carotte, soja, jojoba, amande douce [&hellip;]\" \/>\n<meta property=\"og:url\" content=\"https:\/\/uniest.it\/prodotto\/prezioso-olio-corpo\/\" \/>\n<meta property=\"og:site_name\" content=\"Uniest\" \/>\n<meta property=\"article:modified_time\" content=\"2024-10-23T15:29:54+00:00\" \/>\n<meta property=\"og:image\" content=\"https:\/\/uniest.it\/wp-content\/uploads\/2020\/12\/040AAE.png\" \/>\n\t<meta property=\"og:image:width\" content=\"1283\" \/>\n\t<meta property=\"og:image:height\" content=\"2001\" \/>\n\t<meta property=\"og:image:type\" content=\"image\/png\" \/>\n<meta name=\"twitter:card\" content=\"summary_large_image\" \/>\n<meta name=\"twitter:label1\" content=\"Dur\u00e9e de lecture estim\u00e9e\" \/>\n\t<meta name=\"twitter:data1\" content=\"1 minute\" \/>\n<script type=\"application\/ld+json\" class=\"yoast-schema-graph\">{\"@context\":\"https:\/\/schema.org\",\"@graph\":[{\"@type\":\"WebPage\",\"@id\":\"https:\/\/uniest.it\/prodotto\/prezioso-olio-corpo\/\",\"url\":\"https:\/\/uniest.it\/prodotto\/prezioso-olio-corpo\/\",\"name\":\"Huile Pr\u00e9cieuse Corps - Uniest\",\"isPartOf\":{\"@id\":\"https:\/\/uniest.it\/#website\"},\"primaryImageOfPage\":{\"@id\":\"https:\/\/uniest.it\/prodotto\/prezioso-olio-corpo\/#primaryimage\"},\"image\":{\"@id\":\"https:\/\/uniest.it\/prodotto\/prezioso-olio-corpo\/#primaryimage\"},\"thumbnailUrl\":\"https:\/\/uniest.it\/wp-content\/uploads\/2020\/12\/040AAE.png\",\"datePublished\":\"2024-10-23T14:42:30+00:00\",\"dateModified\":\"2024-10-23T15:29:54+00:00\",\"breadcrumb\":{\"@id\":\"https:\/\/uniest.it\/prodotto\/prezioso-olio-corpo\/#breadcrumb\"},\"inLanguage\":\"fr-FR\",\"potentialAction\":[{\"@type\":\"ReadAction\",\"target\":[\"https:\/\/uniest.it\/prodotto\/prezioso-olio-corpo\/\"]}]},{\"@type\":\"ImageObject\",\"inLanguage\":\"fr-FR\",\"@id\":\"https:\/\/uniest.it\/prodotto\/prezioso-olio-corpo\/#primaryimage\",\"url\":\"https:\/\/uniest.it\/wp-content\/uploads\/2020\/12\/040AAE.png\",\"contentUrl\":\"https:\/\/uniest.it\/wp-content\/uploads\/2020\/12\/040AAE.png\",\"width\":1283,\"height\":2001},{\"@type\":\"BreadcrumbList\",\"@id\":\"https:\/\/uniest.it\/prodotto\/prezioso-olio-corpo\/#breadcrumb\",\"itemListElement\":[{\"@type\":\"ListItem\",\"position\":1,\"name\":\"Home\",\"item\":\"https:\/\/uniest.it\/fr\/\"},{\"@type\":\"ListItem\",\"position\":2,\"name\":\"Shop\",\"item\":\"https:\/\/uniest.it\/shop\/\"},{\"@type\":\"ListItem\",\"position\":3,\"name\":\"Huile Pr\u00e9cieuse Corps\"}]},{\"@type\":\"WebSite\",\"@id\":\"https:\/\/uniest.it\/#website\",\"url\":\"https:\/\/uniest.it\/\",\"name\":\"Uniest\",\"description\":\"Cosmetici Naturali e Bio\",\"potentialAction\":[{\"@type\":\"SearchAction\",\"target\":{\"@type\":\"EntryPoint\",\"urlTemplate\":\"https:\/\/uniest.it\/?s={search_term_string}\"},\"query-input\":{\"@type\":\"PropertyValueSpecification\",\"valueRequired\":true,\"valueName\":\"search_term_string\"}}],\"inLanguage\":\"fr-FR\"}]}<\/script>\n<!-- \/ Yoast SEO plugin. -->","yoast_head_json":{"title":"Huile Pr\u00e9cieuse Corps - Uniest","robots":{"index":"index","follow":"follow","max-snippet":"max-snippet:-1","max-image-preview":"max-image-preview:large","max-video-preview":"max-video-preview:-1"},"canonical":"https:\/\/uniest.it\/prodotto\/prezioso-olio-corpo\/","og_locale":"fr_FR","og_type":"article","og_title":"Huile Pr\u00e9cieuse Corps - Uniest","og_description":"C&rsquo;est un excellent alli\u00e9 beaut\u00e9 pour pr\u00e9venir la formation de vergetures, la d\u00e9shydratation et la perte de tonus et d&rsquo;\u00e9lasticit\u00e9. L&rsquo;Huile Pr\u00e9cieuse Corps nourrit, lisse, prot\u00e8ge et hydrate la peau du corps, la rendant douce et \u00e9lastique. Il est compos\u00e9 d&rsquo;un m\u00e9lange d&rsquo;huiles naturelles (son de riz, germe de bl\u00e9, carotte, soja, jojoba, amande douce [&hellip;]","og_url":"https:\/\/uniest.it\/prodotto\/prezioso-olio-corpo\/","og_site_name":"Uniest","article_modified_time":"2024-10-23T15:29:54+00:00","og_image":[{"width":1283,"height":2001,"url":"https:\/\/uniest.it\/wp-content\/uploads\/2020\/12\/040AAE.png","type":"image\/png"}],"twitter_card":"summary_large_image","twitter_misc":{"Dur\u00e9e de lecture estim\u00e9e":"1 minute"},"schema":{"@context":"https:\/\/schema.org","@graph":[{"@type":"WebPage","@id":"https:\/\/uniest.it\/prodotto\/prezioso-olio-corpo\/","url":"https:\/\/uniest.it\/prodotto\/prezioso-olio-corpo\/","name":"Huile Pr\u00e9cieuse Corps - Uniest","isPartOf":{"@id":"https:\/\/uniest.it\/#website"},"primaryImageOfPage":{"@id":"https:\/\/uniest.it\/prodotto\/prezioso-olio-corpo\/#primaryimage"},"image":{"@id":"https:\/\/uniest.it\/prodotto\/prezioso-olio-corpo\/#primaryimage"},"thumbnailUrl":"https:\/\/uniest.it\/wp-content\/uploads\/2020\/12\/040AAE.png","datePublished":"2024-10-23T14:42:30+00:00","dateModified":"2024-10-23T15:29:54+00:00","breadcrumb":{"@id":"https:\/\/uniest.it\/prodotto\/prezioso-olio-corpo\/#breadcrumb"},"inLanguage":"fr-FR","potentialAction":[{"@type":"ReadAction","target":["https:\/\/uniest.it\/prodotto\/prezioso-olio-corpo\/"]}]},{"@type":"ImageObject","inLanguage":"fr-FR","@id":"https:\/\/uniest.it\/prodotto\/prezioso-olio-corpo\/#primaryimage","url":"https:\/\/uniest.it\/wp-content\/uploads\/2020\/12\/040AAE.png","contentUrl":"https:\/\/uniest.it\/wp-content\/uploads\/2020\/12\/040AAE.png","width":1283,"height":2001},{"@type":"BreadcrumbList","@id":"https:\/\/uniest.it\/prodotto\/prezioso-olio-corpo\/#breadcrumb","itemListElement":[{"@type":"ListItem","position":1,"name":"Home","item":"https:\/\/uniest.it\/fr\/"},{"@type":"ListItem","position":2,"name":"Shop","item":"https:\/\/uniest.it\/shop\/"},{"@type":"ListItem","position":3,"name":"Huile Pr\u00e9cieuse Corps"}]},{"@type":"WebSite","@id":"https:\/\/uniest.it\/#website","url":"https:\/\/uniest.it\/","name":"Uniest","description":"Cosmetici Naturali e Bio","potentialAction":[{"@type":"SearchAction","target":{"@type":"EntryPoint","urlTemplate":"https:\/\/uniest.it\/?s={search_term_string}"},"query-input":{"@type":"PropertyValueSpecification","valueRequired":true,"valueName":"search_term_string"}}],"inLanguage":"fr-FR"}]}},"_links":{"self":[{"href":"https:\/\/uniest.it\/fr\/wp-json\/wp\/v2\/product\/5693","targetHints":{"allow":["GET"]}}],"collection":[{"href":"https:\/\/uniest.it\/fr\/wp-json\/wp\/v2\/product"}],"about":[{"href":"https:\/\/uniest.it\/fr\/wp-json\/wp\/v2\/types\/product"}],"wp:featuredmedia":[{"embeddable":true,"href":"https:\/\/uniest.it\/fr\/wp-json\/wp\/v2\/media\/5694"}],"wp:attachment":[{"href":"https:\/\/uniest.it\/fr\/wp-json\/wp\/v2\/media?parent=5693"}],"wp:term":[{"taxonomy":"product_brand","embeddable":true,"href":"https:\/\/uniest.it\/fr\/wp-json\/wp\/v2\/product_brand?post=5693"},{"taxonomy":"product_cat","embeddable":true,"href":"https:\/\/uniest.it\/fr\/wp-json\/wp\/v2\/product_cat?post=5693"},{"taxonomy":"product_tag","embeddable":true,"href":"https:\/\/uniest.it\/fr\/wp-json\/wp\/v2\/product_tag?post=5693"}],"curies":[{"name":"wp","href":"https:\/\/api.w.org\/{rel}","templated":true}]}}