{"id":5695,"date":"2021-02-04T12:58:44","date_gmt":"2024-10-23T14:42:30","guid":{"rendered":"https:\/\/uniest.it\/prodotto\/huile-de-bain-no-stress\/"},"modified":"2024-10-23T16:29:54","modified_gmt":"2024-10-23T15:29:54","slug":"huile-de-bain-no-stress","status":"publish","type":"product","link":"https:\/\/uniest.it\/fr\/prodotto\/huile-de-bain-no-stress\/","title":{"rendered":"Huile de bain NO STRESS"},"content":{"rendered":"<p>L&rsquo;huile de bain No Stress a \u00e9t\u00e9 sp\u00e9cialement con\u00e7ue pour ceux qui souhaitent s&rsquo;accorder une pause d\u00e9tente, ceux qui ont des difficult\u00e9s \u00e0 dormir la nuit, ceux qui ont un mode de vie stressant et pour ceux qui souhaitent simplement s&rsquo;offrir une petite pause. Savamment formul\u00e9e \u00e0 base d&rsquo;huiles essentielles d&rsquo;orange douce, de m\u00e9lisse et de marjolaine, et d&rsquo;extraits v\u00e9g\u00e9taux de camomille*, d&rsquo;\u00e9chinac\u00e9e et de val\u00e9riane bio, elle enveloppe d&rsquo;un agr\u00e9able effet relaxant et apaisant, tandis que le calendula* et l&rsquo;hamam\u00e9lis bio, aux propri\u00e9t\u00e9s apaisantes, ils prot\u00e9ger la peau d\u00e9licatement. Utile \u00e9galement en cas de bains de pieds, pour les jambes fatigu\u00e9es et fatigu\u00e9es.<\/p>\n","protected":false},"excerpt":{"rendered":"<p>L&rsquo;huile de bain No Stress a \u00e9t\u00e9 sp\u00e9cialement con\u00e7ue pour ceux qui souhaitent s&rsquo;accorder une pause d\u00e9tente, ceux qui ont des difficult\u00e9s \u00e0 dormir la nuit, ceux qui ont un mode de vie stressant et pour ceux qui souhaitent simplement s&rsquo;offrir une petite pause. Savamment formul\u00e9e \u00e0 base d&rsquo;huiles essentielles d&rsquo;orange douce, de m\u00e9lisse et [&hellip;]<\/p>\n","protected":false},"featured_media":5696,"template":"","meta":{"_acf_changed":false,"inline_featured_image":false},"product_brand":[],"product_cat":[1372],"product_tag":[],"class_list":{"0":"post-5695","1":"product","2":"type-product","3":"status-publish","4":"has-post-thumbnail","6":"product_beauty-balsamico","7":"product_beauty-detergere","8":"product_beauty-nutrire-e-rigenerare","9":"product_beauty-rassodare-e-tonificare","10":"product_skin-tutte-le-pelli","11":"product_kind-bagno","12":"product_kind-doccia","13":"product_kind-shampoo-e-detergenza","14":"product_kind-trattamenti-speciali","15":"product_lines-corpo-e-benessere","16":"product_cat-corpo-fr","17":"pa_size-100-fr","19":"first","20":"instock","21":"taxable","22":"shipping-taxable","23":"purchasable","24":"product-type-simple"},"acf":[],"yoast_head":"<!-- This site is optimized with the Yoast SEO plugin v24.6 - https:\/\/yoast.com\/wordpress\/plugins\/seo\/ -->\n<title>Huile de bain NO STRESS - Uniest<\/title>\n<meta name=\"robots\" content=\"index, follow, max-snippet:-1, max-image-preview:large, max-video-preview:-1\" \/>\n<link rel=\"canonical\" href=\"https:\/\/uniest.it\/prodotto\/no-stress-olio-da-bagno\/\" \/>\n<meta property=\"og:locale\" content=\"fr_FR\" \/>\n<meta property=\"og:type\" content=\"article\" \/>\n<meta property=\"og:title\" content=\"Huile de bain NO STRESS - Uniest\" \/>\n<meta property=\"og:description\" content=\"L&rsquo;huile de bain No Stress a \u00e9t\u00e9 sp\u00e9cialement con\u00e7ue pour ceux qui souhaitent s&rsquo;accorder une pause d\u00e9tente, ceux qui ont des difficult\u00e9s \u00e0 dormir la nuit, ceux qui ont un mode de vie stressant et pour ceux qui souhaitent simplement s&rsquo;offrir une petite pause. Savamment formul\u00e9e \u00e0 base d&rsquo;huiles essentielles d&rsquo;orange douce, de m\u00e9lisse et [&hellip;]\" \/>\n<meta property=\"og:url\" content=\"https:\/\/uniest.it\/prodotto\/no-stress-olio-da-bagno\/\" \/>\n<meta property=\"og:site_name\" content=\"Uniest\" \/>\n<meta property=\"article:modified_time\" content=\"2024-10-23T15:29:54+00:00\" \/>\n<meta property=\"og:image\" content=\"https:\/\/uniest.it\/wp-content\/uploads\/2020\/11\/041AAE.png\" \/>\n\t<meta property=\"og:image:width\" content=\"1283\" \/>\n\t<meta property=\"og:image:height\" content=\"2001\" \/>\n\t<meta property=\"og:image:type\" content=\"image\/png\" \/>\n<meta name=\"twitter:card\" content=\"summary_large_image\" \/>\n<meta name=\"twitter:label1\" content=\"Dur\u00e9e de lecture estim\u00e9e\" \/>\n\t<meta name=\"twitter:data1\" content=\"1 minute\" \/>\n<script type=\"application\/ld+json\" class=\"yoast-schema-graph\">{\"@context\":\"https:\/\/schema.org\",\"@graph\":[{\"@type\":\"WebPage\",\"@id\":\"https:\/\/uniest.it\/prodotto\/no-stress-olio-da-bagno\/\",\"url\":\"https:\/\/uniest.it\/prodotto\/no-stress-olio-da-bagno\/\",\"name\":\"Huile de bain NO STRESS - Uniest\",\"isPartOf\":{\"@id\":\"https:\/\/uniest.it\/#website\"},\"primaryImageOfPage\":{\"@id\":\"https:\/\/uniest.it\/prodotto\/no-stress-olio-da-bagno\/#primaryimage\"},\"image\":{\"@id\":\"https:\/\/uniest.it\/prodotto\/no-stress-olio-da-bagno\/#primaryimage\"},\"thumbnailUrl\":\"https:\/\/uniest.it\/wp-content\/uploads\/2020\/11\/041AAE.png\",\"datePublished\":\"2024-10-23T14:42:30+00:00\",\"dateModified\":\"2024-10-23T15:29:54+00:00\",\"breadcrumb\":{\"@id\":\"https:\/\/uniest.it\/prodotto\/no-stress-olio-da-bagno\/#breadcrumb\"},\"inLanguage\":\"fr-FR\",\"potentialAction\":[{\"@type\":\"ReadAction\",\"target\":[\"https:\/\/uniest.it\/prodotto\/no-stress-olio-da-bagno\/\"]}]},{\"@type\":\"ImageObject\",\"inLanguage\":\"fr-FR\",\"@id\":\"https:\/\/uniest.it\/prodotto\/no-stress-olio-da-bagno\/#primaryimage\",\"url\":\"https:\/\/uniest.it\/wp-content\/uploads\/2020\/11\/041AAE.png\",\"contentUrl\":\"https:\/\/uniest.it\/wp-content\/uploads\/2020\/11\/041AAE.png\",\"width\":1283,\"height\":2001},{\"@type\":\"BreadcrumbList\",\"@id\":\"https:\/\/uniest.it\/prodotto\/no-stress-olio-da-bagno\/#breadcrumb\",\"itemListElement\":[{\"@type\":\"ListItem\",\"position\":1,\"name\":\"Home\",\"item\":\"https:\/\/uniest.it\/fr\/\"},{\"@type\":\"ListItem\",\"position\":2,\"name\":\"Shop\",\"item\":\"https:\/\/uniest.it\/shop\/\"},{\"@type\":\"ListItem\",\"position\":3,\"name\":\"Huile de bain NO STRESS\"}]},{\"@type\":\"WebSite\",\"@id\":\"https:\/\/uniest.it\/#website\",\"url\":\"https:\/\/uniest.it\/\",\"name\":\"Uniest\",\"description\":\"Cosmetici Naturali e Bio\",\"potentialAction\":[{\"@type\":\"SearchAction\",\"target\":{\"@type\":\"EntryPoint\",\"urlTemplate\":\"https:\/\/uniest.it\/?s={search_term_string}\"},\"query-input\":{\"@type\":\"PropertyValueSpecification\",\"valueRequired\":true,\"valueName\":\"search_term_string\"}}],\"inLanguage\":\"fr-FR\"}]}<\/script>\n<!-- \/ Yoast SEO plugin. -->","yoast_head_json":{"title":"Huile de bain NO STRESS - Uniest","robots":{"index":"index","follow":"follow","max-snippet":"max-snippet:-1","max-image-preview":"max-image-preview:large","max-video-preview":"max-video-preview:-1"},"canonical":"https:\/\/uniest.it\/prodotto\/no-stress-olio-da-bagno\/","og_locale":"fr_FR","og_type":"article","og_title":"Huile de bain NO STRESS - Uniest","og_description":"L&rsquo;huile de bain No Stress a \u00e9t\u00e9 sp\u00e9cialement con\u00e7ue pour ceux qui souhaitent s&rsquo;accorder une pause d\u00e9tente, ceux qui ont des difficult\u00e9s \u00e0 dormir la nuit, ceux qui ont un mode de vie stressant et pour ceux qui souhaitent simplement s&rsquo;offrir une petite pause. Savamment formul\u00e9e \u00e0 base d&rsquo;huiles essentielles d&rsquo;orange douce, de m\u00e9lisse et [&hellip;]","og_url":"https:\/\/uniest.it\/prodotto\/no-stress-olio-da-bagno\/","og_site_name":"Uniest","article_modified_time":"2024-10-23T15:29:54+00:00","og_image":[{"width":1283,"height":2001,"url":"https:\/\/uniest.it\/wp-content\/uploads\/2020\/11\/041AAE.png","type":"image\/png"}],"twitter_card":"summary_large_image","twitter_misc":{"Dur\u00e9e de lecture estim\u00e9e":"1 minute"},"schema":{"@context":"https:\/\/schema.org","@graph":[{"@type":"WebPage","@id":"https:\/\/uniest.it\/prodotto\/no-stress-olio-da-bagno\/","url":"https:\/\/uniest.it\/prodotto\/no-stress-olio-da-bagno\/","name":"Huile de bain NO STRESS - Uniest","isPartOf":{"@id":"https:\/\/uniest.it\/#website"},"primaryImageOfPage":{"@id":"https:\/\/uniest.it\/prodotto\/no-stress-olio-da-bagno\/#primaryimage"},"image":{"@id":"https:\/\/uniest.it\/prodotto\/no-stress-olio-da-bagno\/#primaryimage"},"thumbnailUrl":"https:\/\/uniest.it\/wp-content\/uploads\/2020\/11\/041AAE.png","datePublished":"2024-10-23T14:42:30+00:00","dateModified":"2024-10-23T15:29:54+00:00","breadcrumb":{"@id":"https:\/\/uniest.it\/prodotto\/no-stress-olio-da-bagno\/#breadcrumb"},"inLanguage":"fr-FR","potentialAction":[{"@type":"ReadAction","target":["https:\/\/uniest.it\/prodotto\/no-stress-olio-da-bagno\/"]}]},{"@type":"ImageObject","inLanguage":"fr-FR","@id":"https:\/\/uniest.it\/prodotto\/no-stress-olio-da-bagno\/#primaryimage","url":"https:\/\/uniest.it\/wp-content\/uploads\/2020\/11\/041AAE.png","contentUrl":"https:\/\/uniest.it\/wp-content\/uploads\/2020\/11\/041AAE.png","width":1283,"height":2001},{"@type":"BreadcrumbList","@id":"https:\/\/uniest.it\/prodotto\/no-stress-olio-da-bagno\/#breadcrumb","itemListElement":[{"@type":"ListItem","position":1,"name":"Home","item":"https:\/\/uniest.it\/fr\/"},{"@type":"ListItem","position":2,"name":"Shop","item":"https:\/\/uniest.it\/shop\/"},{"@type":"ListItem","position":3,"name":"Huile de bain NO STRESS"}]},{"@type":"WebSite","@id":"https:\/\/uniest.it\/#website","url":"https:\/\/uniest.it\/","name":"Uniest","description":"Cosmetici Naturali e Bio","potentialAction":[{"@type":"SearchAction","target":{"@type":"EntryPoint","urlTemplate":"https:\/\/uniest.it\/?s={search_term_string}"},"query-input":{"@type":"PropertyValueSpecification","valueRequired":true,"valueName":"search_term_string"}}],"inLanguage":"fr-FR"}]}},"_links":{"self":[{"href":"https:\/\/uniest.it\/fr\/wp-json\/wp\/v2\/product\/5695","targetHints":{"allow":["GET"]}}],"collection":[{"href":"https:\/\/uniest.it\/fr\/wp-json\/wp\/v2\/product"}],"about":[{"href":"https:\/\/uniest.it\/fr\/wp-json\/wp\/v2\/types\/product"}],"wp:featuredmedia":[{"embeddable":true,"href":"https:\/\/uniest.it\/fr\/wp-json\/wp\/v2\/media\/5696"}],"wp:attachment":[{"href":"https:\/\/uniest.it\/fr\/wp-json\/wp\/v2\/media?parent=5695"}],"wp:term":[{"taxonomy":"product_brand","embeddable":true,"href":"https:\/\/uniest.it\/fr\/wp-json\/wp\/v2\/product_brand?post=5695"},{"taxonomy":"product_cat","embeddable":true,"href":"https:\/\/uniest.it\/fr\/wp-json\/wp\/v2\/product_cat?post=5695"},{"taxonomy":"product_tag","embeddable":true,"href":"https:\/\/uniest.it\/fr\/wp-json\/wp\/v2\/product_tag?post=5695"}],"curies":[{"name":"wp","href":"https:\/\/api.w.org\/{rel}","templated":true}]}}