{"id":5697,"date":"2021-02-04T12:58:44","date_gmt":"2024-10-23T14:42:31","guid":{"rendered":"https:\/\/uniest.it\/prodotto\/phytomasque-aux-algues-spiruline\/"},"modified":"2025-03-04T00:00:47","modified_gmt":"2025-03-03T23:00:47","slug":"phytomasque-aux-algues-spiruline","status":"publish","type":"product","link":"https:\/\/uniest.it\/fr\/prodotto\/phytomasque-aux-algues-spiruline\/","title":{"rendered":"Phytomasque aux algues spiruline"},"content":{"rendered":"<p>Phytomasque aux algues spiruline L&rsquo;algue spiruline est une alli\u00e9e pr\u00e9cieuse gr\u00e2ce \u00e0 ses effets b\u00e9n\u00e9fiques pour la beaut\u00e9 de la peau. Bienfaits de l&rsquo;algue spiruline sur la peau et le visage : <\/p>\n<ul>\n<li>Elle a un effet anti-\u00e2ge (ou anti-\u00e2ge). La spiruline est riche en vitamine E ou tocoph\u00e9rol, en s\u00e9l\u00e9nium et en tyrosine, tous des nutriments connus pour leurs effets anti-\u00e2ge\u00a0;<\/li>\n<li>Tonifie et donne un aspect plus lumineux \u00e0 la peau\u00a0;<\/li>\n<li> li>\n<li>La pr\u00e9sence de vitamines C, E, A, K et de vitamines B2, B3, B1, B5, B9, B6, de zinc, de cuivre, de phosphore, de fer, de mangan\u00e8se, de potassium, de calcium et de s\u00e9l\u00e9nium, en fait donc un excellente mati\u00e8re premi\u00e8re pour raffermir et tonifier la peau, puisque tous ces nutriments sont n\u00e9cessaires pour avoir une peau lumineuse\u00a0;<\/li>\n<li>\u00c9limine les toxines de l&rsquo;organisme\u00a0: en contribuant \u00e0 am\u00e9liorer le m\u00e9tabolisme, la spiruline contribue \u00e0 am\u00e9liorer votre apparence g\u00e9n\u00e9rale en contribuant \u00e0 terme \u00e0 l&rsquo;\u00e9limination des m\u00e9taux lourds et des toxines de l&rsquo;organisme. De plus, la forte concentration de chlorophylle qu&rsquo;elle contient aide \u00e0 \u00e9liminer les radicaux libres et \u00e0 rendre votre peau plus lisse et plus douce ;<\/li>\n<li>Elle a un effet anti-acn\u00e9ique\u00a0: la vitamine A contenue dans la spiruline est capable d&rsquo;intervenir sur la peau. apparition de cette imperfection, et d&rsquo;une mani\u00e8re g\u00e9n\u00e9rale, sur toutes les pathologies conduisant \u00e0 l&rsquo;apparition de l&rsquo;ecz\u00e9ma. La vitamine A, en effet, r\u00e9gule la s\u00e9cr\u00e9tion des glandes s\u00e9bac\u00e9es, r\u00e9duisant ainsi l&rsquo;apparition de boutons. L&rsquo;Algue Spiruline, associ\u00e9e \u00e0 l&rsquo;extrait v\u00e9g\u00e9tal de Fucus, une algue marine riche en oligo-\u00e9l\u00e9ments, a une action min\u00e9ralisante dans le r\u00e9\u00e9quilibrage hydrolipidique des peaux mixtes et grasses. Une action suppl\u00e9mentaire purifiante, protectrice et \u00e9molliente pour la peau est exerc\u00e9e par l&rsquo;huile essentielle d&rsquo;orange douce et l&rsquo;huile de son de riz.<\/li>\n<\/ul>\n","protected":false},"excerpt":{"rendered":"<p>Phytomasque aux algues spiruline L&rsquo;algue spiruline est une alli\u00e9e pr\u00e9cieuse gr\u00e2ce \u00e0 ses effets b\u00e9n\u00e9fiques pour la beaut\u00e9 de la peau. Bienfaits de l&rsquo;algue spiruline sur la peau et le visage : Elle a un effet anti-\u00e2ge (ou anti-\u00e2ge). La spiruline est riche en vitamine E ou tocoph\u00e9rol, en s\u00e9l\u00e9nium et en tyrosine, tous des [&hellip;]<\/p>\n","protected":false},"featured_media":5698,"template":"","meta":{"_acf_changed":false,"inline_featured_image":false},"product_brand":[],"product_cat":[1383],"product_tag":[],"class_list":{"0":"post-5697","1":"product","2":"type-product","3":"status-publish","4":"has-post-thumbnail","6":"product_beauty-detox-e-dren","7":"product_beauty-idratare","8":"product_beauty-lenire","9":"product_beauty-purificare","10":"product_beauty-riequilibrare","11":"product_skin-pelli-grasee-e-impure","12":"product_kind-creme-pelli-complesse","13":"product_kind-maschere-ed-esfolianti","14":"product_kind-trattamenti-speciali","15":"product_lines-pelli-grasse-e-miste","16":"product_cat-viso-fr","17":"pa_size-50-fr","19":"first","20":"instock","21":"taxable","22":"shipping-taxable","23":"purchasable","24":"product-type-simple"},"acf":[],"yoast_head":"<!-- This site is optimized with the Yoast SEO plugin v24.6 - https:\/\/yoast.com\/wordpress\/plugins\/seo\/ -->\n<title>Phytomasque aux algues spiruline - Uniest<\/title>\n<meta name=\"robots\" content=\"index, follow, max-snippet:-1, max-image-preview:large, max-video-preview:-1\" \/>\n<link rel=\"canonical\" href=\"https:\/\/uniest.it\/prodotto\/fitomaschera-alga-spirulina\/\" \/>\n<meta property=\"og:locale\" content=\"fr_FR\" \/>\n<meta property=\"og:type\" content=\"article\" \/>\n<meta property=\"og:title\" content=\"Phytomasque aux algues spiruline - Uniest\" \/>\n<meta property=\"og:description\" content=\"Phytomasque aux algues spiruline L&rsquo;algue spiruline est une alli\u00e9e pr\u00e9cieuse gr\u00e2ce \u00e0 ses effets b\u00e9n\u00e9fiques pour la beaut\u00e9 de la peau. Bienfaits de l&rsquo;algue spiruline sur la peau et le visage : Elle a un effet anti-\u00e2ge (ou anti-\u00e2ge). La spiruline est riche en vitamine E ou tocoph\u00e9rol, en s\u00e9l\u00e9nium et en tyrosine, tous des [&hellip;]\" \/>\n<meta property=\"og:url\" content=\"https:\/\/uniest.it\/prodotto\/fitomaschera-alga-spirulina\/\" \/>\n<meta property=\"og:site_name\" content=\"Uniest\" \/>\n<meta property=\"article:modified_time\" content=\"2025-03-03T23:00:47+00:00\" \/>\n<meta property=\"og:image\" content=\"https:\/\/uniest.it\/wp-content\/uploads\/2020\/11\/042AAE.png\" \/>\n\t<meta property=\"og:image:width\" content=\"1283\" \/>\n\t<meta property=\"og:image:height\" content=\"2001\" \/>\n\t<meta property=\"og:image:type\" content=\"image\/png\" \/>\n<meta name=\"twitter:card\" content=\"summary_large_image\" \/>\n<meta name=\"twitter:label1\" content=\"Dur\u00e9e de lecture estim\u00e9e\" \/>\n\t<meta name=\"twitter:data1\" content=\"2 minutes\" \/>\n<script type=\"application\/ld+json\" class=\"yoast-schema-graph\">{\"@context\":\"https:\/\/schema.org\",\"@graph\":[{\"@type\":\"WebPage\",\"@id\":\"https:\/\/uniest.it\/prodotto\/fitomaschera-alga-spirulina\/\",\"url\":\"https:\/\/uniest.it\/prodotto\/fitomaschera-alga-spirulina\/\",\"name\":\"Phytomasque aux algues spiruline - Uniest\",\"isPartOf\":{\"@id\":\"https:\/\/uniest.it\/#website\"},\"primaryImageOfPage\":{\"@id\":\"https:\/\/uniest.it\/prodotto\/fitomaschera-alga-spirulina\/#primaryimage\"},\"image\":{\"@id\":\"https:\/\/uniest.it\/prodotto\/fitomaschera-alga-spirulina\/#primaryimage\"},\"thumbnailUrl\":\"https:\/\/uniest.it\/wp-content\/uploads\/2020\/11\/042AAE.png\",\"datePublished\":\"2024-10-23T14:42:31+00:00\",\"dateModified\":\"2025-03-03T23:00:47+00:00\",\"breadcrumb\":{\"@id\":\"https:\/\/uniest.it\/prodotto\/fitomaschera-alga-spirulina\/#breadcrumb\"},\"inLanguage\":\"fr-FR\",\"potentialAction\":[{\"@type\":\"ReadAction\",\"target\":[\"https:\/\/uniest.it\/prodotto\/fitomaschera-alga-spirulina\/\"]}]},{\"@type\":\"ImageObject\",\"inLanguage\":\"fr-FR\",\"@id\":\"https:\/\/uniest.it\/prodotto\/fitomaschera-alga-spirulina\/#primaryimage\",\"url\":\"https:\/\/uniest.it\/wp-content\/uploads\/2020\/11\/042AAE.png\",\"contentUrl\":\"https:\/\/uniest.it\/wp-content\/uploads\/2020\/11\/042AAE.png\",\"width\":1283,\"height\":2001},{\"@type\":\"BreadcrumbList\",\"@id\":\"https:\/\/uniest.it\/prodotto\/fitomaschera-alga-spirulina\/#breadcrumb\",\"itemListElement\":[{\"@type\":\"ListItem\",\"position\":1,\"name\":\"Home\",\"item\":\"https:\/\/uniest.it\/fr\/\"},{\"@type\":\"ListItem\",\"position\":2,\"name\":\"Shop\",\"item\":\"https:\/\/uniest.it\/shop\/\"},{\"@type\":\"ListItem\",\"position\":3,\"name\":\"Phytomasque aux algues spiruline\"}]},{\"@type\":\"WebSite\",\"@id\":\"https:\/\/uniest.it\/#website\",\"url\":\"https:\/\/uniest.it\/\",\"name\":\"Uniest\",\"description\":\"Cosmetici Naturali e Bio\",\"potentialAction\":[{\"@type\":\"SearchAction\",\"target\":{\"@type\":\"EntryPoint\",\"urlTemplate\":\"https:\/\/uniest.it\/?s={search_term_string}\"},\"query-input\":{\"@type\":\"PropertyValueSpecification\",\"valueRequired\":true,\"valueName\":\"search_term_string\"}}],\"inLanguage\":\"fr-FR\"}]}<\/script>\n<!-- \/ Yoast SEO plugin. -->","yoast_head_json":{"title":"Phytomasque aux algues spiruline - Uniest","robots":{"index":"index","follow":"follow","max-snippet":"max-snippet:-1","max-image-preview":"max-image-preview:large","max-video-preview":"max-video-preview:-1"},"canonical":"https:\/\/uniest.it\/prodotto\/fitomaschera-alga-spirulina\/","og_locale":"fr_FR","og_type":"article","og_title":"Phytomasque aux algues spiruline - Uniest","og_description":"Phytomasque aux algues spiruline L&rsquo;algue spiruline est une alli\u00e9e pr\u00e9cieuse gr\u00e2ce \u00e0 ses effets b\u00e9n\u00e9fiques pour la beaut\u00e9 de la peau. Bienfaits de l&rsquo;algue spiruline sur la peau et le visage : Elle a un effet anti-\u00e2ge (ou anti-\u00e2ge). La spiruline est riche en vitamine E ou tocoph\u00e9rol, en s\u00e9l\u00e9nium et en tyrosine, tous des [&hellip;]","og_url":"https:\/\/uniest.it\/prodotto\/fitomaschera-alga-spirulina\/","og_site_name":"Uniest","article_modified_time":"2025-03-03T23:00:47+00:00","og_image":[{"width":1283,"height":2001,"url":"https:\/\/uniest.it\/wp-content\/uploads\/2020\/11\/042AAE.png","type":"image\/png"}],"twitter_card":"summary_large_image","twitter_misc":{"Dur\u00e9e de lecture estim\u00e9e":"2 minutes"},"schema":{"@context":"https:\/\/schema.org","@graph":[{"@type":"WebPage","@id":"https:\/\/uniest.it\/prodotto\/fitomaschera-alga-spirulina\/","url":"https:\/\/uniest.it\/prodotto\/fitomaschera-alga-spirulina\/","name":"Phytomasque aux algues spiruline - Uniest","isPartOf":{"@id":"https:\/\/uniest.it\/#website"},"primaryImageOfPage":{"@id":"https:\/\/uniest.it\/prodotto\/fitomaschera-alga-spirulina\/#primaryimage"},"image":{"@id":"https:\/\/uniest.it\/prodotto\/fitomaschera-alga-spirulina\/#primaryimage"},"thumbnailUrl":"https:\/\/uniest.it\/wp-content\/uploads\/2020\/11\/042AAE.png","datePublished":"2024-10-23T14:42:31+00:00","dateModified":"2025-03-03T23:00:47+00:00","breadcrumb":{"@id":"https:\/\/uniest.it\/prodotto\/fitomaschera-alga-spirulina\/#breadcrumb"},"inLanguage":"fr-FR","potentialAction":[{"@type":"ReadAction","target":["https:\/\/uniest.it\/prodotto\/fitomaschera-alga-spirulina\/"]}]},{"@type":"ImageObject","inLanguage":"fr-FR","@id":"https:\/\/uniest.it\/prodotto\/fitomaschera-alga-spirulina\/#primaryimage","url":"https:\/\/uniest.it\/wp-content\/uploads\/2020\/11\/042AAE.png","contentUrl":"https:\/\/uniest.it\/wp-content\/uploads\/2020\/11\/042AAE.png","width":1283,"height":2001},{"@type":"BreadcrumbList","@id":"https:\/\/uniest.it\/prodotto\/fitomaschera-alga-spirulina\/#breadcrumb","itemListElement":[{"@type":"ListItem","position":1,"name":"Home","item":"https:\/\/uniest.it\/fr\/"},{"@type":"ListItem","position":2,"name":"Shop","item":"https:\/\/uniest.it\/shop\/"},{"@type":"ListItem","position":3,"name":"Phytomasque aux algues spiruline"}]},{"@type":"WebSite","@id":"https:\/\/uniest.it\/#website","url":"https:\/\/uniest.it\/","name":"Uniest","description":"Cosmetici Naturali e Bio","potentialAction":[{"@type":"SearchAction","target":{"@type":"EntryPoint","urlTemplate":"https:\/\/uniest.it\/?s={search_term_string}"},"query-input":{"@type":"PropertyValueSpecification","valueRequired":true,"valueName":"search_term_string"}}],"inLanguage":"fr-FR"}]}},"_links":{"self":[{"href":"https:\/\/uniest.it\/fr\/wp-json\/wp\/v2\/product\/5697","targetHints":{"allow":["GET"]}}],"collection":[{"href":"https:\/\/uniest.it\/fr\/wp-json\/wp\/v2\/product"}],"about":[{"href":"https:\/\/uniest.it\/fr\/wp-json\/wp\/v2\/types\/product"}],"wp:featuredmedia":[{"embeddable":true,"href":"https:\/\/uniest.it\/fr\/wp-json\/wp\/v2\/media\/5698"}],"wp:attachment":[{"href":"https:\/\/uniest.it\/fr\/wp-json\/wp\/v2\/media?parent=5697"}],"wp:term":[{"taxonomy":"product_brand","embeddable":true,"href":"https:\/\/uniest.it\/fr\/wp-json\/wp\/v2\/product_brand?post=5697"},{"taxonomy":"product_cat","embeddable":true,"href":"https:\/\/uniest.it\/fr\/wp-json\/wp\/v2\/product_cat?post=5697"},{"taxonomy":"product_tag","embeddable":true,"href":"https:\/\/uniest.it\/fr\/wp-json\/wp\/v2\/product_tag?post=5697"}],"curies":[{"name":"wp","href":"https:\/\/api.w.org\/{rel}","templated":true}]}}