{"id":5699,"date":"2021-02-04T12:58:44","date_gmt":"2024-10-23T14:42:32","guid":{"rendered":"https:\/\/uniest.it\/prodotto\/huile-de-bain-energie\/"},"modified":"2024-10-23T16:29:55","modified_gmt":"2024-10-23T15:29:55","slug":"huile-de-bain-energie","status":"publish","type":"product","link":"https:\/\/uniest.it\/fr\/prodotto\/huile-de-bain-energie\/","title":{"rendered":"Huile de bain \u00c9NERGIE"},"content":{"rendered":"<p>D\u00e9di\u00e9 \u00e0 ceux qui, apr\u00e8s une journ\u00e9e de travail acharn\u00e9, ne veulent pas c\u00e9der \u00e0 la fatigue, mais souhaitent retrouver une nouvelle vitalit\u00e9 et un regain d&rsquo;\u00e9nergie. Gr\u00e2ce au savant m\u00e9lange de pr\u00e9cieuses Huiles Essentielles Naturelles et d&rsquo;Extraits Naturels de Plantes d&rsquo;Eucalyptus, Romarin, Alo\u00e8s Bio*, Calendula Bio*, Menthol, Gen\u00e9vrier, Bois de Santal, Camphre, Millepertuis, Cypr\u00e8s et Lavande, il a \u00e9t\u00e9 possible d&rsquo;obtenir un produit aux propri\u00e9t\u00e9s aromatiques extraordinaires, stimulantes, balsamiques et \u00e9nergisantes. Utile \u00e9galement en cas de bain de pieds, lorsque l&rsquo;on souhaite un effet tonifiant et rafra\u00eechissant.<\/p>\n","protected":false},"excerpt":{"rendered":"<p>D\u00e9di\u00e9 \u00e0 ceux qui, apr\u00e8s une journ\u00e9e de travail acharn\u00e9, ne veulent pas c\u00e9der \u00e0 la fatigue, mais souhaitent retrouver une nouvelle vitalit\u00e9 et un regain d&rsquo;\u00e9nergie. Gr\u00e2ce au savant m\u00e9lange de pr\u00e9cieuses Huiles Essentielles Naturelles et d&rsquo;Extraits Naturels de Plantes d&rsquo;Eucalyptus, Romarin, Alo\u00e8s Bio*, Calendula Bio*, Menthol, Gen\u00e9vrier, Bois de Santal, Camphre, Millepertuis, Cypr\u00e8s [&hellip;]<\/p>\n","protected":false},"featured_media":5700,"template":"","meta":{"_acf_changed":false,"inline_featured_image":false},"product_brand":[],"product_cat":[1372],"product_tag":[],"class_list":{"0":"post-5699","1":"product","2":"type-product","3":"status-publish","4":"has-post-thumbnail","6":"product_beauty-balsamico","7":"product_beauty-detergere","8":"product_beauty-rassodare-e-tonificare","9":"product_skin-tutte-le-pelli","10":"product_kind-bagno","11":"product_kind-doccia","12":"product_kind-shampoo-e-detergenza","13":"product_kind-trattamenti-speciali","14":"product_lines-corpo-e-benessere","15":"product_cat-corpo-fr","16":"pa_size-100-fr","18":"first","19":"instock","20":"taxable","21":"shipping-taxable","22":"purchasable","23":"product-type-simple"},"acf":[],"yoast_head":"<!-- This site is optimized with the Yoast SEO plugin v24.6 - https:\/\/yoast.com\/wordpress\/plugins\/seo\/ -->\n<title>Huile de bain \u00c9NERGIE - Uniest<\/title>\n<meta name=\"robots\" content=\"index, follow, max-snippet:-1, max-image-preview:large, max-video-preview:-1\" \/>\n<link rel=\"canonical\" href=\"https:\/\/uniest.it\/prodotto\/energia-olio-da-bagno\/\" \/>\n<meta property=\"og:locale\" content=\"fr_FR\" \/>\n<meta property=\"og:type\" content=\"article\" \/>\n<meta property=\"og:title\" content=\"Huile de bain \u00c9NERGIE - Uniest\" \/>\n<meta property=\"og:description\" content=\"D\u00e9di\u00e9 \u00e0 ceux qui, apr\u00e8s une journ\u00e9e de travail acharn\u00e9, ne veulent pas c\u00e9der \u00e0 la fatigue, mais souhaitent retrouver une nouvelle vitalit\u00e9 et un regain d&rsquo;\u00e9nergie. Gr\u00e2ce au savant m\u00e9lange de pr\u00e9cieuses Huiles Essentielles Naturelles et d&rsquo;Extraits Naturels de Plantes d&rsquo;Eucalyptus, Romarin, Alo\u00e8s Bio*, Calendula Bio*, Menthol, Gen\u00e9vrier, Bois de Santal, Camphre, Millepertuis, Cypr\u00e8s [&hellip;]\" \/>\n<meta property=\"og:url\" content=\"https:\/\/uniest.it\/prodotto\/energia-olio-da-bagno\/\" \/>\n<meta property=\"og:site_name\" content=\"Uniest\" \/>\n<meta property=\"article:modified_time\" content=\"2024-10-23T15:29:55+00:00\" \/>\n<meta property=\"og:image\" content=\"https:\/\/uniest.it\/wp-content\/uploads\/2020\/11\/043AAE.png\" \/>\n\t<meta property=\"og:image:width\" content=\"1283\" \/>\n\t<meta property=\"og:image:height\" content=\"2001\" \/>\n\t<meta property=\"og:image:type\" content=\"image\/png\" \/>\n<meta name=\"twitter:card\" content=\"summary_large_image\" \/>\n<meta name=\"twitter:label1\" content=\"Dur\u00e9e de lecture estim\u00e9e\" \/>\n\t<meta name=\"twitter:data1\" content=\"1 minute\" \/>\n<script type=\"application\/ld+json\" class=\"yoast-schema-graph\">{\"@context\":\"https:\/\/schema.org\",\"@graph\":[{\"@type\":\"WebPage\",\"@id\":\"https:\/\/uniest.it\/prodotto\/energia-olio-da-bagno\/\",\"url\":\"https:\/\/uniest.it\/prodotto\/energia-olio-da-bagno\/\",\"name\":\"Huile de bain \u00c9NERGIE - Uniest\",\"isPartOf\":{\"@id\":\"https:\/\/uniest.it\/#website\"},\"primaryImageOfPage\":{\"@id\":\"https:\/\/uniest.it\/prodotto\/energia-olio-da-bagno\/#primaryimage\"},\"image\":{\"@id\":\"https:\/\/uniest.it\/prodotto\/energia-olio-da-bagno\/#primaryimage\"},\"thumbnailUrl\":\"https:\/\/uniest.it\/wp-content\/uploads\/2020\/11\/043AAE.png\",\"datePublished\":\"2024-10-23T14:42:32+00:00\",\"dateModified\":\"2024-10-23T15:29:55+00:00\",\"breadcrumb\":{\"@id\":\"https:\/\/uniest.it\/prodotto\/energia-olio-da-bagno\/#breadcrumb\"},\"inLanguage\":\"fr-FR\",\"potentialAction\":[{\"@type\":\"ReadAction\",\"target\":[\"https:\/\/uniest.it\/prodotto\/energia-olio-da-bagno\/\"]}]},{\"@type\":\"ImageObject\",\"inLanguage\":\"fr-FR\",\"@id\":\"https:\/\/uniest.it\/prodotto\/energia-olio-da-bagno\/#primaryimage\",\"url\":\"https:\/\/uniest.it\/wp-content\/uploads\/2020\/11\/043AAE.png\",\"contentUrl\":\"https:\/\/uniest.it\/wp-content\/uploads\/2020\/11\/043AAE.png\",\"width\":1283,\"height\":2001},{\"@type\":\"BreadcrumbList\",\"@id\":\"https:\/\/uniest.it\/prodotto\/energia-olio-da-bagno\/#breadcrumb\",\"itemListElement\":[{\"@type\":\"ListItem\",\"position\":1,\"name\":\"Home\",\"item\":\"https:\/\/uniest.it\/fr\/\"},{\"@type\":\"ListItem\",\"position\":2,\"name\":\"Shop\",\"item\":\"https:\/\/uniest.it\/shop\/\"},{\"@type\":\"ListItem\",\"position\":3,\"name\":\"Huile de bain \u00c9NERGIE\"}]},{\"@type\":\"WebSite\",\"@id\":\"https:\/\/uniest.it\/#website\",\"url\":\"https:\/\/uniest.it\/\",\"name\":\"Uniest\",\"description\":\"Cosmetici Naturali e Bio\",\"potentialAction\":[{\"@type\":\"SearchAction\",\"target\":{\"@type\":\"EntryPoint\",\"urlTemplate\":\"https:\/\/uniest.it\/?s={search_term_string}\"},\"query-input\":{\"@type\":\"PropertyValueSpecification\",\"valueRequired\":true,\"valueName\":\"search_term_string\"}}],\"inLanguage\":\"fr-FR\"}]}<\/script>\n<!-- \/ Yoast SEO plugin. -->","yoast_head_json":{"title":"Huile de bain \u00c9NERGIE - Uniest","robots":{"index":"index","follow":"follow","max-snippet":"max-snippet:-1","max-image-preview":"max-image-preview:large","max-video-preview":"max-video-preview:-1"},"canonical":"https:\/\/uniest.it\/prodotto\/energia-olio-da-bagno\/","og_locale":"fr_FR","og_type":"article","og_title":"Huile de bain \u00c9NERGIE - Uniest","og_description":"D\u00e9di\u00e9 \u00e0 ceux qui, apr\u00e8s une journ\u00e9e de travail acharn\u00e9, ne veulent pas c\u00e9der \u00e0 la fatigue, mais souhaitent retrouver une nouvelle vitalit\u00e9 et un regain d&rsquo;\u00e9nergie. Gr\u00e2ce au savant m\u00e9lange de pr\u00e9cieuses Huiles Essentielles Naturelles et d&rsquo;Extraits Naturels de Plantes d&rsquo;Eucalyptus, Romarin, Alo\u00e8s Bio*, Calendula Bio*, Menthol, Gen\u00e9vrier, Bois de Santal, Camphre, Millepertuis, Cypr\u00e8s [&hellip;]","og_url":"https:\/\/uniest.it\/prodotto\/energia-olio-da-bagno\/","og_site_name":"Uniest","article_modified_time":"2024-10-23T15:29:55+00:00","og_image":[{"width":1283,"height":2001,"url":"https:\/\/uniest.it\/wp-content\/uploads\/2020\/11\/043AAE.png","type":"image\/png"}],"twitter_card":"summary_large_image","twitter_misc":{"Dur\u00e9e de lecture estim\u00e9e":"1 minute"},"schema":{"@context":"https:\/\/schema.org","@graph":[{"@type":"WebPage","@id":"https:\/\/uniest.it\/prodotto\/energia-olio-da-bagno\/","url":"https:\/\/uniest.it\/prodotto\/energia-olio-da-bagno\/","name":"Huile de bain \u00c9NERGIE - Uniest","isPartOf":{"@id":"https:\/\/uniest.it\/#website"},"primaryImageOfPage":{"@id":"https:\/\/uniest.it\/prodotto\/energia-olio-da-bagno\/#primaryimage"},"image":{"@id":"https:\/\/uniest.it\/prodotto\/energia-olio-da-bagno\/#primaryimage"},"thumbnailUrl":"https:\/\/uniest.it\/wp-content\/uploads\/2020\/11\/043AAE.png","datePublished":"2024-10-23T14:42:32+00:00","dateModified":"2024-10-23T15:29:55+00:00","breadcrumb":{"@id":"https:\/\/uniest.it\/prodotto\/energia-olio-da-bagno\/#breadcrumb"},"inLanguage":"fr-FR","potentialAction":[{"@type":"ReadAction","target":["https:\/\/uniest.it\/prodotto\/energia-olio-da-bagno\/"]}]},{"@type":"ImageObject","inLanguage":"fr-FR","@id":"https:\/\/uniest.it\/prodotto\/energia-olio-da-bagno\/#primaryimage","url":"https:\/\/uniest.it\/wp-content\/uploads\/2020\/11\/043AAE.png","contentUrl":"https:\/\/uniest.it\/wp-content\/uploads\/2020\/11\/043AAE.png","width":1283,"height":2001},{"@type":"BreadcrumbList","@id":"https:\/\/uniest.it\/prodotto\/energia-olio-da-bagno\/#breadcrumb","itemListElement":[{"@type":"ListItem","position":1,"name":"Home","item":"https:\/\/uniest.it\/fr\/"},{"@type":"ListItem","position":2,"name":"Shop","item":"https:\/\/uniest.it\/shop\/"},{"@type":"ListItem","position":3,"name":"Huile de bain \u00c9NERGIE"}]},{"@type":"WebSite","@id":"https:\/\/uniest.it\/#website","url":"https:\/\/uniest.it\/","name":"Uniest","description":"Cosmetici Naturali e Bio","potentialAction":[{"@type":"SearchAction","target":{"@type":"EntryPoint","urlTemplate":"https:\/\/uniest.it\/?s={search_term_string}"},"query-input":{"@type":"PropertyValueSpecification","valueRequired":true,"valueName":"search_term_string"}}],"inLanguage":"fr-FR"}]}},"_links":{"self":[{"href":"https:\/\/uniest.it\/fr\/wp-json\/wp\/v2\/product\/5699","targetHints":{"allow":["GET"]}}],"collection":[{"href":"https:\/\/uniest.it\/fr\/wp-json\/wp\/v2\/product"}],"about":[{"href":"https:\/\/uniest.it\/fr\/wp-json\/wp\/v2\/types\/product"}],"wp:featuredmedia":[{"embeddable":true,"href":"https:\/\/uniest.it\/fr\/wp-json\/wp\/v2\/media\/5700"}],"wp:attachment":[{"href":"https:\/\/uniest.it\/fr\/wp-json\/wp\/v2\/media?parent=5699"}],"wp:term":[{"taxonomy":"product_brand","embeddable":true,"href":"https:\/\/uniest.it\/fr\/wp-json\/wp\/v2\/product_brand?post=5699"},{"taxonomy":"product_cat","embeddable":true,"href":"https:\/\/uniest.it\/fr\/wp-json\/wp\/v2\/product_cat?post=5699"},{"taxonomy":"product_tag","embeddable":true,"href":"https:\/\/uniest.it\/fr\/wp-json\/wp\/v2\/product_tag?post=5699"}],"curies":[{"name":"wp","href":"https:\/\/api.w.org\/{rel}","templated":true}]}}