{"id":5701,"date":"2024-10-23T15:42:32","date_gmt":"2024-10-23T14:42:32","guid":{"rendered":"https:\/\/uniest.it\/prodotto\/griffe-du-diable\/"},"modified":"2024-10-23T16:29:56","modified_gmt":"2024-10-23T15:29:56","slug":"griffe-du-diable","status":"publish","type":"product","link":"https:\/\/uniest.it\/fr\/prodotto\/griffe-du-diable\/","title":{"rendered":"Griffe du Diable"},"content":{"rendered":"<p>En m\u00e9decine et phytoth\u00e9rapie, la Griffe du Diable est connue pour ses propri\u00e9t\u00e9s inflammatoires car la plante contient des principes actifs utiles pour apaiser les douleurs articulaires. Les principales propri\u00e9t\u00e9s b\u00e9n\u00e9fiques de la Griffe du Diable r\u00e9sident dans ses racines. Ces propri\u00e9t\u00e9s sont connues depuis l\u2019Antiquit\u00e9 par les tribus africaines, qui les utilisent pour traiter la fi\u00e8vre, les infections et m\u00eame le paludisme. La Griffe du Diable est \u00e9galement valable en cas de douleurs cervicales, d&rsquo;arthrite, de polyarthrite rhumato\u00efde, de goutte et pour lutter contre l&rsquo;hypertension. On dit que la griffe du diable est si sp\u00e9ciale qu\u2019elle peut \u00e9galement remplir une fonction importante pour r\u00e9duire le cholest\u00e9rol. En effet, la Griffe du Diable peut r\u00e9duire l&rsquo;absorption du mauvais cholest\u00e9rol par l&rsquo;intestin, gr\u00e2ce \u00e0 certaines substances appel\u00e9es phytost\u00e9rols. La Griffe du Diable est \u00e9galement recommand\u00e9e \u00e0 celles qui souffrent d&rsquo;acn\u00e9 et\/ou de boutons car elle purifie la peau et la d\u00e9fend des agressions ext\u00e9rieures. La Griffe du Diable doit son nom commun \u00e0 l&rsquo;aspect caract\u00e9ristique de ses fruits recouverts de \u00ab crochets \u00bb. . La Griffe du Diable est une plante vivace inodore et au go\u00fbt amer, qui pousse dans des plages climatiques comprises entre 17 et 30 degr\u00e9s en Afrique du Sud-Est. La griffe pousse \u00e0 l&rsquo;\u00e9tat sauvage en Namibie, en Angola, au Botswana et dans le d\u00e9sert du Kalahari. En 1900, il fut introduit en Europe par GH Mehnert, un soldat allemand qui eut le m\u00e9rite de faire conna\u00eetre ses propri\u00e9t\u00e9s en Allemagne.<\/p>\n","protected":false},"excerpt":{"rendered":"<p>En m\u00e9decine et phytoth\u00e9rapie, la Griffe du Diable est connue pour ses propri\u00e9t\u00e9s inflammatoires car la plante contient des principes actifs utiles pour apaiser les douleurs articulaires. Les principales propri\u00e9t\u00e9s b\u00e9n\u00e9fiques de la Griffe du Diable r\u00e9sident dans ses racines. Ces propri\u00e9t\u00e9s sont connues depuis l\u2019Antiquit\u00e9 par les tribus africaines, qui les utilisent pour traiter [&hellip;]<\/p>\n","protected":false},"featured_media":5702,"template":"","meta":{"_acf_changed":false,"inline_featured_image":false},"product_brand":[],"product_cat":[1381],"product_tag":[],"class_list":{"0":"post-5701","1":"product","2":"type-product","3":"status-publish","4":"has-post-thumbnail","6":"product_beauty-antinfiammatoria","7":"product_beauty-antireumatiche","8":"product_beauty-calmante","9":"product_beauty-digestivo","10":"product_beauty-lenitivo","11":"product_beauty-sedativo","12":"product_kind-integrazione-alimentare","13":"product_kind-opercolo","14":"product_lines-benessere","15":"product_cat-benessere-fr","16":"pa_size-100-cps-fr","18":"first","19":"outofstock","20":"taxable","21":"shipping-taxable","22":"purchasable","23":"product-type-simple"},"acf":[],"yoast_head":"<!-- This site is optimized with the Yoast SEO plugin v24.6 - https:\/\/yoast.com\/wordpress\/plugins\/seo\/ -->\n<title>Griffe du Diable - Uniest<\/title>\n<meta name=\"robots\" content=\"index, follow, max-snippet:-1, max-image-preview:large, max-video-preview:-1\" \/>\n<link rel=\"canonical\" href=\"https:\/\/uniest.it\/prodotto\/artiglio-del-diavolo\/\" \/>\n<meta property=\"og:locale\" content=\"fr_FR\" \/>\n<meta property=\"og:type\" content=\"article\" \/>\n<meta property=\"og:title\" content=\"Griffe du Diable - Uniest\" \/>\n<meta property=\"og:description\" content=\"En m\u00e9decine et phytoth\u00e9rapie, la Griffe du Diable est connue pour ses propri\u00e9t\u00e9s inflammatoires car la plante contient des principes actifs utiles pour apaiser les douleurs articulaires. Les principales propri\u00e9t\u00e9s b\u00e9n\u00e9fiques de la Griffe du Diable r\u00e9sident dans ses racines. Ces propri\u00e9t\u00e9s sont connues depuis l\u2019Antiquit\u00e9 par les tribus africaines, qui les utilisent pour traiter [&hellip;]\" \/>\n<meta property=\"og:url\" content=\"https:\/\/uniest.it\/prodotto\/artiglio-del-diavolo\/\" \/>\n<meta property=\"og:site_name\" content=\"Uniest\" \/>\n<meta property=\"article:modified_time\" content=\"2024-10-23T15:29:56+00:00\" \/>\n<meta property=\"og:image\" content=\"https:\/\/uniest.it\/wp-content\/uploads\/2020\/12\/043ZOP.png\" \/>\n\t<meta property=\"og:image:width\" content=\"1283\" \/>\n\t<meta property=\"og:image:height\" content=\"2000\" \/>\n\t<meta property=\"og:image:type\" content=\"image\/png\" \/>\n<meta name=\"twitter:card\" content=\"summary_large_image\" \/>\n<meta name=\"twitter:label1\" content=\"Dur\u00e9e de lecture estim\u00e9e\" \/>\n\t<meta name=\"twitter:data1\" content=\"1 minute\" \/>\n<script type=\"application\/ld+json\" class=\"yoast-schema-graph\">{\"@context\":\"https:\/\/schema.org\",\"@graph\":[{\"@type\":\"WebPage\",\"@id\":\"https:\/\/uniest.it\/prodotto\/artiglio-del-diavolo\/\",\"url\":\"https:\/\/uniest.it\/prodotto\/artiglio-del-diavolo\/\",\"name\":\"Griffe du Diable - Uniest\",\"isPartOf\":{\"@id\":\"https:\/\/uniest.it\/#website\"},\"primaryImageOfPage\":{\"@id\":\"https:\/\/uniest.it\/prodotto\/artiglio-del-diavolo\/#primaryimage\"},\"image\":{\"@id\":\"https:\/\/uniest.it\/prodotto\/artiglio-del-diavolo\/#primaryimage\"},\"thumbnailUrl\":\"https:\/\/uniest.it\/wp-content\/uploads\/2020\/12\/043ZOP.png\",\"datePublished\":\"2024-10-23T14:42:32+00:00\",\"dateModified\":\"2024-10-23T15:29:56+00:00\",\"breadcrumb\":{\"@id\":\"https:\/\/uniest.it\/prodotto\/artiglio-del-diavolo\/#breadcrumb\"},\"inLanguage\":\"fr-FR\",\"potentialAction\":[{\"@type\":\"ReadAction\",\"target\":[\"https:\/\/uniest.it\/prodotto\/artiglio-del-diavolo\/\"]}]},{\"@type\":\"ImageObject\",\"inLanguage\":\"fr-FR\",\"@id\":\"https:\/\/uniest.it\/prodotto\/artiglio-del-diavolo\/#primaryimage\",\"url\":\"https:\/\/uniest.it\/wp-content\/uploads\/2020\/12\/043ZOP.png\",\"contentUrl\":\"https:\/\/uniest.it\/wp-content\/uploads\/2020\/12\/043ZOP.png\",\"width\":1283,\"height\":2000},{\"@type\":\"BreadcrumbList\",\"@id\":\"https:\/\/uniest.it\/prodotto\/artiglio-del-diavolo\/#breadcrumb\",\"itemListElement\":[{\"@type\":\"ListItem\",\"position\":1,\"name\":\"Home\",\"item\":\"https:\/\/uniest.it\/fr\/\"},{\"@type\":\"ListItem\",\"position\":2,\"name\":\"Shop\",\"item\":\"https:\/\/uniest.it\/shop\/\"},{\"@type\":\"ListItem\",\"position\":3,\"name\":\"Griffe du Diable\"}]},{\"@type\":\"WebSite\",\"@id\":\"https:\/\/uniest.it\/#website\",\"url\":\"https:\/\/uniest.it\/\",\"name\":\"Uniest\",\"description\":\"Cosmetici Naturali e Bio\",\"potentialAction\":[{\"@type\":\"SearchAction\",\"target\":{\"@type\":\"EntryPoint\",\"urlTemplate\":\"https:\/\/uniest.it\/?s={search_term_string}\"},\"query-input\":{\"@type\":\"PropertyValueSpecification\",\"valueRequired\":true,\"valueName\":\"search_term_string\"}}],\"inLanguage\":\"fr-FR\"}]}<\/script>\n<!-- \/ Yoast SEO plugin. -->","yoast_head_json":{"title":"Griffe du Diable - Uniest","robots":{"index":"index","follow":"follow","max-snippet":"max-snippet:-1","max-image-preview":"max-image-preview:large","max-video-preview":"max-video-preview:-1"},"canonical":"https:\/\/uniest.it\/prodotto\/artiglio-del-diavolo\/","og_locale":"fr_FR","og_type":"article","og_title":"Griffe du Diable - Uniest","og_description":"En m\u00e9decine et phytoth\u00e9rapie, la Griffe du Diable est connue pour ses propri\u00e9t\u00e9s inflammatoires car la plante contient des principes actifs utiles pour apaiser les douleurs articulaires. Les principales propri\u00e9t\u00e9s b\u00e9n\u00e9fiques de la Griffe du Diable r\u00e9sident dans ses racines. Ces propri\u00e9t\u00e9s sont connues depuis l\u2019Antiquit\u00e9 par les tribus africaines, qui les utilisent pour traiter [&hellip;]","og_url":"https:\/\/uniest.it\/prodotto\/artiglio-del-diavolo\/","og_site_name":"Uniest","article_modified_time":"2024-10-23T15:29:56+00:00","og_image":[{"width":1283,"height":2000,"url":"https:\/\/uniest.it\/wp-content\/uploads\/2020\/12\/043ZOP.png","type":"image\/png"}],"twitter_card":"summary_large_image","twitter_misc":{"Dur\u00e9e de lecture estim\u00e9e":"1 minute"},"schema":{"@context":"https:\/\/schema.org","@graph":[{"@type":"WebPage","@id":"https:\/\/uniest.it\/prodotto\/artiglio-del-diavolo\/","url":"https:\/\/uniest.it\/prodotto\/artiglio-del-diavolo\/","name":"Griffe du Diable - Uniest","isPartOf":{"@id":"https:\/\/uniest.it\/#website"},"primaryImageOfPage":{"@id":"https:\/\/uniest.it\/prodotto\/artiglio-del-diavolo\/#primaryimage"},"image":{"@id":"https:\/\/uniest.it\/prodotto\/artiglio-del-diavolo\/#primaryimage"},"thumbnailUrl":"https:\/\/uniest.it\/wp-content\/uploads\/2020\/12\/043ZOP.png","datePublished":"2024-10-23T14:42:32+00:00","dateModified":"2024-10-23T15:29:56+00:00","breadcrumb":{"@id":"https:\/\/uniest.it\/prodotto\/artiglio-del-diavolo\/#breadcrumb"},"inLanguage":"fr-FR","potentialAction":[{"@type":"ReadAction","target":["https:\/\/uniest.it\/prodotto\/artiglio-del-diavolo\/"]}]},{"@type":"ImageObject","inLanguage":"fr-FR","@id":"https:\/\/uniest.it\/prodotto\/artiglio-del-diavolo\/#primaryimage","url":"https:\/\/uniest.it\/wp-content\/uploads\/2020\/12\/043ZOP.png","contentUrl":"https:\/\/uniest.it\/wp-content\/uploads\/2020\/12\/043ZOP.png","width":1283,"height":2000},{"@type":"BreadcrumbList","@id":"https:\/\/uniest.it\/prodotto\/artiglio-del-diavolo\/#breadcrumb","itemListElement":[{"@type":"ListItem","position":1,"name":"Home","item":"https:\/\/uniest.it\/fr\/"},{"@type":"ListItem","position":2,"name":"Shop","item":"https:\/\/uniest.it\/shop\/"},{"@type":"ListItem","position":3,"name":"Griffe du Diable"}]},{"@type":"WebSite","@id":"https:\/\/uniest.it\/#website","url":"https:\/\/uniest.it\/","name":"Uniest","description":"Cosmetici Naturali e Bio","potentialAction":[{"@type":"SearchAction","target":{"@type":"EntryPoint","urlTemplate":"https:\/\/uniest.it\/?s={search_term_string}"},"query-input":{"@type":"PropertyValueSpecification","valueRequired":true,"valueName":"search_term_string"}}],"inLanguage":"fr-FR"}]}},"_links":{"self":[{"href":"https:\/\/uniest.it\/fr\/wp-json\/wp\/v2\/product\/5701","targetHints":{"allow":["GET"]}}],"collection":[{"href":"https:\/\/uniest.it\/fr\/wp-json\/wp\/v2\/product"}],"about":[{"href":"https:\/\/uniest.it\/fr\/wp-json\/wp\/v2\/types\/product"}],"wp:featuredmedia":[{"embeddable":true,"href":"https:\/\/uniest.it\/fr\/wp-json\/wp\/v2\/media\/5702"}],"wp:attachment":[{"href":"https:\/\/uniest.it\/fr\/wp-json\/wp\/v2\/media?parent=5701"}],"wp:term":[{"taxonomy":"product_brand","embeddable":true,"href":"https:\/\/uniest.it\/fr\/wp-json\/wp\/v2\/product_brand?post=5701"},{"taxonomy":"product_cat","embeddable":true,"href":"https:\/\/uniest.it\/fr\/wp-json\/wp\/v2\/product_cat?post=5701"},{"taxonomy":"product_tag","embeddable":true,"href":"https:\/\/uniest.it\/fr\/wp-json\/wp\/v2\/product_tag?post=5701"}],"curies":[{"name":"wp","href":"https:\/\/api.w.org\/{rel}","templated":true}]}}