{"id":5703,"date":"2024-10-23T15:42:33","date_gmt":"2024-10-23T14:42:33","guid":{"rendered":"https:\/\/uniest.it\/prodotto\/biogouttes-sebo-equilibrantes\/"},"modified":"2024-10-23T16:29:56","modified_gmt":"2024-10-23T15:29:56","slug":"biogouttes-sebo-equilibrantes","status":"publish","type":"product","link":"https:\/\/uniest.it\/fr\/prodotto\/biogouttes-sebo-equilibrantes\/","title":{"rendered":"Biogouttes s\u00e9bo-\u00e9quilibrantes"},"content":{"rendered":"<p>Biogouttes s\u00e9bo-\u00e9quilibrantes : ce sont des gouttes naturelles tr\u00e8s efficaces gr\u00e2ce \u00e0 leur petite taille mol\u00e9culaire et sont recommand\u00e9es pour une utilisation avant les cr\u00e8mes et les masques, car elles am\u00e9liorent leurs caract\u00e9ristiques particuli\u00e8res. Ils ont une formule innovante qui rend imm\u00e9diatement disponibles les actifs rares et pr\u00e9cieux des extraits naturels de plantes d&rsquo;Alo\u00e8s Bio, de Gen\u00e9vrier, de Calendula Bio, de Marron d&rsquo;Inde et les huiles essentielles naturelles d&rsquo;Orange Am\u00e8re et de Citron. Propri\u00e9t\u00e9s des extraits Biogouttes s\u00e9bo-\u00e9quilibrantes Extrait v\u00e9g\u00e9tal naturel de Calendula : reconnu pour ses propri\u00e9t\u00e9s apaisantes, adoucissantes et \u00e9mollientes reconnues ; et Extrait v\u00e9g\u00e9tal naturel de Gen\u00e9vrier : aux propri\u00e9t\u00e9s apaisantes, antiseptiques, stimulantes et r\u00e9\u00e9pith\u00e9lisantes. Extrait v\u00e9g\u00e9tal biologique d&rsquo;Alo\u00e8s : gel obtenu par incision profonde des feuilles, contient des polysaccharides (glucomannane), des acides amin\u00e9s, des lipides, des st\u00e9rols, des tanins et des enzymes. Extrait v\u00e9g\u00e9tal naturel de Marron d&rsquo;Inde : propri\u00e9t\u00e9s astringentes et protectrices des capillaires et huile essentielle de citron : propri\u00e9t\u00e9s vitaminantes, anti-inflammatoires, \u00e9claircissantes, antiseptiques et astringentes. Huile essentielle naturelle d&rsquo;Orange Am\u00e8re : propri\u00e9t\u00e9s calmantes, \u00e9claircissantes, tonifiantes capillaires, r\u00e9g\u00e9n\u00e9ratrices tissulaires ; elle est tr\u00e8s nourrissante et riche en vitamine C. Les biogouttes s\u00e9bo-\u00e9quilibrantes peuvent \u00eatre utilis\u00e9es en compl\u00e9ment sur les zones grasses, impures et \u00e0 tendance acn\u00e9ique, m\u00eame sous les cr\u00e8mes et les masques pour renforcer leurs effets, et sont \u00e9galement id\u00e9ales comme base de maquillage. -en haut.<\/p>\n","protected":false},"excerpt":{"rendered":"<p>Biogouttes s\u00e9bo-\u00e9quilibrantes : ce sont des gouttes naturelles tr\u00e8s efficaces gr\u00e2ce \u00e0 leur petite taille mol\u00e9culaire et sont recommand\u00e9es pour une utilisation avant les cr\u00e8mes et les masques, car elles am\u00e9liorent leurs caract\u00e9ristiques particuli\u00e8res. Ils ont une formule innovante qui rend imm\u00e9diatement disponibles les actifs rares et pr\u00e9cieux des extraits naturels de plantes d&rsquo;Alo\u00e8s Bio, [&hellip;]<\/p>\n","protected":false},"featured_media":5704,"template":"","meta":{"_acf_changed":false,"inline_featured_image":false},"product_brand":[],"product_cat":[1383],"product_tag":[],"class_list":{"0":"post-5703","1":"product","2":"type-product","3":"status-publish","4":"has-post-thumbnail","6":"product_beauty-idratare","7":"product_beauty-purificare","8":"product_beauty-riequilibrare","9":"product_skin-pelli-grasse-e-miste","10":"product_kind-tonici-e-lozioni-viso","11":"product_lines-pelli-grasse-e-miste","12":"product_cat-viso-fr","13":"pa_size-50-fr","15":"first","16":"instock","17":"taxable","18":"shipping-taxable","19":"purchasable","20":"product-type-simple"},"acf":[],"yoast_head":"<!-- This site is optimized with the Yoast SEO plugin v24.6 - https:\/\/yoast.com\/wordpress\/plugins\/seo\/ -->\n<title>Biogouttes s\u00e9bo-\u00e9quilibrantes - Uniest<\/title>\n<meta name=\"robots\" content=\"index, follow, max-snippet:-1, max-image-preview:large, max-video-preview:-1\" \/>\n<link rel=\"canonical\" href=\"https:\/\/uniest.it\/prodotto\/biogocce-seboequilibranti\/\" \/>\n<meta property=\"og:locale\" content=\"fr_FR\" \/>\n<meta property=\"og:type\" content=\"article\" \/>\n<meta property=\"og:title\" content=\"Biogouttes s\u00e9bo-\u00e9quilibrantes - Uniest\" \/>\n<meta property=\"og:description\" content=\"Biogouttes s\u00e9bo-\u00e9quilibrantes : ce sont des gouttes naturelles tr\u00e8s efficaces gr\u00e2ce \u00e0 leur petite taille mol\u00e9culaire et sont recommand\u00e9es pour une utilisation avant les cr\u00e8mes et les masques, car elles am\u00e9liorent leurs caract\u00e9ristiques particuli\u00e8res. Ils ont une formule innovante qui rend imm\u00e9diatement disponibles les actifs rares et pr\u00e9cieux des extraits naturels de plantes d&rsquo;Alo\u00e8s Bio, [&hellip;]\" \/>\n<meta property=\"og:url\" content=\"https:\/\/uniest.it\/prodotto\/biogocce-seboequilibranti\/\" \/>\n<meta property=\"og:site_name\" content=\"Uniest\" \/>\n<meta property=\"article:modified_time\" content=\"2024-10-23T15:29:56+00:00\" \/>\n<meta property=\"og:image\" content=\"https:\/\/uniest.it\/wp-content\/uploads\/2020\/11\/045AAE.png\" \/>\n\t<meta property=\"og:image:width\" content=\"1283\" \/>\n\t<meta property=\"og:image:height\" content=\"2001\" \/>\n\t<meta property=\"og:image:type\" content=\"image\/png\" \/>\n<meta name=\"twitter:card\" content=\"summary_large_image\" \/>\n<meta name=\"twitter:label1\" content=\"Dur\u00e9e de lecture estim\u00e9e\" \/>\n\t<meta name=\"twitter:data1\" content=\"1 minute\" \/>\n<script type=\"application\/ld+json\" class=\"yoast-schema-graph\">{\"@context\":\"https:\/\/schema.org\",\"@graph\":[{\"@type\":\"WebPage\",\"@id\":\"https:\/\/uniest.it\/prodotto\/biogocce-seboequilibranti\/\",\"url\":\"https:\/\/uniest.it\/prodotto\/biogocce-seboequilibranti\/\",\"name\":\"Biogouttes s\u00e9bo-\u00e9quilibrantes - Uniest\",\"isPartOf\":{\"@id\":\"https:\/\/uniest.it\/#website\"},\"primaryImageOfPage\":{\"@id\":\"https:\/\/uniest.it\/prodotto\/biogocce-seboequilibranti\/#primaryimage\"},\"image\":{\"@id\":\"https:\/\/uniest.it\/prodotto\/biogocce-seboequilibranti\/#primaryimage\"},\"thumbnailUrl\":\"https:\/\/uniest.it\/wp-content\/uploads\/2020\/11\/045AAE.png\",\"datePublished\":\"2024-10-23T14:42:33+00:00\",\"dateModified\":\"2024-10-23T15:29:56+00:00\",\"breadcrumb\":{\"@id\":\"https:\/\/uniest.it\/prodotto\/biogocce-seboequilibranti\/#breadcrumb\"},\"inLanguage\":\"fr-FR\",\"potentialAction\":[{\"@type\":\"ReadAction\",\"target\":[\"https:\/\/uniest.it\/prodotto\/biogocce-seboequilibranti\/\"]}]},{\"@type\":\"ImageObject\",\"inLanguage\":\"fr-FR\",\"@id\":\"https:\/\/uniest.it\/prodotto\/biogocce-seboequilibranti\/#primaryimage\",\"url\":\"https:\/\/uniest.it\/wp-content\/uploads\/2020\/11\/045AAE.png\",\"contentUrl\":\"https:\/\/uniest.it\/wp-content\/uploads\/2020\/11\/045AAE.png\",\"width\":1283,\"height\":2001},{\"@type\":\"BreadcrumbList\",\"@id\":\"https:\/\/uniest.it\/prodotto\/biogocce-seboequilibranti\/#breadcrumb\",\"itemListElement\":[{\"@type\":\"ListItem\",\"position\":1,\"name\":\"Home\",\"item\":\"https:\/\/uniest.it\/fr\/\"},{\"@type\":\"ListItem\",\"position\":2,\"name\":\"Shop\",\"item\":\"https:\/\/uniest.it\/shop\/\"},{\"@type\":\"ListItem\",\"position\":3,\"name\":\"Biogouttes s\u00e9bo-\u00e9quilibrantes\"}]},{\"@type\":\"WebSite\",\"@id\":\"https:\/\/uniest.it\/#website\",\"url\":\"https:\/\/uniest.it\/\",\"name\":\"Uniest\",\"description\":\"Cosmetici Naturali e Bio\",\"potentialAction\":[{\"@type\":\"SearchAction\",\"target\":{\"@type\":\"EntryPoint\",\"urlTemplate\":\"https:\/\/uniest.it\/?s={search_term_string}\"},\"query-input\":{\"@type\":\"PropertyValueSpecification\",\"valueRequired\":true,\"valueName\":\"search_term_string\"}}],\"inLanguage\":\"fr-FR\"}]}<\/script>\n<!-- \/ Yoast SEO plugin. -->","yoast_head_json":{"title":"Biogouttes s\u00e9bo-\u00e9quilibrantes - Uniest","robots":{"index":"index","follow":"follow","max-snippet":"max-snippet:-1","max-image-preview":"max-image-preview:large","max-video-preview":"max-video-preview:-1"},"canonical":"https:\/\/uniest.it\/prodotto\/biogocce-seboequilibranti\/","og_locale":"fr_FR","og_type":"article","og_title":"Biogouttes s\u00e9bo-\u00e9quilibrantes - Uniest","og_description":"Biogouttes s\u00e9bo-\u00e9quilibrantes : ce sont des gouttes naturelles tr\u00e8s efficaces gr\u00e2ce \u00e0 leur petite taille mol\u00e9culaire et sont recommand\u00e9es pour une utilisation avant les cr\u00e8mes et les masques, car elles am\u00e9liorent leurs caract\u00e9ristiques particuli\u00e8res. Ils ont une formule innovante qui rend imm\u00e9diatement disponibles les actifs rares et pr\u00e9cieux des extraits naturels de plantes d&rsquo;Alo\u00e8s Bio, [&hellip;]","og_url":"https:\/\/uniest.it\/prodotto\/biogocce-seboequilibranti\/","og_site_name":"Uniest","article_modified_time":"2024-10-23T15:29:56+00:00","og_image":[{"width":1283,"height":2001,"url":"https:\/\/uniest.it\/wp-content\/uploads\/2020\/11\/045AAE.png","type":"image\/png"}],"twitter_card":"summary_large_image","twitter_misc":{"Dur\u00e9e de lecture estim\u00e9e":"1 minute"},"schema":{"@context":"https:\/\/schema.org","@graph":[{"@type":"WebPage","@id":"https:\/\/uniest.it\/prodotto\/biogocce-seboequilibranti\/","url":"https:\/\/uniest.it\/prodotto\/biogocce-seboequilibranti\/","name":"Biogouttes s\u00e9bo-\u00e9quilibrantes - Uniest","isPartOf":{"@id":"https:\/\/uniest.it\/#website"},"primaryImageOfPage":{"@id":"https:\/\/uniest.it\/prodotto\/biogocce-seboequilibranti\/#primaryimage"},"image":{"@id":"https:\/\/uniest.it\/prodotto\/biogocce-seboequilibranti\/#primaryimage"},"thumbnailUrl":"https:\/\/uniest.it\/wp-content\/uploads\/2020\/11\/045AAE.png","datePublished":"2024-10-23T14:42:33+00:00","dateModified":"2024-10-23T15:29:56+00:00","breadcrumb":{"@id":"https:\/\/uniest.it\/prodotto\/biogocce-seboequilibranti\/#breadcrumb"},"inLanguage":"fr-FR","potentialAction":[{"@type":"ReadAction","target":["https:\/\/uniest.it\/prodotto\/biogocce-seboequilibranti\/"]}]},{"@type":"ImageObject","inLanguage":"fr-FR","@id":"https:\/\/uniest.it\/prodotto\/biogocce-seboequilibranti\/#primaryimage","url":"https:\/\/uniest.it\/wp-content\/uploads\/2020\/11\/045AAE.png","contentUrl":"https:\/\/uniest.it\/wp-content\/uploads\/2020\/11\/045AAE.png","width":1283,"height":2001},{"@type":"BreadcrumbList","@id":"https:\/\/uniest.it\/prodotto\/biogocce-seboequilibranti\/#breadcrumb","itemListElement":[{"@type":"ListItem","position":1,"name":"Home","item":"https:\/\/uniest.it\/fr\/"},{"@type":"ListItem","position":2,"name":"Shop","item":"https:\/\/uniest.it\/shop\/"},{"@type":"ListItem","position":3,"name":"Biogouttes s\u00e9bo-\u00e9quilibrantes"}]},{"@type":"WebSite","@id":"https:\/\/uniest.it\/#website","url":"https:\/\/uniest.it\/","name":"Uniest","description":"Cosmetici Naturali e Bio","potentialAction":[{"@type":"SearchAction","target":{"@type":"EntryPoint","urlTemplate":"https:\/\/uniest.it\/?s={search_term_string}"},"query-input":{"@type":"PropertyValueSpecification","valueRequired":true,"valueName":"search_term_string"}}],"inLanguage":"fr-FR"}]}},"_links":{"self":[{"href":"https:\/\/uniest.it\/fr\/wp-json\/wp\/v2\/product\/5703","targetHints":{"allow":["GET"]}}],"collection":[{"href":"https:\/\/uniest.it\/fr\/wp-json\/wp\/v2\/product"}],"about":[{"href":"https:\/\/uniest.it\/fr\/wp-json\/wp\/v2\/types\/product"}],"wp:featuredmedia":[{"embeddable":true,"href":"https:\/\/uniest.it\/fr\/wp-json\/wp\/v2\/media\/5704"}],"wp:attachment":[{"href":"https:\/\/uniest.it\/fr\/wp-json\/wp\/v2\/media?parent=5703"}],"wp:term":[{"taxonomy":"product_brand","embeddable":true,"href":"https:\/\/uniest.it\/fr\/wp-json\/wp\/v2\/product_brand?post=5703"},{"taxonomy":"product_cat","embeddable":true,"href":"https:\/\/uniest.it\/fr\/wp-json\/wp\/v2\/product_cat?post=5703"},{"taxonomy":"product_tag","embeddable":true,"href":"https:\/\/uniest.it\/fr\/wp-json\/wp\/v2\/product_tag?post=5703"}],"curies":[{"name":"wp","href":"https:\/\/api.w.org\/{rel}","templated":true}]}}