{"id":5705,"date":"2021-02-04T12:58:44","date_gmt":"2024-10-23T14:42:33","guid":{"rendered":"https:\/\/uniest.it\/prodotto\/bon-bon-stick-levres-bio\/"},"modified":"2024-10-23T16:29:56","modified_gmt":"2024-10-23T15:29:56","slug":"bon-bon-stick-levres-bio","status":"publish","type":"product","link":"https:\/\/uniest.it\/fr\/prodotto\/bon-bon-stick-levres-bio\/","title":{"rendered":"Bon Bon Stick L\u00e8vres Bio"},"content":{"rendered":"<p>Sa nouvelle formulation sp\u00e9ciale et tr\u00e8s naturelle a \u00e9t\u00e9 cr\u00e9\u00e9e pour adoucir et prot\u00e9ger les l\u00e8vres des ger\u00e7ures et des ger\u00e7ures. Une application constante, gr\u00e2ce aux pr\u00e9cieuses bases de Cera Alba et de Beurre de Cacao, permet de garder vos l\u00e8vres prot\u00e9g\u00e9es, douces, hydrat\u00e9es, \u00e9lastiques et nourries. L&rsquo;ajout de vitamine A, de vitamine E et d&rsquo;huile de jojoba le rend adapt\u00e9 et indispensable dans toutes les situations. Utilis\u00e9 quotidiennement, il devient une aide indispensable \u00e0 la beaut\u00e9 de nos l\u00e8vres et au maintien de leur fermet\u00e9 dans le temps, garantissant une excellente protection m\u00eame contre les rayons du soleil.<\/p>\n","protected":false},"excerpt":{"rendered":"<p>Sa nouvelle formulation sp\u00e9ciale et tr\u00e8s naturelle a \u00e9t\u00e9 cr\u00e9\u00e9e pour adoucir et prot\u00e9ger les l\u00e8vres des ger\u00e7ures et des ger\u00e7ures. Une application constante, gr\u00e2ce aux pr\u00e9cieuses bases de Cera Alba et de Beurre de Cacao, permet de garder vos l\u00e8vres prot\u00e9g\u00e9es, douces, hydrat\u00e9es, \u00e9lastiques et nourries. L&rsquo;ajout de vitamine A, de vitamine E et [&hellip;]<\/p>\n","protected":false},"featured_media":5706,"template":"","meta":{"_acf_changed":false,"inline_featured_image":false},"product_brand":[],"product_cat":[1372,1383,1378],"product_tag":[],"class_list":{"0":"post-5705","1":"product","2":"type-product","3":"status-publish","4":"has-post-thumbnail","6":"product_beauty-idratare","7":"product_beauty-lenire","8":"product_beauty-nutrire-e-rigenerare","9":"product_beauty-proteggere","10":"product_skin-tutte-le-pelli","11":"product_kind-occhi-e-labbra","12":"product_kind-protezione-solare","13":"product_lines-corpo-e-benessere","14":"product_cat-corpo-fr","15":"product_cat-viso-fr","16":"product_cat-famiglia-e-pet-fr","17":"pa_size-45-cc-fr","19":"first","20":"instock","21":"taxable","22":"shipping-taxable","23":"purchasable","24":"product-type-simple"},"acf":[],"yoast_head":"<!-- This site is optimized with the Yoast SEO plugin v24.6 - https:\/\/yoast.com\/wordpress\/plugins\/seo\/ -->\n<title>Bon Bon Stick L\u00e8vres Bio - Uniest<\/title>\n<meta name=\"robots\" content=\"index, follow, max-snippet:-1, max-image-preview:large, max-video-preview:-1\" \/>\n<link rel=\"canonical\" href=\"https:\/\/uniest.it\/prodotto\/bon-bon-stick-biologico-per-labbra\/\" \/>\n<meta property=\"og:locale\" content=\"fr_FR\" \/>\n<meta property=\"og:type\" content=\"article\" \/>\n<meta property=\"og:title\" content=\"Bon Bon Stick L\u00e8vres Bio - Uniest\" \/>\n<meta property=\"og:description\" content=\"Sa nouvelle formulation sp\u00e9ciale et tr\u00e8s naturelle a \u00e9t\u00e9 cr\u00e9\u00e9e pour adoucir et prot\u00e9ger les l\u00e8vres des ger\u00e7ures et des ger\u00e7ures. Une application constante, gr\u00e2ce aux pr\u00e9cieuses bases de Cera Alba et de Beurre de Cacao, permet de garder vos l\u00e8vres prot\u00e9g\u00e9es, douces, hydrat\u00e9es, \u00e9lastiques et nourries. L&rsquo;ajout de vitamine A, de vitamine E et [&hellip;]\" \/>\n<meta property=\"og:url\" content=\"https:\/\/uniest.it\/prodotto\/bon-bon-stick-biologico-per-labbra\/\" \/>\n<meta property=\"og:site_name\" content=\"Uniest\" \/>\n<meta property=\"article:modified_time\" content=\"2024-10-23T15:29:56+00:00\" \/>\n<meta property=\"og:image\" content=\"https:\/\/uniest.it\/wp-content\/uploads\/2020\/12\/046AAE.png\" \/>\n\t<meta property=\"og:image:width\" content=\"1283\" \/>\n\t<meta property=\"og:image:height\" content=\"2000\" \/>\n\t<meta property=\"og:image:type\" content=\"image\/png\" \/>\n<meta name=\"twitter:card\" content=\"summary_large_image\" \/>\n<meta name=\"twitter:label1\" content=\"Dur\u00e9e de lecture estim\u00e9e\" \/>\n\t<meta name=\"twitter:data1\" content=\"1 minute\" \/>\n<script type=\"application\/ld+json\" class=\"yoast-schema-graph\">{\"@context\":\"https:\/\/schema.org\",\"@graph\":[{\"@type\":\"WebPage\",\"@id\":\"https:\/\/uniest.it\/prodotto\/bon-bon-stick-biologico-per-labbra\/\",\"url\":\"https:\/\/uniest.it\/prodotto\/bon-bon-stick-biologico-per-labbra\/\",\"name\":\"Bon Bon Stick L\u00e8vres Bio - Uniest\",\"isPartOf\":{\"@id\":\"https:\/\/uniest.it\/#website\"},\"primaryImageOfPage\":{\"@id\":\"https:\/\/uniest.it\/prodotto\/bon-bon-stick-biologico-per-labbra\/#primaryimage\"},\"image\":{\"@id\":\"https:\/\/uniest.it\/prodotto\/bon-bon-stick-biologico-per-labbra\/#primaryimage\"},\"thumbnailUrl\":\"https:\/\/uniest.it\/wp-content\/uploads\/2020\/12\/046AAE.png\",\"datePublished\":\"2024-10-23T14:42:33+00:00\",\"dateModified\":\"2024-10-23T15:29:56+00:00\",\"breadcrumb\":{\"@id\":\"https:\/\/uniest.it\/prodotto\/bon-bon-stick-biologico-per-labbra\/#breadcrumb\"},\"inLanguage\":\"fr-FR\",\"potentialAction\":[{\"@type\":\"ReadAction\",\"target\":[\"https:\/\/uniest.it\/prodotto\/bon-bon-stick-biologico-per-labbra\/\"]}]},{\"@type\":\"ImageObject\",\"inLanguage\":\"fr-FR\",\"@id\":\"https:\/\/uniest.it\/prodotto\/bon-bon-stick-biologico-per-labbra\/#primaryimage\",\"url\":\"https:\/\/uniest.it\/wp-content\/uploads\/2020\/12\/046AAE.png\",\"contentUrl\":\"https:\/\/uniest.it\/wp-content\/uploads\/2020\/12\/046AAE.png\",\"width\":1283,\"height\":2000},{\"@type\":\"BreadcrumbList\",\"@id\":\"https:\/\/uniest.it\/prodotto\/bon-bon-stick-biologico-per-labbra\/#breadcrumb\",\"itemListElement\":[{\"@type\":\"ListItem\",\"position\":1,\"name\":\"Home\",\"item\":\"https:\/\/uniest.it\/fr\/\"},{\"@type\":\"ListItem\",\"position\":2,\"name\":\"Shop\",\"item\":\"https:\/\/uniest.it\/shop\/\"},{\"@type\":\"ListItem\",\"position\":3,\"name\":\"Bon Bon Stick L\u00e8vres Bio\"}]},{\"@type\":\"WebSite\",\"@id\":\"https:\/\/uniest.it\/#website\",\"url\":\"https:\/\/uniest.it\/\",\"name\":\"Uniest\",\"description\":\"Cosmetici Naturali e Bio\",\"potentialAction\":[{\"@type\":\"SearchAction\",\"target\":{\"@type\":\"EntryPoint\",\"urlTemplate\":\"https:\/\/uniest.it\/?s={search_term_string}\"},\"query-input\":{\"@type\":\"PropertyValueSpecification\",\"valueRequired\":true,\"valueName\":\"search_term_string\"}}],\"inLanguage\":\"fr-FR\"}]}<\/script>\n<!-- \/ Yoast SEO plugin. -->","yoast_head_json":{"title":"Bon Bon Stick L\u00e8vres Bio - Uniest","robots":{"index":"index","follow":"follow","max-snippet":"max-snippet:-1","max-image-preview":"max-image-preview:large","max-video-preview":"max-video-preview:-1"},"canonical":"https:\/\/uniest.it\/prodotto\/bon-bon-stick-biologico-per-labbra\/","og_locale":"fr_FR","og_type":"article","og_title":"Bon Bon Stick L\u00e8vres Bio - Uniest","og_description":"Sa nouvelle formulation sp\u00e9ciale et tr\u00e8s naturelle a \u00e9t\u00e9 cr\u00e9\u00e9e pour adoucir et prot\u00e9ger les l\u00e8vres des ger\u00e7ures et des ger\u00e7ures. Une application constante, gr\u00e2ce aux pr\u00e9cieuses bases de Cera Alba et de Beurre de Cacao, permet de garder vos l\u00e8vres prot\u00e9g\u00e9es, douces, hydrat\u00e9es, \u00e9lastiques et nourries. L&rsquo;ajout de vitamine A, de vitamine E et [&hellip;]","og_url":"https:\/\/uniest.it\/prodotto\/bon-bon-stick-biologico-per-labbra\/","og_site_name":"Uniest","article_modified_time":"2024-10-23T15:29:56+00:00","og_image":[{"width":1283,"height":2000,"url":"https:\/\/uniest.it\/wp-content\/uploads\/2020\/12\/046AAE.png","type":"image\/png"}],"twitter_card":"summary_large_image","twitter_misc":{"Dur\u00e9e de lecture estim\u00e9e":"1 minute"},"schema":{"@context":"https:\/\/schema.org","@graph":[{"@type":"WebPage","@id":"https:\/\/uniest.it\/prodotto\/bon-bon-stick-biologico-per-labbra\/","url":"https:\/\/uniest.it\/prodotto\/bon-bon-stick-biologico-per-labbra\/","name":"Bon Bon Stick L\u00e8vres Bio - Uniest","isPartOf":{"@id":"https:\/\/uniest.it\/#website"},"primaryImageOfPage":{"@id":"https:\/\/uniest.it\/prodotto\/bon-bon-stick-biologico-per-labbra\/#primaryimage"},"image":{"@id":"https:\/\/uniest.it\/prodotto\/bon-bon-stick-biologico-per-labbra\/#primaryimage"},"thumbnailUrl":"https:\/\/uniest.it\/wp-content\/uploads\/2020\/12\/046AAE.png","datePublished":"2024-10-23T14:42:33+00:00","dateModified":"2024-10-23T15:29:56+00:00","breadcrumb":{"@id":"https:\/\/uniest.it\/prodotto\/bon-bon-stick-biologico-per-labbra\/#breadcrumb"},"inLanguage":"fr-FR","potentialAction":[{"@type":"ReadAction","target":["https:\/\/uniest.it\/prodotto\/bon-bon-stick-biologico-per-labbra\/"]}]},{"@type":"ImageObject","inLanguage":"fr-FR","@id":"https:\/\/uniest.it\/prodotto\/bon-bon-stick-biologico-per-labbra\/#primaryimage","url":"https:\/\/uniest.it\/wp-content\/uploads\/2020\/12\/046AAE.png","contentUrl":"https:\/\/uniest.it\/wp-content\/uploads\/2020\/12\/046AAE.png","width":1283,"height":2000},{"@type":"BreadcrumbList","@id":"https:\/\/uniest.it\/prodotto\/bon-bon-stick-biologico-per-labbra\/#breadcrumb","itemListElement":[{"@type":"ListItem","position":1,"name":"Home","item":"https:\/\/uniest.it\/fr\/"},{"@type":"ListItem","position":2,"name":"Shop","item":"https:\/\/uniest.it\/shop\/"},{"@type":"ListItem","position":3,"name":"Bon Bon Stick L\u00e8vres Bio"}]},{"@type":"WebSite","@id":"https:\/\/uniest.it\/#website","url":"https:\/\/uniest.it\/","name":"Uniest","description":"Cosmetici Naturali e Bio","potentialAction":[{"@type":"SearchAction","target":{"@type":"EntryPoint","urlTemplate":"https:\/\/uniest.it\/?s={search_term_string}"},"query-input":{"@type":"PropertyValueSpecification","valueRequired":true,"valueName":"search_term_string"}}],"inLanguage":"fr-FR"}]}},"_links":{"self":[{"href":"https:\/\/uniest.it\/fr\/wp-json\/wp\/v2\/product\/5705","targetHints":{"allow":["GET"]}}],"collection":[{"href":"https:\/\/uniest.it\/fr\/wp-json\/wp\/v2\/product"}],"about":[{"href":"https:\/\/uniest.it\/fr\/wp-json\/wp\/v2\/types\/product"}],"wp:featuredmedia":[{"embeddable":true,"href":"https:\/\/uniest.it\/fr\/wp-json\/wp\/v2\/media\/5706"}],"wp:attachment":[{"href":"https:\/\/uniest.it\/fr\/wp-json\/wp\/v2\/media?parent=5705"}],"wp:term":[{"taxonomy":"product_brand","embeddable":true,"href":"https:\/\/uniest.it\/fr\/wp-json\/wp\/v2\/product_brand?post=5705"},{"taxonomy":"product_cat","embeddable":true,"href":"https:\/\/uniest.it\/fr\/wp-json\/wp\/v2\/product_cat?post=5705"},{"taxonomy":"product_tag","embeddable":true,"href":"https:\/\/uniest.it\/fr\/wp-json\/wp\/v2\/product_tag?post=5705"}],"curies":[{"name":"wp","href":"https:\/\/api.w.org\/{rel}","templated":true}]}}