{"id":5707,"date":"2021-02-04T12:58:44","date_gmt":"2024-10-23T14:42:34","guid":{"rendered":"https:\/\/uniest.it\/prodotto\/cristaux-liquides\/"},"modified":"2024-10-23T16:29:57","modified_gmt":"2024-10-23T15:29:57","slug":"cristaux-liquides","status":"publish","type":"product","link":"https:\/\/uniest.it\/fr\/prodotto\/cristaux-liquides\/","title":{"rendered":"Cristaux liquides"},"content":{"rendered":"<p>Cristaux Liquides innovants sp\u00e9cialement con\u00e7us pour r\u00e9guler les cheveux, augmentant ainsi la tenue du coiffage. Ils contr\u00f4lent les frisottis, scellent les pointes fourchues et gardent tous les types de cheveux bien rang\u00e9s. Enrichis en huile de lin bio et en huile d&rsquo;amande douce, ils en font un excellent alli\u00e9 pour la beaut\u00e9 et la sant\u00e9 des cheveux. Formul\u00e9 avec de l&rsquo;Alcool Naturel issu de la betterave sucri\u00e8re, il hydrate, n&rsquo;alourdit pas les cheveux et n&rsquo;est pas gras. Il contient \u00e9galement un filtre solaire et convient donc \u00e9galement en \u00e9t\u00e9.<\/p>\n","protected":false},"excerpt":{"rendered":"<p>Cristaux Liquides innovants sp\u00e9cialement con\u00e7us pour r\u00e9guler les cheveux, augmentant ainsi la tenue du coiffage. Ils contr\u00f4lent les frisottis, scellent les pointes fourchues et gardent tous les types de cheveux bien rang\u00e9s. Enrichis en huile de lin bio et en huile d&rsquo;amande douce, ils en font un excellent alli\u00e9 pour la beaut\u00e9 et la sant\u00e9 [&hellip;]<\/p>\n","protected":false},"featured_media":5708,"template":"","meta":{"_acf_changed":false,"inline_featured_image":false},"product_brand":[],"product_cat":[1384,1372],"product_tag":[],"class_list":{"0":"post-5707","1":"product","2":"type-product","3":"status-publish","4":"has-post-thumbnail","6":"product_beauty-idratare","7":"product_beauty-nutrire-e-rigenerare","8":"product_beauty-proteggere","9":"product_skin-tutti-i-capelli","10":"product_kind-trattamenti-speciali","11":"product_lines-capelli","12":"product_cat-capelli-fr","13":"product_cat-corpo-fr","14":"pa_size-50-fr","16":"first","17":"instock","18":"taxable","19":"shipping-taxable","20":"purchasable","21":"product-type-simple"},"acf":[],"yoast_head":"<!-- This site is optimized with the Yoast SEO plugin v24.6 - https:\/\/yoast.com\/wordpress\/plugins\/seo\/ -->\n<title>Cristaux liquides - Uniest<\/title>\n<meta name=\"robots\" content=\"index, follow, max-snippet:-1, max-image-preview:large, max-video-preview:-1\" \/>\n<link rel=\"canonical\" href=\"https:\/\/uniest.it\/prodotto\/cristalli-liquidi\/\" \/>\n<meta property=\"og:locale\" content=\"fr_FR\" \/>\n<meta property=\"og:type\" content=\"article\" \/>\n<meta property=\"og:title\" content=\"Cristaux liquides - Uniest\" \/>\n<meta property=\"og:description\" content=\"Cristaux Liquides innovants sp\u00e9cialement con\u00e7us pour r\u00e9guler les cheveux, augmentant ainsi la tenue du coiffage. Ils contr\u00f4lent les frisottis, scellent les pointes fourchues et gardent tous les types de cheveux bien rang\u00e9s. Enrichis en huile de lin bio et en huile d&rsquo;amande douce, ils en font un excellent alli\u00e9 pour la beaut\u00e9 et la sant\u00e9 [&hellip;]\" \/>\n<meta property=\"og:url\" content=\"https:\/\/uniest.it\/prodotto\/cristalli-liquidi\/\" \/>\n<meta property=\"og:site_name\" content=\"Uniest\" \/>\n<meta property=\"article:modified_time\" content=\"2024-10-23T15:29:57+00:00\" \/>\n<meta property=\"og:image\" content=\"https:\/\/uniest.it\/wp-content\/uploads\/2020\/12\/047AAE.png\" \/>\n\t<meta property=\"og:image:width\" content=\"1283\" \/>\n\t<meta property=\"og:image:height\" content=\"2000\" \/>\n\t<meta property=\"og:image:type\" content=\"image\/png\" \/>\n<meta name=\"twitter:card\" content=\"summary_large_image\" \/>\n<script type=\"application\/ld+json\" class=\"yoast-schema-graph\">{\"@context\":\"https:\/\/schema.org\",\"@graph\":[{\"@type\":\"WebPage\",\"@id\":\"https:\/\/uniest.it\/prodotto\/cristalli-liquidi\/\",\"url\":\"https:\/\/uniest.it\/prodotto\/cristalli-liquidi\/\",\"name\":\"Cristaux liquides - Uniest\",\"isPartOf\":{\"@id\":\"https:\/\/uniest.it\/#website\"},\"primaryImageOfPage\":{\"@id\":\"https:\/\/uniest.it\/prodotto\/cristalli-liquidi\/#primaryimage\"},\"image\":{\"@id\":\"https:\/\/uniest.it\/prodotto\/cristalli-liquidi\/#primaryimage\"},\"thumbnailUrl\":\"https:\/\/uniest.it\/wp-content\/uploads\/2020\/12\/047AAE.png\",\"datePublished\":\"2024-10-23T14:42:34+00:00\",\"dateModified\":\"2024-10-23T15:29:57+00:00\",\"breadcrumb\":{\"@id\":\"https:\/\/uniest.it\/prodotto\/cristalli-liquidi\/#breadcrumb\"},\"inLanguage\":\"fr-FR\",\"potentialAction\":[{\"@type\":\"ReadAction\",\"target\":[\"https:\/\/uniest.it\/prodotto\/cristalli-liquidi\/\"]}]},{\"@type\":\"ImageObject\",\"inLanguage\":\"fr-FR\",\"@id\":\"https:\/\/uniest.it\/prodotto\/cristalli-liquidi\/#primaryimage\",\"url\":\"https:\/\/uniest.it\/wp-content\/uploads\/2020\/12\/047AAE.png\",\"contentUrl\":\"https:\/\/uniest.it\/wp-content\/uploads\/2020\/12\/047AAE.png\",\"width\":1283,\"height\":2000},{\"@type\":\"BreadcrumbList\",\"@id\":\"https:\/\/uniest.it\/prodotto\/cristalli-liquidi\/#breadcrumb\",\"itemListElement\":[{\"@type\":\"ListItem\",\"position\":1,\"name\":\"Home\",\"item\":\"https:\/\/uniest.it\/fr\/\"},{\"@type\":\"ListItem\",\"position\":2,\"name\":\"Shop\",\"item\":\"https:\/\/uniest.it\/shop\/\"},{\"@type\":\"ListItem\",\"position\":3,\"name\":\"Cristaux liquides\"}]},{\"@type\":\"WebSite\",\"@id\":\"https:\/\/uniest.it\/#website\",\"url\":\"https:\/\/uniest.it\/\",\"name\":\"Uniest\",\"description\":\"Cosmetici Naturali e Bio\",\"potentialAction\":[{\"@type\":\"SearchAction\",\"target\":{\"@type\":\"EntryPoint\",\"urlTemplate\":\"https:\/\/uniest.it\/?s={search_term_string}\"},\"query-input\":{\"@type\":\"PropertyValueSpecification\",\"valueRequired\":true,\"valueName\":\"search_term_string\"}}],\"inLanguage\":\"fr-FR\"}]}<\/script>\n<!-- \/ Yoast SEO plugin. -->","yoast_head_json":{"title":"Cristaux liquides - Uniest","robots":{"index":"index","follow":"follow","max-snippet":"max-snippet:-1","max-image-preview":"max-image-preview:large","max-video-preview":"max-video-preview:-1"},"canonical":"https:\/\/uniest.it\/prodotto\/cristalli-liquidi\/","og_locale":"fr_FR","og_type":"article","og_title":"Cristaux liquides - Uniest","og_description":"Cristaux Liquides innovants sp\u00e9cialement con\u00e7us pour r\u00e9guler les cheveux, augmentant ainsi la tenue du coiffage. Ils contr\u00f4lent les frisottis, scellent les pointes fourchues et gardent tous les types de cheveux bien rang\u00e9s. Enrichis en huile de lin bio et en huile d&rsquo;amande douce, ils en font un excellent alli\u00e9 pour la beaut\u00e9 et la sant\u00e9 [&hellip;]","og_url":"https:\/\/uniest.it\/prodotto\/cristalli-liquidi\/","og_site_name":"Uniest","article_modified_time":"2024-10-23T15:29:57+00:00","og_image":[{"width":1283,"height":2000,"url":"https:\/\/uniest.it\/wp-content\/uploads\/2020\/12\/047AAE.png","type":"image\/png"}],"twitter_card":"summary_large_image","schema":{"@context":"https:\/\/schema.org","@graph":[{"@type":"WebPage","@id":"https:\/\/uniest.it\/prodotto\/cristalli-liquidi\/","url":"https:\/\/uniest.it\/prodotto\/cristalli-liquidi\/","name":"Cristaux liquides - Uniest","isPartOf":{"@id":"https:\/\/uniest.it\/#website"},"primaryImageOfPage":{"@id":"https:\/\/uniest.it\/prodotto\/cristalli-liquidi\/#primaryimage"},"image":{"@id":"https:\/\/uniest.it\/prodotto\/cristalli-liquidi\/#primaryimage"},"thumbnailUrl":"https:\/\/uniest.it\/wp-content\/uploads\/2020\/12\/047AAE.png","datePublished":"2024-10-23T14:42:34+00:00","dateModified":"2024-10-23T15:29:57+00:00","breadcrumb":{"@id":"https:\/\/uniest.it\/prodotto\/cristalli-liquidi\/#breadcrumb"},"inLanguage":"fr-FR","potentialAction":[{"@type":"ReadAction","target":["https:\/\/uniest.it\/prodotto\/cristalli-liquidi\/"]}]},{"@type":"ImageObject","inLanguage":"fr-FR","@id":"https:\/\/uniest.it\/prodotto\/cristalli-liquidi\/#primaryimage","url":"https:\/\/uniest.it\/wp-content\/uploads\/2020\/12\/047AAE.png","contentUrl":"https:\/\/uniest.it\/wp-content\/uploads\/2020\/12\/047AAE.png","width":1283,"height":2000},{"@type":"BreadcrumbList","@id":"https:\/\/uniest.it\/prodotto\/cristalli-liquidi\/#breadcrumb","itemListElement":[{"@type":"ListItem","position":1,"name":"Home","item":"https:\/\/uniest.it\/fr\/"},{"@type":"ListItem","position":2,"name":"Shop","item":"https:\/\/uniest.it\/shop\/"},{"@type":"ListItem","position":3,"name":"Cristaux liquides"}]},{"@type":"WebSite","@id":"https:\/\/uniest.it\/#website","url":"https:\/\/uniest.it\/","name":"Uniest","description":"Cosmetici Naturali e Bio","potentialAction":[{"@type":"SearchAction","target":{"@type":"EntryPoint","urlTemplate":"https:\/\/uniest.it\/?s={search_term_string}"},"query-input":{"@type":"PropertyValueSpecification","valueRequired":true,"valueName":"search_term_string"}}],"inLanguage":"fr-FR"}]}},"_links":{"self":[{"href":"https:\/\/uniest.it\/fr\/wp-json\/wp\/v2\/product\/5707","targetHints":{"allow":["GET"]}}],"collection":[{"href":"https:\/\/uniest.it\/fr\/wp-json\/wp\/v2\/product"}],"about":[{"href":"https:\/\/uniest.it\/fr\/wp-json\/wp\/v2\/types\/product"}],"wp:featuredmedia":[{"embeddable":true,"href":"https:\/\/uniest.it\/fr\/wp-json\/wp\/v2\/media\/5708"}],"wp:attachment":[{"href":"https:\/\/uniest.it\/fr\/wp-json\/wp\/v2\/media?parent=5707"}],"wp:term":[{"taxonomy":"product_brand","embeddable":true,"href":"https:\/\/uniest.it\/fr\/wp-json\/wp\/v2\/product_brand?post=5707"},{"taxonomy":"product_cat","embeddable":true,"href":"https:\/\/uniest.it\/fr\/wp-json\/wp\/v2\/product_cat?post=5707"},{"taxonomy":"product_tag","embeddable":true,"href":"https:\/\/uniest.it\/fr\/wp-json\/wp\/v2\/product_tag?post=5707"}],"curies":[{"name":"wp","href":"https:\/\/api.w.org\/{rel}","templated":true}]}}