{"id":5709,"date":"2021-02-04T12:59:03","date_gmt":"2024-10-23T14:42:34","guid":{"rendered":"https:\/\/uniest.it\/prodotto\/lait-demaquillant-elastifiant\/"},"modified":"2025-03-04T00:00:47","modified_gmt":"2025-03-03T23:00:47","slug":"lait-demaquillant-elastifiant","status":"publish","type":"product","link":"https:\/\/uniest.it\/fr\/prodotto\/lait-demaquillant-elastifiant\/","title":{"rendered":"Lait D\u00e9maquillant \u00c9lastifiant"},"content":{"rendered":"<p>*Il est possible que l&#8217;emballage diff\u00e8re de la photographie. Le Lait D\u00e9maquillant Doux \u00c9lastifiant aux Plantes est un fluide cr\u00e9meux, id\u00e9al pour \u00e9liminer le maquillage et les impuret\u00e9s en fin de journ\u00e9e, en pr\u00e9servant la sant\u00e9 des processus cellulaires. Pour favoriser et augmenter le processus naturel de r\u00e9g\u00e9n\u00e9ration et de r\u00e9paration cellulaire, notamment le soir, il est tr\u00e8s important d&rsquo;\u00e9liminer les substances qui se d\u00e9posent sur le visage. Ce produit est particuli\u00e8rement facile \u00e0 appliquer et contient des ingr\u00e9dients apaisants, hydratants et nourrissants, qui apportent de nombreux bienfaits aux zones trait\u00e9es. Le lait nettoyant doux \u00e9lastifiant aux herbes est riche en sels min\u00e9raux, sucres, acides alpha-hydroxy, acides amin\u00e9s et vitamines qui ont une action nettoyante, hydratante et nourrissante sur notre peau. La pr\u00e9sence d&rsquo;extraits naturels de plantes de Ginseng et de Tilleul qui, associ\u00e9s \u00e0 l&rsquo;Huile d&rsquo;Amande douce Bio et au Squalane V\u00e9g\u00e9tal, ont une action protectrice, hydratante, \u00e9molliente et restructurante.<\/p>\n","protected":false},"excerpt":{"rendered":"<p>*Il est possible que l&#8217;emballage diff\u00e8re de la photographie. Le Lait D\u00e9maquillant Doux \u00c9lastifiant aux Plantes est un fluide cr\u00e9meux, id\u00e9al pour \u00e9liminer le maquillage et les impuret\u00e9s en fin de journ\u00e9e, en pr\u00e9servant la sant\u00e9 des processus cellulaires. Pour favoriser et augmenter le processus naturel de r\u00e9g\u00e9n\u00e9ration et de r\u00e9paration cellulaire, notamment le soir, [&hellip;]<\/p>\n","protected":false},"featured_media":5710,"template":"","meta":{"_acf_changed":false,"inline_featured_image":false},"product_brand":[],"product_cat":[1383],"product_tag":[],"class_list":{"0":"post-5709","1":"product","2":"type-product","3":"status-publish","4":"has-post-thumbnail","6":"product_beauty-antirughe","7":"product_beauty-detergere","8":"product_beauty-idratare","9":"product_beauty-rassodare-e-tonificare","10":"product_skin-pelli-mature-e-rughe","11":"product_kind-detergenti-e-struccanti-viso","12":"product_lines-antirughe","13":"product_cat-viso-fr","14":"pa_size-200-fr","16":"first","17":"instock","18":"taxable","19":"shipping-taxable","20":"purchasable","21":"product-type-simple"},"acf":[],"yoast_head":"<!-- This site is optimized with the Yoast SEO plugin v24.6 - https:\/\/yoast.com\/wordpress\/plugins\/seo\/ -->\n<title>Lait D\u00e9maquillant \u00c9lastifiant - Uniest<\/title>\n<meta name=\"robots\" content=\"index, follow, max-snippet:-1, max-image-preview:large, max-video-preview:-1\" \/>\n<link rel=\"canonical\" href=\"https:\/\/uniest.it\/prodotto\/latte-detergente-elasticizzante\/\" \/>\n<meta property=\"og:locale\" content=\"fr_FR\" \/>\n<meta property=\"og:type\" content=\"article\" \/>\n<meta property=\"og:title\" content=\"Lait D\u00e9maquillant \u00c9lastifiant - Uniest\" \/>\n<meta property=\"og:description\" content=\"*Il est possible que l&#8217;emballage diff\u00e8re de la photographie. Le Lait D\u00e9maquillant Doux \u00c9lastifiant aux Plantes est un fluide cr\u00e9meux, id\u00e9al pour \u00e9liminer le maquillage et les impuret\u00e9s en fin de journ\u00e9e, en pr\u00e9servant la sant\u00e9 des processus cellulaires. Pour favoriser et augmenter le processus naturel de r\u00e9g\u00e9n\u00e9ration et de r\u00e9paration cellulaire, notamment le soir, [&hellip;]\" \/>\n<meta property=\"og:url\" content=\"https:\/\/uniest.it\/prodotto\/latte-detergente-elasticizzante\/\" \/>\n<meta property=\"og:site_name\" content=\"Uniest\" \/>\n<meta property=\"article:modified_time\" content=\"2025-03-03T23:00:47+00:00\" \/>\n<meta property=\"og:image\" content=\"https:\/\/uniest.it\/wp-content\/uploads\/2020\/11\/048AAE.png\" \/>\n\t<meta property=\"og:image:width\" content=\"1283\" \/>\n\t<meta property=\"og:image:height\" content=\"2001\" \/>\n\t<meta property=\"og:image:type\" content=\"image\/png\" \/>\n<meta name=\"twitter:card\" content=\"summary_large_image\" \/>\n<meta name=\"twitter:label1\" content=\"Dur\u00e9e de lecture estim\u00e9e\" \/>\n\t<meta name=\"twitter:data1\" content=\"1 minute\" \/>\n<script type=\"application\/ld+json\" class=\"yoast-schema-graph\">{\"@context\":\"https:\/\/schema.org\",\"@graph\":[{\"@type\":\"WebPage\",\"@id\":\"https:\/\/uniest.it\/prodotto\/latte-detergente-elasticizzante\/\",\"url\":\"https:\/\/uniest.it\/prodotto\/latte-detergente-elasticizzante\/\",\"name\":\"Lait D\u00e9maquillant \u00c9lastifiant - Uniest\",\"isPartOf\":{\"@id\":\"https:\/\/uniest.it\/#website\"},\"primaryImageOfPage\":{\"@id\":\"https:\/\/uniest.it\/prodotto\/latte-detergente-elasticizzante\/#primaryimage\"},\"image\":{\"@id\":\"https:\/\/uniest.it\/prodotto\/latte-detergente-elasticizzante\/#primaryimage\"},\"thumbnailUrl\":\"https:\/\/uniest.it\/wp-content\/uploads\/2020\/11\/048AAE.png\",\"datePublished\":\"2024-10-23T14:42:34+00:00\",\"dateModified\":\"2025-03-03T23:00:47+00:00\",\"breadcrumb\":{\"@id\":\"https:\/\/uniest.it\/prodotto\/latte-detergente-elasticizzante\/#breadcrumb\"},\"inLanguage\":\"fr-FR\",\"potentialAction\":[{\"@type\":\"ReadAction\",\"target\":[\"https:\/\/uniest.it\/prodotto\/latte-detergente-elasticizzante\/\"]}]},{\"@type\":\"ImageObject\",\"inLanguage\":\"fr-FR\",\"@id\":\"https:\/\/uniest.it\/prodotto\/latte-detergente-elasticizzante\/#primaryimage\",\"url\":\"https:\/\/uniest.it\/wp-content\/uploads\/2020\/11\/048AAE.png\",\"contentUrl\":\"https:\/\/uniest.it\/wp-content\/uploads\/2020\/11\/048AAE.png\",\"width\":1283,\"height\":2001},{\"@type\":\"BreadcrumbList\",\"@id\":\"https:\/\/uniest.it\/prodotto\/latte-detergente-elasticizzante\/#breadcrumb\",\"itemListElement\":[{\"@type\":\"ListItem\",\"position\":1,\"name\":\"Home\",\"item\":\"https:\/\/uniest.it\/fr\/\"},{\"@type\":\"ListItem\",\"position\":2,\"name\":\"Shop\",\"item\":\"https:\/\/uniest.it\/shop\/\"},{\"@type\":\"ListItem\",\"position\":3,\"name\":\"Lait D\u00e9maquillant \u00c9lastifiant\"}]},{\"@type\":\"WebSite\",\"@id\":\"https:\/\/uniest.it\/#website\",\"url\":\"https:\/\/uniest.it\/\",\"name\":\"Uniest\",\"description\":\"Cosmetici Naturali e Bio\",\"potentialAction\":[{\"@type\":\"SearchAction\",\"target\":{\"@type\":\"EntryPoint\",\"urlTemplate\":\"https:\/\/uniest.it\/?s={search_term_string}\"},\"query-input\":{\"@type\":\"PropertyValueSpecification\",\"valueRequired\":true,\"valueName\":\"search_term_string\"}}],\"inLanguage\":\"fr-FR\"}]}<\/script>\n<!-- \/ Yoast SEO plugin. -->","yoast_head_json":{"title":"Lait D\u00e9maquillant \u00c9lastifiant - Uniest","robots":{"index":"index","follow":"follow","max-snippet":"max-snippet:-1","max-image-preview":"max-image-preview:large","max-video-preview":"max-video-preview:-1"},"canonical":"https:\/\/uniest.it\/prodotto\/latte-detergente-elasticizzante\/","og_locale":"fr_FR","og_type":"article","og_title":"Lait D\u00e9maquillant \u00c9lastifiant - Uniest","og_description":"*Il est possible que l&#8217;emballage diff\u00e8re de la photographie. Le Lait D\u00e9maquillant Doux \u00c9lastifiant aux Plantes est un fluide cr\u00e9meux, id\u00e9al pour \u00e9liminer le maquillage et les impuret\u00e9s en fin de journ\u00e9e, en pr\u00e9servant la sant\u00e9 des processus cellulaires. Pour favoriser et augmenter le processus naturel de r\u00e9g\u00e9n\u00e9ration et de r\u00e9paration cellulaire, notamment le soir, [&hellip;]","og_url":"https:\/\/uniest.it\/prodotto\/latte-detergente-elasticizzante\/","og_site_name":"Uniest","article_modified_time":"2025-03-03T23:00:47+00:00","og_image":[{"width":1283,"height":2001,"url":"https:\/\/uniest.it\/wp-content\/uploads\/2020\/11\/048AAE.png","type":"image\/png"}],"twitter_card":"summary_large_image","twitter_misc":{"Dur\u00e9e de lecture estim\u00e9e":"1 minute"},"schema":{"@context":"https:\/\/schema.org","@graph":[{"@type":"WebPage","@id":"https:\/\/uniest.it\/prodotto\/latte-detergente-elasticizzante\/","url":"https:\/\/uniest.it\/prodotto\/latte-detergente-elasticizzante\/","name":"Lait D\u00e9maquillant \u00c9lastifiant - Uniest","isPartOf":{"@id":"https:\/\/uniest.it\/#website"},"primaryImageOfPage":{"@id":"https:\/\/uniest.it\/prodotto\/latte-detergente-elasticizzante\/#primaryimage"},"image":{"@id":"https:\/\/uniest.it\/prodotto\/latte-detergente-elasticizzante\/#primaryimage"},"thumbnailUrl":"https:\/\/uniest.it\/wp-content\/uploads\/2020\/11\/048AAE.png","datePublished":"2024-10-23T14:42:34+00:00","dateModified":"2025-03-03T23:00:47+00:00","breadcrumb":{"@id":"https:\/\/uniest.it\/prodotto\/latte-detergente-elasticizzante\/#breadcrumb"},"inLanguage":"fr-FR","potentialAction":[{"@type":"ReadAction","target":["https:\/\/uniest.it\/prodotto\/latte-detergente-elasticizzante\/"]}]},{"@type":"ImageObject","inLanguage":"fr-FR","@id":"https:\/\/uniest.it\/prodotto\/latte-detergente-elasticizzante\/#primaryimage","url":"https:\/\/uniest.it\/wp-content\/uploads\/2020\/11\/048AAE.png","contentUrl":"https:\/\/uniest.it\/wp-content\/uploads\/2020\/11\/048AAE.png","width":1283,"height":2001},{"@type":"BreadcrumbList","@id":"https:\/\/uniest.it\/prodotto\/latte-detergente-elasticizzante\/#breadcrumb","itemListElement":[{"@type":"ListItem","position":1,"name":"Home","item":"https:\/\/uniest.it\/fr\/"},{"@type":"ListItem","position":2,"name":"Shop","item":"https:\/\/uniest.it\/shop\/"},{"@type":"ListItem","position":3,"name":"Lait D\u00e9maquillant \u00c9lastifiant"}]},{"@type":"WebSite","@id":"https:\/\/uniest.it\/#website","url":"https:\/\/uniest.it\/","name":"Uniest","description":"Cosmetici Naturali e Bio","potentialAction":[{"@type":"SearchAction","target":{"@type":"EntryPoint","urlTemplate":"https:\/\/uniest.it\/?s={search_term_string}"},"query-input":{"@type":"PropertyValueSpecification","valueRequired":true,"valueName":"search_term_string"}}],"inLanguage":"fr-FR"}]}},"_links":{"self":[{"href":"https:\/\/uniest.it\/fr\/wp-json\/wp\/v2\/product\/5709","targetHints":{"allow":["GET"]}}],"collection":[{"href":"https:\/\/uniest.it\/fr\/wp-json\/wp\/v2\/product"}],"about":[{"href":"https:\/\/uniest.it\/fr\/wp-json\/wp\/v2\/types\/product"}],"wp:featuredmedia":[{"embeddable":true,"href":"https:\/\/uniest.it\/fr\/wp-json\/wp\/v2\/media\/5710"}],"wp:attachment":[{"href":"https:\/\/uniest.it\/fr\/wp-json\/wp\/v2\/media?parent=5709"}],"wp:term":[{"taxonomy":"product_brand","embeddable":true,"href":"https:\/\/uniest.it\/fr\/wp-json\/wp\/v2\/product_brand?post=5709"},{"taxonomy":"product_cat","embeddable":true,"href":"https:\/\/uniest.it\/fr\/wp-json\/wp\/v2\/product_cat?post=5709"},{"taxonomy":"product_tag","embeddable":true,"href":"https:\/\/uniest.it\/fr\/wp-json\/wp\/v2\/product_tag?post=5709"}],"curies":[{"name":"wp","href":"https:\/\/api.w.org\/{rel}","templated":true}]}}