{"id":5711,"date":"2022-06-28T21:00:03","date_gmt":"2024-10-23T14:42:35","guid":{"rendered":"https:\/\/uniest.it\/prodotto\/creme-protectrice-contre-la-chaleur-sans-rincage\/"},"modified":"2024-10-23T16:29:58","modified_gmt":"2024-10-23T15:29:58","slug":"creme-protectrice-contre-la-chaleur-sans-rincage","status":"publish","type":"product","link":"https:\/\/uniest.it\/fr\/prodotto\/creme-protectrice-contre-la-chaleur-sans-rincage\/","title":{"rendered":"Cr\u00e8me protectrice contre la chaleur sans rin\u00e7age"},"content":{"rendered":"<p>Les traitements agressifs (s\u00e8che-cheveux, lisseurs, teintures, d\u00e9colorants), le soleil, le smog, le chlore des piscines, le sel marin et d&rsquo;autres situations diverses peuvent mettre \u00e0 rude \u00e9preuve la sant\u00e9 de nos cheveux, les rendant ternes, fragiles, cassants, mal nourris, filandreux. , indisciplin\u00e9, bris\u00e9 aux pointes fourchues. Pour contrer tous ces probl\u00e8mes, la <strong>Cr\u00e8me Sans Rin\u00e7age<\/strong> a \u00e9t\u00e9 sp\u00e9cialement \u00e9tudi\u00e9e dans nos laboratoires et formul\u00e9e \u00e0 base d&rsquo;un <strong>Thermo Protecteur<\/strong><u>d&rsquo;origine v\u00e9g\u00e9tale<\/u>< strong >. <\/strong>Ce pr\u00e9cieux ingr\u00e9dient actif est capable d&rsquo;am\u00e9liorer l&rsquo;apparence naturelle des cheveux car il a pour fonction de <strong><u>r\u00e9parer les dommages<\/u><\/strong> caus\u00e9s par les traitements chimiques et la chaleur. Les fibres capillaires, apr\u00e8s application, pr\u00e9sentent une augmentation significative de brillance, de vitalit\u00e9 et de force, les dommages sont att\u00e9nu\u00e9s, les cheveux sont restructur\u00e9s, renaissent et montrent leur meilleur aspect. <u>Ce pr\u00e9cieux actif est en effet capable de<\/u> : <\/p>\n<ul>\n<li>restructurer les fibres capillaires ;<\/li>\n<li>am\u00e9liorer l&rsquo;int\u00e9grit\u00e9 des cheveux, par cons\u00e9quent, les cheveux seront plus r\u00e9sistants. aux facteurs nocifs;<\/li>\n<li>prot\u00e9ger les cheveux des traitements thermiques;<\/li>\n<li>am\u00e9liorer les caract\u00e9ristiques sensorielles et physiques des cheveux, en augmentant consid\u00e9rablement leur luminosit\u00e9 et leur vitalit\u00e9;<\/li>\n<li>restaurer l&rsquo;apparence naturelle des cheveux, car elle r\u00e9pare les effets nocifs des traitements chimiques et du stress physique.<\/li>\n<\/ul>\n<p> La <strong>Cr\u00e8me sans rin\u00e7age<\/strong> a \u00e9galement \u00e9t\u00e9 enrichie en <strong>< u> Alo\u00e8s Bio*<\/u><\/strong> et <strong><u>Beurre de Karit\u00e9 Bio<\/u><\/strong>*qui\u00a0: <\/p>\n<ul>\n<li>aident \u00e0 fermer les cuticules\u00a0;<\/li >\n<li> former un film protecteur naturel pour contrecarrer l&rsquo;\u00e9vaporation de l&rsquo;eau contenue dans la fibre capillaire, \u00e9vitant ainsi sa d\u00e9shydratation<\/li>\n<li>emp\u00eachant la formation de pointes fourchues disgracieuses.<\/li>\n<\/ul>\n<p> Sa formulation sp\u00e9ciale ne graisser ou alourdir les cheveux, il a \u00e9galement une action d\u00e9m\u00ealante, facilite le coiffage, prot\u00e8ge les cheveux de la chaleur et r\u00e9gule les cheveux cr\u00e9pus. Pour des cheveux revitalis\u00e9s, prot\u00e9g\u00e9s, brillants, sains, doux, soyeux et brillants (sans sensation grasse). De plus, les cheveux seront d\u00e9m\u00eal\u00e9s, plus faciles \u00e0 coiffer et plus l\u00e9gers.<\/p>\n","protected":false},"excerpt":{"rendered":"<p>Les traitements agressifs (s\u00e8che-cheveux, lisseurs, teintures, d\u00e9colorants), le soleil, le smog, le chlore des piscines, le sel marin et d&rsquo;autres situations diverses peuvent mettre \u00e0 rude \u00e9preuve la sant\u00e9 de nos cheveux, les rendant ternes, fragiles, cassants, mal nourris, filandreux. , indisciplin\u00e9, bris\u00e9 aux pointes fourchues. Pour contrer tous ces probl\u00e8mes, la Cr\u00e8me Sans Rin\u00e7age [&hellip;]<\/p>\n","protected":false},"featured_media":5712,"template":"","meta":{"_acf_changed":false,"inline_featured_image":false},"product_brand":[],"product_cat":[1384,1372],"product_tag":[],"class_list":{"0":"post-5711","1":"product","2":"type-product","3":"status-publish","4":"has-post-thumbnail","6":"product_beauty-idratare","7":"product_beauty-nutrire-e-rigenerare","8":"product_beauty-proteggere","9":"product_skin-tutti-i-capelli","10":"product_kind-trattamenti-speciali","11":"product_lines-capelli","12":"product_cat-capelli-fr","13":"product_cat-corpo-fr","14":"pa_size-150-fr","16":"first","17":"instock","18":"taxable","19":"shipping-taxable","20":"purchasable","21":"product-type-simple"},"acf":[],"yoast_head":"<!-- This site is optimized with the Yoast SEO plugin v24.6 - https:\/\/yoast.com\/wordpress\/plugins\/seo\/ -->\n<title>Cr\u00e8me protectrice contre la chaleur sans rin\u00e7age - Uniest<\/title>\n<meta name=\"robots\" content=\"index, follow, max-snippet:-1, max-image-preview:large, max-video-preview:-1\" \/>\n<link rel=\"canonical\" href=\"https:\/\/uniest.it\/fr\/prodotto\/creme-protectrice-contre-la-chaleur-sans-rincage\/\" \/>\n<meta property=\"og:locale\" content=\"fr_FR\" \/>\n<meta property=\"og:type\" content=\"article\" \/>\n<meta property=\"og:title\" content=\"Cr\u00e8me protectrice contre la chaleur sans rin\u00e7age - Uniest\" \/>\n<meta property=\"og:description\" content=\"Les traitements agressifs (s\u00e8che-cheveux, lisseurs, teintures, d\u00e9colorants), le soleil, le smog, le chlore des piscines, le sel marin et d&rsquo;autres situations diverses peuvent mettre \u00e0 rude \u00e9preuve la sant\u00e9 de nos cheveux, les rendant ternes, fragiles, cassants, mal nourris, filandreux. , indisciplin\u00e9, bris\u00e9 aux pointes fourchues. Pour contrer tous ces probl\u00e8mes, la Cr\u00e8me Sans Rin\u00e7age [&hellip;]\" \/>\n<meta property=\"og:url\" content=\"https:\/\/uniest.it\/fr\/prodotto\/creme-protectrice-contre-la-chaleur-sans-rincage\/\" \/>\n<meta property=\"og:site_name\" content=\"Uniest\" \/>\n<meta property=\"article:modified_time\" content=\"2024-10-23T15:29:58+00:00\" \/>\n<meta property=\"og:image\" content=\"https:\/\/uniest.it\/wp-content\/uploads\/2020\/11\/049AAE.png\" \/>\n\t<meta property=\"og:image:width\" content=\"1283\" \/>\n\t<meta property=\"og:image:height\" content=\"2000\" \/>\n\t<meta property=\"og:image:type\" content=\"image\/png\" \/>\n<meta name=\"twitter:card\" content=\"summary_large_image\" \/>\n<meta name=\"twitter:label1\" content=\"Dur\u00e9e de lecture estim\u00e9e\" \/>\n\t<meta name=\"twitter:data1\" content=\"2 minutes\" \/>\n<script type=\"application\/ld+json\" class=\"yoast-schema-graph\">{\"@context\":\"https:\/\/schema.org\",\"@graph\":[{\"@type\":\"WebPage\",\"@id\":\"https:\/\/uniest.it\/fr\/prodotto\/creme-protectrice-contre-la-chaleur-sans-rincage\/\",\"url\":\"https:\/\/uniest.it\/fr\/prodotto\/creme-protectrice-contre-la-chaleur-sans-rincage\/\",\"name\":\"Cr\u00e8me protectrice contre la chaleur sans rin\u00e7age - Uniest\",\"isPartOf\":{\"@id\":\"https:\/\/uniest.it\/#website\"},\"primaryImageOfPage\":{\"@id\":\"https:\/\/uniest.it\/fr\/prodotto\/creme-protectrice-contre-la-chaleur-sans-rincage\/#primaryimage\"},\"image\":{\"@id\":\"https:\/\/uniest.it\/fr\/prodotto\/creme-protectrice-contre-la-chaleur-sans-rincage\/#primaryimage\"},\"thumbnailUrl\":\"https:\/\/uniest.it\/wp-content\/uploads\/2020\/11\/049AAE.png\",\"datePublished\":\"2024-10-23T14:42:35+00:00\",\"dateModified\":\"2024-10-23T15:29:58+00:00\",\"breadcrumb\":{\"@id\":\"https:\/\/uniest.it\/fr\/prodotto\/creme-protectrice-contre-la-chaleur-sans-rincage\/#breadcrumb\"},\"inLanguage\":\"fr-FR\",\"potentialAction\":[{\"@type\":\"ReadAction\",\"target\":[\"https:\/\/uniest.it\/fr\/prodotto\/creme-protectrice-contre-la-chaleur-sans-rincage\/\"]}]},{\"@type\":\"ImageObject\",\"inLanguage\":\"fr-FR\",\"@id\":\"https:\/\/uniest.it\/fr\/prodotto\/creme-protectrice-contre-la-chaleur-sans-rincage\/#primaryimage\",\"url\":\"https:\/\/uniest.it\/wp-content\/uploads\/2020\/11\/049AAE.png\",\"contentUrl\":\"https:\/\/uniest.it\/wp-content\/uploads\/2020\/11\/049AAE.png\",\"width\":1283,\"height\":2000},{\"@type\":\"BreadcrumbList\",\"@id\":\"https:\/\/uniest.it\/fr\/prodotto\/creme-protectrice-contre-la-chaleur-sans-rincage\/#breadcrumb\",\"itemListElement\":[{\"@type\":\"ListItem\",\"position\":1,\"name\":\"Home\",\"item\":\"https:\/\/uniest.it\/fr\/\"},{\"@type\":\"ListItem\",\"position\":2,\"name\":\"Shop\",\"item\":\"https:\/\/uniest.it\/shop\/\"},{\"@type\":\"ListItem\",\"position\":3,\"name\":\"Cr\u00e8me protectrice contre la chaleur sans rin\u00e7age\"}]},{\"@type\":\"WebSite\",\"@id\":\"https:\/\/uniest.it\/#website\",\"url\":\"https:\/\/uniest.it\/\",\"name\":\"Uniest\",\"description\":\"Cosmetici Naturali e Bio\",\"potentialAction\":[{\"@type\":\"SearchAction\",\"target\":{\"@type\":\"EntryPoint\",\"urlTemplate\":\"https:\/\/uniest.it\/?s={search_term_string}\"},\"query-input\":{\"@type\":\"PropertyValueSpecification\",\"valueRequired\":true,\"valueName\":\"search_term_string\"}}],\"inLanguage\":\"fr-FR\"}]}<\/script>\n<!-- \/ Yoast SEO plugin. -->","yoast_head_json":{"title":"Cr\u00e8me protectrice contre la chaleur sans rin\u00e7age - Uniest","robots":{"index":"index","follow":"follow","max-snippet":"max-snippet:-1","max-image-preview":"max-image-preview:large","max-video-preview":"max-video-preview:-1"},"canonical":"https:\/\/uniest.it\/fr\/prodotto\/creme-protectrice-contre-la-chaleur-sans-rincage\/","og_locale":"fr_FR","og_type":"article","og_title":"Cr\u00e8me protectrice contre la chaleur sans rin\u00e7age - Uniest","og_description":"Les traitements agressifs (s\u00e8che-cheveux, lisseurs, teintures, d\u00e9colorants), le soleil, le smog, le chlore des piscines, le sel marin et d&rsquo;autres situations diverses peuvent mettre \u00e0 rude \u00e9preuve la sant\u00e9 de nos cheveux, les rendant ternes, fragiles, cassants, mal nourris, filandreux. , indisciplin\u00e9, bris\u00e9 aux pointes fourchues. Pour contrer tous ces probl\u00e8mes, la Cr\u00e8me Sans Rin\u00e7age [&hellip;]","og_url":"https:\/\/uniest.it\/fr\/prodotto\/creme-protectrice-contre-la-chaleur-sans-rincage\/","og_site_name":"Uniest","article_modified_time":"2024-10-23T15:29:58+00:00","og_image":[{"width":1283,"height":2000,"url":"https:\/\/uniest.it\/wp-content\/uploads\/2020\/11\/049AAE.png","type":"image\/png"}],"twitter_card":"summary_large_image","twitter_misc":{"Dur\u00e9e de lecture estim\u00e9e":"2 minutes"},"schema":{"@context":"https:\/\/schema.org","@graph":[{"@type":"WebPage","@id":"https:\/\/uniest.it\/fr\/prodotto\/creme-protectrice-contre-la-chaleur-sans-rincage\/","url":"https:\/\/uniest.it\/fr\/prodotto\/creme-protectrice-contre-la-chaleur-sans-rincage\/","name":"Cr\u00e8me protectrice contre la chaleur sans rin\u00e7age - Uniest","isPartOf":{"@id":"https:\/\/uniest.it\/#website"},"primaryImageOfPage":{"@id":"https:\/\/uniest.it\/fr\/prodotto\/creme-protectrice-contre-la-chaleur-sans-rincage\/#primaryimage"},"image":{"@id":"https:\/\/uniest.it\/fr\/prodotto\/creme-protectrice-contre-la-chaleur-sans-rincage\/#primaryimage"},"thumbnailUrl":"https:\/\/uniest.it\/wp-content\/uploads\/2020\/11\/049AAE.png","datePublished":"2024-10-23T14:42:35+00:00","dateModified":"2024-10-23T15:29:58+00:00","breadcrumb":{"@id":"https:\/\/uniest.it\/fr\/prodotto\/creme-protectrice-contre-la-chaleur-sans-rincage\/#breadcrumb"},"inLanguage":"fr-FR","potentialAction":[{"@type":"ReadAction","target":["https:\/\/uniest.it\/fr\/prodotto\/creme-protectrice-contre-la-chaleur-sans-rincage\/"]}]},{"@type":"ImageObject","inLanguage":"fr-FR","@id":"https:\/\/uniest.it\/fr\/prodotto\/creme-protectrice-contre-la-chaleur-sans-rincage\/#primaryimage","url":"https:\/\/uniest.it\/wp-content\/uploads\/2020\/11\/049AAE.png","contentUrl":"https:\/\/uniest.it\/wp-content\/uploads\/2020\/11\/049AAE.png","width":1283,"height":2000},{"@type":"BreadcrumbList","@id":"https:\/\/uniest.it\/fr\/prodotto\/creme-protectrice-contre-la-chaleur-sans-rincage\/#breadcrumb","itemListElement":[{"@type":"ListItem","position":1,"name":"Home","item":"https:\/\/uniest.it\/fr\/"},{"@type":"ListItem","position":2,"name":"Shop","item":"https:\/\/uniest.it\/shop\/"},{"@type":"ListItem","position":3,"name":"Cr\u00e8me protectrice contre la chaleur sans rin\u00e7age"}]},{"@type":"WebSite","@id":"https:\/\/uniest.it\/#website","url":"https:\/\/uniest.it\/","name":"Uniest","description":"Cosmetici Naturali e Bio","potentialAction":[{"@type":"SearchAction","target":{"@type":"EntryPoint","urlTemplate":"https:\/\/uniest.it\/?s={search_term_string}"},"query-input":{"@type":"PropertyValueSpecification","valueRequired":true,"valueName":"search_term_string"}}],"inLanguage":"fr-FR"}]}},"_links":{"self":[{"href":"https:\/\/uniest.it\/fr\/wp-json\/wp\/v2\/product\/5711","targetHints":{"allow":["GET"]}}],"collection":[{"href":"https:\/\/uniest.it\/fr\/wp-json\/wp\/v2\/product"}],"about":[{"href":"https:\/\/uniest.it\/fr\/wp-json\/wp\/v2\/types\/product"}],"wp:featuredmedia":[{"embeddable":true,"href":"https:\/\/uniest.it\/fr\/wp-json\/wp\/v2\/media\/5712"}],"wp:attachment":[{"href":"https:\/\/uniest.it\/fr\/wp-json\/wp\/v2\/media?parent=5711"}],"wp:term":[{"taxonomy":"product_brand","embeddable":true,"href":"https:\/\/uniest.it\/fr\/wp-json\/wp\/v2\/product_brand?post=5711"},{"taxonomy":"product_cat","embeddable":true,"href":"https:\/\/uniest.it\/fr\/wp-json\/wp\/v2\/product_cat?post=5711"},{"taxonomy":"product_tag","embeddable":true,"href":"https:\/\/uniest.it\/fr\/wp-json\/wp\/v2\/product_tag?post=5711"}],"curies":[{"name":"wp","href":"https:\/\/api.w.org\/{rel}","templated":true}]}}