{"id":5713,"date":"2021-02-04T12:59:03","date_gmt":"2024-10-23T14:42:35","guid":{"rendered":"https:\/\/uniest.it\/prodotto\/emulsion-apres-soleil-moon-beam\/"},"modified":"2024-10-23T16:29:58","modified_gmt":"2024-10-23T15:29:58","slug":"emulsion-apres-soleil-moon-beam","status":"publish","type":"product","link":"https:\/\/uniest.it\/fr\/prodotto\/emulsion-apres-soleil-moon-beam\/","title":{"rendered":"\u00c9mulsion Apr\u00e8s Soleil Moon Beam"},"content":{"rendered":"<p>Moon Beam une \u00e9mulsion apr\u00e8s-soleil d\u00e9licate, hydratante et rafra\u00eechissante. Les propri\u00e9t\u00e9s de l&rsquo;huile d&rsquo;amande douce, de coco et de coque de noix bio, associ\u00e9es \u00e0 celles des extraits v\u00e9g\u00e9taux de citron vert bio et d&rsquo;alo\u00e8s bio, hydratent et apaisent la peau apr\u00e8s une exposition au soleil ou aux lampes UV. . Les extraits de millepertuis et d&rsquo;\u00e9chinac\u00e9e, associ\u00e9s aux huiles essentielles de menthol et de pin sylvestre, apportent \u00e9lasticit\u00e9, douceur et fra\u00eecheur \u00e0 la peau. Les extraits d&rsquo;Alth\u00e9a et de Mauve prot\u00e8gent et rendent la peau de plus en plus douce. L&rsquo;extrait de calendula bio, aux propri\u00e9t\u00e9s r\u00e9\u00e9pith\u00e9lisantes, rafra\u00eechissantes, adoucissantes, et les extraits de camomille et de m\u00e9lisse bio, adoucissants et apaisants, le rendent particuli\u00e8rement adapt\u00e9 aux peaux tr\u00e8s d\u00e9licates. Son utilisation constante maintient la peau \u00e9lastique et tonique gr\u00e2ce \u00e0 la pr\u00e9sence d&rsquo;huile de son de riz riche en Gamma-Oryzanol et en vitamine E.<\/p>\n","protected":false},"excerpt":{"rendered":"<p>Moon Beam une \u00e9mulsion apr\u00e8s-soleil d\u00e9licate, hydratante et rafra\u00eechissante. Les propri\u00e9t\u00e9s de l&rsquo;huile d&rsquo;amande douce, de coco et de coque de noix bio, associ\u00e9es \u00e0 celles des extraits v\u00e9g\u00e9taux de citron vert bio et d&rsquo;alo\u00e8s bio, hydratent et apaisent la peau apr\u00e8s une exposition au soleil ou aux lampes UV. . Les extraits de millepertuis [&hellip;]<\/p>\n","protected":false},"featured_media":5715,"template":"","meta":{"_acf_changed":false,"inline_featured_image":false},"product_brand":[],"product_cat":[1380],"product_tag":[],"class_list":{"0":"post-5713","1":"product","2":"type-product","3":"status-publish","4":"has-post-thumbnail","6":"product_beauty-balsamico","7":"product_beauty-idratare","8":"product_beauty-lenire","9":"product_beauty-nutrire-e-rigenerare","10":"product_beauty-proteggere","11":"product_beauty-rassodare-e-tonificare","12":"product_skin-tutte-le-pelli","13":"product_kind-creme-antieta-e-prime-rughe","14":"product_kind-protezione-solare","15":"product_kind-tutte-le-creme-corpo","16":"product_kind-tutte-le-creme-viso","17":"product_lines-solari","18":"product_cat-solari-fr","19":"pa_size-150-fr","21":"first","22":"instock","23":"taxable","24":"shipping-taxable","25":"purchasable","26":"product-type-simple"},"acf":[],"yoast_head":"<!-- This site is optimized with the Yoast SEO plugin v24.6 - https:\/\/yoast.com\/wordpress\/plugins\/seo\/ -->\n<title>\u00c9mulsion Apr\u00e8s Soleil Moon Beam - Uniest<\/title>\n<meta name=\"robots\" content=\"index, follow, max-snippet:-1, max-image-preview:large, max-video-preview:-1\" \/>\n<link rel=\"canonical\" href=\"https:\/\/uniest.it\/prodotto\/moon-beam-emulsione-dopo-sole\/\" \/>\n<meta property=\"og:locale\" content=\"fr_FR\" \/>\n<meta property=\"og:type\" content=\"article\" \/>\n<meta property=\"og:title\" content=\"\u00c9mulsion Apr\u00e8s Soleil Moon Beam - Uniest\" \/>\n<meta property=\"og:description\" content=\"Moon Beam une \u00e9mulsion apr\u00e8s-soleil d\u00e9licate, hydratante et rafra\u00eechissante. Les propri\u00e9t\u00e9s de l&rsquo;huile d&rsquo;amande douce, de coco et de coque de noix bio, associ\u00e9es \u00e0 celles des extraits v\u00e9g\u00e9taux de citron vert bio et d&rsquo;alo\u00e8s bio, hydratent et apaisent la peau apr\u00e8s une exposition au soleil ou aux lampes UV. . Les extraits de millepertuis [&hellip;]\" \/>\n<meta property=\"og:url\" content=\"https:\/\/uniest.it\/prodotto\/moon-beam-emulsione-dopo-sole\/\" \/>\n<meta property=\"og:site_name\" content=\"Uniest\" \/>\n<meta property=\"article:modified_time\" content=\"2024-10-23T15:29:58+00:00\" \/>\n<meta property=\"og:image\" content=\"https:\/\/uniest.it\/wp-content\/uploads\/2021\/02\/050AAS-1280x1921.png\" \/>\n\t<meta property=\"og:image:width\" content=\"1280\" \/>\n\t<meta property=\"og:image:height\" content=\"1921\" \/>\n\t<meta property=\"og:image:type\" content=\"image\/png\" \/>\n<meta name=\"twitter:card\" content=\"summary_large_image\" \/>\n<meta name=\"twitter:label1\" content=\"Dur\u00e9e de lecture estim\u00e9e\" \/>\n\t<meta name=\"twitter:data1\" content=\"1 minute\" \/>\n<script type=\"application\/ld+json\" class=\"yoast-schema-graph\">{\"@context\":\"https:\/\/schema.org\",\"@graph\":[{\"@type\":\"WebPage\",\"@id\":\"https:\/\/uniest.it\/prodotto\/moon-beam-emulsione-dopo-sole\/\",\"url\":\"https:\/\/uniest.it\/prodotto\/moon-beam-emulsione-dopo-sole\/\",\"name\":\"\u00c9mulsion Apr\u00e8s Soleil Moon Beam - Uniest\",\"isPartOf\":{\"@id\":\"https:\/\/uniest.it\/#website\"},\"primaryImageOfPage\":{\"@id\":\"https:\/\/uniest.it\/prodotto\/moon-beam-emulsione-dopo-sole\/#primaryimage\"},\"image\":{\"@id\":\"https:\/\/uniest.it\/prodotto\/moon-beam-emulsione-dopo-sole\/#primaryimage\"},\"thumbnailUrl\":\"https:\/\/uniest.it\/wp-content\/uploads\/2021\/02\/050AAS.png\",\"datePublished\":\"2024-10-23T14:42:35+00:00\",\"dateModified\":\"2024-10-23T15:29:58+00:00\",\"breadcrumb\":{\"@id\":\"https:\/\/uniest.it\/prodotto\/moon-beam-emulsione-dopo-sole\/#breadcrumb\"},\"inLanguage\":\"fr-FR\",\"potentialAction\":[{\"@type\":\"ReadAction\",\"target\":[\"https:\/\/uniest.it\/prodotto\/moon-beam-emulsione-dopo-sole\/\"]}]},{\"@type\":\"ImageObject\",\"inLanguage\":\"fr-FR\",\"@id\":\"https:\/\/uniest.it\/prodotto\/moon-beam-emulsione-dopo-sole\/#primaryimage\",\"url\":\"https:\/\/uniest.it\/wp-content\/uploads\/2021\/02\/050AAS.png\",\"contentUrl\":\"https:\/\/uniest.it\/wp-content\/uploads\/2021\/02\/050AAS.png\",\"width\":3454,\"height\":5183},{\"@type\":\"BreadcrumbList\",\"@id\":\"https:\/\/uniest.it\/prodotto\/moon-beam-emulsione-dopo-sole\/#breadcrumb\",\"itemListElement\":[{\"@type\":\"ListItem\",\"position\":1,\"name\":\"Home\",\"item\":\"https:\/\/uniest.it\/fr\/\"},{\"@type\":\"ListItem\",\"position\":2,\"name\":\"Shop\",\"item\":\"https:\/\/uniest.it\/shop\/\"},{\"@type\":\"ListItem\",\"position\":3,\"name\":\"\u00c9mulsion Apr\u00e8s Soleil Moon Beam\"}]},{\"@type\":\"WebSite\",\"@id\":\"https:\/\/uniest.it\/#website\",\"url\":\"https:\/\/uniest.it\/\",\"name\":\"Uniest\",\"description\":\"Cosmetici Naturali e Bio\",\"potentialAction\":[{\"@type\":\"SearchAction\",\"target\":{\"@type\":\"EntryPoint\",\"urlTemplate\":\"https:\/\/uniest.it\/?s={search_term_string}\"},\"query-input\":{\"@type\":\"PropertyValueSpecification\",\"valueRequired\":true,\"valueName\":\"search_term_string\"}}],\"inLanguage\":\"fr-FR\"}]}<\/script>\n<!-- \/ Yoast SEO plugin. -->","yoast_head_json":{"title":"\u00c9mulsion Apr\u00e8s Soleil Moon Beam - Uniest","robots":{"index":"index","follow":"follow","max-snippet":"max-snippet:-1","max-image-preview":"max-image-preview:large","max-video-preview":"max-video-preview:-1"},"canonical":"https:\/\/uniest.it\/prodotto\/moon-beam-emulsione-dopo-sole\/","og_locale":"fr_FR","og_type":"article","og_title":"\u00c9mulsion Apr\u00e8s Soleil Moon Beam - Uniest","og_description":"Moon Beam une \u00e9mulsion apr\u00e8s-soleil d\u00e9licate, hydratante et rafra\u00eechissante. Les propri\u00e9t\u00e9s de l&rsquo;huile d&rsquo;amande douce, de coco et de coque de noix bio, associ\u00e9es \u00e0 celles des extraits v\u00e9g\u00e9taux de citron vert bio et d&rsquo;alo\u00e8s bio, hydratent et apaisent la peau apr\u00e8s une exposition au soleil ou aux lampes UV. . Les extraits de millepertuis [&hellip;]","og_url":"https:\/\/uniest.it\/prodotto\/moon-beam-emulsione-dopo-sole\/","og_site_name":"Uniest","article_modified_time":"2024-10-23T15:29:58+00:00","og_image":[{"width":1280,"height":1921,"url":"https:\/\/uniest.it\/wp-content\/uploads\/2021\/02\/050AAS-1280x1921.png","type":"image\/png"}],"twitter_card":"summary_large_image","twitter_misc":{"Dur\u00e9e de lecture estim\u00e9e":"1 minute"},"schema":{"@context":"https:\/\/schema.org","@graph":[{"@type":"WebPage","@id":"https:\/\/uniest.it\/prodotto\/moon-beam-emulsione-dopo-sole\/","url":"https:\/\/uniest.it\/prodotto\/moon-beam-emulsione-dopo-sole\/","name":"\u00c9mulsion Apr\u00e8s Soleil Moon Beam - Uniest","isPartOf":{"@id":"https:\/\/uniest.it\/#website"},"primaryImageOfPage":{"@id":"https:\/\/uniest.it\/prodotto\/moon-beam-emulsione-dopo-sole\/#primaryimage"},"image":{"@id":"https:\/\/uniest.it\/prodotto\/moon-beam-emulsione-dopo-sole\/#primaryimage"},"thumbnailUrl":"https:\/\/uniest.it\/wp-content\/uploads\/2021\/02\/050AAS.png","datePublished":"2024-10-23T14:42:35+00:00","dateModified":"2024-10-23T15:29:58+00:00","breadcrumb":{"@id":"https:\/\/uniest.it\/prodotto\/moon-beam-emulsione-dopo-sole\/#breadcrumb"},"inLanguage":"fr-FR","potentialAction":[{"@type":"ReadAction","target":["https:\/\/uniest.it\/prodotto\/moon-beam-emulsione-dopo-sole\/"]}]},{"@type":"ImageObject","inLanguage":"fr-FR","@id":"https:\/\/uniest.it\/prodotto\/moon-beam-emulsione-dopo-sole\/#primaryimage","url":"https:\/\/uniest.it\/wp-content\/uploads\/2021\/02\/050AAS.png","contentUrl":"https:\/\/uniest.it\/wp-content\/uploads\/2021\/02\/050AAS.png","width":3454,"height":5183},{"@type":"BreadcrumbList","@id":"https:\/\/uniest.it\/prodotto\/moon-beam-emulsione-dopo-sole\/#breadcrumb","itemListElement":[{"@type":"ListItem","position":1,"name":"Home","item":"https:\/\/uniest.it\/fr\/"},{"@type":"ListItem","position":2,"name":"Shop","item":"https:\/\/uniest.it\/shop\/"},{"@type":"ListItem","position":3,"name":"\u00c9mulsion Apr\u00e8s Soleil Moon Beam"}]},{"@type":"WebSite","@id":"https:\/\/uniest.it\/#website","url":"https:\/\/uniest.it\/","name":"Uniest","description":"Cosmetici Naturali e Bio","potentialAction":[{"@type":"SearchAction","target":{"@type":"EntryPoint","urlTemplate":"https:\/\/uniest.it\/?s={search_term_string}"},"query-input":{"@type":"PropertyValueSpecification","valueRequired":true,"valueName":"search_term_string"}}],"inLanguage":"fr-FR"}]}},"_links":{"self":[{"href":"https:\/\/uniest.it\/fr\/wp-json\/wp\/v2\/product\/5713","targetHints":{"allow":["GET"]}}],"collection":[{"href":"https:\/\/uniest.it\/fr\/wp-json\/wp\/v2\/product"}],"about":[{"href":"https:\/\/uniest.it\/fr\/wp-json\/wp\/v2\/types\/product"}],"wp:featuredmedia":[{"embeddable":true,"href":"https:\/\/uniest.it\/fr\/wp-json\/wp\/v2\/media\/5715"}],"wp:attachment":[{"href":"https:\/\/uniest.it\/fr\/wp-json\/wp\/v2\/media?parent=5713"}],"wp:term":[{"taxonomy":"product_brand","embeddable":true,"href":"https:\/\/uniest.it\/fr\/wp-json\/wp\/v2\/product_brand?post=5713"},{"taxonomy":"product_cat","embeddable":true,"href":"https:\/\/uniest.it\/fr\/wp-json\/wp\/v2\/product_cat?post=5713"},{"taxonomy":"product_tag","embeddable":true,"href":"https:\/\/uniest.it\/fr\/wp-json\/wp\/v2\/product_tag?post=5713"}],"curies":[{"name":"wp","href":"https:\/\/api.w.org\/{rel}","templated":true}]}}