{"id":5716,"date":"2024-10-23T15:42:36","date_gmt":"2024-10-23T14:42:36","guid":{"rendered":"https:\/\/uniest.it\/prodotto\/eau-aromatique\/"},"modified":"2024-10-23T16:29:58","modified_gmt":"2024-10-23T15:29:58","slug":"eau-aromatique","status":"publish","type":"product","link":"https:\/\/uniest.it\/fr\/prodotto\/eau-aromatique\/","title":{"rendered":"Eau Aromatique"},"content":{"rendered":"<p>L&rsquo;eau aromatique pour les jeunes est une eau parfum\u00e9e d\u00e9licate adapt\u00e9e \u00e0 tous les types de peau, elle aide \u00e0 nettoyer, aromatiser, parfumer et hydrater m\u00eame la peau des plus petits. Les bases naturelles ont \u00e9t\u00e9 m\u00e9lang\u00e9es aux tr\u00e8s pr\u00e9cieuses huiles essentielles v\u00e9g\u00e9tales de Santal et de Menthol, aux propri\u00e9t\u00e9s apaisantes et rafra\u00eechissantes. Associ\u00e9s aux extraits tr\u00e8s d\u00e9licats de Rose et de M\u00e9lisse, aux propri\u00e9t\u00e9s adoucissantes et relaxantes, ils contribuent \u00e0 maintenir la peau hydrat\u00e9e et un pH cutan\u00e9 correct.<\/p>\n","protected":false},"excerpt":{"rendered":"<p>L&rsquo;eau aromatique pour les jeunes est une eau parfum\u00e9e d\u00e9licate adapt\u00e9e \u00e0 tous les types de peau, elle aide \u00e0 nettoyer, aromatiser, parfumer et hydrater m\u00eame la peau des plus petits. Les bases naturelles ont \u00e9t\u00e9 m\u00e9lang\u00e9es aux tr\u00e8s pr\u00e9cieuses huiles essentielles v\u00e9g\u00e9tales de Santal et de Menthol, aux propri\u00e9t\u00e9s apaisantes et rafra\u00eechissantes. Associ\u00e9s aux [&hellip;]<\/p>\n","protected":false},"featured_media":5717,"template":"","meta":{"_acf_changed":false,"inline_featured_image":false},"product_brand":[],"product_cat":[1378],"product_tag":[],"class_list":{"0":"post-5716","1":"product","2":"type-product","3":"status-publish","4":"has-post-thumbnail","6":"product_beauty-aromatizzare-e-profumare","7":"product_beauty-detergere","8":"product_beauty-idratare","9":"product_beauty-lenire","10":"product_skin-pelli-delicate-e-sensibili","11":"product_skin-pelli-giovani-e-prime-rughe","12":"product_skin-pelli-grasse-e-miste","13":"product_skin-pelli-secche-e-normali","14":"product_skin-tutte-le-pelli","15":"product_kind-prodotti-baby-mamy","16":"product_kind-tonici-e-lozioni-corpo","17":"product_lines-baby-mamy","18":"product_cat-famiglia-e-pet-fr","19":"pa_size-150-fr","21":"first","22":"instock","23":"taxable","24":"shipping-taxable","25":"purchasable","26":"product-type-simple"},"acf":[],"yoast_head":"<!-- This site is optimized with the Yoast SEO plugin v24.6 - https:\/\/yoast.com\/wordpress\/plugins\/seo\/ -->\n<title>Eau Aromatique - Uniest<\/title>\n<meta name=\"robots\" content=\"index, follow, max-snippet:-1, max-image-preview:large, max-video-preview:-1\" \/>\n<link rel=\"canonical\" href=\"https:\/\/uniest.it\/prodotto\/acqua-aromatica\/\" \/>\n<meta property=\"og:locale\" content=\"fr_FR\" \/>\n<meta property=\"og:type\" content=\"article\" \/>\n<meta property=\"og:title\" content=\"Eau Aromatique - Uniest\" \/>\n<meta property=\"og:description\" content=\"L&rsquo;eau aromatique pour les jeunes est une eau parfum\u00e9e d\u00e9licate adapt\u00e9e \u00e0 tous les types de peau, elle aide \u00e0 nettoyer, aromatiser, parfumer et hydrater m\u00eame la peau des plus petits. Les bases naturelles ont \u00e9t\u00e9 m\u00e9lang\u00e9es aux tr\u00e8s pr\u00e9cieuses huiles essentielles v\u00e9g\u00e9tales de Santal et de Menthol, aux propri\u00e9t\u00e9s apaisantes et rafra\u00eechissantes. Associ\u00e9s aux [&hellip;]\" \/>\n<meta property=\"og:url\" content=\"https:\/\/uniest.it\/prodotto\/acqua-aromatica\/\" \/>\n<meta property=\"og:site_name\" content=\"Uniest\" \/>\n<meta property=\"article:modified_time\" content=\"2024-10-23T15:29:58+00:00\" \/>\n<meta property=\"og:image\" content=\"https:\/\/uniest.it\/wp-content\/uploads\/2020\/11\/051AAA.png\" \/>\n\t<meta property=\"og:image:width\" content=\"1283\" \/>\n\t<meta property=\"og:image:height\" content=\"2001\" \/>\n\t<meta property=\"og:image:type\" content=\"image\/png\" \/>\n<meta name=\"twitter:card\" content=\"summary_large_image\" \/>\n<script type=\"application\/ld+json\" class=\"yoast-schema-graph\">{\"@context\":\"https:\/\/schema.org\",\"@graph\":[{\"@type\":\"WebPage\",\"@id\":\"https:\/\/uniest.it\/prodotto\/acqua-aromatica\/\",\"url\":\"https:\/\/uniest.it\/prodotto\/acqua-aromatica\/\",\"name\":\"Eau Aromatique - Uniest\",\"isPartOf\":{\"@id\":\"https:\/\/uniest.it\/#website\"},\"primaryImageOfPage\":{\"@id\":\"https:\/\/uniest.it\/prodotto\/acqua-aromatica\/#primaryimage\"},\"image\":{\"@id\":\"https:\/\/uniest.it\/prodotto\/acqua-aromatica\/#primaryimage\"},\"thumbnailUrl\":\"https:\/\/uniest.it\/wp-content\/uploads\/2020\/11\/051AAA.png\",\"datePublished\":\"2024-10-23T14:42:36+00:00\",\"dateModified\":\"2024-10-23T15:29:58+00:00\",\"breadcrumb\":{\"@id\":\"https:\/\/uniest.it\/prodotto\/acqua-aromatica\/#breadcrumb\"},\"inLanguage\":\"fr-FR\",\"potentialAction\":[{\"@type\":\"ReadAction\",\"target\":[\"https:\/\/uniest.it\/prodotto\/acqua-aromatica\/\"]}]},{\"@type\":\"ImageObject\",\"inLanguage\":\"fr-FR\",\"@id\":\"https:\/\/uniest.it\/prodotto\/acqua-aromatica\/#primaryimage\",\"url\":\"https:\/\/uniest.it\/wp-content\/uploads\/2020\/11\/051AAA.png\",\"contentUrl\":\"https:\/\/uniest.it\/wp-content\/uploads\/2020\/11\/051AAA.png\",\"width\":1283,\"height\":2001},{\"@type\":\"BreadcrumbList\",\"@id\":\"https:\/\/uniest.it\/prodotto\/acqua-aromatica\/#breadcrumb\",\"itemListElement\":[{\"@type\":\"ListItem\",\"position\":1,\"name\":\"Home\",\"item\":\"https:\/\/uniest.it\/fr\/\"},{\"@type\":\"ListItem\",\"position\":2,\"name\":\"Shop\",\"item\":\"https:\/\/uniest.it\/shop\/\"},{\"@type\":\"ListItem\",\"position\":3,\"name\":\"Eau Aromatique\"}]},{\"@type\":\"WebSite\",\"@id\":\"https:\/\/uniest.it\/#website\",\"url\":\"https:\/\/uniest.it\/\",\"name\":\"Uniest\",\"description\":\"Cosmetici Naturali e Bio\",\"potentialAction\":[{\"@type\":\"SearchAction\",\"target\":{\"@type\":\"EntryPoint\",\"urlTemplate\":\"https:\/\/uniest.it\/?s={search_term_string}\"},\"query-input\":{\"@type\":\"PropertyValueSpecification\",\"valueRequired\":true,\"valueName\":\"search_term_string\"}}],\"inLanguage\":\"fr-FR\"}]}<\/script>\n<!-- \/ Yoast SEO plugin. -->","yoast_head_json":{"title":"Eau Aromatique - Uniest","robots":{"index":"index","follow":"follow","max-snippet":"max-snippet:-1","max-image-preview":"max-image-preview:large","max-video-preview":"max-video-preview:-1"},"canonical":"https:\/\/uniest.it\/prodotto\/acqua-aromatica\/","og_locale":"fr_FR","og_type":"article","og_title":"Eau Aromatique - Uniest","og_description":"L&rsquo;eau aromatique pour les jeunes est une eau parfum\u00e9e d\u00e9licate adapt\u00e9e \u00e0 tous les types de peau, elle aide \u00e0 nettoyer, aromatiser, parfumer et hydrater m\u00eame la peau des plus petits. Les bases naturelles ont \u00e9t\u00e9 m\u00e9lang\u00e9es aux tr\u00e8s pr\u00e9cieuses huiles essentielles v\u00e9g\u00e9tales de Santal et de Menthol, aux propri\u00e9t\u00e9s apaisantes et rafra\u00eechissantes. Associ\u00e9s aux [&hellip;]","og_url":"https:\/\/uniest.it\/prodotto\/acqua-aromatica\/","og_site_name":"Uniest","article_modified_time":"2024-10-23T15:29:58+00:00","og_image":[{"width":1283,"height":2001,"url":"https:\/\/uniest.it\/wp-content\/uploads\/2020\/11\/051AAA.png","type":"image\/png"}],"twitter_card":"summary_large_image","schema":{"@context":"https:\/\/schema.org","@graph":[{"@type":"WebPage","@id":"https:\/\/uniest.it\/prodotto\/acqua-aromatica\/","url":"https:\/\/uniest.it\/prodotto\/acqua-aromatica\/","name":"Eau Aromatique - Uniest","isPartOf":{"@id":"https:\/\/uniest.it\/#website"},"primaryImageOfPage":{"@id":"https:\/\/uniest.it\/prodotto\/acqua-aromatica\/#primaryimage"},"image":{"@id":"https:\/\/uniest.it\/prodotto\/acqua-aromatica\/#primaryimage"},"thumbnailUrl":"https:\/\/uniest.it\/wp-content\/uploads\/2020\/11\/051AAA.png","datePublished":"2024-10-23T14:42:36+00:00","dateModified":"2024-10-23T15:29:58+00:00","breadcrumb":{"@id":"https:\/\/uniest.it\/prodotto\/acqua-aromatica\/#breadcrumb"},"inLanguage":"fr-FR","potentialAction":[{"@type":"ReadAction","target":["https:\/\/uniest.it\/prodotto\/acqua-aromatica\/"]}]},{"@type":"ImageObject","inLanguage":"fr-FR","@id":"https:\/\/uniest.it\/prodotto\/acqua-aromatica\/#primaryimage","url":"https:\/\/uniest.it\/wp-content\/uploads\/2020\/11\/051AAA.png","contentUrl":"https:\/\/uniest.it\/wp-content\/uploads\/2020\/11\/051AAA.png","width":1283,"height":2001},{"@type":"BreadcrumbList","@id":"https:\/\/uniest.it\/prodotto\/acqua-aromatica\/#breadcrumb","itemListElement":[{"@type":"ListItem","position":1,"name":"Home","item":"https:\/\/uniest.it\/fr\/"},{"@type":"ListItem","position":2,"name":"Shop","item":"https:\/\/uniest.it\/shop\/"},{"@type":"ListItem","position":3,"name":"Eau Aromatique"}]},{"@type":"WebSite","@id":"https:\/\/uniest.it\/#website","url":"https:\/\/uniest.it\/","name":"Uniest","description":"Cosmetici Naturali e Bio","potentialAction":[{"@type":"SearchAction","target":{"@type":"EntryPoint","urlTemplate":"https:\/\/uniest.it\/?s={search_term_string}"},"query-input":{"@type":"PropertyValueSpecification","valueRequired":true,"valueName":"search_term_string"}}],"inLanguage":"fr-FR"}]}},"_links":{"self":[{"href":"https:\/\/uniest.it\/fr\/wp-json\/wp\/v2\/product\/5716","targetHints":{"allow":["GET"]}}],"collection":[{"href":"https:\/\/uniest.it\/fr\/wp-json\/wp\/v2\/product"}],"about":[{"href":"https:\/\/uniest.it\/fr\/wp-json\/wp\/v2\/types\/product"}],"wp:featuredmedia":[{"embeddable":true,"href":"https:\/\/uniest.it\/fr\/wp-json\/wp\/v2\/media\/5717"}],"wp:attachment":[{"href":"https:\/\/uniest.it\/fr\/wp-json\/wp\/v2\/media?parent=5716"}],"wp:term":[{"taxonomy":"product_brand","embeddable":true,"href":"https:\/\/uniest.it\/fr\/wp-json\/wp\/v2\/product_brand?post=5716"},{"taxonomy":"product_cat","embeddable":true,"href":"https:\/\/uniest.it\/fr\/wp-json\/wp\/v2\/product_cat?post=5716"},{"taxonomy":"product_tag","embeddable":true,"href":"https:\/\/uniest.it\/fr\/wp-json\/wp\/v2\/product_tag?post=5716"}],"curies":[{"name":"wp","href":"https:\/\/api.w.org\/{rel}","templated":true}]}}