{"id":5718,"date":"2024-10-23T15:42:37","date_gmt":"2024-10-23T14:42:37","guid":{"rendered":"https:\/\/uniest.it\/prodotto\/tonique-vegetal-nourrissant\/"},"modified":"2024-10-23T16:29:59","modified_gmt":"2024-10-23T15:29:59","slug":"tonique-vegetal-nourrissant","status":"publish","type":"product","link":"https:\/\/uniest.it\/fr\/prodotto\/tonique-vegetal-nourrissant\/","title":{"rendered":"Tonique V\u00e9g\u00e9tal Nourrissant"},"content":{"rendered":"<p>*Il est possible que l&#8217;emballage diff\u00e8re de la photographie. Le Tonique V\u00e9g\u00e9tal Nourrissant est une lotion tonique d\u00e9licate qui a une action \u00e9nerg\u00e9tique anti-\u00e2ge, hydratante et nourrissante, laissant la peau lumineuse, douce et velout\u00e9e. Les extraits naturels de plantes de millepertuis, de marjolaine et de rose musqu\u00e9e stimulent, apaisent et hydratent la peau, tandis que l&rsquo;huile essentielle de bois de santal a une action tonifiante, purifiante et astringente. Le pr\u00e9cieux extrait de Centella Asiatica poss\u00e8de des propri\u00e9t\u00e9s r\u00e9\u00e9pith\u00e9lisantes et antioxydantes, excellentes pour lutter contre les signes de l&rsquo;\u00e2ge.<\/p>\n","protected":false},"excerpt":{"rendered":"<p>*Il est possible que l&#8217;emballage diff\u00e8re de la photographie. Le Tonique V\u00e9g\u00e9tal Nourrissant est une lotion tonique d\u00e9licate qui a une action \u00e9nerg\u00e9tique anti-\u00e2ge, hydratante et nourrissante, laissant la peau lumineuse, douce et velout\u00e9e. Les extraits naturels de plantes de millepertuis, de marjolaine et de rose musqu\u00e9e stimulent, apaisent et hydratent la peau, tandis que [&hellip;]<\/p>\n","protected":false},"featured_media":5719,"template":"","meta":{"_acf_changed":false,"inline_featured_image":false},"product_brand":[],"product_cat":[1383],"product_tag":[],"class_list":{"0":"post-5718","1":"product","2":"type-product","3":"status-publish","4":"has-post-thumbnail","6":"product_beauty-antirughe","7":"product_beauty-idratare","8":"product_beauty-nutrire-e-rigenerare","9":"product_beauty-rassodare-e-tonificare","10":"product_skin-pelli-mature-e-rughe","11":"product_kind-tonici-e-lozioni-viso","12":"product_lines-antirughe","13":"product_cat-viso-fr","14":"pa_size-200-fr","16":"first","17":"instock","18":"taxable","19":"shipping-taxable","20":"purchasable","21":"product-type-simple"},"acf":[],"yoast_head":"<!-- This site is optimized with the Yoast SEO plugin v24.6 - https:\/\/yoast.com\/wordpress\/plugins\/seo\/ -->\n<title>Tonique V\u00e9g\u00e9tal Nourrissant - Uniest<\/title>\n<meta name=\"robots\" content=\"index, follow, max-snippet:-1, max-image-preview:large, max-video-preview:-1\" \/>\n<link rel=\"canonical\" href=\"https:\/\/uniest.it\/prodotto\/tonico-vegetale-nutriente\/\" \/>\n<meta property=\"og:locale\" content=\"fr_FR\" \/>\n<meta property=\"og:type\" content=\"article\" \/>\n<meta property=\"og:title\" content=\"Tonique V\u00e9g\u00e9tal Nourrissant - Uniest\" \/>\n<meta property=\"og:description\" content=\"*Il est possible que l&#8217;emballage diff\u00e8re de la photographie. Le Tonique V\u00e9g\u00e9tal Nourrissant est une lotion tonique d\u00e9licate qui a une action \u00e9nerg\u00e9tique anti-\u00e2ge, hydratante et nourrissante, laissant la peau lumineuse, douce et velout\u00e9e. Les extraits naturels de plantes de millepertuis, de marjolaine et de rose musqu\u00e9e stimulent, apaisent et hydratent la peau, tandis que [&hellip;]\" \/>\n<meta property=\"og:url\" content=\"https:\/\/uniest.it\/prodotto\/tonico-vegetale-nutriente\/\" \/>\n<meta property=\"og:site_name\" content=\"Uniest\" \/>\n<meta property=\"article:modified_time\" content=\"2024-10-23T15:29:59+00:00\" \/>\n<meta property=\"og:image\" content=\"https:\/\/uniest.it\/wp-content\/uploads\/2020\/11\/054AAE.png\" \/>\n\t<meta property=\"og:image:width\" content=\"1283\" \/>\n\t<meta property=\"og:image:height\" content=\"2000\" \/>\n\t<meta property=\"og:image:type\" content=\"image\/png\" \/>\n<meta name=\"twitter:card\" content=\"summary_large_image\" \/>\n<meta name=\"twitter:label1\" content=\"Dur\u00e9e de lecture estim\u00e9e\" \/>\n\t<meta name=\"twitter:data1\" content=\"1 minute\" \/>\n<script type=\"application\/ld+json\" class=\"yoast-schema-graph\">{\"@context\":\"https:\/\/schema.org\",\"@graph\":[{\"@type\":\"WebPage\",\"@id\":\"https:\/\/uniest.it\/prodotto\/tonico-vegetale-nutriente\/\",\"url\":\"https:\/\/uniest.it\/prodotto\/tonico-vegetale-nutriente\/\",\"name\":\"Tonique V\u00e9g\u00e9tal Nourrissant - Uniest\",\"isPartOf\":{\"@id\":\"https:\/\/uniest.it\/#website\"},\"primaryImageOfPage\":{\"@id\":\"https:\/\/uniest.it\/prodotto\/tonico-vegetale-nutriente\/#primaryimage\"},\"image\":{\"@id\":\"https:\/\/uniest.it\/prodotto\/tonico-vegetale-nutriente\/#primaryimage\"},\"thumbnailUrl\":\"https:\/\/uniest.it\/wp-content\/uploads\/2020\/11\/054AAE.png\",\"datePublished\":\"2024-10-23T14:42:37+00:00\",\"dateModified\":\"2024-10-23T15:29:59+00:00\",\"breadcrumb\":{\"@id\":\"https:\/\/uniest.it\/prodotto\/tonico-vegetale-nutriente\/#breadcrumb\"},\"inLanguage\":\"fr-FR\",\"potentialAction\":[{\"@type\":\"ReadAction\",\"target\":[\"https:\/\/uniest.it\/prodotto\/tonico-vegetale-nutriente\/\"]}]},{\"@type\":\"ImageObject\",\"inLanguage\":\"fr-FR\",\"@id\":\"https:\/\/uniest.it\/prodotto\/tonico-vegetale-nutriente\/#primaryimage\",\"url\":\"https:\/\/uniest.it\/wp-content\/uploads\/2020\/11\/054AAE.png\",\"contentUrl\":\"https:\/\/uniest.it\/wp-content\/uploads\/2020\/11\/054AAE.png\",\"width\":1283,\"height\":2000},{\"@type\":\"BreadcrumbList\",\"@id\":\"https:\/\/uniest.it\/prodotto\/tonico-vegetale-nutriente\/#breadcrumb\",\"itemListElement\":[{\"@type\":\"ListItem\",\"position\":1,\"name\":\"Home\",\"item\":\"https:\/\/uniest.it\/fr\/\"},{\"@type\":\"ListItem\",\"position\":2,\"name\":\"Shop\",\"item\":\"https:\/\/uniest.it\/shop\/\"},{\"@type\":\"ListItem\",\"position\":3,\"name\":\"Tonique V\u00e9g\u00e9tal Nourrissant\"}]},{\"@type\":\"WebSite\",\"@id\":\"https:\/\/uniest.it\/#website\",\"url\":\"https:\/\/uniest.it\/\",\"name\":\"Uniest\",\"description\":\"Cosmetici Naturali e Bio\",\"potentialAction\":[{\"@type\":\"SearchAction\",\"target\":{\"@type\":\"EntryPoint\",\"urlTemplate\":\"https:\/\/uniest.it\/?s={search_term_string}\"},\"query-input\":{\"@type\":\"PropertyValueSpecification\",\"valueRequired\":true,\"valueName\":\"search_term_string\"}}],\"inLanguage\":\"fr-FR\"}]}<\/script>\n<!-- \/ Yoast SEO plugin. -->","yoast_head_json":{"title":"Tonique V\u00e9g\u00e9tal Nourrissant - Uniest","robots":{"index":"index","follow":"follow","max-snippet":"max-snippet:-1","max-image-preview":"max-image-preview:large","max-video-preview":"max-video-preview:-1"},"canonical":"https:\/\/uniest.it\/prodotto\/tonico-vegetale-nutriente\/","og_locale":"fr_FR","og_type":"article","og_title":"Tonique V\u00e9g\u00e9tal Nourrissant - Uniest","og_description":"*Il est possible que l&#8217;emballage diff\u00e8re de la photographie. Le Tonique V\u00e9g\u00e9tal Nourrissant est une lotion tonique d\u00e9licate qui a une action \u00e9nerg\u00e9tique anti-\u00e2ge, hydratante et nourrissante, laissant la peau lumineuse, douce et velout\u00e9e. Les extraits naturels de plantes de millepertuis, de marjolaine et de rose musqu\u00e9e stimulent, apaisent et hydratent la peau, tandis que [&hellip;]","og_url":"https:\/\/uniest.it\/prodotto\/tonico-vegetale-nutriente\/","og_site_name":"Uniest","article_modified_time":"2024-10-23T15:29:59+00:00","og_image":[{"width":1283,"height":2000,"url":"https:\/\/uniest.it\/wp-content\/uploads\/2020\/11\/054AAE.png","type":"image\/png"}],"twitter_card":"summary_large_image","twitter_misc":{"Dur\u00e9e de lecture estim\u00e9e":"1 minute"},"schema":{"@context":"https:\/\/schema.org","@graph":[{"@type":"WebPage","@id":"https:\/\/uniest.it\/prodotto\/tonico-vegetale-nutriente\/","url":"https:\/\/uniest.it\/prodotto\/tonico-vegetale-nutriente\/","name":"Tonique V\u00e9g\u00e9tal Nourrissant - Uniest","isPartOf":{"@id":"https:\/\/uniest.it\/#website"},"primaryImageOfPage":{"@id":"https:\/\/uniest.it\/prodotto\/tonico-vegetale-nutriente\/#primaryimage"},"image":{"@id":"https:\/\/uniest.it\/prodotto\/tonico-vegetale-nutriente\/#primaryimage"},"thumbnailUrl":"https:\/\/uniest.it\/wp-content\/uploads\/2020\/11\/054AAE.png","datePublished":"2024-10-23T14:42:37+00:00","dateModified":"2024-10-23T15:29:59+00:00","breadcrumb":{"@id":"https:\/\/uniest.it\/prodotto\/tonico-vegetale-nutriente\/#breadcrumb"},"inLanguage":"fr-FR","potentialAction":[{"@type":"ReadAction","target":["https:\/\/uniest.it\/prodotto\/tonico-vegetale-nutriente\/"]}]},{"@type":"ImageObject","inLanguage":"fr-FR","@id":"https:\/\/uniest.it\/prodotto\/tonico-vegetale-nutriente\/#primaryimage","url":"https:\/\/uniest.it\/wp-content\/uploads\/2020\/11\/054AAE.png","contentUrl":"https:\/\/uniest.it\/wp-content\/uploads\/2020\/11\/054AAE.png","width":1283,"height":2000},{"@type":"BreadcrumbList","@id":"https:\/\/uniest.it\/prodotto\/tonico-vegetale-nutriente\/#breadcrumb","itemListElement":[{"@type":"ListItem","position":1,"name":"Home","item":"https:\/\/uniest.it\/fr\/"},{"@type":"ListItem","position":2,"name":"Shop","item":"https:\/\/uniest.it\/shop\/"},{"@type":"ListItem","position":3,"name":"Tonique V\u00e9g\u00e9tal Nourrissant"}]},{"@type":"WebSite","@id":"https:\/\/uniest.it\/#website","url":"https:\/\/uniest.it\/","name":"Uniest","description":"Cosmetici Naturali e Bio","potentialAction":[{"@type":"SearchAction","target":{"@type":"EntryPoint","urlTemplate":"https:\/\/uniest.it\/?s={search_term_string}"},"query-input":{"@type":"PropertyValueSpecification","valueRequired":true,"valueName":"search_term_string"}}],"inLanguage":"fr-FR"}]}},"_links":{"self":[{"href":"https:\/\/uniest.it\/fr\/wp-json\/wp\/v2\/product\/5718","targetHints":{"allow":["GET"]}}],"collection":[{"href":"https:\/\/uniest.it\/fr\/wp-json\/wp\/v2\/product"}],"about":[{"href":"https:\/\/uniest.it\/fr\/wp-json\/wp\/v2\/types\/product"}],"wp:featuredmedia":[{"embeddable":true,"href":"https:\/\/uniest.it\/fr\/wp-json\/wp\/v2\/media\/5719"}],"wp:attachment":[{"href":"https:\/\/uniest.it\/fr\/wp-json\/wp\/v2\/media?parent=5718"}],"wp:term":[{"taxonomy":"product_brand","embeddable":true,"href":"https:\/\/uniest.it\/fr\/wp-json\/wp\/v2\/product_brand?post=5718"},{"taxonomy":"product_cat","embeddable":true,"href":"https:\/\/uniest.it\/fr\/wp-json\/wp\/v2\/product_cat?post=5718"},{"taxonomy":"product_tag","embeddable":true,"href":"https:\/\/uniest.it\/fr\/wp-json\/wp\/v2\/product_tag?post=5718"}],"curies":[{"name":"wp","href":"https:\/\/api.w.org\/{rel}","templated":true}]}}