{"id":5720,"date":"2021-02-04T12:59:03","date_gmt":"2024-10-23T14:42:37","guid":{"rendered":"https:\/\/uniest.it\/prodotto\/shampoing-gel-douche-anti-sel\/"},"modified":"2024-10-23T16:29:59","modified_gmt":"2024-10-23T15:29:59","slug":"shampoing-gel-douche-anti-sel","status":"publish","type":"product","link":"https:\/\/uniest.it\/fr\/prodotto\/shampoing-gel-douche-anti-sel\/","title":{"rendered":"Shampoing Gel Douche Anti-sel"},"content":{"rendered":"<p>Le shampoing gel douche est un shampoing anti-sel et rafra\u00eechissant aux tensioactifs d\u00e9riv\u00e9s de la noix de coco pour permettre un nettoyage d\u00e9licat mais efficace. Il \u00e9limine les traces de sel qui se d\u00e9posent apr\u00e8s la baignade dans la mer, sans alt\u00e9rer le bronzage et les cheveux seront plus brillants et plus doux. L&rsquo;Acide Lactique pr\u00e9sent dans la formule r\u00e9\u00e9quilibre le pH de la peau et conf\u00e8re \u00e0 l&rsquo;\u00e9mulsion une l\u00e9g\u00e8re action acidifiante. L&rsquo;huile essentielle de menthol et l&rsquo;extrait d&rsquo;alo\u00e8s bio, connus pour leurs propri\u00e9t\u00e9s rafra\u00eechissantes et apaisantes, apportent bien-\u00eatre et fra\u00eecheur. L&rsquo;huile de lin, tr\u00e8s riche en Om\u00e9ga 3, et l&rsquo;huile d&rsquo;Argan, riche en acides gras, ont des propri\u00e9t\u00e9s antioxydantes gr\u00e2ce \u00e9galement \u00e0 la pr\u00e9sence de Vitamine E.<\/p>\n","protected":false},"excerpt":{"rendered":"<p>Le shampoing gel douche est un shampoing anti-sel et rafra\u00eechissant aux tensioactifs d\u00e9riv\u00e9s de la noix de coco pour permettre un nettoyage d\u00e9licat mais efficace. Il \u00e9limine les traces de sel qui se d\u00e9posent apr\u00e8s la baignade dans la mer, sans alt\u00e9rer le bronzage et les cheveux seront plus brillants et plus doux. L&rsquo;Acide Lactique [&hellip;]<\/p>\n","protected":false},"featured_media":5721,"template":"","meta":{"_acf_changed":false,"inline_featured_image":false},"product_brand":[],"product_cat":[1384,1372,1380],"product_tag":[],"class_list":{"0":"post-5720","1":"product","2":"type-product","3":"status-publish","4":"has-post-thumbnail","6":"product_beauty-detergere","7":"product_beauty-idratare","8":"product_beauty-lenire","9":"product_beauty-nutrire-e-rigenerare","10":"product_beauty-proteggere","11":"product_beauty-rassodare-e-tonificare","12":"product_skin-tutte-le-pelli","13":"product_kind-bagno","14":"product_kind-doccia","15":"product_kind-shampoo-e-detergenza","16":"product_lines-solari","17":"product_cat-capelli-fr","18":"product_cat-corpo-fr","19":"product_cat-solari-fr","20":"pa_size-250-fr","22":"first","23":"instock","24":"taxable","25":"shipping-taxable","26":"purchasable","27":"product-type-simple"},"acf":[],"yoast_head":"<!-- This site is optimized with the Yoast SEO plugin v24.6 - https:\/\/yoast.com\/wordpress\/plugins\/seo\/ -->\n<title>Shampoing Gel Douche Anti-sel - Uniest<\/title>\n<meta name=\"robots\" content=\"index, follow, max-snippet:-1, max-image-preview:large, max-video-preview:-1\" \/>\n<link rel=\"canonical\" href=\"https:\/\/uniest.it\/prodotto\/shampoo-doccia-gel-antisalsedine\/\" \/>\n<meta property=\"og:locale\" content=\"fr_FR\" \/>\n<meta property=\"og:type\" content=\"article\" \/>\n<meta property=\"og:title\" content=\"Shampoing Gel Douche Anti-sel - Uniest\" \/>\n<meta property=\"og:description\" content=\"Le shampoing gel douche est un shampoing anti-sel et rafra\u00eechissant aux tensioactifs d\u00e9riv\u00e9s de la noix de coco pour permettre un nettoyage d\u00e9licat mais efficace. Il \u00e9limine les traces de sel qui se d\u00e9posent apr\u00e8s la baignade dans la mer, sans alt\u00e9rer le bronzage et les cheveux seront plus brillants et plus doux. L&rsquo;Acide Lactique [&hellip;]\" \/>\n<meta property=\"og:url\" content=\"https:\/\/uniest.it\/prodotto\/shampoo-doccia-gel-antisalsedine\/\" \/>\n<meta property=\"og:site_name\" content=\"Uniest\" \/>\n<meta property=\"article:modified_time\" content=\"2024-10-23T15:29:59+00:00\" \/>\n<meta property=\"og:image\" content=\"https:\/\/uniest.it\/wp-content\/uploads\/2020\/11\/055AAS.png\" \/>\n\t<meta property=\"og:image:width\" content=\"1283\" \/>\n\t<meta property=\"og:image:height\" content=\"2000\" \/>\n\t<meta property=\"og:image:type\" content=\"image\/png\" \/>\n<meta name=\"twitter:card\" content=\"summary_large_image\" \/>\n<meta name=\"twitter:label1\" content=\"Dur\u00e9e de lecture estim\u00e9e\" \/>\n\t<meta name=\"twitter:data1\" content=\"1 minute\" \/>\n<script type=\"application\/ld+json\" class=\"yoast-schema-graph\">{\"@context\":\"https:\/\/schema.org\",\"@graph\":[{\"@type\":\"WebPage\",\"@id\":\"https:\/\/uniest.it\/prodotto\/shampoo-doccia-gel-antisalsedine\/\",\"url\":\"https:\/\/uniest.it\/prodotto\/shampoo-doccia-gel-antisalsedine\/\",\"name\":\"Shampoing Gel Douche Anti-sel - Uniest\",\"isPartOf\":{\"@id\":\"https:\/\/uniest.it\/#website\"},\"primaryImageOfPage\":{\"@id\":\"https:\/\/uniest.it\/prodotto\/shampoo-doccia-gel-antisalsedine\/#primaryimage\"},\"image\":{\"@id\":\"https:\/\/uniest.it\/prodotto\/shampoo-doccia-gel-antisalsedine\/#primaryimage\"},\"thumbnailUrl\":\"https:\/\/uniest.it\/wp-content\/uploads\/2020\/11\/055AAS.png\",\"datePublished\":\"2024-10-23T14:42:37+00:00\",\"dateModified\":\"2024-10-23T15:29:59+00:00\",\"breadcrumb\":{\"@id\":\"https:\/\/uniest.it\/prodotto\/shampoo-doccia-gel-antisalsedine\/#breadcrumb\"},\"inLanguage\":\"fr-FR\",\"potentialAction\":[{\"@type\":\"ReadAction\",\"target\":[\"https:\/\/uniest.it\/prodotto\/shampoo-doccia-gel-antisalsedine\/\"]}]},{\"@type\":\"ImageObject\",\"inLanguage\":\"fr-FR\",\"@id\":\"https:\/\/uniest.it\/prodotto\/shampoo-doccia-gel-antisalsedine\/#primaryimage\",\"url\":\"https:\/\/uniest.it\/wp-content\/uploads\/2020\/11\/055AAS.png\",\"contentUrl\":\"https:\/\/uniest.it\/wp-content\/uploads\/2020\/11\/055AAS.png\",\"width\":1283,\"height\":2000},{\"@type\":\"BreadcrumbList\",\"@id\":\"https:\/\/uniest.it\/prodotto\/shampoo-doccia-gel-antisalsedine\/#breadcrumb\",\"itemListElement\":[{\"@type\":\"ListItem\",\"position\":1,\"name\":\"Home\",\"item\":\"https:\/\/uniest.it\/fr\/\"},{\"@type\":\"ListItem\",\"position\":2,\"name\":\"Shop\",\"item\":\"https:\/\/uniest.it\/shop\/\"},{\"@type\":\"ListItem\",\"position\":3,\"name\":\"Shampoing Gel Douche Anti-sel\"}]},{\"@type\":\"WebSite\",\"@id\":\"https:\/\/uniest.it\/#website\",\"url\":\"https:\/\/uniest.it\/\",\"name\":\"Uniest\",\"description\":\"Cosmetici Naturali e Bio\",\"potentialAction\":[{\"@type\":\"SearchAction\",\"target\":{\"@type\":\"EntryPoint\",\"urlTemplate\":\"https:\/\/uniest.it\/?s={search_term_string}\"},\"query-input\":{\"@type\":\"PropertyValueSpecification\",\"valueRequired\":true,\"valueName\":\"search_term_string\"}}],\"inLanguage\":\"fr-FR\"}]}<\/script>\n<!-- \/ Yoast SEO plugin. -->","yoast_head_json":{"title":"Shampoing Gel Douche Anti-sel - Uniest","robots":{"index":"index","follow":"follow","max-snippet":"max-snippet:-1","max-image-preview":"max-image-preview:large","max-video-preview":"max-video-preview:-1"},"canonical":"https:\/\/uniest.it\/prodotto\/shampoo-doccia-gel-antisalsedine\/","og_locale":"fr_FR","og_type":"article","og_title":"Shampoing Gel Douche Anti-sel - Uniest","og_description":"Le shampoing gel douche est un shampoing anti-sel et rafra\u00eechissant aux tensioactifs d\u00e9riv\u00e9s de la noix de coco pour permettre un nettoyage d\u00e9licat mais efficace. Il \u00e9limine les traces de sel qui se d\u00e9posent apr\u00e8s la baignade dans la mer, sans alt\u00e9rer le bronzage et les cheveux seront plus brillants et plus doux. L&rsquo;Acide Lactique [&hellip;]","og_url":"https:\/\/uniest.it\/prodotto\/shampoo-doccia-gel-antisalsedine\/","og_site_name":"Uniest","article_modified_time":"2024-10-23T15:29:59+00:00","og_image":[{"width":1283,"height":2000,"url":"https:\/\/uniest.it\/wp-content\/uploads\/2020\/11\/055AAS.png","type":"image\/png"}],"twitter_card":"summary_large_image","twitter_misc":{"Dur\u00e9e de lecture estim\u00e9e":"1 minute"},"schema":{"@context":"https:\/\/schema.org","@graph":[{"@type":"WebPage","@id":"https:\/\/uniest.it\/prodotto\/shampoo-doccia-gel-antisalsedine\/","url":"https:\/\/uniest.it\/prodotto\/shampoo-doccia-gel-antisalsedine\/","name":"Shampoing Gel Douche Anti-sel - Uniest","isPartOf":{"@id":"https:\/\/uniest.it\/#website"},"primaryImageOfPage":{"@id":"https:\/\/uniest.it\/prodotto\/shampoo-doccia-gel-antisalsedine\/#primaryimage"},"image":{"@id":"https:\/\/uniest.it\/prodotto\/shampoo-doccia-gel-antisalsedine\/#primaryimage"},"thumbnailUrl":"https:\/\/uniest.it\/wp-content\/uploads\/2020\/11\/055AAS.png","datePublished":"2024-10-23T14:42:37+00:00","dateModified":"2024-10-23T15:29:59+00:00","breadcrumb":{"@id":"https:\/\/uniest.it\/prodotto\/shampoo-doccia-gel-antisalsedine\/#breadcrumb"},"inLanguage":"fr-FR","potentialAction":[{"@type":"ReadAction","target":["https:\/\/uniest.it\/prodotto\/shampoo-doccia-gel-antisalsedine\/"]}]},{"@type":"ImageObject","inLanguage":"fr-FR","@id":"https:\/\/uniest.it\/prodotto\/shampoo-doccia-gel-antisalsedine\/#primaryimage","url":"https:\/\/uniest.it\/wp-content\/uploads\/2020\/11\/055AAS.png","contentUrl":"https:\/\/uniest.it\/wp-content\/uploads\/2020\/11\/055AAS.png","width":1283,"height":2000},{"@type":"BreadcrumbList","@id":"https:\/\/uniest.it\/prodotto\/shampoo-doccia-gel-antisalsedine\/#breadcrumb","itemListElement":[{"@type":"ListItem","position":1,"name":"Home","item":"https:\/\/uniest.it\/fr\/"},{"@type":"ListItem","position":2,"name":"Shop","item":"https:\/\/uniest.it\/shop\/"},{"@type":"ListItem","position":3,"name":"Shampoing Gel Douche Anti-sel"}]},{"@type":"WebSite","@id":"https:\/\/uniest.it\/#website","url":"https:\/\/uniest.it\/","name":"Uniest","description":"Cosmetici Naturali e Bio","potentialAction":[{"@type":"SearchAction","target":{"@type":"EntryPoint","urlTemplate":"https:\/\/uniest.it\/?s={search_term_string}"},"query-input":{"@type":"PropertyValueSpecification","valueRequired":true,"valueName":"search_term_string"}}],"inLanguage":"fr-FR"}]}},"_links":{"self":[{"href":"https:\/\/uniest.it\/fr\/wp-json\/wp\/v2\/product\/5720","targetHints":{"allow":["GET"]}}],"collection":[{"href":"https:\/\/uniest.it\/fr\/wp-json\/wp\/v2\/product"}],"about":[{"href":"https:\/\/uniest.it\/fr\/wp-json\/wp\/v2\/types\/product"}],"wp:featuredmedia":[{"embeddable":true,"href":"https:\/\/uniest.it\/fr\/wp-json\/wp\/v2\/media\/5721"}],"wp:attachment":[{"href":"https:\/\/uniest.it\/fr\/wp-json\/wp\/v2\/media?parent=5720"}],"wp:term":[{"taxonomy":"product_brand","embeddable":true,"href":"https:\/\/uniest.it\/fr\/wp-json\/wp\/v2\/product_brand?post=5720"},{"taxonomy":"product_cat","embeddable":true,"href":"https:\/\/uniest.it\/fr\/wp-json\/wp\/v2\/product_cat?post=5720"},{"taxonomy":"product_tag","embeddable":true,"href":"https:\/\/uniest.it\/fr\/wp-json\/wp\/v2\/product_tag?post=5720"}],"curies":[{"name":"wp","href":"https:\/\/api.w.org\/{rel}","templated":true}]}}