{"id":5722,"date":"2021-02-04T12:59:03","date_gmt":"2024-10-23T14:42:38","guid":{"rendered":"https:\/\/uniest.it\/prodotto\/nutriderm\/"},"modified":"2024-10-23T16:30:00","modified_gmt":"2024-10-23T15:30:00","slug":"nutriderm","status":"publish","type":"product","link":"https:\/\/uniest.it\/fr\/prodotto\/nutriderm\/","title":{"rendered":"Nutriderm"},"content":{"rendered":"<p>Nutriderm est une cr\u00e8me anti-\u00e2ge naturelle et biologique \u00e0 la texture cors\u00e9e et id\u00e9ale pour nourrir et r\u00e9g\u00e9n\u00e9rer la peau pendant la journ\u00e9e, notamment pendant les saisons les plus froides. En effet, des agents comme le froid, le vent, le smog et le soleil sont capables d&rsquo;endommager notre peau, acc\u00e9l\u00e9rant ainsi son vieillissement. Riche en principes actifs tels que les acides alphahydroxyl\u00e9s, l&rsquo;acide lactique, la vitamine E et les extraits naturels de plantes de houblon, de centella asiatique et de m\u00e9lisse qui neutralisent la formation de rides et donc la perte de tonus des peaux matures. Les prot\u00e9ines de germe de bl\u00e9, la l\u00e9cithine de soja, le sorbitol, la glyc\u00e9rine v\u00e9g\u00e9tale, l&rsquo;huile de son de riz et le beurre de karit\u00e9 biologique rendent le produit complet, capable de redonner durablement \u00e9lasticit\u00e9 et hydratation aux peaux matures. Contient des substances antioxydantes, essentielles pour contrer l&rsquo;action nocive des radicaux libres, qui endommagent gravement les cellules de la peau et favorisent le vieillissement. Les substances redensifiantes de cette cr\u00e8me agissent au niveau du derme et stimulent les cellules qui le composent \u00e0 produire de nouvelles fibres de collag\u00e8ne et \u00e9lastiques ; ils agissent \u00e9galement en emp\u00eachant la d\u00e9gradation de ces m\u00eames \u00e9l\u00e9ments pour une beaut\u00e9 constante dans le temps.<\/p>\n","protected":false},"excerpt":{"rendered":"<p>Nutriderm est une cr\u00e8me anti-\u00e2ge naturelle et biologique \u00e0 la texture cors\u00e9e et id\u00e9ale pour nourrir et r\u00e9g\u00e9n\u00e9rer la peau pendant la journ\u00e9e, notamment pendant les saisons les plus froides. En effet, des agents comme le froid, le vent, le smog et le soleil sont capables d&rsquo;endommager notre peau, acc\u00e9l\u00e9rant ainsi son vieillissement. Riche en [&hellip;]<\/p>\n","protected":false},"featured_media":5723,"template":"","meta":{"_acf_changed":false,"inline_featured_image":false},"product_brand":[],"product_cat":[1383],"product_tag":[],"class_list":{"0":"post-5722","1":"product","2":"type-product","3":"status-publish","4":"has-post-thumbnail","6":"product_beauty-antirughe","7":"product_beauty-idratare","8":"product_beauty-nutrire-e-rigenerare","9":"product_beauty-rassodare-e-tonificare","10":"product_skin-pelli-mature-e-rughe","11":"product_kind-creme-antieta-e-prime-rughe","12":"product_kind-trattamenti-speciali","13":"product_kind-tutte-le-creme-viso","14":"product_lines-antirughe","15":"product_cat-viso-fr","16":"pa_size-50-fr","18":"first","19":"instock","20":"taxable","21":"shipping-taxable","22":"purchasable","23":"product-type-simple"},"acf":[],"yoast_head":"<!-- This site is optimized with the Yoast SEO plugin v24.6 - https:\/\/yoast.com\/wordpress\/plugins\/seo\/ -->\n<title>Nutriderm - Uniest<\/title>\n<meta name=\"robots\" content=\"index, follow, max-snippet:-1, max-image-preview:large, max-video-preview:-1\" \/>\n<link rel=\"canonical\" href=\"https:\/\/uniest.it\/prodotto\/nutriderm\/\" \/>\n<meta property=\"og:locale\" content=\"fr_FR\" \/>\n<meta property=\"og:type\" content=\"article\" \/>\n<meta property=\"og:title\" content=\"Nutriderm - Uniest\" \/>\n<meta property=\"og:description\" content=\"Nutriderm est une cr\u00e8me anti-\u00e2ge naturelle et biologique \u00e0 la texture cors\u00e9e et id\u00e9ale pour nourrir et r\u00e9g\u00e9n\u00e9rer la peau pendant la journ\u00e9e, notamment pendant les saisons les plus froides. En effet, des agents comme le froid, le vent, le smog et le soleil sont capables d&rsquo;endommager notre peau, acc\u00e9l\u00e9rant ainsi son vieillissement. Riche en [&hellip;]\" \/>\n<meta property=\"og:url\" content=\"https:\/\/uniest.it\/prodotto\/nutriderm\/\" \/>\n<meta property=\"og:site_name\" content=\"Uniest\" \/>\n<meta property=\"article:modified_time\" content=\"2024-10-23T15:30:00+00:00\" \/>\n<meta property=\"og:image\" content=\"https:\/\/uniest.it\/wp-content\/uploads\/2020\/11\/057AAE.png\" \/>\n\t<meta property=\"og:image:width\" content=\"1283\" \/>\n\t<meta property=\"og:image:height\" content=\"2000\" \/>\n\t<meta property=\"og:image:type\" content=\"image\/png\" \/>\n<meta name=\"twitter:card\" content=\"summary_large_image\" \/>\n<meta name=\"twitter:label1\" content=\"Dur\u00e9e de lecture estim\u00e9e\" \/>\n\t<meta name=\"twitter:data1\" content=\"1 minute\" \/>\n<script type=\"application\/ld+json\" class=\"yoast-schema-graph\">{\"@context\":\"https:\/\/schema.org\",\"@graph\":[{\"@type\":\"WebPage\",\"@id\":\"https:\/\/uniest.it\/prodotto\/nutriderm\/\",\"url\":\"https:\/\/uniest.it\/prodotto\/nutriderm\/\",\"name\":\"Nutriderm - Uniest\",\"isPartOf\":{\"@id\":\"https:\/\/uniest.it\/#website\"},\"primaryImageOfPage\":{\"@id\":\"https:\/\/uniest.it\/prodotto\/nutriderm\/#primaryimage\"},\"image\":{\"@id\":\"https:\/\/uniest.it\/prodotto\/nutriderm\/#primaryimage\"},\"thumbnailUrl\":\"https:\/\/uniest.it\/wp-content\/uploads\/2020\/11\/057AAE.png\",\"datePublished\":\"2024-10-23T14:42:38+00:00\",\"dateModified\":\"2024-10-23T15:30:00+00:00\",\"breadcrumb\":{\"@id\":\"https:\/\/uniest.it\/prodotto\/nutriderm\/#breadcrumb\"},\"inLanguage\":\"fr-FR\",\"potentialAction\":[{\"@type\":\"ReadAction\",\"target\":[\"https:\/\/uniest.it\/prodotto\/nutriderm\/\"]}]},{\"@type\":\"ImageObject\",\"inLanguage\":\"fr-FR\",\"@id\":\"https:\/\/uniest.it\/prodotto\/nutriderm\/#primaryimage\",\"url\":\"https:\/\/uniest.it\/wp-content\/uploads\/2020\/11\/057AAE.png\",\"contentUrl\":\"https:\/\/uniest.it\/wp-content\/uploads\/2020\/11\/057AAE.png\",\"width\":1283,\"height\":2000},{\"@type\":\"BreadcrumbList\",\"@id\":\"https:\/\/uniest.it\/prodotto\/nutriderm\/#breadcrumb\",\"itemListElement\":[{\"@type\":\"ListItem\",\"position\":1,\"name\":\"Home\",\"item\":\"https:\/\/uniest.it\/fr\/\"},{\"@type\":\"ListItem\",\"position\":2,\"name\":\"Shop\",\"item\":\"https:\/\/uniest.it\/shop\/\"},{\"@type\":\"ListItem\",\"position\":3,\"name\":\"Nutriderm\"}]},{\"@type\":\"WebSite\",\"@id\":\"https:\/\/uniest.it\/#website\",\"url\":\"https:\/\/uniest.it\/\",\"name\":\"Uniest\",\"description\":\"Cosmetici Naturali e Bio\",\"potentialAction\":[{\"@type\":\"SearchAction\",\"target\":{\"@type\":\"EntryPoint\",\"urlTemplate\":\"https:\/\/uniest.it\/?s={search_term_string}\"},\"query-input\":{\"@type\":\"PropertyValueSpecification\",\"valueRequired\":true,\"valueName\":\"search_term_string\"}}],\"inLanguage\":\"fr-FR\"}]}<\/script>\n<!-- \/ Yoast SEO plugin. -->","yoast_head_json":{"title":"Nutriderm - Uniest","robots":{"index":"index","follow":"follow","max-snippet":"max-snippet:-1","max-image-preview":"max-image-preview:large","max-video-preview":"max-video-preview:-1"},"canonical":"https:\/\/uniest.it\/prodotto\/nutriderm\/","og_locale":"fr_FR","og_type":"article","og_title":"Nutriderm - Uniest","og_description":"Nutriderm est une cr\u00e8me anti-\u00e2ge naturelle et biologique \u00e0 la texture cors\u00e9e et id\u00e9ale pour nourrir et r\u00e9g\u00e9n\u00e9rer la peau pendant la journ\u00e9e, notamment pendant les saisons les plus froides. En effet, des agents comme le froid, le vent, le smog et le soleil sont capables d&rsquo;endommager notre peau, acc\u00e9l\u00e9rant ainsi son vieillissement. Riche en [&hellip;]","og_url":"https:\/\/uniest.it\/prodotto\/nutriderm\/","og_site_name":"Uniest","article_modified_time":"2024-10-23T15:30:00+00:00","og_image":[{"width":1283,"height":2000,"url":"https:\/\/uniest.it\/wp-content\/uploads\/2020\/11\/057AAE.png","type":"image\/png"}],"twitter_card":"summary_large_image","twitter_misc":{"Dur\u00e9e de lecture estim\u00e9e":"1 minute"},"schema":{"@context":"https:\/\/schema.org","@graph":[{"@type":"WebPage","@id":"https:\/\/uniest.it\/prodotto\/nutriderm\/","url":"https:\/\/uniest.it\/prodotto\/nutriderm\/","name":"Nutriderm - Uniest","isPartOf":{"@id":"https:\/\/uniest.it\/#website"},"primaryImageOfPage":{"@id":"https:\/\/uniest.it\/prodotto\/nutriderm\/#primaryimage"},"image":{"@id":"https:\/\/uniest.it\/prodotto\/nutriderm\/#primaryimage"},"thumbnailUrl":"https:\/\/uniest.it\/wp-content\/uploads\/2020\/11\/057AAE.png","datePublished":"2024-10-23T14:42:38+00:00","dateModified":"2024-10-23T15:30:00+00:00","breadcrumb":{"@id":"https:\/\/uniest.it\/prodotto\/nutriderm\/#breadcrumb"},"inLanguage":"fr-FR","potentialAction":[{"@type":"ReadAction","target":["https:\/\/uniest.it\/prodotto\/nutriderm\/"]}]},{"@type":"ImageObject","inLanguage":"fr-FR","@id":"https:\/\/uniest.it\/prodotto\/nutriderm\/#primaryimage","url":"https:\/\/uniest.it\/wp-content\/uploads\/2020\/11\/057AAE.png","contentUrl":"https:\/\/uniest.it\/wp-content\/uploads\/2020\/11\/057AAE.png","width":1283,"height":2000},{"@type":"BreadcrumbList","@id":"https:\/\/uniest.it\/prodotto\/nutriderm\/#breadcrumb","itemListElement":[{"@type":"ListItem","position":1,"name":"Home","item":"https:\/\/uniest.it\/fr\/"},{"@type":"ListItem","position":2,"name":"Shop","item":"https:\/\/uniest.it\/shop\/"},{"@type":"ListItem","position":3,"name":"Nutriderm"}]},{"@type":"WebSite","@id":"https:\/\/uniest.it\/#website","url":"https:\/\/uniest.it\/","name":"Uniest","description":"Cosmetici Naturali e Bio","potentialAction":[{"@type":"SearchAction","target":{"@type":"EntryPoint","urlTemplate":"https:\/\/uniest.it\/?s={search_term_string}"},"query-input":{"@type":"PropertyValueSpecification","valueRequired":true,"valueName":"search_term_string"}}],"inLanguage":"fr-FR"}]}},"_links":{"self":[{"href":"https:\/\/uniest.it\/fr\/wp-json\/wp\/v2\/product\/5722","targetHints":{"allow":["GET"]}}],"collection":[{"href":"https:\/\/uniest.it\/fr\/wp-json\/wp\/v2\/product"}],"about":[{"href":"https:\/\/uniest.it\/fr\/wp-json\/wp\/v2\/types\/product"}],"wp:featuredmedia":[{"embeddable":true,"href":"https:\/\/uniest.it\/fr\/wp-json\/wp\/v2\/media\/5723"}],"wp:attachment":[{"href":"https:\/\/uniest.it\/fr\/wp-json\/wp\/v2\/media?parent=5722"}],"wp:term":[{"taxonomy":"product_brand","embeddable":true,"href":"https:\/\/uniest.it\/fr\/wp-json\/wp\/v2\/product_brand?post=5722"},{"taxonomy":"product_cat","embeddable":true,"href":"https:\/\/uniest.it\/fr\/wp-json\/wp\/v2\/product_cat?post=5722"},{"taxonomy":"product_tag","embeddable":true,"href":"https:\/\/uniest.it\/fr\/wp-json\/wp\/v2\/product_tag?post=5722"}],"curies":[{"name":"wp","href":"https:\/\/api.w.org\/{rel}","templated":true}]}}