{"id":5724,"date":"2024-10-23T15:42:38","date_gmt":"2024-10-23T14:42:38","guid":{"rendered":"https:\/\/uniest.it\/prodotto\/nutriderm-plus\/"},"modified":"2024-10-23T16:30:01","modified_gmt":"2024-10-23T15:30:01","slug":"nutriderm-plus","status":"publish","type":"product","link":"https:\/\/uniest.it\/fr\/prodotto\/nutriderm-plus\/","title":{"rendered":"Nutriderm Plus"},"content":{"rendered":"<p>Nutriderm Plus est une cr\u00e8me nourrissante et antirides \u00e0 base d&rsquo;actifs hydratants et antioxydants con\u00e7ue pour prot\u00e9ger les peaux matures et restaurer la d\u00e9shydratation. Cette cr\u00e8me \u00e0 la texture cors\u00e9e est id\u00e9ale pour nourrir et r\u00e9g\u00e9n\u00e9rer la peau la nuit ou pendant les saisons les plus froides (automne\/hiver). La nuit la peau se r\u00e9veille en activant un processus de r\u00e9g\u00e9n\u00e9ration, r\u00e9parant ainsi les dommages caus\u00e9s pendant la journ\u00e9e et recr\u00e9ant ainsi la barri\u00e8re protectrice. Le Complexe de Vitamines A, E et F associ\u00e9 \u00e0 la Coenzyme Q10 exerce une excellente action pr\u00e9ventive contre la formation des rides, redonnant ainsi vitalit\u00e9 et \u00e9lasticit\u00e9 aux peaux matures.<\/p>\n","protected":false},"excerpt":{"rendered":"<p>Nutriderm Plus est une cr\u00e8me nourrissante et antirides \u00e0 base d&rsquo;actifs hydratants et antioxydants con\u00e7ue pour prot\u00e9ger les peaux matures et restaurer la d\u00e9shydratation. Cette cr\u00e8me \u00e0 la texture cors\u00e9e est id\u00e9ale pour nourrir et r\u00e9g\u00e9n\u00e9rer la peau la nuit ou pendant les saisons les plus froides (automne\/hiver). La nuit la peau se r\u00e9veille en [&hellip;]<\/p>\n","protected":false},"featured_media":5725,"template":"","meta":{"_acf_changed":false,"inline_featured_image":false},"product_brand":[],"product_cat":[1383],"product_tag":[],"class_list":{"0":"post-5724","1":"product","2":"type-product","3":"status-publish","4":"has-post-thumbnail","6":"product_beauty-antirughe","7":"product_beauty-idratare","8":"product_beauty-nutrire-e-rigenerare","9":"product_beauty-rassodare-e-tonificare","10":"product_skin-pelli-mature-e-rughe","11":"product_kind-creme-antieta-e-prime-rughe","12":"product_kind-trattamenti-speciali","13":"product_kind-tutte-le-creme-viso","14":"product_lines-antirughe","15":"product_cat-viso-fr","16":"pa_size-50-fr","18":"first","19":"instock","20":"taxable","21":"shipping-taxable","22":"purchasable","23":"product-type-simple"},"acf":[],"yoast_head":"<!-- This site is optimized with the Yoast SEO plugin v24.6 - https:\/\/yoast.com\/wordpress\/plugins\/seo\/ -->\n<title>Nutriderm Plus - Uniest<\/title>\n<meta name=\"robots\" content=\"index, follow, max-snippet:-1, max-image-preview:large, max-video-preview:-1\" \/>\n<link rel=\"canonical\" href=\"https:\/\/uniest.it\/prodotto\/nutriderm-plus\/\" \/>\n<meta property=\"og:locale\" content=\"fr_FR\" \/>\n<meta property=\"og:type\" content=\"article\" \/>\n<meta property=\"og:title\" content=\"Nutriderm Plus - Uniest\" \/>\n<meta property=\"og:description\" content=\"Nutriderm Plus est une cr\u00e8me nourrissante et antirides \u00e0 base d&rsquo;actifs hydratants et antioxydants con\u00e7ue pour prot\u00e9ger les peaux matures et restaurer la d\u00e9shydratation. Cette cr\u00e8me \u00e0 la texture cors\u00e9e est id\u00e9ale pour nourrir et r\u00e9g\u00e9n\u00e9rer la peau la nuit ou pendant les saisons les plus froides (automne\/hiver). La nuit la peau se r\u00e9veille en [&hellip;]\" \/>\n<meta property=\"og:url\" content=\"https:\/\/uniest.it\/prodotto\/nutriderm-plus\/\" \/>\n<meta property=\"og:site_name\" content=\"Uniest\" \/>\n<meta property=\"article:modified_time\" content=\"2024-10-23T15:30:01+00:00\" \/>\n<meta property=\"og:image\" content=\"https:\/\/uniest.it\/wp-content\/uploads\/2020\/11\/060AAE.png\" \/>\n\t<meta property=\"og:image:width\" content=\"1283\" \/>\n\t<meta property=\"og:image:height\" content=\"2000\" \/>\n\t<meta property=\"og:image:type\" content=\"image\/png\" \/>\n<meta name=\"twitter:card\" content=\"summary_large_image\" \/>\n<meta name=\"twitter:label1\" content=\"Dur\u00e9e de lecture estim\u00e9e\" \/>\n\t<meta name=\"twitter:data1\" content=\"1 minute\" \/>\n<script type=\"application\/ld+json\" class=\"yoast-schema-graph\">{\"@context\":\"https:\/\/schema.org\",\"@graph\":[{\"@type\":\"WebPage\",\"@id\":\"https:\/\/uniest.it\/prodotto\/nutriderm-plus\/\",\"url\":\"https:\/\/uniest.it\/prodotto\/nutriderm-plus\/\",\"name\":\"Nutriderm Plus - Uniest\",\"isPartOf\":{\"@id\":\"https:\/\/uniest.it\/#website\"},\"primaryImageOfPage\":{\"@id\":\"https:\/\/uniest.it\/prodotto\/nutriderm-plus\/#primaryimage\"},\"image\":{\"@id\":\"https:\/\/uniest.it\/prodotto\/nutriderm-plus\/#primaryimage\"},\"thumbnailUrl\":\"https:\/\/uniest.it\/wp-content\/uploads\/2020\/11\/060AAE.png\",\"datePublished\":\"2024-10-23T14:42:38+00:00\",\"dateModified\":\"2024-10-23T15:30:01+00:00\",\"breadcrumb\":{\"@id\":\"https:\/\/uniest.it\/prodotto\/nutriderm-plus\/#breadcrumb\"},\"inLanguage\":\"fr-FR\",\"potentialAction\":[{\"@type\":\"ReadAction\",\"target\":[\"https:\/\/uniest.it\/prodotto\/nutriderm-plus\/\"]}]},{\"@type\":\"ImageObject\",\"inLanguage\":\"fr-FR\",\"@id\":\"https:\/\/uniest.it\/prodotto\/nutriderm-plus\/#primaryimage\",\"url\":\"https:\/\/uniest.it\/wp-content\/uploads\/2020\/11\/060AAE.png\",\"contentUrl\":\"https:\/\/uniest.it\/wp-content\/uploads\/2020\/11\/060AAE.png\",\"width\":1283,\"height\":2000},{\"@type\":\"BreadcrumbList\",\"@id\":\"https:\/\/uniest.it\/prodotto\/nutriderm-plus\/#breadcrumb\",\"itemListElement\":[{\"@type\":\"ListItem\",\"position\":1,\"name\":\"Home\",\"item\":\"https:\/\/uniest.it\/fr\/\"},{\"@type\":\"ListItem\",\"position\":2,\"name\":\"Shop\",\"item\":\"https:\/\/uniest.it\/shop\/\"},{\"@type\":\"ListItem\",\"position\":3,\"name\":\"Nutriderm Plus\"}]},{\"@type\":\"WebSite\",\"@id\":\"https:\/\/uniest.it\/#website\",\"url\":\"https:\/\/uniest.it\/\",\"name\":\"Uniest\",\"description\":\"Cosmetici Naturali e Bio\",\"potentialAction\":[{\"@type\":\"SearchAction\",\"target\":{\"@type\":\"EntryPoint\",\"urlTemplate\":\"https:\/\/uniest.it\/?s={search_term_string}\"},\"query-input\":{\"@type\":\"PropertyValueSpecification\",\"valueRequired\":true,\"valueName\":\"search_term_string\"}}],\"inLanguage\":\"fr-FR\"}]}<\/script>\n<!-- \/ Yoast SEO plugin. -->","yoast_head_json":{"title":"Nutriderm Plus - Uniest","robots":{"index":"index","follow":"follow","max-snippet":"max-snippet:-1","max-image-preview":"max-image-preview:large","max-video-preview":"max-video-preview:-1"},"canonical":"https:\/\/uniest.it\/prodotto\/nutriderm-plus\/","og_locale":"fr_FR","og_type":"article","og_title":"Nutriderm Plus - Uniest","og_description":"Nutriderm Plus est une cr\u00e8me nourrissante et antirides \u00e0 base d&rsquo;actifs hydratants et antioxydants con\u00e7ue pour prot\u00e9ger les peaux matures et restaurer la d\u00e9shydratation. Cette cr\u00e8me \u00e0 la texture cors\u00e9e est id\u00e9ale pour nourrir et r\u00e9g\u00e9n\u00e9rer la peau la nuit ou pendant les saisons les plus froides (automne\/hiver). La nuit la peau se r\u00e9veille en [&hellip;]","og_url":"https:\/\/uniest.it\/prodotto\/nutriderm-plus\/","og_site_name":"Uniest","article_modified_time":"2024-10-23T15:30:01+00:00","og_image":[{"width":1283,"height":2000,"url":"https:\/\/uniest.it\/wp-content\/uploads\/2020\/11\/060AAE.png","type":"image\/png"}],"twitter_card":"summary_large_image","twitter_misc":{"Dur\u00e9e de lecture estim\u00e9e":"1 minute"},"schema":{"@context":"https:\/\/schema.org","@graph":[{"@type":"WebPage","@id":"https:\/\/uniest.it\/prodotto\/nutriderm-plus\/","url":"https:\/\/uniest.it\/prodotto\/nutriderm-plus\/","name":"Nutriderm Plus - Uniest","isPartOf":{"@id":"https:\/\/uniest.it\/#website"},"primaryImageOfPage":{"@id":"https:\/\/uniest.it\/prodotto\/nutriderm-plus\/#primaryimage"},"image":{"@id":"https:\/\/uniest.it\/prodotto\/nutriderm-plus\/#primaryimage"},"thumbnailUrl":"https:\/\/uniest.it\/wp-content\/uploads\/2020\/11\/060AAE.png","datePublished":"2024-10-23T14:42:38+00:00","dateModified":"2024-10-23T15:30:01+00:00","breadcrumb":{"@id":"https:\/\/uniest.it\/prodotto\/nutriderm-plus\/#breadcrumb"},"inLanguage":"fr-FR","potentialAction":[{"@type":"ReadAction","target":["https:\/\/uniest.it\/prodotto\/nutriderm-plus\/"]}]},{"@type":"ImageObject","inLanguage":"fr-FR","@id":"https:\/\/uniest.it\/prodotto\/nutriderm-plus\/#primaryimage","url":"https:\/\/uniest.it\/wp-content\/uploads\/2020\/11\/060AAE.png","contentUrl":"https:\/\/uniest.it\/wp-content\/uploads\/2020\/11\/060AAE.png","width":1283,"height":2000},{"@type":"BreadcrumbList","@id":"https:\/\/uniest.it\/prodotto\/nutriderm-plus\/#breadcrumb","itemListElement":[{"@type":"ListItem","position":1,"name":"Home","item":"https:\/\/uniest.it\/fr\/"},{"@type":"ListItem","position":2,"name":"Shop","item":"https:\/\/uniest.it\/shop\/"},{"@type":"ListItem","position":3,"name":"Nutriderm Plus"}]},{"@type":"WebSite","@id":"https:\/\/uniest.it\/#website","url":"https:\/\/uniest.it\/","name":"Uniest","description":"Cosmetici Naturali e Bio","potentialAction":[{"@type":"SearchAction","target":{"@type":"EntryPoint","urlTemplate":"https:\/\/uniest.it\/?s={search_term_string}"},"query-input":{"@type":"PropertyValueSpecification","valueRequired":true,"valueName":"search_term_string"}}],"inLanguage":"fr-FR"}]}},"_links":{"self":[{"href":"https:\/\/uniest.it\/fr\/wp-json\/wp\/v2\/product\/5724","targetHints":{"allow":["GET"]}}],"collection":[{"href":"https:\/\/uniest.it\/fr\/wp-json\/wp\/v2\/product"}],"about":[{"href":"https:\/\/uniest.it\/fr\/wp-json\/wp\/v2\/types\/product"}],"wp:featuredmedia":[{"embeddable":true,"href":"https:\/\/uniest.it\/fr\/wp-json\/wp\/v2\/media\/5725"}],"wp:attachment":[{"href":"https:\/\/uniest.it\/fr\/wp-json\/wp\/v2\/media?parent=5724"}],"wp:term":[{"taxonomy":"product_brand","embeddable":true,"href":"https:\/\/uniest.it\/fr\/wp-json\/wp\/v2\/product_brand?post=5724"},{"taxonomy":"product_cat","embeddable":true,"href":"https:\/\/uniest.it\/fr\/wp-json\/wp\/v2\/product_cat?post=5724"},{"taxonomy":"product_tag","embeddable":true,"href":"https:\/\/uniest.it\/fr\/wp-json\/wp\/v2\/product_tag?post=5724"}],"curies":[{"name":"wp","href":"https:\/\/api.w.org\/{rel}","templated":true}]}}