{"id":5726,"date":"2024-10-23T15:42:39","date_gmt":"2024-10-23T14:42:39","guid":{"rendered":"https:\/\/uniest.it\/prodotto\/shampoing-delicat-pour-le-bain-et-la-douche\/"},"modified":"2024-10-23T16:30:01","modified_gmt":"2024-10-23T15:30:01","slug":"shampoing-delicat-pour-le-bain-et-la-douche","status":"publish","type":"product","link":"https:\/\/uniest.it\/fr\/prodotto\/shampoing-delicat-pour-le-bain-et-la-douche\/","title":{"rendered":"Shampoing d\u00e9licat pour le bain et la douche"},"content":{"rendered":"<p>Bain douche d\u00e9licat : c&rsquo;est un bain douche d\u00e9licat hydratant et apaisant, formul\u00e9 avec des tensioactifs naturels et des d\u00e9riv\u00e9s v\u00e9g\u00e9taux de coco et d&rsquo;huile d&rsquo;olive. Contient de l&rsquo;extrait de calendula biologique et de la glyc\u00e9rine v\u00e9g\u00e9tale, hydratantes et r\u00e9\u00e9pith\u00e9lisantes, tandis que l&rsquo;acide lactique aide \u00e0 maintenir l&rsquo;\u00e9quilibre du pH. Formul\u00e9 avec l&rsquo;extrait v\u00e9g\u00e9tal naturel de Calendula Bio*, c&rsquo;est une aide valable dans le traitement des cas d&rsquo;irritations, rougeurs et autres probl\u00e8mes cutan\u00e9s. L&rsquo;huile essentielle de menthol et l&rsquo;extrait d&rsquo;Aloe Barbadensis bio, connus pour leurs propri\u00e9t\u00e9s rafra\u00eechissantes et apaisantes, apportent bien-\u00eatre et fra\u00eecheur. Contient un tensioactif naturel particuli\u00e8rement d\u00e9licat pour la peau, avec un pouvoir nettoyant \u00e9lev\u00e9, hautement biod\u00e9gradable, avec une bonne mousse. Ce gel douche est un compl\u00e9ment pr\u00e9cieux \u00e0 l&rsquo;hygi\u00e8ne quotidienne de votre enfant et aide la peau \u00e0 maintenir ses d\u00e9fenses naturelles et \u00e0 la nettoyer en douceur. *Produit issu de l&rsquo;agriculture biologique<\/p>\n","protected":false},"excerpt":{"rendered":"<p>Bain douche d\u00e9licat : c&rsquo;est un bain douche d\u00e9licat hydratant et apaisant, formul\u00e9 avec des tensioactifs naturels et des d\u00e9riv\u00e9s v\u00e9g\u00e9taux de coco et d&rsquo;huile d&rsquo;olive. Contient de l&rsquo;extrait de calendula biologique et de la glyc\u00e9rine v\u00e9g\u00e9tale, hydratantes et r\u00e9\u00e9pith\u00e9lisantes, tandis que l&rsquo;acide lactique aide \u00e0 maintenir l&rsquo;\u00e9quilibre du pH. Formul\u00e9 avec l&rsquo;extrait v\u00e9g\u00e9tal naturel [&hellip;]<\/p>\n","protected":false},"featured_media":5727,"template":"","meta":{"_acf_changed":false,"inline_featured_image":false},"product_brand":[],"product_cat":[1378],"product_tag":[],"class_list":{"0":"post-5726","1":"product","2":"type-product","3":"status-publish","4":"has-post-thumbnail","6":"product_beauty-aromatizzare-e-profumare","7":"product_beauty-detergere","8":"product_beauty-idratare","9":"product_beauty-lenire","10":"product_beauty-proteggere","11":"product_skin-pelli-delicate-e-sensibili","12":"product_skin-pelli-giovani-e-prime-rughe","13":"product_skin-pelli-grasse-e-miste","14":"product_skin-pelli-mature-e-rughe","15":"product_skin-pelli-secche-e-normali","16":"product_skin-tutte-le-pelli","17":"product_skin-tutti-i-capelli","18":"product_kind-bagno","19":"product_kind-doccia","20":"product_kind-prodotti-baby-mamy","21":"product_kind-shampoo-e-detergenza","22":"product_lines-baby-mamy","23":"product_cat-famiglia-e-pet-fr","24":"pa_size-250-fr","26":"first","27":"instock","28":"taxable","29":"shipping-taxable","30":"purchasable","31":"product-type-simple"},"acf":[],"yoast_head":"<!-- This site is optimized with the Yoast SEO plugin v24.6 - https:\/\/yoast.com\/wordpress\/plugins\/seo\/ -->\n<title>Shampoing d\u00e9licat pour le bain et la douche - Uniest<\/title>\n<meta name=\"robots\" content=\"index, follow, max-snippet:-1, max-image-preview:large, max-video-preview:-1\" \/>\n<link rel=\"canonical\" href=\"https:\/\/uniest.it\/prodotto\/bagno-shampoo-doccia-delicato\/\" \/>\n<meta property=\"og:locale\" content=\"fr_FR\" \/>\n<meta property=\"og:type\" content=\"article\" \/>\n<meta property=\"og:title\" content=\"Shampoing d\u00e9licat pour le bain et la douche - Uniest\" \/>\n<meta property=\"og:description\" content=\"Bain douche d\u00e9licat : c&rsquo;est un bain douche d\u00e9licat hydratant et apaisant, formul\u00e9 avec des tensioactifs naturels et des d\u00e9riv\u00e9s v\u00e9g\u00e9taux de coco et d&rsquo;huile d&rsquo;olive. Contient de l&rsquo;extrait de calendula biologique et de la glyc\u00e9rine v\u00e9g\u00e9tale, hydratantes et r\u00e9\u00e9pith\u00e9lisantes, tandis que l&rsquo;acide lactique aide \u00e0 maintenir l&rsquo;\u00e9quilibre du pH. Formul\u00e9 avec l&rsquo;extrait v\u00e9g\u00e9tal naturel [&hellip;]\" \/>\n<meta property=\"og:url\" content=\"https:\/\/uniest.it\/prodotto\/bagno-shampoo-doccia-delicato\/\" \/>\n<meta property=\"og:site_name\" content=\"Uniest\" \/>\n<meta property=\"article:modified_time\" content=\"2024-10-23T15:30:01+00:00\" \/>\n<meta property=\"og:image\" content=\"https:\/\/uniest.it\/wp-content\/uploads\/2020\/11\/061AAA.png\" \/>\n\t<meta property=\"og:image:width\" content=\"1283\" \/>\n\t<meta property=\"og:image:height\" content=\"2001\" \/>\n\t<meta property=\"og:image:type\" content=\"image\/png\" \/>\n<meta name=\"twitter:card\" content=\"summary_large_image\" \/>\n<meta name=\"twitter:label1\" content=\"Dur\u00e9e de lecture estim\u00e9e\" \/>\n\t<meta name=\"twitter:data1\" content=\"1 minute\" \/>\n<script type=\"application\/ld+json\" class=\"yoast-schema-graph\">{\"@context\":\"https:\/\/schema.org\",\"@graph\":[{\"@type\":\"WebPage\",\"@id\":\"https:\/\/uniest.it\/prodotto\/bagno-shampoo-doccia-delicato\/\",\"url\":\"https:\/\/uniest.it\/prodotto\/bagno-shampoo-doccia-delicato\/\",\"name\":\"Shampoing d\u00e9licat pour le bain et la douche - Uniest\",\"isPartOf\":{\"@id\":\"https:\/\/uniest.it\/#website\"},\"primaryImageOfPage\":{\"@id\":\"https:\/\/uniest.it\/prodotto\/bagno-shampoo-doccia-delicato\/#primaryimage\"},\"image\":{\"@id\":\"https:\/\/uniest.it\/prodotto\/bagno-shampoo-doccia-delicato\/#primaryimage\"},\"thumbnailUrl\":\"https:\/\/uniest.it\/wp-content\/uploads\/2020\/11\/061AAA.png\",\"datePublished\":\"2024-10-23T14:42:39+00:00\",\"dateModified\":\"2024-10-23T15:30:01+00:00\",\"breadcrumb\":{\"@id\":\"https:\/\/uniest.it\/prodotto\/bagno-shampoo-doccia-delicato\/#breadcrumb\"},\"inLanguage\":\"fr-FR\",\"potentialAction\":[{\"@type\":\"ReadAction\",\"target\":[\"https:\/\/uniest.it\/prodotto\/bagno-shampoo-doccia-delicato\/\"]}]},{\"@type\":\"ImageObject\",\"inLanguage\":\"fr-FR\",\"@id\":\"https:\/\/uniest.it\/prodotto\/bagno-shampoo-doccia-delicato\/#primaryimage\",\"url\":\"https:\/\/uniest.it\/wp-content\/uploads\/2020\/11\/061AAA.png\",\"contentUrl\":\"https:\/\/uniest.it\/wp-content\/uploads\/2020\/11\/061AAA.png\",\"width\":1283,\"height\":2001},{\"@type\":\"BreadcrumbList\",\"@id\":\"https:\/\/uniest.it\/prodotto\/bagno-shampoo-doccia-delicato\/#breadcrumb\",\"itemListElement\":[{\"@type\":\"ListItem\",\"position\":1,\"name\":\"Home\",\"item\":\"https:\/\/uniest.it\/fr\/\"},{\"@type\":\"ListItem\",\"position\":2,\"name\":\"Shop\",\"item\":\"https:\/\/uniest.it\/shop\/\"},{\"@type\":\"ListItem\",\"position\":3,\"name\":\"Shampoing d\u00e9licat pour le bain et la douche\"}]},{\"@type\":\"WebSite\",\"@id\":\"https:\/\/uniest.it\/#website\",\"url\":\"https:\/\/uniest.it\/\",\"name\":\"Uniest\",\"description\":\"Cosmetici Naturali e Bio\",\"potentialAction\":[{\"@type\":\"SearchAction\",\"target\":{\"@type\":\"EntryPoint\",\"urlTemplate\":\"https:\/\/uniest.it\/?s={search_term_string}\"},\"query-input\":{\"@type\":\"PropertyValueSpecification\",\"valueRequired\":true,\"valueName\":\"search_term_string\"}}],\"inLanguage\":\"fr-FR\"}]}<\/script>\n<!-- \/ Yoast SEO plugin. -->","yoast_head_json":{"title":"Shampoing d\u00e9licat pour le bain et la douche - Uniest","robots":{"index":"index","follow":"follow","max-snippet":"max-snippet:-1","max-image-preview":"max-image-preview:large","max-video-preview":"max-video-preview:-1"},"canonical":"https:\/\/uniest.it\/prodotto\/bagno-shampoo-doccia-delicato\/","og_locale":"fr_FR","og_type":"article","og_title":"Shampoing d\u00e9licat pour le bain et la douche - Uniest","og_description":"Bain douche d\u00e9licat : c&rsquo;est un bain douche d\u00e9licat hydratant et apaisant, formul\u00e9 avec des tensioactifs naturels et des d\u00e9riv\u00e9s v\u00e9g\u00e9taux de coco et d&rsquo;huile d&rsquo;olive. Contient de l&rsquo;extrait de calendula biologique et de la glyc\u00e9rine v\u00e9g\u00e9tale, hydratantes et r\u00e9\u00e9pith\u00e9lisantes, tandis que l&rsquo;acide lactique aide \u00e0 maintenir l&rsquo;\u00e9quilibre du pH. Formul\u00e9 avec l&rsquo;extrait v\u00e9g\u00e9tal naturel [&hellip;]","og_url":"https:\/\/uniest.it\/prodotto\/bagno-shampoo-doccia-delicato\/","og_site_name":"Uniest","article_modified_time":"2024-10-23T15:30:01+00:00","og_image":[{"width":1283,"height":2001,"url":"https:\/\/uniest.it\/wp-content\/uploads\/2020\/11\/061AAA.png","type":"image\/png"}],"twitter_card":"summary_large_image","twitter_misc":{"Dur\u00e9e de lecture estim\u00e9e":"1 minute"},"schema":{"@context":"https:\/\/schema.org","@graph":[{"@type":"WebPage","@id":"https:\/\/uniest.it\/prodotto\/bagno-shampoo-doccia-delicato\/","url":"https:\/\/uniest.it\/prodotto\/bagno-shampoo-doccia-delicato\/","name":"Shampoing d\u00e9licat pour le bain et la douche - Uniest","isPartOf":{"@id":"https:\/\/uniest.it\/#website"},"primaryImageOfPage":{"@id":"https:\/\/uniest.it\/prodotto\/bagno-shampoo-doccia-delicato\/#primaryimage"},"image":{"@id":"https:\/\/uniest.it\/prodotto\/bagno-shampoo-doccia-delicato\/#primaryimage"},"thumbnailUrl":"https:\/\/uniest.it\/wp-content\/uploads\/2020\/11\/061AAA.png","datePublished":"2024-10-23T14:42:39+00:00","dateModified":"2024-10-23T15:30:01+00:00","breadcrumb":{"@id":"https:\/\/uniest.it\/prodotto\/bagno-shampoo-doccia-delicato\/#breadcrumb"},"inLanguage":"fr-FR","potentialAction":[{"@type":"ReadAction","target":["https:\/\/uniest.it\/prodotto\/bagno-shampoo-doccia-delicato\/"]}]},{"@type":"ImageObject","inLanguage":"fr-FR","@id":"https:\/\/uniest.it\/prodotto\/bagno-shampoo-doccia-delicato\/#primaryimage","url":"https:\/\/uniest.it\/wp-content\/uploads\/2020\/11\/061AAA.png","contentUrl":"https:\/\/uniest.it\/wp-content\/uploads\/2020\/11\/061AAA.png","width":1283,"height":2001},{"@type":"BreadcrumbList","@id":"https:\/\/uniest.it\/prodotto\/bagno-shampoo-doccia-delicato\/#breadcrumb","itemListElement":[{"@type":"ListItem","position":1,"name":"Home","item":"https:\/\/uniest.it\/fr\/"},{"@type":"ListItem","position":2,"name":"Shop","item":"https:\/\/uniest.it\/shop\/"},{"@type":"ListItem","position":3,"name":"Shampoing d\u00e9licat pour le bain et la douche"}]},{"@type":"WebSite","@id":"https:\/\/uniest.it\/#website","url":"https:\/\/uniest.it\/","name":"Uniest","description":"Cosmetici Naturali e Bio","potentialAction":[{"@type":"SearchAction","target":{"@type":"EntryPoint","urlTemplate":"https:\/\/uniest.it\/?s={search_term_string}"},"query-input":{"@type":"PropertyValueSpecification","valueRequired":true,"valueName":"search_term_string"}}],"inLanguage":"fr-FR"}]}},"_links":{"self":[{"href":"https:\/\/uniest.it\/fr\/wp-json\/wp\/v2\/product\/5726","targetHints":{"allow":["GET"]}}],"collection":[{"href":"https:\/\/uniest.it\/fr\/wp-json\/wp\/v2\/product"}],"about":[{"href":"https:\/\/uniest.it\/fr\/wp-json\/wp\/v2\/types\/product"}],"wp:featuredmedia":[{"embeddable":true,"href":"https:\/\/uniest.it\/fr\/wp-json\/wp\/v2\/media\/5727"}],"wp:attachment":[{"href":"https:\/\/uniest.it\/fr\/wp-json\/wp\/v2\/media?parent=5726"}],"wp:term":[{"taxonomy":"product_brand","embeddable":true,"href":"https:\/\/uniest.it\/fr\/wp-json\/wp\/v2\/product_brand?post=5726"},{"taxonomy":"product_cat","embeddable":true,"href":"https:\/\/uniest.it\/fr\/wp-json\/wp\/v2\/product_cat?post=5726"},{"taxonomy":"product_tag","embeddable":true,"href":"https:\/\/uniest.it\/fr\/wp-json\/wp\/v2\/product_tag?post=5726"}],"curies":[{"name":"wp","href":"https:\/\/api.w.org\/{rel}","templated":true}]}}