{"id":5730,"date":"2024-10-23T15:42:40","date_gmt":"2024-10-23T14:42:40","guid":{"rendered":"https:\/\/uniest.it\/prodotto\/fluide-complet\/"},"modified":"2024-10-23T16:30:02","modified_gmt":"2024-10-23T15:30:02","slug":"fluide-complet","status":"publish","type":"product","link":"https:\/\/uniest.it\/fr\/prodotto\/fluide-complet\/","title":{"rendered":"Fluide complet"},"content":{"rendered":"<p>*Il est possible que l&#8217;emballage diff\u00e8re de la photographie. Le Fluide Anti-\u00c2ge Complet est innovant et naturel, caract\u00e9ris\u00e9 par une texture l\u00e9g\u00e8re et une absorption cutan\u00e9e facile. Id\u00e9al pour hydrater la peau au fil des saisons (Printemps\/\u00c9t\u00e9). Son utilisation quotidienne apporte \u00e0 la peau les substances essentielles au maintien des conditions esth\u00e9tiques cutan\u00e9es que le corps a physiologiquement tendance \u00e0 perdre au fil des ann\u00e9es. Son action comprend quatre phases diff\u00e9rentes : 1) Hydratation gr\u00e2ce \u00e0 ses \u00e9mollients : acide hyaluronique, huile de son de riz, beurre de karit\u00e9 bio, l\u00e9cithine de soja, glyc\u00e9rine v\u00e9g\u00e9tale et sorbitol. 2) Complexes de vitamines (AE) : augmentent la production de collag\u00e8ne et l&rsquo;activit\u00e9 antioxydante, neutralisant la d\u00e9t\u00e9rioration caus\u00e9e par les radicaux libres. 3) Effet astringent et anti-inflammatoire gr\u00e2ce \u00e0 l&rsquo;extrait v\u00e9g\u00e9tal d&rsquo;hamam\u00e9lis, qui agit en r\u00e9activant la microcirculation et en renfor\u00e7ant les structures des tissus cutan\u00e9s ; 4) Il a une action apaisante, calmante et protectrice gr\u00e2ce \u00e0 l&rsquo;utilisation de l&rsquo;huile essentielle naturelle d&rsquo;Ylang Ylang, qui nourrit le derme, lui redonnant tonus et \u00e9clat.<\/p>\n","protected":false},"excerpt":{"rendered":"<p>*Il est possible que l&#8217;emballage diff\u00e8re de la photographie. Le Fluide Anti-\u00c2ge Complet est innovant et naturel, caract\u00e9ris\u00e9 par une texture l\u00e9g\u00e8re et une absorption cutan\u00e9e facile. Id\u00e9al pour hydrater la peau au fil des saisons (Printemps\/\u00c9t\u00e9). Son utilisation quotidienne apporte \u00e0 la peau les substances essentielles au maintien des conditions esth\u00e9tiques cutan\u00e9es que le [&hellip;]<\/p>\n","protected":false},"featured_media":5731,"template":"","meta":{"_acf_changed":false,"inline_featured_image":false},"product_brand":[],"product_cat":[1383],"product_tag":[],"class_list":{"0":"post-5730","1":"product","2":"type-product","3":"status-publish","4":"has-post-thumbnail","6":"product_beauty-antirughe","7":"product_beauty-idratare","8":"product_beauty-nutrire-e-rigenerare","9":"product_beauty-rassodare-e-tonificare","10":"product_skin-pelli-delicate-e-sensibili","11":"product_skin-pelli-giovani-e-prime-rughe","12":"product_skin-pelli-mature-e-rughe","13":"product_kind-creme-antieta-e-prime-rughe","14":"product_kind-sieri-ed-oli","15":"product_kind-trattamenti-speciali","16":"product_lines-antirughe","17":"product_cat-viso-fr","18":"pa_size-50-fr","20":"first","21":"instock","22":"taxable","23":"shipping-taxable","24":"purchasable","25":"product-type-simple"},"acf":[],"yoast_head":"<!-- This site is optimized with the Yoast SEO plugin v24.6 - https:\/\/yoast.com\/wordpress\/plugins\/seo\/ -->\n<title>Fluide complet - Uniest<\/title>\n<meta name=\"robots\" content=\"index, follow, max-snippet:-1, max-image-preview:large, max-video-preview:-1\" \/>\n<link rel=\"canonical\" href=\"https:\/\/uniest.it\/prodotto\/completo-fluido\/\" \/>\n<meta property=\"og:locale\" content=\"fr_FR\" \/>\n<meta property=\"og:type\" content=\"article\" \/>\n<meta property=\"og:title\" content=\"Fluide complet - Uniest\" \/>\n<meta property=\"og:description\" content=\"*Il est possible que l&#8217;emballage diff\u00e8re de la photographie. Le Fluide Anti-\u00c2ge Complet est innovant et naturel, caract\u00e9ris\u00e9 par une texture l\u00e9g\u00e8re et une absorption cutan\u00e9e facile. Id\u00e9al pour hydrater la peau au fil des saisons (Printemps\/\u00c9t\u00e9). Son utilisation quotidienne apporte \u00e0 la peau les substances essentielles au maintien des conditions esth\u00e9tiques cutan\u00e9es que le [&hellip;]\" \/>\n<meta property=\"og:url\" content=\"https:\/\/uniest.it\/prodotto\/completo-fluido\/\" \/>\n<meta property=\"og:site_name\" content=\"Uniest\" \/>\n<meta property=\"article:modified_time\" content=\"2024-10-23T15:30:02+00:00\" \/>\n<meta property=\"og:image\" content=\"https:\/\/uniest.it\/wp-content\/uploads\/2020\/11\/069AAE.png\" \/>\n\t<meta property=\"og:image:width\" content=\"1283\" \/>\n\t<meta property=\"og:image:height\" content=\"2000\" \/>\n\t<meta property=\"og:image:type\" content=\"image\/png\" \/>\n<meta name=\"twitter:card\" content=\"summary_large_image\" \/>\n<meta name=\"twitter:label1\" content=\"Dur\u00e9e de lecture estim\u00e9e\" \/>\n\t<meta name=\"twitter:data1\" content=\"1 minute\" \/>\n<script type=\"application\/ld+json\" class=\"yoast-schema-graph\">{\"@context\":\"https:\/\/schema.org\",\"@graph\":[{\"@type\":\"WebPage\",\"@id\":\"https:\/\/uniest.it\/prodotto\/completo-fluido\/\",\"url\":\"https:\/\/uniest.it\/prodotto\/completo-fluido\/\",\"name\":\"Fluide complet - Uniest\",\"isPartOf\":{\"@id\":\"https:\/\/uniest.it\/#website\"},\"primaryImageOfPage\":{\"@id\":\"https:\/\/uniest.it\/prodotto\/completo-fluido\/#primaryimage\"},\"image\":{\"@id\":\"https:\/\/uniest.it\/prodotto\/completo-fluido\/#primaryimage\"},\"thumbnailUrl\":\"https:\/\/uniest.it\/wp-content\/uploads\/2020\/11\/069AAE.png\",\"datePublished\":\"2024-10-23T14:42:40+00:00\",\"dateModified\":\"2024-10-23T15:30:02+00:00\",\"breadcrumb\":{\"@id\":\"https:\/\/uniest.it\/prodotto\/completo-fluido\/#breadcrumb\"},\"inLanguage\":\"fr-FR\",\"potentialAction\":[{\"@type\":\"ReadAction\",\"target\":[\"https:\/\/uniest.it\/prodotto\/completo-fluido\/\"]}]},{\"@type\":\"ImageObject\",\"inLanguage\":\"fr-FR\",\"@id\":\"https:\/\/uniest.it\/prodotto\/completo-fluido\/#primaryimage\",\"url\":\"https:\/\/uniest.it\/wp-content\/uploads\/2020\/11\/069AAE.png\",\"contentUrl\":\"https:\/\/uniest.it\/wp-content\/uploads\/2020\/11\/069AAE.png\",\"width\":1283,\"height\":2000},{\"@type\":\"BreadcrumbList\",\"@id\":\"https:\/\/uniest.it\/prodotto\/completo-fluido\/#breadcrumb\",\"itemListElement\":[{\"@type\":\"ListItem\",\"position\":1,\"name\":\"Home\",\"item\":\"https:\/\/uniest.it\/fr\/\"},{\"@type\":\"ListItem\",\"position\":2,\"name\":\"Shop\",\"item\":\"https:\/\/uniest.it\/shop\/\"},{\"@type\":\"ListItem\",\"position\":3,\"name\":\"Fluide complet\"}]},{\"@type\":\"WebSite\",\"@id\":\"https:\/\/uniest.it\/#website\",\"url\":\"https:\/\/uniest.it\/\",\"name\":\"Uniest\",\"description\":\"Cosmetici Naturali e Bio\",\"potentialAction\":[{\"@type\":\"SearchAction\",\"target\":{\"@type\":\"EntryPoint\",\"urlTemplate\":\"https:\/\/uniest.it\/?s={search_term_string}\"},\"query-input\":{\"@type\":\"PropertyValueSpecification\",\"valueRequired\":true,\"valueName\":\"search_term_string\"}}],\"inLanguage\":\"fr-FR\"}]}<\/script>\n<!-- \/ Yoast SEO plugin. -->","yoast_head_json":{"title":"Fluide complet - Uniest","robots":{"index":"index","follow":"follow","max-snippet":"max-snippet:-1","max-image-preview":"max-image-preview:large","max-video-preview":"max-video-preview:-1"},"canonical":"https:\/\/uniest.it\/prodotto\/completo-fluido\/","og_locale":"fr_FR","og_type":"article","og_title":"Fluide complet - Uniest","og_description":"*Il est possible que l&#8217;emballage diff\u00e8re de la photographie. Le Fluide Anti-\u00c2ge Complet est innovant et naturel, caract\u00e9ris\u00e9 par une texture l\u00e9g\u00e8re et une absorption cutan\u00e9e facile. Id\u00e9al pour hydrater la peau au fil des saisons (Printemps\/\u00c9t\u00e9). Son utilisation quotidienne apporte \u00e0 la peau les substances essentielles au maintien des conditions esth\u00e9tiques cutan\u00e9es que le [&hellip;]","og_url":"https:\/\/uniest.it\/prodotto\/completo-fluido\/","og_site_name":"Uniest","article_modified_time":"2024-10-23T15:30:02+00:00","og_image":[{"width":1283,"height":2000,"url":"https:\/\/uniest.it\/wp-content\/uploads\/2020\/11\/069AAE.png","type":"image\/png"}],"twitter_card":"summary_large_image","twitter_misc":{"Dur\u00e9e de lecture estim\u00e9e":"1 minute"},"schema":{"@context":"https:\/\/schema.org","@graph":[{"@type":"WebPage","@id":"https:\/\/uniest.it\/prodotto\/completo-fluido\/","url":"https:\/\/uniest.it\/prodotto\/completo-fluido\/","name":"Fluide complet - Uniest","isPartOf":{"@id":"https:\/\/uniest.it\/#website"},"primaryImageOfPage":{"@id":"https:\/\/uniest.it\/prodotto\/completo-fluido\/#primaryimage"},"image":{"@id":"https:\/\/uniest.it\/prodotto\/completo-fluido\/#primaryimage"},"thumbnailUrl":"https:\/\/uniest.it\/wp-content\/uploads\/2020\/11\/069AAE.png","datePublished":"2024-10-23T14:42:40+00:00","dateModified":"2024-10-23T15:30:02+00:00","breadcrumb":{"@id":"https:\/\/uniest.it\/prodotto\/completo-fluido\/#breadcrumb"},"inLanguage":"fr-FR","potentialAction":[{"@type":"ReadAction","target":["https:\/\/uniest.it\/prodotto\/completo-fluido\/"]}]},{"@type":"ImageObject","inLanguage":"fr-FR","@id":"https:\/\/uniest.it\/prodotto\/completo-fluido\/#primaryimage","url":"https:\/\/uniest.it\/wp-content\/uploads\/2020\/11\/069AAE.png","contentUrl":"https:\/\/uniest.it\/wp-content\/uploads\/2020\/11\/069AAE.png","width":1283,"height":2000},{"@type":"BreadcrumbList","@id":"https:\/\/uniest.it\/prodotto\/completo-fluido\/#breadcrumb","itemListElement":[{"@type":"ListItem","position":1,"name":"Home","item":"https:\/\/uniest.it\/fr\/"},{"@type":"ListItem","position":2,"name":"Shop","item":"https:\/\/uniest.it\/shop\/"},{"@type":"ListItem","position":3,"name":"Fluide complet"}]},{"@type":"WebSite","@id":"https:\/\/uniest.it\/#website","url":"https:\/\/uniest.it\/","name":"Uniest","description":"Cosmetici Naturali e Bio","potentialAction":[{"@type":"SearchAction","target":{"@type":"EntryPoint","urlTemplate":"https:\/\/uniest.it\/?s={search_term_string}"},"query-input":{"@type":"PropertyValueSpecification","valueRequired":true,"valueName":"search_term_string"}}],"inLanguage":"fr-FR"}]}},"_links":{"self":[{"href":"https:\/\/uniest.it\/fr\/wp-json\/wp\/v2\/product\/5730","targetHints":{"allow":["GET"]}}],"collection":[{"href":"https:\/\/uniest.it\/fr\/wp-json\/wp\/v2\/product"}],"about":[{"href":"https:\/\/uniest.it\/fr\/wp-json\/wp\/v2\/types\/product"}],"wp:featuredmedia":[{"embeddable":true,"href":"https:\/\/uniest.it\/fr\/wp-json\/wp\/v2\/media\/5731"}],"wp:attachment":[{"href":"https:\/\/uniest.it\/fr\/wp-json\/wp\/v2\/media?parent=5730"}],"wp:term":[{"taxonomy":"product_brand","embeddable":true,"href":"https:\/\/uniest.it\/fr\/wp-json\/wp\/v2\/product_brand?post=5730"},{"taxonomy":"product_cat","embeddable":true,"href":"https:\/\/uniest.it\/fr\/wp-json\/wp\/v2\/product_cat?post=5730"},{"taxonomy":"product_tag","embeddable":true,"href":"https:\/\/uniest.it\/fr\/wp-json\/wp\/v2\/product_tag?post=5730"}],"curies":[{"name":"wp","href":"https:\/\/api.w.org\/{rel}","templated":true}]}}