{"id":5732,"date":"2021-02-04T12:59:03","date_gmt":"2024-10-23T14:42:41","guid":{"rendered":"https:\/\/uniest.it\/prodotto\/phytomasque-anti-age\/"},"modified":"2025-03-04T00:00:47","modified_gmt":"2025-03-03T23:00:47","slug":"phytomasque-anti-age","status":"publish","type":"product","link":"https:\/\/uniest.it\/fr\/prodotto\/phytomasque-anti-age\/","title":{"rendered":"Phytomasque anti-\u00e2ge"},"content":{"rendered":"<p>Fitomask Anti-\u00e2ge est un masque doux anti-\u00e2ge, nourrissant et restructurant sur une base onctueuse, con\u00e7u pour nourrir et r\u00e9g\u00e9n\u00e9rer, restructurer, raffermir et tonifier les peaux matures. Le masque \u00e9tant enrichi en huile de son de riz et en huile essentielle de citron, il hydrate et \u00e9claircit la peau et est con\u00e7u dans le but d&rsquo;att\u00e9nuer les signes du vieillissement. Les extraits de Propolis, Ginkgo Biloba, Centella Asiatica et L\u00e9cithine de Soja qu&rsquo;il contient sont une aide fondamentale pour retrouver tonus, bien-\u00eatre et \u00e9lasticit\u00e9. Le Masque Anti-\u00e2ge Visage est un soin anti-\u00e2ge sp\u00e9cifique, qui aide la peau \u00e0 retrouver le bon niveau d&rsquo;\u00e9lasticit\u00e9 en quelques minutes seulement, minimisant ainsi l&rsquo;apparition de radicaux libres.<\/p>\n","protected":false},"excerpt":{"rendered":"<p>Fitomask Anti-\u00e2ge est un masque doux anti-\u00e2ge, nourrissant et restructurant sur une base onctueuse, con\u00e7u pour nourrir et r\u00e9g\u00e9n\u00e9rer, restructurer, raffermir et tonifier les peaux matures. Le masque \u00e9tant enrichi en huile de son de riz et en huile essentielle de citron, il hydrate et \u00e9claircit la peau et est con\u00e7u dans le but d&rsquo;att\u00e9nuer [&hellip;]<\/p>\n","protected":false},"featured_media":5733,"template":"","meta":{"_acf_changed":false,"inline_featured_image":false},"product_brand":[],"product_cat":[1383],"product_tag":[],"class_list":{"0":"post-5732","1":"product","2":"type-product","3":"status-publish","4":"has-post-thumbnail","6":"product_beauty-antirughe","7":"product_beauty-idratare","8":"product_beauty-nutrire-e-rigenerare","9":"product_beauty-rassodare-e-tonificare","10":"product_skin-pelli-delicate-e-sensibili","11":"product_skin-pelli-giovani-e-prime-rughe","12":"product_skin-pelli-mature-e-rughe","13":"product_kind-creme-antieta-e-prime-rughe","14":"product_kind-maschere-ed-esfolianti-viso","15":"product_lines-antirughe","16":"product_cat-viso-fr","17":"pa_size-50-fr","19":"first","20":"instock","21":"taxable","22":"shipping-taxable","23":"purchasable","24":"product-type-simple"},"acf":[],"yoast_head":"<!-- This site is optimized with the Yoast SEO plugin v24.6 - https:\/\/yoast.com\/wordpress\/plugins\/seo\/ -->\n<title>Phytomasque anti-\u00e2ge - Uniest<\/title>\n<meta name=\"robots\" content=\"index, follow, max-snippet:-1, max-image-preview:large, max-video-preview:-1\" \/>\n<link rel=\"canonical\" href=\"https:\/\/uniest.it\/prodotto\/fitomaschera-antieta\/\" \/>\n<meta property=\"og:locale\" content=\"fr_FR\" \/>\n<meta property=\"og:type\" content=\"article\" \/>\n<meta property=\"og:title\" content=\"Phytomasque anti-\u00e2ge - Uniest\" \/>\n<meta property=\"og:description\" content=\"Fitomask Anti-\u00e2ge est un masque doux anti-\u00e2ge, nourrissant et restructurant sur une base onctueuse, con\u00e7u pour nourrir et r\u00e9g\u00e9n\u00e9rer, restructurer, raffermir et tonifier les peaux matures. Le masque \u00e9tant enrichi en huile de son de riz et en huile essentielle de citron, il hydrate et \u00e9claircit la peau et est con\u00e7u dans le but d&rsquo;att\u00e9nuer [&hellip;]\" \/>\n<meta property=\"og:url\" content=\"https:\/\/uniest.it\/prodotto\/fitomaschera-antieta\/\" \/>\n<meta property=\"og:site_name\" content=\"Uniest\" \/>\n<meta property=\"article:modified_time\" content=\"2025-03-03T23:00:47+00:00\" \/>\n<meta property=\"og:image\" content=\"https:\/\/uniest.it\/wp-content\/uploads\/2020\/11\/075AAE.png\" \/>\n\t<meta property=\"og:image:width\" content=\"1283\" \/>\n\t<meta property=\"og:image:height\" content=\"2000\" \/>\n\t<meta property=\"og:image:type\" content=\"image\/png\" \/>\n<meta name=\"twitter:card\" content=\"summary_large_image\" \/>\n<meta name=\"twitter:label1\" content=\"Dur\u00e9e de lecture estim\u00e9e\" \/>\n\t<meta name=\"twitter:data1\" content=\"1 minute\" \/>\n<script type=\"application\/ld+json\" class=\"yoast-schema-graph\">{\"@context\":\"https:\/\/schema.org\",\"@graph\":[{\"@type\":\"WebPage\",\"@id\":\"https:\/\/uniest.it\/prodotto\/fitomaschera-antieta\/\",\"url\":\"https:\/\/uniest.it\/prodotto\/fitomaschera-antieta\/\",\"name\":\"Phytomasque anti-\u00e2ge - Uniest\",\"isPartOf\":{\"@id\":\"https:\/\/uniest.it\/#website\"},\"primaryImageOfPage\":{\"@id\":\"https:\/\/uniest.it\/prodotto\/fitomaschera-antieta\/#primaryimage\"},\"image\":{\"@id\":\"https:\/\/uniest.it\/prodotto\/fitomaschera-antieta\/#primaryimage\"},\"thumbnailUrl\":\"https:\/\/uniest.it\/wp-content\/uploads\/2020\/11\/075AAE.png\",\"datePublished\":\"2024-10-23T14:42:41+00:00\",\"dateModified\":\"2025-03-03T23:00:47+00:00\",\"breadcrumb\":{\"@id\":\"https:\/\/uniest.it\/prodotto\/fitomaschera-antieta\/#breadcrumb\"},\"inLanguage\":\"fr-FR\",\"potentialAction\":[{\"@type\":\"ReadAction\",\"target\":[\"https:\/\/uniest.it\/prodotto\/fitomaschera-antieta\/\"]}]},{\"@type\":\"ImageObject\",\"inLanguage\":\"fr-FR\",\"@id\":\"https:\/\/uniest.it\/prodotto\/fitomaschera-antieta\/#primaryimage\",\"url\":\"https:\/\/uniest.it\/wp-content\/uploads\/2020\/11\/075AAE.png\",\"contentUrl\":\"https:\/\/uniest.it\/wp-content\/uploads\/2020\/11\/075AAE.png\",\"width\":1283,\"height\":2000},{\"@type\":\"BreadcrumbList\",\"@id\":\"https:\/\/uniest.it\/prodotto\/fitomaschera-antieta\/#breadcrumb\",\"itemListElement\":[{\"@type\":\"ListItem\",\"position\":1,\"name\":\"Home\",\"item\":\"https:\/\/uniest.it\/fr\/\"},{\"@type\":\"ListItem\",\"position\":2,\"name\":\"Shop\",\"item\":\"https:\/\/uniest.it\/shop\/\"},{\"@type\":\"ListItem\",\"position\":3,\"name\":\"Phytomasque anti-\u00e2ge\"}]},{\"@type\":\"WebSite\",\"@id\":\"https:\/\/uniest.it\/#website\",\"url\":\"https:\/\/uniest.it\/\",\"name\":\"Uniest\",\"description\":\"Cosmetici Naturali e Bio\",\"potentialAction\":[{\"@type\":\"SearchAction\",\"target\":{\"@type\":\"EntryPoint\",\"urlTemplate\":\"https:\/\/uniest.it\/?s={search_term_string}\"},\"query-input\":{\"@type\":\"PropertyValueSpecification\",\"valueRequired\":true,\"valueName\":\"search_term_string\"}}],\"inLanguage\":\"fr-FR\"}]}<\/script>\n<!-- \/ Yoast SEO plugin. -->","yoast_head_json":{"title":"Phytomasque anti-\u00e2ge - Uniest","robots":{"index":"index","follow":"follow","max-snippet":"max-snippet:-1","max-image-preview":"max-image-preview:large","max-video-preview":"max-video-preview:-1"},"canonical":"https:\/\/uniest.it\/prodotto\/fitomaschera-antieta\/","og_locale":"fr_FR","og_type":"article","og_title":"Phytomasque anti-\u00e2ge - Uniest","og_description":"Fitomask Anti-\u00e2ge est un masque doux anti-\u00e2ge, nourrissant et restructurant sur une base onctueuse, con\u00e7u pour nourrir et r\u00e9g\u00e9n\u00e9rer, restructurer, raffermir et tonifier les peaux matures. Le masque \u00e9tant enrichi en huile de son de riz et en huile essentielle de citron, il hydrate et \u00e9claircit la peau et est con\u00e7u dans le but d&rsquo;att\u00e9nuer [&hellip;]","og_url":"https:\/\/uniest.it\/prodotto\/fitomaschera-antieta\/","og_site_name":"Uniest","article_modified_time":"2025-03-03T23:00:47+00:00","og_image":[{"width":1283,"height":2000,"url":"https:\/\/uniest.it\/wp-content\/uploads\/2020\/11\/075AAE.png","type":"image\/png"}],"twitter_card":"summary_large_image","twitter_misc":{"Dur\u00e9e de lecture estim\u00e9e":"1 minute"},"schema":{"@context":"https:\/\/schema.org","@graph":[{"@type":"WebPage","@id":"https:\/\/uniest.it\/prodotto\/fitomaschera-antieta\/","url":"https:\/\/uniest.it\/prodotto\/fitomaschera-antieta\/","name":"Phytomasque anti-\u00e2ge - Uniest","isPartOf":{"@id":"https:\/\/uniest.it\/#website"},"primaryImageOfPage":{"@id":"https:\/\/uniest.it\/prodotto\/fitomaschera-antieta\/#primaryimage"},"image":{"@id":"https:\/\/uniest.it\/prodotto\/fitomaschera-antieta\/#primaryimage"},"thumbnailUrl":"https:\/\/uniest.it\/wp-content\/uploads\/2020\/11\/075AAE.png","datePublished":"2024-10-23T14:42:41+00:00","dateModified":"2025-03-03T23:00:47+00:00","breadcrumb":{"@id":"https:\/\/uniest.it\/prodotto\/fitomaschera-antieta\/#breadcrumb"},"inLanguage":"fr-FR","potentialAction":[{"@type":"ReadAction","target":["https:\/\/uniest.it\/prodotto\/fitomaschera-antieta\/"]}]},{"@type":"ImageObject","inLanguage":"fr-FR","@id":"https:\/\/uniest.it\/prodotto\/fitomaschera-antieta\/#primaryimage","url":"https:\/\/uniest.it\/wp-content\/uploads\/2020\/11\/075AAE.png","contentUrl":"https:\/\/uniest.it\/wp-content\/uploads\/2020\/11\/075AAE.png","width":1283,"height":2000},{"@type":"BreadcrumbList","@id":"https:\/\/uniest.it\/prodotto\/fitomaschera-antieta\/#breadcrumb","itemListElement":[{"@type":"ListItem","position":1,"name":"Home","item":"https:\/\/uniest.it\/fr\/"},{"@type":"ListItem","position":2,"name":"Shop","item":"https:\/\/uniest.it\/shop\/"},{"@type":"ListItem","position":3,"name":"Phytomasque anti-\u00e2ge"}]},{"@type":"WebSite","@id":"https:\/\/uniest.it\/#website","url":"https:\/\/uniest.it\/","name":"Uniest","description":"Cosmetici Naturali e Bio","potentialAction":[{"@type":"SearchAction","target":{"@type":"EntryPoint","urlTemplate":"https:\/\/uniest.it\/?s={search_term_string}"},"query-input":{"@type":"PropertyValueSpecification","valueRequired":true,"valueName":"search_term_string"}}],"inLanguage":"fr-FR"}]}},"_links":{"self":[{"href":"https:\/\/uniest.it\/fr\/wp-json\/wp\/v2\/product\/5732","targetHints":{"allow":["GET"]}}],"collection":[{"href":"https:\/\/uniest.it\/fr\/wp-json\/wp\/v2\/product"}],"about":[{"href":"https:\/\/uniest.it\/fr\/wp-json\/wp\/v2\/types\/product"}],"wp:featuredmedia":[{"embeddable":true,"href":"https:\/\/uniest.it\/fr\/wp-json\/wp\/v2\/media\/5733"}],"wp:attachment":[{"href":"https:\/\/uniest.it\/fr\/wp-json\/wp\/v2\/media?parent=5732"}],"wp:term":[{"taxonomy":"product_brand","embeddable":true,"href":"https:\/\/uniest.it\/fr\/wp-json\/wp\/v2\/product_brand?post=5732"},{"taxonomy":"product_cat","embeddable":true,"href":"https:\/\/uniest.it\/fr\/wp-json\/wp\/v2\/product_cat?post=5732"},{"taxonomy":"product_tag","embeddable":true,"href":"https:\/\/uniest.it\/fr\/wp-json\/wp\/v2\/product_tag?post=5732"}],"curies":[{"name":"wp","href":"https:\/\/api.w.org\/{rel}","templated":true}]}}