{"id":5734,"date":"2024-10-23T15:42:41","date_gmt":"2024-10-23T14:42:41","guid":{"rendered":"https:\/\/uniest.it\/prodotto\/creme-aux-acides-de-fruits\/"},"modified":"2024-10-23T16:30:04","modified_gmt":"2024-10-23T15:30:04","slug":"creme-aux-acides-de-fruits","status":"publish","type":"product","link":"https:\/\/uniest.it\/fr\/prodotto\/creme-aux-acides-de-fruits\/","title":{"rendered":"Cr\u00e8me Aux Acides De Fruits"},"content":{"rendered":"<p>Cr\u00e8me aux Acides de Fruits Hydratante et r\u00e9g\u00e9n\u00e9rante, id\u00e9ale pour les peaux matures et pendant les p\u00e9riodes de changement de saison et en \u00e9t\u00e9, il est donc recommand\u00e9 de l&rsquo;utiliser le soir. Riche en substances actives naturelles telles que l&rsquo;acide citrique (agrumes), l&rsquo;acide lactique (lait) et l&rsquo;acide glycolique (canne \u00e0 sucre). L&rsquo;efficacit\u00e9 anti-\u00e2ge est confirm\u00e9e par de nombreuses \u00e9tudes qui d\u00e9montrent une r\u00e9duction significative des rides, donnant ainsi \u00e0 la peau un effet plus lisse, plus velout\u00e9 et plus frais. D\u00e8s l&rsquo;adolescence, il faut donc utiliser une cr\u00e8me hydratante de base pour \u00e9viter la d\u00e9shydratation, responsable de l&rsquo;apparition des rides et ridules d&rsquo;expression.<\/p>\n","protected":false},"excerpt":{"rendered":"<p>Cr\u00e8me aux Acides de Fruits Hydratante et r\u00e9g\u00e9n\u00e9rante, id\u00e9ale pour les peaux matures et pendant les p\u00e9riodes de changement de saison et en \u00e9t\u00e9, il est donc recommand\u00e9 de l&rsquo;utiliser le soir. Riche en substances actives naturelles telles que l&rsquo;acide citrique (agrumes), l&rsquo;acide lactique (lait) et l&rsquo;acide glycolique (canne \u00e0 sucre). L&rsquo;efficacit\u00e9 anti-\u00e2ge est confirm\u00e9e [&hellip;]<\/p>\n","protected":false},"featured_media":5735,"template":"","meta":{"_acf_changed":false,"inline_featured_image":false},"product_brand":[],"product_cat":[1383],"product_tag":[],"class_list":{"0":"post-5734","1":"product","2":"type-product","3":"status-publish","4":"has-post-thumbnail","6":"product_beauty-antirughe","7":"product_beauty-esfoliare","8":"product_beauty-idratare","9":"product_beauty-nutrire-e-rigenerare","10":"product_beauty-rassodare-e-tonificare","11":"product_skin-pelli-giovani-e-prime-rughe","12":"product_skin-pelli-mature-e-rughe","13":"product_kind-creme-antieta-e-prime-rughe","14":"product_kind-trattamenti-speciali","15":"product_kind-tutte-le-creme-viso","16":"product_lines-antirughe","17":"product_cat-viso-fr","18":"pa_size-50-fr","20":"first","21":"instock","22":"taxable","23":"shipping-taxable","24":"purchasable","25":"product-type-simple"},"acf":[],"yoast_head":"<!-- This site is optimized with the Yoast SEO plugin v24.6 - https:\/\/yoast.com\/wordpress\/plugins\/seo\/ -->\n<title>Cr\u00e8me Aux Acides De Fruits - Uniest<\/title>\n<meta name=\"robots\" content=\"index, follow, max-snippet:-1, max-image-preview:large, max-video-preview:-1\" \/>\n<link rel=\"canonical\" href=\"https:\/\/uniest.it\/prodotto\/crema-agli-acidi-della-frutta\/\" \/>\n<meta property=\"og:locale\" content=\"fr_FR\" \/>\n<meta property=\"og:type\" content=\"article\" \/>\n<meta property=\"og:title\" content=\"Cr\u00e8me Aux Acides De Fruits - Uniest\" \/>\n<meta property=\"og:description\" content=\"Cr\u00e8me aux Acides de Fruits Hydratante et r\u00e9g\u00e9n\u00e9rante, id\u00e9ale pour les peaux matures et pendant les p\u00e9riodes de changement de saison et en \u00e9t\u00e9, il est donc recommand\u00e9 de l&rsquo;utiliser le soir. Riche en substances actives naturelles telles que l&rsquo;acide citrique (agrumes), l&rsquo;acide lactique (lait) et l&rsquo;acide glycolique (canne \u00e0 sucre). L&rsquo;efficacit\u00e9 anti-\u00e2ge est confirm\u00e9e [&hellip;]\" \/>\n<meta property=\"og:url\" content=\"https:\/\/uniest.it\/prodotto\/crema-agli-acidi-della-frutta\/\" \/>\n<meta property=\"og:site_name\" content=\"Uniest\" \/>\n<meta property=\"article:modified_time\" content=\"2024-10-23T15:30:04+00:00\" \/>\n<meta property=\"og:image\" content=\"https:\/\/uniest.it\/wp-content\/uploads\/2020\/11\/078AAE.png\" \/>\n\t<meta property=\"og:image:width\" content=\"1283\" \/>\n\t<meta property=\"og:image:height\" content=\"2000\" \/>\n\t<meta property=\"og:image:type\" content=\"image\/png\" \/>\n<meta name=\"twitter:card\" content=\"summary_large_image\" \/>\n<meta name=\"twitter:label1\" content=\"Dur\u00e9e de lecture estim\u00e9e\" \/>\n\t<meta name=\"twitter:data1\" content=\"1 minute\" \/>\n<script type=\"application\/ld+json\" class=\"yoast-schema-graph\">{\"@context\":\"https:\/\/schema.org\",\"@graph\":[{\"@type\":\"WebPage\",\"@id\":\"https:\/\/uniest.it\/prodotto\/crema-agli-acidi-della-frutta\/\",\"url\":\"https:\/\/uniest.it\/prodotto\/crema-agli-acidi-della-frutta\/\",\"name\":\"Cr\u00e8me Aux Acides De Fruits - Uniest\",\"isPartOf\":{\"@id\":\"https:\/\/uniest.it\/#website\"},\"primaryImageOfPage\":{\"@id\":\"https:\/\/uniest.it\/prodotto\/crema-agli-acidi-della-frutta\/#primaryimage\"},\"image\":{\"@id\":\"https:\/\/uniest.it\/prodotto\/crema-agli-acidi-della-frutta\/#primaryimage\"},\"thumbnailUrl\":\"https:\/\/uniest.it\/wp-content\/uploads\/2020\/11\/078AAE.png\",\"datePublished\":\"2024-10-23T14:42:41+00:00\",\"dateModified\":\"2024-10-23T15:30:04+00:00\",\"breadcrumb\":{\"@id\":\"https:\/\/uniest.it\/prodotto\/crema-agli-acidi-della-frutta\/#breadcrumb\"},\"inLanguage\":\"fr-FR\",\"potentialAction\":[{\"@type\":\"ReadAction\",\"target\":[\"https:\/\/uniest.it\/prodotto\/crema-agli-acidi-della-frutta\/\"]}]},{\"@type\":\"ImageObject\",\"inLanguage\":\"fr-FR\",\"@id\":\"https:\/\/uniest.it\/prodotto\/crema-agli-acidi-della-frutta\/#primaryimage\",\"url\":\"https:\/\/uniest.it\/wp-content\/uploads\/2020\/11\/078AAE.png\",\"contentUrl\":\"https:\/\/uniest.it\/wp-content\/uploads\/2020\/11\/078AAE.png\",\"width\":1283,\"height\":2000},{\"@type\":\"BreadcrumbList\",\"@id\":\"https:\/\/uniest.it\/prodotto\/crema-agli-acidi-della-frutta\/#breadcrumb\",\"itemListElement\":[{\"@type\":\"ListItem\",\"position\":1,\"name\":\"Home\",\"item\":\"https:\/\/uniest.it\/fr\/\"},{\"@type\":\"ListItem\",\"position\":2,\"name\":\"Shop\",\"item\":\"https:\/\/uniest.it\/shop\/\"},{\"@type\":\"ListItem\",\"position\":3,\"name\":\"Cr\u00e8me Aux Acides De Fruits\"}]},{\"@type\":\"WebSite\",\"@id\":\"https:\/\/uniest.it\/#website\",\"url\":\"https:\/\/uniest.it\/\",\"name\":\"Uniest\",\"description\":\"Cosmetici Naturali e Bio\",\"potentialAction\":[{\"@type\":\"SearchAction\",\"target\":{\"@type\":\"EntryPoint\",\"urlTemplate\":\"https:\/\/uniest.it\/?s={search_term_string}\"},\"query-input\":{\"@type\":\"PropertyValueSpecification\",\"valueRequired\":true,\"valueName\":\"search_term_string\"}}],\"inLanguage\":\"fr-FR\"}]}<\/script>\n<!-- \/ Yoast SEO plugin. -->","yoast_head_json":{"title":"Cr\u00e8me Aux Acides De Fruits - Uniest","robots":{"index":"index","follow":"follow","max-snippet":"max-snippet:-1","max-image-preview":"max-image-preview:large","max-video-preview":"max-video-preview:-1"},"canonical":"https:\/\/uniest.it\/prodotto\/crema-agli-acidi-della-frutta\/","og_locale":"fr_FR","og_type":"article","og_title":"Cr\u00e8me Aux Acides De Fruits - Uniest","og_description":"Cr\u00e8me aux Acides de Fruits Hydratante et r\u00e9g\u00e9n\u00e9rante, id\u00e9ale pour les peaux matures et pendant les p\u00e9riodes de changement de saison et en \u00e9t\u00e9, il est donc recommand\u00e9 de l&rsquo;utiliser le soir. Riche en substances actives naturelles telles que l&rsquo;acide citrique (agrumes), l&rsquo;acide lactique (lait) et l&rsquo;acide glycolique (canne \u00e0 sucre). L&rsquo;efficacit\u00e9 anti-\u00e2ge est confirm\u00e9e [&hellip;]","og_url":"https:\/\/uniest.it\/prodotto\/crema-agli-acidi-della-frutta\/","og_site_name":"Uniest","article_modified_time":"2024-10-23T15:30:04+00:00","og_image":[{"width":1283,"height":2000,"url":"https:\/\/uniest.it\/wp-content\/uploads\/2020\/11\/078AAE.png","type":"image\/png"}],"twitter_card":"summary_large_image","twitter_misc":{"Dur\u00e9e de lecture estim\u00e9e":"1 minute"},"schema":{"@context":"https:\/\/schema.org","@graph":[{"@type":"WebPage","@id":"https:\/\/uniest.it\/prodotto\/crema-agli-acidi-della-frutta\/","url":"https:\/\/uniest.it\/prodotto\/crema-agli-acidi-della-frutta\/","name":"Cr\u00e8me Aux Acides De Fruits - Uniest","isPartOf":{"@id":"https:\/\/uniest.it\/#website"},"primaryImageOfPage":{"@id":"https:\/\/uniest.it\/prodotto\/crema-agli-acidi-della-frutta\/#primaryimage"},"image":{"@id":"https:\/\/uniest.it\/prodotto\/crema-agli-acidi-della-frutta\/#primaryimage"},"thumbnailUrl":"https:\/\/uniest.it\/wp-content\/uploads\/2020\/11\/078AAE.png","datePublished":"2024-10-23T14:42:41+00:00","dateModified":"2024-10-23T15:30:04+00:00","breadcrumb":{"@id":"https:\/\/uniest.it\/prodotto\/crema-agli-acidi-della-frutta\/#breadcrumb"},"inLanguage":"fr-FR","potentialAction":[{"@type":"ReadAction","target":["https:\/\/uniest.it\/prodotto\/crema-agli-acidi-della-frutta\/"]}]},{"@type":"ImageObject","inLanguage":"fr-FR","@id":"https:\/\/uniest.it\/prodotto\/crema-agli-acidi-della-frutta\/#primaryimage","url":"https:\/\/uniest.it\/wp-content\/uploads\/2020\/11\/078AAE.png","contentUrl":"https:\/\/uniest.it\/wp-content\/uploads\/2020\/11\/078AAE.png","width":1283,"height":2000},{"@type":"BreadcrumbList","@id":"https:\/\/uniest.it\/prodotto\/crema-agli-acidi-della-frutta\/#breadcrumb","itemListElement":[{"@type":"ListItem","position":1,"name":"Home","item":"https:\/\/uniest.it\/fr\/"},{"@type":"ListItem","position":2,"name":"Shop","item":"https:\/\/uniest.it\/shop\/"},{"@type":"ListItem","position":3,"name":"Cr\u00e8me Aux Acides De Fruits"}]},{"@type":"WebSite","@id":"https:\/\/uniest.it\/#website","url":"https:\/\/uniest.it\/","name":"Uniest","description":"Cosmetici Naturali e Bio","potentialAction":[{"@type":"SearchAction","target":{"@type":"EntryPoint","urlTemplate":"https:\/\/uniest.it\/?s={search_term_string}"},"query-input":{"@type":"PropertyValueSpecification","valueRequired":true,"valueName":"search_term_string"}}],"inLanguage":"fr-FR"}]}},"_links":{"self":[{"href":"https:\/\/uniest.it\/fr\/wp-json\/wp\/v2\/product\/5734","targetHints":{"allow":["GET"]}}],"collection":[{"href":"https:\/\/uniest.it\/fr\/wp-json\/wp\/v2\/product"}],"about":[{"href":"https:\/\/uniest.it\/fr\/wp-json\/wp\/v2\/types\/product"}],"wp:featuredmedia":[{"embeddable":true,"href":"https:\/\/uniest.it\/fr\/wp-json\/wp\/v2\/media\/5735"}],"wp:attachment":[{"href":"https:\/\/uniest.it\/fr\/wp-json\/wp\/v2\/media?parent=5734"}],"wp:term":[{"taxonomy":"product_brand","embeddable":true,"href":"https:\/\/uniest.it\/fr\/wp-json\/wp\/v2\/product_brand?post=5734"},{"taxonomy":"product_cat","embeddable":true,"href":"https:\/\/uniest.it\/fr\/wp-json\/wp\/v2\/product_cat?post=5734"},{"taxonomy":"product_tag","embeddable":true,"href":"https:\/\/uniest.it\/fr\/wp-json\/wp\/v2\/product_tag?post=5734"}],"curies":[{"name":"wp","href":"https:\/\/api.w.org\/{rel}","templated":true}]}}