{"id":5736,"date":"2024-10-23T15:42:42","date_gmt":"2024-10-23T14:42:42","guid":{"rendered":"https:\/\/uniest.it\/prodotto\/masque-apaisant\/"},"modified":"2024-10-23T16:30:04","modified_gmt":"2024-10-23T15:30:04","slug":"masque-apaisant","status":"publish","type":"product","link":"https:\/\/uniest.it\/fr\/prodotto\/masque-apaisant\/","title":{"rendered":"Masque apaisant"},"content":{"rendered":"<p>Soothing Mask est un masque-baume pr\u00e9-shampooing innovant, cr\u00e9\u00e9 comme un v\u00e9ritable soin de beaut\u00e9 au parfum ind\u00e9sirable pour les poux et les insectes. Sa formule naturelle sp\u00e9ciale a \u00e9t\u00e9 enrichie des ingr\u00e9dients actifs de l&rsquo;huile d&rsquo;Andiroba, de l&rsquo;huile de Neem, de l&rsquo;huile d&rsquo;arbre \u00e0 th\u00e9 et de l&rsquo;huile essentielle de lavande. Cela permet au produit de lib\u00e9rer en profondeur ses effets b\u00e9n\u00e9fiques tout en exer\u00e7ant une d\u00e9licate action nourrissante et rafra\u00eechissante tout en respectant pleinement l&rsquo;\u00e9quilibre \u00e9pidermique. Leur odeur caract\u00e9ristique est d\u00e9sagr\u00e9able pour les insectes\/poux, cr\u00e9ant un environnement d\u00e9favorable \u00e0 leur installation. Il rend les cheveux doux, brillants et faciles \u00e0 coiffer et la peau hydrat\u00e9e et apais\u00e9e et il faut souligner qu&rsquo;il ne s&rsquo;agit pas d&rsquo;un traitement chimique ni d&rsquo;un insecticide.<\/p>\n","protected":false},"excerpt":{"rendered":"<p>Soothing Mask est un masque-baume pr\u00e9-shampooing innovant, cr\u00e9\u00e9 comme un v\u00e9ritable soin de beaut\u00e9 au parfum ind\u00e9sirable pour les poux et les insectes. Sa formule naturelle sp\u00e9ciale a \u00e9t\u00e9 enrichie des ingr\u00e9dients actifs de l&rsquo;huile d&rsquo;Andiroba, de l&rsquo;huile de Neem, de l&rsquo;huile d&rsquo;arbre \u00e0 th\u00e9 et de l&rsquo;huile essentielle de lavande. Cela permet au produit [&hellip;]<\/p>\n","protected":false},"featured_media":5737,"template":"","meta":{"_acf_changed":false,"inline_featured_image":false},"product_brand":[],"product_cat":[1378],"product_tag":[],"class_list":{"0":"post-5736","1":"product","2":"type-product","3":"status-publish","4":"has-post-thumbnail","6":"product_beauty-idratare","7":"product_beauty-lenire","8":"product_beauty-proteggere","9":"product_skin-tutti-i-capelli","10":"product_kind-maschere-ed-esfolianti","11":"product_kind-prodotti-baby-mamy","12":"product_kind-trattamenti-speciali","13":"product_lines-baby-mamy","14":"product_cat-famiglia-e-pet-fr","15":"pa_size-150-fr","17":"first","18":"instock","19":"taxable","20":"shipping-taxable","21":"purchasable","22":"product-type-simple"},"acf":[],"yoast_head":"<!-- This site is optimized with the Yoast SEO plugin v24.6 - https:\/\/yoast.com\/wordpress\/plugins\/seo\/ -->\n<title>Masque apaisant - Uniest<\/title>\n<meta name=\"robots\" content=\"index, follow, max-snippet:-1, max-image-preview:large, max-video-preview:-1\" \/>\n<link rel=\"canonical\" href=\"https:\/\/uniest.it\/prodotto\/maschera-lenitiva\/\" \/>\n<meta property=\"og:locale\" content=\"fr_FR\" \/>\n<meta property=\"og:type\" content=\"article\" \/>\n<meta property=\"og:title\" content=\"Masque apaisant - Uniest\" \/>\n<meta property=\"og:description\" content=\"Soothing Mask est un masque-baume pr\u00e9-shampooing innovant, cr\u00e9\u00e9 comme un v\u00e9ritable soin de beaut\u00e9 au parfum ind\u00e9sirable pour les poux et les insectes. Sa formule naturelle sp\u00e9ciale a \u00e9t\u00e9 enrichie des ingr\u00e9dients actifs de l&rsquo;huile d&rsquo;Andiroba, de l&rsquo;huile de Neem, de l&rsquo;huile d&rsquo;arbre \u00e0 th\u00e9 et de l&rsquo;huile essentielle de lavande. Cela permet au produit [&hellip;]\" \/>\n<meta property=\"og:url\" content=\"https:\/\/uniest.it\/prodotto\/maschera-lenitiva\/\" \/>\n<meta property=\"og:site_name\" content=\"Uniest\" \/>\n<meta property=\"article:modified_time\" content=\"2024-10-23T15:30:04+00:00\" \/>\n<meta property=\"og:image\" content=\"https:\/\/uniest.it\/wp-content\/uploads\/2020\/11\/080AAA.png\" \/>\n\t<meta property=\"og:image:width\" content=\"1283\" \/>\n\t<meta property=\"og:image:height\" content=\"2000\" \/>\n\t<meta property=\"og:image:type\" content=\"image\/png\" \/>\n<meta name=\"twitter:card\" content=\"summary_large_image\" \/>\n<meta name=\"twitter:label1\" content=\"Dur\u00e9e de lecture estim\u00e9e\" \/>\n\t<meta name=\"twitter:data1\" content=\"1 minute\" \/>\n<script type=\"application\/ld+json\" class=\"yoast-schema-graph\">{\"@context\":\"https:\/\/schema.org\",\"@graph\":[{\"@type\":\"WebPage\",\"@id\":\"https:\/\/uniest.it\/prodotto\/maschera-lenitiva\/\",\"url\":\"https:\/\/uniest.it\/prodotto\/maschera-lenitiva\/\",\"name\":\"Masque apaisant - Uniest\",\"isPartOf\":{\"@id\":\"https:\/\/uniest.it\/#website\"},\"primaryImageOfPage\":{\"@id\":\"https:\/\/uniest.it\/prodotto\/maschera-lenitiva\/#primaryimage\"},\"image\":{\"@id\":\"https:\/\/uniest.it\/prodotto\/maschera-lenitiva\/#primaryimage\"},\"thumbnailUrl\":\"https:\/\/uniest.it\/wp-content\/uploads\/2020\/11\/080AAA.png\",\"datePublished\":\"2024-10-23T14:42:42+00:00\",\"dateModified\":\"2024-10-23T15:30:04+00:00\",\"breadcrumb\":{\"@id\":\"https:\/\/uniest.it\/prodotto\/maschera-lenitiva\/#breadcrumb\"},\"inLanguage\":\"fr-FR\",\"potentialAction\":[{\"@type\":\"ReadAction\",\"target\":[\"https:\/\/uniest.it\/prodotto\/maschera-lenitiva\/\"]}]},{\"@type\":\"ImageObject\",\"inLanguage\":\"fr-FR\",\"@id\":\"https:\/\/uniest.it\/prodotto\/maschera-lenitiva\/#primaryimage\",\"url\":\"https:\/\/uniest.it\/wp-content\/uploads\/2020\/11\/080AAA.png\",\"contentUrl\":\"https:\/\/uniest.it\/wp-content\/uploads\/2020\/11\/080AAA.png\",\"width\":1283,\"height\":2000},{\"@type\":\"BreadcrumbList\",\"@id\":\"https:\/\/uniest.it\/prodotto\/maschera-lenitiva\/#breadcrumb\",\"itemListElement\":[{\"@type\":\"ListItem\",\"position\":1,\"name\":\"Home\",\"item\":\"https:\/\/uniest.it\/fr\/\"},{\"@type\":\"ListItem\",\"position\":2,\"name\":\"Shop\",\"item\":\"https:\/\/uniest.it\/shop\/\"},{\"@type\":\"ListItem\",\"position\":3,\"name\":\"Masque apaisant\"}]},{\"@type\":\"WebSite\",\"@id\":\"https:\/\/uniest.it\/#website\",\"url\":\"https:\/\/uniest.it\/\",\"name\":\"Uniest\",\"description\":\"Cosmetici Naturali e Bio\",\"potentialAction\":[{\"@type\":\"SearchAction\",\"target\":{\"@type\":\"EntryPoint\",\"urlTemplate\":\"https:\/\/uniest.it\/?s={search_term_string}\"},\"query-input\":{\"@type\":\"PropertyValueSpecification\",\"valueRequired\":true,\"valueName\":\"search_term_string\"}}],\"inLanguage\":\"fr-FR\"}]}<\/script>\n<!-- \/ Yoast SEO plugin. -->","yoast_head_json":{"title":"Masque apaisant - Uniest","robots":{"index":"index","follow":"follow","max-snippet":"max-snippet:-1","max-image-preview":"max-image-preview:large","max-video-preview":"max-video-preview:-1"},"canonical":"https:\/\/uniest.it\/prodotto\/maschera-lenitiva\/","og_locale":"fr_FR","og_type":"article","og_title":"Masque apaisant - Uniest","og_description":"Soothing Mask est un masque-baume pr\u00e9-shampooing innovant, cr\u00e9\u00e9 comme un v\u00e9ritable soin de beaut\u00e9 au parfum ind\u00e9sirable pour les poux et les insectes. Sa formule naturelle sp\u00e9ciale a \u00e9t\u00e9 enrichie des ingr\u00e9dients actifs de l&rsquo;huile d&rsquo;Andiroba, de l&rsquo;huile de Neem, de l&rsquo;huile d&rsquo;arbre \u00e0 th\u00e9 et de l&rsquo;huile essentielle de lavande. Cela permet au produit [&hellip;]","og_url":"https:\/\/uniest.it\/prodotto\/maschera-lenitiva\/","og_site_name":"Uniest","article_modified_time":"2024-10-23T15:30:04+00:00","og_image":[{"width":1283,"height":2000,"url":"https:\/\/uniest.it\/wp-content\/uploads\/2020\/11\/080AAA.png","type":"image\/png"}],"twitter_card":"summary_large_image","twitter_misc":{"Dur\u00e9e de lecture estim\u00e9e":"1 minute"},"schema":{"@context":"https:\/\/schema.org","@graph":[{"@type":"WebPage","@id":"https:\/\/uniest.it\/prodotto\/maschera-lenitiva\/","url":"https:\/\/uniest.it\/prodotto\/maschera-lenitiva\/","name":"Masque apaisant - Uniest","isPartOf":{"@id":"https:\/\/uniest.it\/#website"},"primaryImageOfPage":{"@id":"https:\/\/uniest.it\/prodotto\/maschera-lenitiva\/#primaryimage"},"image":{"@id":"https:\/\/uniest.it\/prodotto\/maschera-lenitiva\/#primaryimage"},"thumbnailUrl":"https:\/\/uniest.it\/wp-content\/uploads\/2020\/11\/080AAA.png","datePublished":"2024-10-23T14:42:42+00:00","dateModified":"2024-10-23T15:30:04+00:00","breadcrumb":{"@id":"https:\/\/uniest.it\/prodotto\/maschera-lenitiva\/#breadcrumb"},"inLanguage":"fr-FR","potentialAction":[{"@type":"ReadAction","target":["https:\/\/uniest.it\/prodotto\/maschera-lenitiva\/"]}]},{"@type":"ImageObject","inLanguage":"fr-FR","@id":"https:\/\/uniest.it\/prodotto\/maschera-lenitiva\/#primaryimage","url":"https:\/\/uniest.it\/wp-content\/uploads\/2020\/11\/080AAA.png","contentUrl":"https:\/\/uniest.it\/wp-content\/uploads\/2020\/11\/080AAA.png","width":1283,"height":2000},{"@type":"BreadcrumbList","@id":"https:\/\/uniest.it\/prodotto\/maschera-lenitiva\/#breadcrumb","itemListElement":[{"@type":"ListItem","position":1,"name":"Home","item":"https:\/\/uniest.it\/fr\/"},{"@type":"ListItem","position":2,"name":"Shop","item":"https:\/\/uniest.it\/shop\/"},{"@type":"ListItem","position":3,"name":"Masque apaisant"}]},{"@type":"WebSite","@id":"https:\/\/uniest.it\/#website","url":"https:\/\/uniest.it\/","name":"Uniest","description":"Cosmetici Naturali e Bio","potentialAction":[{"@type":"SearchAction","target":{"@type":"EntryPoint","urlTemplate":"https:\/\/uniest.it\/?s={search_term_string}"},"query-input":{"@type":"PropertyValueSpecification","valueRequired":true,"valueName":"search_term_string"}}],"inLanguage":"fr-FR"}]}},"_links":{"self":[{"href":"https:\/\/uniest.it\/fr\/wp-json\/wp\/v2\/product\/5736","targetHints":{"allow":["GET"]}}],"collection":[{"href":"https:\/\/uniest.it\/fr\/wp-json\/wp\/v2\/product"}],"about":[{"href":"https:\/\/uniest.it\/fr\/wp-json\/wp\/v2\/types\/product"}],"wp:featuredmedia":[{"embeddable":true,"href":"https:\/\/uniest.it\/fr\/wp-json\/wp\/v2\/media\/5737"}],"wp:attachment":[{"href":"https:\/\/uniest.it\/fr\/wp-json\/wp\/v2\/media?parent=5736"}],"wp:term":[{"taxonomy":"product_brand","embeddable":true,"href":"https:\/\/uniest.it\/fr\/wp-json\/wp\/v2\/product_brand?post=5736"},{"taxonomy":"product_cat","embeddable":true,"href":"https:\/\/uniest.it\/fr\/wp-json\/wp\/v2\/product_cat?post=5736"},{"taxonomy":"product_tag","embeddable":true,"href":"https:\/\/uniest.it\/fr\/wp-json\/wp\/v2\/product_tag?post=5736"}],"curies":[{"name":"wp","href":"https:\/\/api.w.org\/{rel}","templated":true}]}}