{"id":5740,"date":"2024-10-23T15:42:43","date_gmt":"2024-10-23T14:42:43","guid":{"rendered":"https:\/\/uniest.it\/prodotto\/biogouttes-anti-rides\/"},"modified":"2024-10-23T16:30:05","modified_gmt":"2024-10-23T15:30:05","slug":"biogouttes-anti-rides","status":"publish","type":"product","link":"https:\/\/uniest.it\/fr\/prodotto\/biogouttes-anti-rides\/","title":{"rendered":"Biogouttes anti-rides"},"content":{"rendered":"<p>Biogocce Anti-Rides : enti\u00e8rement d&rsquo;origine v\u00e9g\u00e9tale et de par ses propri\u00e9t\u00e9s hydratantes, ce s\u00e9rum lisse, raffermit et redonne une nouvelle jeunesse au visage. Ce complexe d&rsquo;actifs d&rsquo;origine v\u00e9g\u00e9tale contenu dans des extraits de Gen\u00e9vrier, de Sauge et de Tilleul et dans des huiles essentielles d&rsquo;Eucalyptus et de M\u00e9lisse. Il est capable de r\u00e9tablir un parfait \u00e9quilibre hydrique et de prot\u00e9ger la peau, \u00e0 la fois en neutralisant les agressions ext\u00e9rieures et en renfor\u00e7ant les d\u00e9fenses naturelles, et constitue \u00e9galement une excellente base de maquillage. S\u00e9rum doux au toucher, l\u00e9ger et donc facile et imm\u00e9diat \u00e0 absorber, ce produit laisse la peau fra\u00eeche, agr\u00e9ablement hydrat\u00e9e et visiblement plus jeune. Ajouter du s\u00e9rum aux produits que vous utilisez pour vos soins quotidiens peut donc faire une diff\u00e9rence sur votre bien-\u00eatre et surtout sur votre beaut\u00e9 !<\/p>\n","protected":false},"excerpt":{"rendered":"<p>Biogocce Anti-Rides : enti\u00e8rement d&rsquo;origine v\u00e9g\u00e9tale et de par ses propri\u00e9t\u00e9s hydratantes, ce s\u00e9rum lisse, raffermit et redonne une nouvelle jeunesse au visage. Ce complexe d&rsquo;actifs d&rsquo;origine v\u00e9g\u00e9tale contenu dans des extraits de Gen\u00e9vrier, de Sauge et de Tilleul et dans des huiles essentielles d&rsquo;Eucalyptus et de M\u00e9lisse. Il est capable de r\u00e9tablir un parfait [&hellip;]<\/p>\n","protected":false},"featured_media":5741,"template":"","meta":{"_acf_changed":false,"inline_featured_image":false},"product_brand":[],"product_cat":[1383],"product_tag":[],"class_list":{"0":"post-5740","1":"product","2":"type-product","3":"status-publish","4":"has-post-thumbnail","6":"product_beauty-antirughe","7":"product_beauty-idratare","8":"product_beauty-nutrire-e-rigenerare","9":"product_beauty-rassodare-e-tonificare","10":"product_skin-pelli-giovani-e-prime-rughe","11":"product_skin-pelli-mature-e-rughe","12":"product_kind-tonici-e-lozioni-viso","13":"product_lines-antirughe","14":"product_cat-viso-fr","15":"pa_size-50-fr","17":"first","18":"outofstock","19":"taxable","20":"shipping-taxable","21":"purchasable","22":"product-type-simple"},"acf":[],"yoast_head":"<!-- This site is optimized with the Yoast SEO plugin v24.6 - https:\/\/yoast.com\/wordpress\/plugins\/seo\/ -->\n<title>Biogouttes anti-rides - Uniest<\/title>\n<meta name=\"robots\" content=\"index, follow, max-snippet:-1, max-image-preview:large, max-video-preview:-1\" \/>\n<link rel=\"canonical\" href=\"https:\/\/uniest.it\/prodotto\/biogocce-antirughe\/\" \/>\n<meta property=\"og:locale\" content=\"fr_FR\" \/>\n<meta property=\"og:type\" content=\"article\" \/>\n<meta property=\"og:title\" content=\"Biogouttes anti-rides - Uniest\" \/>\n<meta property=\"og:description\" content=\"Biogocce Anti-Rides : enti\u00e8rement d&rsquo;origine v\u00e9g\u00e9tale et de par ses propri\u00e9t\u00e9s hydratantes, ce s\u00e9rum lisse, raffermit et redonne une nouvelle jeunesse au visage. Ce complexe d&rsquo;actifs d&rsquo;origine v\u00e9g\u00e9tale contenu dans des extraits de Gen\u00e9vrier, de Sauge et de Tilleul et dans des huiles essentielles d&rsquo;Eucalyptus et de M\u00e9lisse. Il est capable de r\u00e9tablir un parfait [&hellip;]\" \/>\n<meta property=\"og:url\" content=\"https:\/\/uniest.it\/prodotto\/biogocce-antirughe\/\" \/>\n<meta property=\"og:site_name\" content=\"Uniest\" \/>\n<meta property=\"article:modified_time\" content=\"2024-10-23T15:30:05+00:00\" \/>\n<meta property=\"og:image\" content=\"https:\/\/uniest.it\/wp-content\/uploads\/2020\/11\/084AAE.png\" \/>\n\t<meta property=\"og:image:width\" content=\"1283\" \/>\n\t<meta property=\"og:image:height\" content=\"2000\" \/>\n\t<meta property=\"og:image:type\" content=\"image\/png\" \/>\n<meta name=\"twitter:card\" content=\"summary_large_image\" \/>\n<meta name=\"twitter:label1\" content=\"Dur\u00e9e de lecture estim\u00e9e\" \/>\n\t<meta name=\"twitter:data1\" content=\"1 minute\" \/>\n<script type=\"application\/ld+json\" class=\"yoast-schema-graph\">{\"@context\":\"https:\/\/schema.org\",\"@graph\":[{\"@type\":\"WebPage\",\"@id\":\"https:\/\/uniest.it\/prodotto\/biogocce-antirughe\/\",\"url\":\"https:\/\/uniest.it\/prodotto\/biogocce-antirughe\/\",\"name\":\"Biogouttes anti-rides - Uniest\",\"isPartOf\":{\"@id\":\"https:\/\/uniest.it\/#website\"},\"primaryImageOfPage\":{\"@id\":\"https:\/\/uniest.it\/prodotto\/biogocce-antirughe\/#primaryimage\"},\"image\":{\"@id\":\"https:\/\/uniest.it\/prodotto\/biogocce-antirughe\/#primaryimage\"},\"thumbnailUrl\":\"https:\/\/uniest.it\/wp-content\/uploads\/2020\/11\/084AAE.png\",\"datePublished\":\"2024-10-23T14:42:43+00:00\",\"dateModified\":\"2024-10-23T15:30:05+00:00\",\"breadcrumb\":{\"@id\":\"https:\/\/uniest.it\/prodotto\/biogocce-antirughe\/#breadcrumb\"},\"inLanguage\":\"fr-FR\",\"potentialAction\":[{\"@type\":\"ReadAction\",\"target\":[\"https:\/\/uniest.it\/prodotto\/biogocce-antirughe\/\"]}]},{\"@type\":\"ImageObject\",\"inLanguage\":\"fr-FR\",\"@id\":\"https:\/\/uniest.it\/prodotto\/biogocce-antirughe\/#primaryimage\",\"url\":\"https:\/\/uniest.it\/wp-content\/uploads\/2020\/11\/084AAE.png\",\"contentUrl\":\"https:\/\/uniest.it\/wp-content\/uploads\/2020\/11\/084AAE.png\",\"width\":1283,\"height\":2000},{\"@type\":\"BreadcrumbList\",\"@id\":\"https:\/\/uniest.it\/prodotto\/biogocce-antirughe\/#breadcrumb\",\"itemListElement\":[{\"@type\":\"ListItem\",\"position\":1,\"name\":\"Home\",\"item\":\"https:\/\/uniest.it\/fr\/\"},{\"@type\":\"ListItem\",\"position\":2,\"name\":\"Shop\",\"item\":\"https:\/\/uniest.it\/shop\/\"},{\"@type\":\"ListItem\",\"position\":3,\"name\":\"Biogouttes anti-rides\"}]},{\"@type\":\"WebSite\",\"@id\":\"https:\/\/uniest.it\/#website\",\"url\":\"https:\/\/uniest.it\/\",\"name\":\"Uniest\",\"description\":\"Cosmetici Naturali e Bio\",\"potentialAction\":[{\"@type\":\"SearchAction\",\"target\":{\"@type\":\"EntryPoint\",\"urlTemplate\":\"https:\/\/uniest.it\/?s={search_term_string}\"},\"query-input\":{\"@type\":\"PropertyValueSpecification\",\"valueRequired\":true,\"valueName\":\"search_term_string\"}}],\"inLanguage\":\"fr-FR\"}]}<\/script>\n<!-- \/ Yoast SEO plugin. -->","yoast_head_json":{"title":"Biogouttes anti-rides - Uniest","robots":{"index":"index","follow":"follow","max-snippet":"max-snippet:-1","max-image-preview":"max-image-preview:large","max-video-preview":"max-video-preview:-1"},"canonical":"https:\/\/uniest.it\/prodotto\/biogocce-antirughe\/","og_locale":"fr_FR","og_type":"article","og_title":"Biogouttes anti-rides - Uniest","og_description":"Biogocce Anti-Rides : enti\u00e8rement d&rsquo;origine v\u00e9g\u00e9tale et de par ses propri\u00e9t\u00e9s hydratantes, ce s\u00e9rum lisse, raffermit et redonne une nouvelle jeunesse au visage. Ce complexe d&rsquo;actifs d&rsquo;origine v\u00e9g\u00e9tale contenu dans des extraits de Gen\u00e9vrier, de Sauge et de Tilleul et dans des huiles essentielles d&rsquo;Eucalyptus et de M\u00e9lisse. Il est capable de r\u00e9tablir un parfait [&hellip;]","og_url":"https:\/\/uniest.it\/prodotto\/biogocce-antirughe\/","og_site_name":"Uniest","article_modified_time":"2024-10-23T15:30:05+00:00","og_image":[{"width":1283,"height":2000,"url":"https:\/\/uniest.it\/wp-content\/uploads\/2020\/11\/084AAE.png","type":"image\/png"}],"twitter_card":"summary_large_image","twitter_misc":{"Dur\u00e9e de lecture estim\u00e9e":"1 minute"},"schema":{"@context":"https:\/\/schema.org","@graph":[{"@type":"WebPage","@id":"https:\/\/uniest.it\/prodotto\/biogocce-antirughe\/","url":"https:\/\/uniest.it\/prodotto\/biogocce-antirughe\/","name":"Biogouttes anti-rides - Uniest","isPartOf":{"@id":"https:\/\/uniest.it\/#website"},"primaryImageOfPage":{"@id":"https:\/\/uniest.it\/prodotto\/biogocce-antirughe\/#primaryimage"},"image":{"@id":"https:\/\/uniest.it\/prodotto\/biogocce-antirughe\/#primaryimage"},"thumbnailUrl":"https:\/\/uniest.it\/wp-content\/uploads\/2020\/11\/084AAE.png","datePublished":"2024-10-23T14:42:43+00:00","dateModified":"2024-10-23T15:30:05+00:00","breadcrumb":{"@id":"https:\/\/uniest.it\/prodotto\/biogocce-antirughe\/#breadcrumb"},"inLanguage":"fr-FR","potentialAction":[{"@type":"ReadAction","target":["https:\/\/uniest.it\/prodotto\/biogocce-antirughe\/"]}]},{"@type":"ImageObject","inLanguage":"fr-FR","@id":"https:\/\/uniest.it\/prodotto\/biogocce-antirughe\/#primaryimage","url":"https:\/\/uniest.it\/wp-content\/uploads\/2020\/11\/084AAE.png","contentUrl":"https:\/\/uniest.it\/wp-content\/uploads\/2020\/11\/084AAE.png","width":1283,"height":2000},{"@type":"BreadcrumbList","@id":"https:\/\/uniest.it\/prodotto\/biogocce-antirughe\/#breadcrumb","itemListElement":[{"@type":"ListItem","position":1,"name":"Home","item":"https:\/\/uniest.it\/fr\/"},{"@type":"ListItem","position":2,"name":"Shop","item":"https:\/\/uniest.it\/shop\/"},{"@type":"ListItem","position":3,"name":"Biogouttes anti-rides"}]},{"@type":"WebSite","@id":"https:\/\/uniest.it\/#website","url":"https:\/\/uniest.it\/","name":"Uniest","description":"Cosmetici Naturali e Bio","potentialAction":[{"@type":"SearchAction","target":{"@type":"EntryPoint","urlTemplate":"https:\/\/uniest.it\/?s={search_term_string}"},"query-input":{"@type":"PropertyValueSpecification","valueRequired":true,"valueName":"search_term_string"}}],"inLanguage":"fr-FR"}]}},"_links":{"self":[{"href":"https:\/\/uniest.it\/fr\/wp-json\/wp\/v2\/product\/5740","targetHints":{"allow":["GET"]}}],"collection":[{"href":"https:\/\/uniest.it\/fr\/wp-json\/wp\/v2\/product"}],"about":[{"href":"https:\/\/uniest.it\/fr\/wp-json\/wp\/v2\/types\/product"}],"wp:featuredmedia":[{"embeddable":true,"href":"https:\/\/uniest.it\/fr\/wp-json\/wp\/v2\/media\/5741"}],"wp:attachment":[{"href":"https:\/\/uniest.it\/fr\/wp-json\/wp\/v2\/media?parent=5740"}],"wp:term":[{"taxonomy":"product_brand","embeddable":true,"href":"https:\/\/uniest.it\/fr\/wp-json\/wp\/v2\/product_brand?post=5740"},{"taxonomy":"product_cat","embeddable":true,"href":"https:\/\/uniest.it\/fr\/wp-json\/wp\/v2\/product_cat?post=5740"},{"taxonomy":"product_tag","embeddable":true,"href":"https:\/\/uniest.it\/fr\/wp-json\/wp\/v2\/product_tag?post=5740"}],"curies":[{"name":"wp","href":"https:\/\/api.w.org\/{rel}","templated":true}]}}