{"id":5742,"date":"2024-10-23T15:42:43","date_gmt":"2024-10-23T14:42:43","guid":{"rendered":"https:\/\/uniest.it\/prodotto\/lotion-apaisante\/"},"modified":"2024-10-23T16:30:06","modified_gmt":"2024-10-23T15:30:06","slug":"lotion-apaisante","status":"publish","type":"product","link":"https:\/\/uniest.it\/fr\/prodotto\/lotion-apaisante\/","title":{"rendered":"Lotion apaisante"},"content":{"rendered":"<p>Lotion Pr\u00e9\/Post Apaisante SANS ALCOOL Produit naturel qui enveloppera vos cheveux d&rsquo;un doux nuage de fra\u00eecheur et d&rsquo;un d\u00e9licat parfum d&rsquo;huile essentielle de Lavande. Dans sa riche formulation naturelle de ce produit on retrouve de nombreuses substances v\u00e9g\u00e9tales dont l&rsquo;odeur caract\u00e9ristique sera donc d\u00e9sagr\u00e9able pour les poux et les insectes. La pr\u00e9cieuse huile d&rsquo;arbre \u00e0 th\u00e9 associ\u00e9e \u00e0 l&rsquo;huile d&rsquo;Andiroba exerce une action protectrice bienfaisante, apaisant le cuir chevelu tout en respectant les cheveux, les prot\u00e9geant des \u00e9ventuelles agressions.<\/p>\n","protected":false},"excerpt":{"rendered":"<p>Lotion Pr\u00e9\/Post Apaisante SANS ALCOOL Produit naturel qui enveloppera vos cheveux d&rsquo;un doux nuage de fra\u00eecheur et d&rsquo;un d\u00e9licat parfum d&rsquo;huile essentielle de Lavande. Dans sa riche formulation naturelle de ce produit on retrouve de nombreuses substances v\u00e9g\u00e9tales dont l&rsquo;odeur caract\u00e9ristique sera donc d\u00e9sagr\u00e9able pour les poux et les insectes. La pr\u00e9cieuse huile d&rsquo;arbre \u00e0 [&hellip;]<\/p>\n","protected":false},"featured_media":5743,"template":"","meta":{"_acf_changed":false,"inline_featured_image":false},"product_brand":[],"product_cat":[1378],"product_tag":[],"class_list":{"0":"post-5742","1":"product","2":"type-product","3":"status-publish","4":"has-post-thumbnail","6":"product_beauty-idratare","7":"product_beauty-lenire","8":"product_beauty-proteggere","9":"product_skin-tutti-i-capelli","10":"product_kind-lozioni-capelli","11":"product_kind-lozioni-idratanti","12":"product_kind-lozioni-lenitive","13":"product_kind-lozioni-pidocchi","14":"product_kind-lozioni-repellenti","15":"product_kind-trattamenti-speciali","16":"product_lines-baby-mamy","17":"product_cat-famiglia-e-pet-fr","18":"pa_size-125-fr","20":"first","21":"instock","22":"taxable","23":"shipping-taxable","24":"purchasable","25":"product-type-simple"},"acf":[],"yoast_head":"<!-- This site is optimized with the Yoast SEO plugin v24.6 - https:\/\/yoast.com\/wordpress\/plugins\/seo\/ -->\n<title>Lotion apaisante - Uniest<\/title>\n<meta name=\"robots\" content=\"index, follow, max-snippet:-1, max-image-preview:large, max-video-preview:-1\" \/>\n<link rel=\"canonical\" href=\"https:\/\/uniest.it\/prodotto\/lozione-lenitiva\/\" \/>\n<meta property=\"og:locale\" content=\"fr_FR\" \/>\n<meta property=\"og:type\" content=\"article\" \/>\n<meta property=\"og:title\" content=\"Lotion apaisante - Uniest\" \/>\n<meta property=\"og:description\" content=\"Lotion Pr\u00e9\/Post Apaisante SANS ALCOOL Produit naturel qui enveloppera vos cheveux d&rsquo;un doux nuage de fra\u00eecheur et d&rsquo;un d\u00e9licat parfum d&rsquo;huile essentielle de Lavande. Dans sa riche formulation naturelle de ce produit on retrouve de nombreuses substances v\u00e9g\u00e9tales dont l&rsquo;odeur caract\u00e9ristique sera donc d\u00e9sagr\u00e9able pour les poux et les insectes. La pr\u00e9cieuse huile d&rsquo;arbre \u00e0 [&hellip;]\" \/>\n<meta property=\"og:url\" content=\"https:\/\/uniest.it\/prodotto\/lozione-lenitiva\/\" \/>\n<meta property=\"og:site_name\" content=\"Uniest\" \/>\n<meta property=\"article:modified_time\" content=\"2024-10-23T15:30:06+00:00\" \/>\n<meta property=\"og:image\" content=\"https:\/\/uniest.it\/wp-content\/uploads\/2020\/11\/090AAA.png\" \/>\n\t<meta property=\"og:image:width\" content=\"1283\" \/>\n\t<meta property=\"og:image:height\" content=\"2000\" \/>\n\t<meta property=\"og:image:type\" content=\"image\/png\" \/>\n<meta name=\"twitter:card\" content=\"summary_large_image\" \/>\n<script type=\"application\/ld+json\" class=\"yoast-schema-graph\">{\"@context\":\"https:\/\/schema.org\",\"@graph\":[{\"@type\":\"WebPage\",\"@id\":\"https:\/\/uniest.it\/prodotto\/lozione-lenitiva\/\",\"url\":\"https:\/\/uniest.it\/prodotto\/lozione-lenitiva\/\",\"name\":\"Lotion apaisante - Uniest\",\"isPartOf\":{\"@id\":\"https:\/\/uniest.it\/#website\"},\"primaryImageOfPage\":{\"@id\":\"https:\/\/uniest.it\/prodotto\/lozione-lenitiva\/#primaryimage\"},\"image\":{\"@id\":\"https:\/\/uniest.it\/prodotto\/lozione-lenitiva\/#primaryimage\"},\"thumbnailUrl\":\"https:\/\/uniest.it\/wp-content\/uploads\/2020\/11\/090AAA.png\",\"datePublished\":\"2024-10-23T14:42:43+00:00\",\"dateModified\":\"2024-10-23T15:30:06+00:00\",\"breadcrumb\":{\"@id\":\"https:\/\/uniest.it\/prodotto\/lozione-lenitiva\/#breadcrumb\"},\"inLanguage\":\"fr-FR\",\"potentialAction\":[{\"@type\":\"ReadAction\",\"target\":[\"https:\/\/uniest.it\/prodotto\/lozione-lenitiva\/\"]}]},{\"@type\":\"ImageObject\",\"inLanguage\":\"fr-FR\",\"@id\":\"https:\/\/uniest.it\/prodotto\/lozione-lenitiva\/#primaryimage\",\"url\":\"https:\/\/uniest.it\/wp-content\/uploads\/2020\/11\/090AAA.png\",\"contentUrl\":\"https:\/\/uniest.it\/wp-content\/uploads\/2020\/11\/090AAA.png\",\"width\":1283,\"height\":2000},{\"@type\":\"BreadcrumbList\",\"@id\":\"https:\/\/uniest.it\/prodotto\/lozione-lenitiva\/#breadcrumb\",\"itemListElement\":[{\"@type\":\"ListItem\",\"position\":1,\"name\":\"Home\",\"item\":\"https:\/\/uniest.it\/fr\/\"},{\"@type\":\"ListItem\",\"position\":2,\"name\":\"Shop\",\"item\":\"https:\/\/uniest.it\/shop\/\"},{\"@type\":\"ListItem\",\"position\":3,\"name\":\"Lotion apaisante\"}]},{\"@type\":\"WebSite\",\"@id\":\"https:\/\/uniest.it\/#website\",\"url\":\"https:\/\/uniest.it\/\",\"name\":\"Uniest\",\"description\":\"Cosmetici Naturali e Bio\",\"potentialAction\":[{\"@type\":\"SearchAction\",\"target\":{\"@type\":\"EntryPoint\",\"urlTemplate\":\"https:\/\/uniest.it\/?s={search_term_string}\"},\"query-input\":{\"@type\":\"PropertyValueSpecification\",\"valueRequired\":true,\"valueName\":\"search_term_string\"}}],\"inLanguage\":\"fr-FR\"}]}<\/script>\n<!-- \/ Yoast SEO plugin. -->","yoast_head_json":{"title":"Lotion apaisante - Uniest","robots":{"index":"index","follow":"follow","max-snippet":"max-snippet:-1","max-image-preview":"max-image-preview:large","max-video-preview":"max-video-preview:-1"},"canonical":"https:\/\/uniest.it\/prodotto\/lozione-lenitiva\/","og_locale":"fr_FR","og_type":"article","og_title":"Lotion apaisante - Uniest","og_description":"Lotion Pr\u00e9\/Post Apaisante SANS ALCOOL Produit naturel qui enveloppera vos cheveux d&rsquo;un doux nuage de fra\u00eecheur et d&rsquo;un d\u00e9licat parfum d&rsquo;huile essentielle de Lavande. Dans sa riche formulation naturelle de ce produit on retrouve de nombreuses substances v\u00e9g\u00e9tales dont l&rsquo;odeur caract\u00e9ristique sera donc d\u00e9sagr\u00e9able pour les poux et les insectes. La pr\u00e9cieuse huile d&rsquo;arbre \u00e0 [&hellip;]","og_url":"https:\/\/uniest.it\/prodotto\/lozione-lenitiva\/","og_site_name":"Uniest","article_modified_time":"2024-10-23T15:30:06+00:00","og_image":[{"width":1283,"height":2000,"url":"https:\/\/uniest.it\/wp-content\/uploads\/2020\/11\/090AAA.png","type":"image\/png"}],"twitter_card":"summary_large_image","schema":{"@context":"https:\/\/schema.org","@graph":[{"@type":"WebPage","@id":"https:\/\/uniest.it\/prodotto\/lozione-lenitiva\/","url":"https:\/\/uniest.it\/prodotto\/lozione-lenitiva\/","name":"Lotion apaisante - Uniest","isPartOf":{"@id":"https:\/\/uniest.it\/#website"},"primaryImageOfPage":{"@id":"https:\/\/uniest.it\/prodotto\/lozione-lenitiva\/#primaryimage"},"image":{"@id":"https:\/\/uniest.it\/prodotto\/lozione-lenitiva\/#primaryimage"},"thumbnailUrl":"https:\/\/uniest.it\/wp-content\/uploads\/2020\/11\/090AAA.png","datePublished":"2024-10-23T14:42:43+00:00","dateModified":"2024-10-23T15:30:06+00:00","breadcrumb":{"@id":"https:\/\/uniest.it\/prodotto\/lozione-lenitiva\/#breadcrumb"},"inLanguage":"fr-FR","potentialAction":[{"@type":"ReadAction","target":["https:\/\/uniest.it\/prodotto\/lozione-lenitiva\/"]}]},{"@type":"ImageObject","inLanguage":"fr-FR","@id":"https:\/\/uniest.it\/prodotto\/lozione-lenitiva\/#primaryimage","url":"https:\/\/uniest.it\/wp-content\/uploads\/2020\/11\/090AAA.png","contentUrl":"https:\/\/uniest.it\/wp-content\/uploads\/2020\/11\/090AAA.png","width":1283,"height":2000},{"@type":"BreadcrumbList","@id":"https:\/\/uniest.it\/prodotto\/lozione-lenitiva\/#breadcrumb","itemListElement":[{"@type":"ListItem","position":1,"name":"Home","item":"https:\/\/uniest.it\/fr\/"},{"@type":"ListItem","position":2,"name":"Shop","item":"https:\/\/uniest.it\/shop\/"},{"@type":"ListItem","position":3,"name":"Lotion apaisante"}]},{"@type":"WebSite","@id":"https:\/\/uniest.it\/#website","url":"https:\/\/uniest.it\/","name":"Uniest","description":"Cosmetici Naturali e Bio","potentialAction":[{"@type":"SearchAction","target":{"@type":"EntryPoint","urlTemplate":"https:\/\/uniest.it\/?s={search_term_string}"},"query-input":{"@type":"PropertyValueSpecification","valueRequired":true,"valueName":"search_term_string"}}],"inLanguage":"fr-FR"}]}},"_links":{"self":[{"href":"https:\/\/uniest.it\/fr\/wp-json\/wp\/v2\/product\/5742","targetHints":{"allow":["GET"]}}],"collection":[{"href":"https:\/\/uniest.it\/fr\/wp-json\/wp\/v2\/product"}],"about":[{"href":"https:\/\/uniest.it\/fr\/wp-json\/wp\/v2\/types\/product"}],"wp:featuredmedia":[{"embeddable":true,"href":"https:\/\/uniest.it\/fr\/wp-json\/wp\/v2\/media\/5743"}],"wp:attachment":[{"href":"https:\/\/uniest.it\/fr\/wp-json\/wp\/v2\/media?parent=5742"}],"wp:term":[{"taxonomy":"product_brand","embeddable":true,"href":"https:\/\/uniest.it\/fr\/wp-json\/wp\/v2\/product_brand?post=5742"},{"taxonomy":"product_cat","embeddable":true,"href":"https:\/\/uniest.it\/fr\/wp-json\/wp\/v2\/product_cat?post=5742"},{"taxonomy":"product_tag","embeddable":true,"href":"https:\/\/uniest.it\/fr\/wp-json\/wp\/v2\/product_tag?post=5742"}],"curies":[{"name":"wp","href":"https:\/\/api.w.org\/{rel}","templated":true}]}}