{"id":5744,"date":"2024-10-23T15:42:44","date_gmt":"2024-10-23T14:42:44","guid":{"rendered":"https:\/\/uniest.it\/prodotto\/tonique-vegetal-drainant\/"},"modified":"2024-10-23T16:30:07","modified_gmt":"2024-10-23T15:30:07","slug":"tonique-vegetal-drainant","status":"publish","type":"product","link":"https:\/\/uniest.it\/fr\/prodotto\/tonique-vegetal-drainant\/","title":{"rendered":"Tonique V\u00e9g\u00e9tal Drainant"},"content":{"rendered":"<p>*Il est possible que l&#8217;emballage diff\u00e8re de la photographie. Tonique v\u00e9g\u00e9tal d\u00e9fluent : utiliser le tonique, c&rsquo;est nettoyer la peau encore plus en profondeur apr\u00e8s le nettoyage habituel. \u00c9limine les impuret\u00e9s r\u00e9siduelles (s\u00e9bum, maquillage, cellules mortes), les r\u00e9sidus de maquillage (lait d\u00e9maquillant, huiles ou savons) qui restent sur le visage et obstruent les pores de la peau. Utiliser du tonique, c&rsquo;est donc compl\u00e9ter et perfectionner l&rsquo;action du d\u00e9maquillant, car il lib\u00e8re d\u00e9finitivement la peau, lui permettant de respirer. C&rsquo;est une synergie de 7 extraits dont le Calendula Bio, l&rsquo;Hamam\u00e9lis Bio, la Myrtille, l&rsquo;\u00c9glantier, le Millepertuis, la Camomille et la Mauve Bio et de 3 huiles essentielles de Sauge, Menthol et Confora. Ces extraits naturels, associ\u00e9s au pouvoir hydratant du Sorbitol, ont une action d\u00e9congestionnante, apaisante et anti-inflammatoire, am\u00e9liorant consid\u00e9rablement notre peau. De plus, sa formule sp\u00e9ciale favorise la perm\u00e9abilit\u00e9 de la barri\u00e8re cutan\u00e9e, facilitant la p\u00e9n\u00e9tration des pr\u00e9cieux principes actifs contenus dans le tonique et dans les cr\u00e8mes appliqu\u00e9es ult\u00e9rieurement.<\/p>\n","protected":false},"excerpt":{"rendered":"<p>*Il est possible que l&#8217;emballage diff\u00e8re de la photographie. Tonique v\u00e9g\u00e9tal d\u00e9fluent : utiliser le tonique, c&rsquo;est nettoyer la peau encore plus en profondeur apr\u00e8s le nettoyage habituel. \u00c9limine les impuret\u00e9s r\u00e9siduelles (s\u00e9bum, maquillage, cellules mortes), les r\u00e9sidus de maquillage (lait d\u00e9maquillant, huiles ou savons) qui restent sur le visage et obstruent les pores de [&hellip;]<\/p>\n","protected":false},"featured_media":5745,"template":"","meta":{"_acf_changed":false,"inline_featured_image":false},"product_brand":[],"product_cat":[1383],"product_tag":[],"class_list":{"0":"post-5744","1":"product","2":"type-product","3":"status-publish","4":"has-post-thumbnail","6":"product_beauty-detox-e-dren","7":"product_beauty-idratare","8":"product_beauty-lenire","9":"product_beauty-purificare","10":"product_skin-pelli-delicate-e-sensibili","11":"product_skin-pelli-giovani-e-prime-rughe","12":"product_kind-tonici-e-lozioni-viso","13":"product_lines-pelli-delicate-e-sensibili","14":"product_cat-viso-fr","15":"pa_size-200-fr","17":"first","18":"instock","19":"taxable","20":"shipping-taxable","21":"purchasable","22":"product-type-simple"},"acf":[],"yoast_head":"<!-- This site is optimized with the Yoast SEO plugin v24.6 - https:\/\/yoast.com\/wordpress\/plugins\/seo\/ -->\n<title>Tonique V\u00e9g\u00e9tal Drainant - Uniest<\/title>\n<meta name=\"robots\" content=\"index, follow, max-snippet:-1, max-image-preview:large, max-video-preview:-1\" \/>\n<link rel=\"canonical\" href=\"https:\/\/uniest.it\/prodotto\/tonico-vegetale-defluente\/\" \/>\n<meta property=\"og:locale\" content=\"fr_FR\" \/>\n<meta property=\"og:type\" content=\"article\" \/>\n<meta property=\"og:title\" content=\"Tonique V\u00e9g\u00e9tal Drainant - Uniest\" \/>\n<meta property=\"og:description\" content=\"*Il est possible que l&#8217;emballage diff\u00e8re de la photographie. Tonique v\u00e9g\u00e9tal d\u00e9fluent : utiliser le tonique, c&rsquo;est nettoyer la peau encore plus en profondeur apr\u00e8s le nettoyage habituel. \u00c9limine les impuret\u00e9s r\u00e9siduelles (s\u00e9bum, maquillage, cellules mortes), les r\u00e9sidus de maquillage (lait d\u00e9maquillant, huiles ou savons) qui restent sur le visage et obstruent les pores de [&hellip;]\" \/>\n<meta property=\"og:url\" content=\"https:\/\/uniest.it\/prodotto\/tonico-vegetale-defluente\/\" \/>\n<meta property=\"og:site_name\" content=\"Uniest\" \/>\n<meta property=\"article:modified_time\" content=\"2024-10-23T15:30:07+00:00\" \/>\n<meta property=\"og:image\" content=\"https:\/\/uniest.it\/wp-content\/uploads\/2020\/11\/090AAE.png\" \/>\n\t<meta property=\"og:image:width\" content=\"1283\" \/>\n\t<meta property=\"og:image:height\" content=\"2001\" \/>\n\t<meta property=\"og:image:type\" content=\"image\/png\" \/>\n<meta name=\"twitter:card\" content=\"summary_large_image\" \/>\n<meta name=\"twitter:label1\" content=\"Dur\u00e9e de lecture estim\u00e9e\" \/>\n\t<meta name=\"twitter:data1\" content=\"1 minute\" \/>\n<script type=\"application\/ld+json\" class=\"yoast-schema-graph\">{\"@context\":\"https:\/\/schema.org\",\"@graph\":[{\"@type\":\"WebPage\",\"@id\":\"https:\/\/uniest.it\/prodotto\/tonico-vegetale-defluente\/\",\"url\":\"https:\/\/uniest.it\/prodotto\/tonico-vegetale-defluente\/\",\"name\":\"Tonique V\u00e9g\u00e9tal Drainant - Uniest\",\"isPartOf\":{\"@id\":\"https:\/\/uniest.it\/#website\"},\"primaryImageOfPage\":{\"@id\":\"https:\/\/uniest.it\/prodotto\/tonico-vegetale-defluente\/#primaryimage\"},\"image\":{\"@id\":\"https:\/\/uniest.it\/prodotto\/tonico-vegetale-defluente\/#primaryimage\"},\"thumbnailUrl\":\"https:\/\/uniest.it\/wp-content\/uploads\/2020\/11\/090AAE.png\",\"datePublished\":\"2024-10-23T14:42:44+00:00\",\"dateModified\":\"2024-10-23T15:30:07+00:00\",\"breadcrumb\":{\"@id\":\"https:\/\/uniest.it\/prodotto\/tonico-vegetale-defluente\/#breadcrumb\"},\"inLanguage\":\"fr-FR\",\"potentialAction\":[{\"@type\":\"ReadAction\",\"target\":[\"https:\/\/uniest.it\/prodotto\/tonico-vegetale-defluente\/\"]}]},{\"@type\":\"ImageObject\",\"inLanguage\":\"fr-FR\",\"@id\":\"https:\/\/uniest.it\/prodotto\/tonico-vegetale-defluente\/#primaryimage\",\"url\":\"https:\/\/uniest.it\/wp-content\/uploads\/2020\/11\/090AAE.png\",\"contentUrl\":\"https:\/\/uniest.it\/wp-content\/uploads\/2020\/11\/090AAE.png\",\"width\":1283,\"height\":2001},{\"@type\":\"BreadcrumbList\",\"@id\":\"https:\/\/uniest.it\/prodotto\/tonico-vegetale-defluente\/#breadcrumb\",\"itemListElement\":[{\"@type\":\"ListItem\",\"position\":1,\"name\":\"Home\",\"item\":\"https:\/\/uniest.it\/fr\/\"},{\"@type\":\"ListItem\",\"position\":2,\"name\":\"Shop\",\"item\":\"https:\/\/uniest.it\/shop\/\"},{\"@type\":\"ListItem\",\"position\":3,\"name\":\"Tonique V\u00e9g\u00e9tal Drainant\"}]},{\"@type\":\"WebSite\",\"@id\":\"https:\/\/uniest.it\/#website\",\"url\":\"https:\/\/uniest.it\/\",\"name\":\"Uniest\",\"description\":\"Cosmetici Naturali e Bio\",\"potentialAction\":[{\"@type\":\"SearchAction\",\"target\":{\"@type\":\"EntryPoint\",\"urlTemplate\":\"https:\/\/uniest.it\/?s={search_term_string}\"},\"query-input\":{\"@type\":\"PropertyValueSpecification\",\"valueRequired\":true,\"valueName\":\"search_term_string\"}}],\"inLanguage\":\"fr-FR\"}]}<\/script>\n<!-- \/ Yoast SEO plugin. -->","yoast_head_json":{"title":"Tonique V\u00e9g\u00e9tal Drainant - Uniest","robots":{"index":"index","follow":"follow","max-snippet":"max-snippet:-1","max-image-preview":"max-image-preview:large","max-video-preview":"max-video-preview:-1"},"canonical":"https:\/\/uniest.it\/prodotto\/tonico-vegetale-defluente\/","og_locale":"fr_FR","og_type":"article","og_title":"Tonique V\u00e9g\u00e9tal Drainant - Uniest","og_description":"*Il est possible que l&#8217;emballage diff\u00e8re de la photographie. Tonique v\u00e9g\u00e9tal d\u00e9fluent : utiliser le tonique, c&rsquo;est nettoyer la peau encore plus en profondeur apr\u00e8s le nettoyage habituel. \u00c9limine les impuret\u00e9s r\u00e9siduelles (s\u00e9bum, maquillage, cellules mortes), les r\u00e9sidus de maquillage (lait d\u00e9maquillant, huiles ou savons) qui restent sur le visage et obstruent les pores de [&hellip;]","og_url":"https:\/\/uniest.it\/prodotto\/tonico-vegetale-defluente\/","og_site_name":"Uniest","article_modified_time":"2024-10-23T15:30:07+00:00","og_image":[{"width":1283,"height":2001,"url":"https:\/\/uniest.it\/wp-content\/uploads\/2020\/11\/090AAE.png","type":"image\/png"}],"twitter_card":"summary_large_image","twitter_misc":{"Dur\u00e9e de lecture estim\u00e9e":"1 minute"},"schema":{"@context":"https:\/\/schema.org","@graph":[{"@type":"WebPage","@id":"https:\/\/uniest.it\/prodotto\/tonico-vegetale-defluente\/","url":"https:\/\/uniest.it\/prodotto\/tonico-vegetale-defluente\/","name":"Tonique V\u00e9g\u00e9tal Drainant - Uniest","isPartOf":{"@id":"https:\/\/uniest.it\/#website"},"primaryImageOfPage":{"@id":"https:\/\/uniest.it\/prodotto\/tonico-vegetale-defluente\/#primaryimage"},"image":{"@id":"https:\/\/uniest.it\/prodotto\/tonico-vegetale-defluente\/#primaryimage"},"thumbnailUrl":"https:\/\/uniest.it\/wp-content\/uploads\/2020\/11\/090AAE.png","datePublished":"2024-10-23T14:42:44+00:00","dateModified":"2024-10-23T15:30:07+00:00","breadcrumb":{"@id":"https:\/\/uniest.it\/prodotto\/tonico-vegetale-defluente\/#breadcrumb"},"inLanguage":"fr-FR","potentialAction":[{"@type":"ReadAction","target":["https:\/\/uniest.it\/prodotto\/tonico-vegetale-defluente\/"]}]},{"@type":"ImageObject","inLanguage":"fr-FR","@id":"https:\/\/uniest.it\/prodotto\/tonico-vegetale-defluente\/#primaryimage","url":"https:\/\/uniest.it\/wp-content\/uploads\/2020\/11\/090AAE.png","contentUrl":"https:\/\/uniest.it\/wp-content\/uploads\/2020\/11\/090AAE.png","width":1283,"height":2001},{"@type":"BreadcrumbList","@id":"https:\/\/uniest.it\/prodotto\/tonico-vegetale-defluente\/#breadcrumb","itemListElement":[{"@type":"ListItem","position":1,"name":"Home","item":"https:\/\/uniest.it\/fr\/"},{"@type":"ListItem","position":2,"name":"Shop","item":"https:\/\/uniest.it\/shop\/"},{"@type":"ListItem","position":3,"name":"Tonique V\u00e9g\u00e9tal Drainant"}]},{"@type":"WebSite","@id":"https:\/\/uniest.it\/#website","url":"https:\/\/uniest.it\/","name":"Uniest","description":"Cosmetici Naturali e Bio","potentialAction":[{"@type":"SearchAction","target":{"@type":"EntryPoint","urlTemplate":"https:\/\/uniest.it\/?s={search_term_string}"},"query-input":{"@type":"PropertyValueSpecification","valueRequired":true,"valueName":"search_term_string"}}],"inLanguage":"fr-FR"}]}},"_links":{"self":[{"href":"https:\/\/uniest.it\/fr\/wp-json\/wp\/v2\/product\/5744","targetHints":{"allow":["GET"]}}],"collection":[{"href":"https:\/\/uniest.it\/fr\/wp-json\/wp\/v2\/product"}],"about":[{"href":"https:\/\/uniest.it\/fr\/wp-json\/wp\/v2\/types\/product"}],"wp:featuredmedia":[{"embeddable":true,"href":"https:\/\/uniest.it\/fr\/wp-json\/wp\/v2\/media\/5745"}],"wp:attachment":[{"href":"https:\/\/uniest.it\/fr\/wp-json\/wp\/v2\/media?parent=5744"}],"wp:term":[{"taxonomy":"product_brand","embeddable":true,"href":"https:\/\/uniest.it\/fr\/wp-json\/wp\/v2\/product_brand?post=5744"},{"taxonomy":"product_cat","embeddable":true,"href":"https:\/\/uniest.it\/fr\/wp-json\/wp\/v2\/product_cat?post=5744"},{"taxonomy":"product_tag","embeddable":true,"href":"https:\/\/uniest.it\/fr\/wp-json\/wp\/v2\/product_tag?post=5744"}],"curies":[{"name":"wp","href":"https:\/\/api.w.org\/{rel}","templated":true}]}}