{"id":5746,"date":"2024-10-23T15:42:44","date_gmt":"2024-10-23T14:42:44","guid":{"rendered":"https:\/\/uniest.it\/prodotto\/creme-protectrice-et-nourrissante\/"},"modified":"2024-10-23T16:30:07","modified_gmt":"2024-10-23T15:30:07","slug":"creme-protectrice-et-nourrissante","status":"publish","type":"product","link":"https:\/\/uniest.it\/fr\/prodotto\/creme-protectrice-et-nourrissante\/","title":{"rendered":"Cr\u00e8me Protectrice et Nourrissante"},"content":{"rendered":"<p>Cr\u00e8me protectrice et nourrissante : c&rsquo;est une cr\u00e8me \u00e0 la texture cors\u00e9e et id\u00e9ale pour hydrater et prot\u00e9ger la peau pendant les saisons les plus froides (automne\/hiver). Il combat les irritations et la s\u00e9cheresse cutan\u00e9es, prot\u00e8ge les c\u00e9ramides physiologiques, aide \u00e0 restaurer la fonction barri\u00e8re de la peau et am\u00e9liore significativement son hydratation. Des substances naturelles telles que la l\u00e9cithine de soja, le sorbitol et le beurre de karit\u00e9 biologique favorisent la formation de collag\u00e8ne, augmentant ainsi le teint et l&rsquo;\u00e9lasticit\u00e9 de la peau. Tandis que les extraits v\u00e9g\u00e9taux de Mauve et de Calendula Bio qu&rsquo;il contient neutralisent les rougeurs et rafra\u00eechissent la peau, exer\u00e7ant une action \u00e9molliente et anti-rougeurs. Les pr\u00e9cieux actifs de Rose Musqu\u00e9e, d&rsquo;Achill\u00e9e millefeuille Bio et de Santal ont un effet apaisant et \u00e9claircissant et ceux de Cypr\u00e8s ont une action astringente.<\/p>\n","protected":false},"excerpt":{"rendered":"<p>Cr\u00e8me protectrice et nourrissante : c&rsquo;est une cr\u00e8me \u00e0 la texture cors\u00e9e et id\u00e9ale pour hydrater et prot\u00e9ger la peau pendant les saisons les plus froides (automne\/hiver). Il combat les irritations et la s\u00e9cheresse cutan\u00e9es, prot\u00e8ge les c\u00e9ramides physiologiques, aide \u00e0 restaurer la fonction barri\u00e8re de la peau et am\u00e9liore significativement son hydratation. Des substances [&hellip;]<\/p>\n","protected":false},"featured_media":5747,"template":"","meta":{"_acf_changed":false,"inline_featured_image":false},"product_brand":[],"product_cat":[1383],"product_tag":[],"class_list":{"0":"post-5746","1":"product","2":"type-product","3":"status-publish","4":"has-post-thumbnail","6":"product_beauty-idratare","7":"product_beauty-lenire","8":"product_beauty-nutrire-e-rigenerare","9":"product_beauty-proteggere","10":"product_beauty-rassodare-e-tonificare","11":"product_beauty-schiarire","12":"product_skin-pelli-delicate-e-sensibili","13":"product_skin-pelli-giovani-e-prime-rughe","14":"product_skin-pelli-grasse-e-miste","15":"product_skin-pelli-mature-e-rughe","16":"product_skin-pelli-secche-e-normali","17":"product_skin-tutte-le-pelli","18":"product_kind-creme-antieta-e-prime-rughe","19":"product_kind-creme-pelli-complesse","20":"product_kind-tutte-le-creme-viso","21":"product_lines-pelli-delicate-e-sensibili","22":"product_cat-viso-fr","23":"pa_size-50-fr","25":"first","26":"instock","27":"taxable","28":"shipping-taxable","29":"purchasable","30":"product-type-simple"},"acf":[],"yoast_head":"<!-- This site is optimized with the Yoast SEO plugin v24.6 - https:\/\/yoast.com\/wordpress\/plugins\/seo\/ -->\n<title>Cr\u00e8me Protectrice et Nourrissante - Uniest<\/title>\n<meta name=\"robots\" content=\"index, follow, max-snippet:-1, max-image-preview:large, max-video-preview:-1\" \/>\n<link rel=\"canonical\" href=\"https:\/\/uniest.it\/prodotto\/crema-protettiva-e-nutriente\/\" \/>\n<meta property=\"og:locale\" content=\"fr_FR\" \/>\n<meta property=\"og:type\" content=\"article\" \/>\n<meta property=\"og:title\" content=\"Cr\u00e8me Protectrice et Nourrissante - Uniest\" \/>\n<meta property=\"og:description\" content=\"Cr\u00e8me protectrice et nourrissante : c&rsquo;est une cr\u00e8me \u00e0 la texture cors\u00e9e et id\u00e9ale pour hydrater et prot\u00e9ger la peau pendant les saisons les plus froides (automne\/hiver). Il combat les irritations et la s\u00e9cheresse cutan\u00e9es, prot\u00e8ge les c\u00e9ramides physiologiques, aide \u00e0 restaurer la fonction barri\u00e8re de la peau et am\u00e9liore significativement son hydratation. Des substances [&hellip;]\" \/>\n<meta property=\"og:url\" content=\"https:\/\/uniest.it\/prodotto\/crema-protettiva-e-nutriente\/\" \/>\n<meta property=\"og:site_name\" content=\"Uniest\" \/>\n<meta property=\"article:modified_time\" content=\"2024-10-23T15:30:07+00:00\" \/>\n<meta property=\"og:image\" content=\"https:\/\/uniest.it\/wp-content\/uploads\/2020\/11\/093AAE.png\" \/>\n\t<meta property=\"og:image:width\" content=\"1283\" \/>\n\t<meta property=\"og:image:height\" content=\"2001\" \/>\n\t<meta property=\"og:image:type\" content=\"image\/png\" \/>\n<meta name=\"twitter:card\" content=\"summary_large_image\" \/>\n<meta name=\"twitter:label1\" content=\"Dur\u00e9e de lecture estim\u00e9e\" \/>\n\t<meta name=\"twitter:data1\" content=\"1 minute\" \/>\n<script type=\"application\/ld+json\" class=\"yoast-schema-graph\">{\"@context\":\"https:\/\/schema.org\",\"@graph\":[{\"@type\":\"WebPage\",\"@id\":\"https:\/\/uniest.it\/prodotto\/crema-protettiva-e-nutriente\/\",\"url\":\"https:\/\/uniest.it\/prodotto\/crema-protettiva-e-nutriente\/\",\"name\":\"Cr\u00e8me Protectrice et Nourrissante - Uniest\",\"isPartOf\":{\"@id\":\"https:\/\/uniest.it\/#website\"},\"primaryImageOfPage\":{\"@id\":\"https:\/\/uniest.it\/prodotto\/crema-protettiva-e-nutriente\/#primaryimage\"},\"image\":{\"@id\":\"https:\/\/uniest.it\/prodotto\/crema-protettiva-e-nutriente\/#primaryimage\"},\"thumbnailUrl\":\"https:\/\/uniest.it\/wp-content\/uploads\/2020\/11\/093AAE.png\",\"datePublished\":\"2024-10-23T14:42:44+00:00\",\"dateModified\":\"2024-10-23T15:30:07+00:00\",\"breadcrumb\":{\"@id\":\"https:\/\/uniest.it\/prodotto\/crema-protettiva-e-nutriente\/#breadcrumb\"},\"inLanguage\":\"fr-FR\",\"potentialAction\":[{\"@type\":\"ReadAction\",\"target\":[\"https:\/\/uniest.it\/prodotto\/crema-protettiva-e-nutriente\/\"]}]},{\"@type\":\"ImageObject\",\"inLanguage\":\"fr-FR\",\"@id\":\"https:\/\/uniest.it\/prodotto\/crema-protettiva-e-nutriente\/#primaryimage\",\"url\":\"https:\/\/uniest.it\/wp-content\/uploads\/2020\/11\/093AAE.png\",\"contentUrl\":\"https:\/\/uniest.it\/wp-content\/uploads\/2020\/11\/093AAE.png\",\"width\":1283,\"height\":2001},{\"@type\":\"BreadcrumbList\",\"@id\":\"https:\/\/uniest.it\/prodotto\/crema-protettiva-e-nutriente\/#breadcrumb\",\"itemListElement\":[{\"@type\":\"ListItem\",\"position\":1,\"name\":\"Home\",\"item\":\"https:\/\/uniest.it\/fr\/\"},{\"@type\":\"ListItem\",\"position\":2,\"name\":\"Shop\",\"item\":\"https:\/\/uniest.it\/shop\/\"},{\"@type\":\"ListItem\",\"position\":3,\"name\":\"Cr\u00e8me Protectrice et Nourrissante\"}]},{\"@type\":\"WebSite\",\"@id\":\"https:\/\/uniest.it\/#website\",\"url\":\"https:\/\/uniest.it\/\",\"name\":\"Uniest\",\"description\":\"Cosmetici Naturali e Bio\",\"potentialAction\":[{\"@type\":\"SearchAction\",\"target\":{\"@type\":\"EntryPoint\",\"urlTemplate\":\"https:\/\/uniest.it\/?s={search_term_string}\"},\"query-input\":{\"@type\":\"PropertyValueSpecification\",\"valueRequired\":true,\"valueName\":\"search_term_string\"}}],\"inLanguage\":\"fr-FR\"}]}<\/script>\n<!-- \/ Yoast SEO plugin. -->","yoast_head_json":{"title":"Cr\u00e8me Protectrice et Nourrissante - Uniest","robots":{"index":"index","follow":"follow","max-snippet":"max-snippet:-1","max-image-preview":"max-image-preview:large","max-video-preview":"max-video-preview:-1"},"canonical":"https:\/\/uniest.it\/prodotto\/crema-protettiva-e-nutriente\/","og_locale":"fr_FR","og_type":"article","og_title":"Cr\u00e8me Protectrice et Nourrissante - Uniest","og_description":"Cr\u00e8me protectrice et nourrissante : c&rsquo;est une cr\u00e8me \u00e0 la texture cors\u00e9e et id\u00e9ale pour hydrater et prot\u00e9ger la peau pendant les saisons les plus froides (automne\/hiver). Il combat les irritations et la s\u00e9cheresse cutan\u00e9es, prot\u00e8ge les c\u00e9ramides physiologiques, aide \u00e0 restaurer la fonction barri\u00e8re de la peau et am\u00e9liore significativement son hydratation. Des substances [&hellip;]","og_url":"https:\/\/uniest.it\/prodotto\/crema-protettiva-e-nutriente\/","og_site_name":"Uniest","article_modified_time":"2024-10-23T15:30:07+00:00","og_image":[{"width":1283,"height":2001,"url":"https:\/\/uniest.it\/wp-content\/uploads\/2020\/11\/093AAE.png","type":"image\/png"}],"twitter_card":"summary_large_image","twitter_misc":{"Dur\u00e9e de lecture estim\u00e9e":"1 minute"},"schema":{"@context":"https:\/\/schema.org","@graph":[{"@type":"WebPage","@id":"https:\/\/uniest.it\/prodotto\/crema-protettiva-e-nutriente\/","url":"https:\/\/uniest.it\/prodotto\/crema-protettiva-e-nutriente\/","name":"Cr\u00e8me Protectrice et Nourrissante - Uniest","isPartOf":{"@id":"https:\/\/uniest.it\/#website"},"primaryImageOfPage":{"@id":"https:\/\/uniest.it\/prodotto\/crema-protettiva-e-nutriente\/#primaryimage"},"image":{"@id":"https:\/\/uniest.it\/prodotto\/crema-protettiva-e-nutriente\/#primaryimage"},"thumbnailUrl":"https:\/\/uniest.it\/wp-content\/uploads\/2020\/11\/093AAE.png","datePublished":"2024-10-23T14:42:44+00:00","dateModified":"2024-10-23T15:30:07+00:00","breadcrumb":{"@id":"https:\/\/uniest.it\/prodotto\/crema-protettiva-e-nutriente\/#breadcrumb"},"inLanguage":"fr-FR","potentialAction":[{"@type":"ReadAction","target":["https:\/\/uniest.it\/prodotto\/crema-protettiva-e-nutriente\/"]}]},{"@type":"ImageObject","inLanguage":"fr-FR","@id":"https:\/\/uniest.it\/prodotto\/crema-protettiva-e-nutriente\/#primaryimage","url":"https:\/\/uniest.it\/wp-content\/uploads\/2020\/11\/093AAE.png","contentUrl":"https:\/\/uniest.it\/wp-content\/uploads\/2020\/11\/093AAE.png","width":1283,"height":2001},{"@type":"BreadcrumbList","@id":"https:\/\/uniest.it\/prodotto\/crema-protettiva-e-nutriente\/#breadcrumb","itemListElement":[{"@type":"ListItem","position":1,"name":"Home","item":"https:\/\/uniest.it\/fr\/"},{"@type":"ListItem","position":2,"name":"Shop","item":"https:\/\/uniest.it\/shop\/"},{"@type":"ListItem","position":3,"name":"Cr\u00e8me Protectrice et Nourrissante"}]},{"@type":"WebSite","@id":"https:\/\/uniest.it\/#website","url":"https:\/\/uniest.it\/","name":"Uniest","description":"Cosmetici Naturali e Bio","potentialAction":[{"@type":"SearchAction","target":{"@type":"EntryPoint","urlTemplate":"https:\/\/uniest.it\/?s={search_term_string}"},"query-input":{"@type":"PropertyValueSpecification","valueRequired":true,"valueName":"search_term_string"}}],"inLanguage":"fr-FR"}]}},"_links":{"self":[{"href":"https:\/\/uniest.it\/fr\/wp-json\/wp\/v2\/product\/5746","targetHints":{"allow":["GET"]}}],"collection":[{"href":"https:\/\/uniest.it\/fr\/wp-json\/wp\/v2\/product"}],"about":[{"href":"https:\/\/uniest.it\/fr\/wp-json\/wp\/v2\/types\/product"}],"wp:featuredmedia":[{"embeddable":true,"href":"https:\/\/uniest.it\/fr\/wp-json\/wp\/v2\/media\/5747"}],"wp:attachment":[{"href":"https:\/\/uniest.it\/fr\/wp-json\/wp\/v2\/media?parent=5746"}],"wp:term":[{"taxonomy":"product_brand","embeddable":true,"href":"https:\/\/uniest.it\/fr\/wp-json\/wp\/v2\/product_brand?post=5746"},{"taxonomy":"product_cat","embeddable":true,"href":"https:\/\/uniest.it\/fr\/wp-json\/wp\/v2\/product_cat?post=5746"},{"taxonomy":"product_tag","embeddable":true,"href":"https:\/\/uniest.it\/fr\/wp-json\/wp\/v2\/product_tag?post=5746"}],"curies":[{"name":"wp","href":"https:\/\/api.w.org\/{rel}","templated":true}]}}