{"id":5748,"date":"2021-02-04T12:59:20","date_gmt":"2024-10-23T14:42:45","guid":{"rendered":"https:\/\/uniest.it\/prodotto\/creme-pour-peaux-sensibles\/"},"modified":"2024-10-23T16:30:08","modified_gmt":"2024-10-23T15:30:08","slug":"creme-pour-peaux-sensibles","status":"publish","type":"product","link":"https:\/\/uniest.it\/fr\/prodotto\/creme-pour-peaux-sensibles\/","title":{"rendered":"Cr\u00e8me pour peaux sensibles"},"content":{"rendered":"<p>Cr\u00e8me peau sensible : c&rsquo;est une cr\u00e8me l\u00e9g\u00e8re, donc caract\u00e9ris\u00e9e par une absorption facile et une texture douce, id\u00e9ale pour hydrater et prot\u00e9ger les peaux les plus d\u00e9licates pendant les saisons chaudes (printemps\/\u00e9t\u00e9). Parmi ses extraits on retrouve le Romarin, normalisant et purifiant pour la peau, le Citron, vitaminant, anti-inflammatoire et astringent, le Houblon, calmant, apaisant et hydratant. De plus, la Rose Musqu\u00e9e nourrit et prot\u00e8ge la peau, tandis que la Vitamine E favorise les processus physiologiques en revitalisant les tissus cutan\u00e9s&#8230; Elle hydrate donc en continu la peau gr\u00e2ce \u00e0 ses \u00e9mollients dont l&rsquo;Huile d&rsquo;Amande douce Bio et le Beurre de Karit\u00e9 Bio est \u00e9galement excellente comme base. pour le maquillage.<\/p>\n","protected":false},"excerpt":{"rendered":"<p>Cr\u00e8me peau sensible : c&rsquo;est une cr\u00e8me l\u00e9g\u00e8re, donc caract\u00e9ris\u00e9e par une absorption facile et une texture douce, id\u00e9ale pour hydrater et prot\u00e9ger les peaux les plus d\u00e9licates pendant les saisons chaudes (printemps\/\u00e9t\u00e9). Parmi ses extraits on retrouve le Romarin, normalisant et purifiant pour la peau, le Citron, vitaminant, anti-inflammatoire et astringent, le Houblon, calmant, [&hellip;]<\/p>\n","protected":false},"featured_media":5749,"template":"","meta":{"_acf_changed":false,"inline_featured_image":false},"product_brand":[],"product_cat":[1383],"product_tag":[],"class_list":{"0":"post-5748","1":"product","2":"type-product","3":"status-publish","4":"has-post-thumbnail","6":"product_beauty-detox-e-dren","7":"product_beauty-idratare","8":"product_beauty-lenire","9":"product_beauty-nutrire-e-rigenerare","10":"product_beauty-proteggere","11":"product_beauty-rassodare-e-tonificare","12":"product_beauty-schiarire","13":"product_skin-pelli-delicate-e-sensibili","14":"product_skin-pelli-giovani-e-prime-rughe","15":"product_kind-creme-pelli-complesse","16":"product_kind-tutte-le-creme-viso","17":"product_lines-pelli-delicate-e-sensibili","18":"product_cat-viso-fr","19":"pa_size-50-fr","21":"first","22":"instock","23":"taxable","24":"shipping-taxable","25":"purchasable","26":"product-type-simple"},"acf":[],"yoast_head":"<!-- This site is optimized with the Yoast SEO plugin v24.6 - https:\/\/yoast.com\/wordpress\/plugins\/seo\/ -->\n<title>Cr\u00e8me pour peaux sensibles - Uniest<\/title>\n<meta name=\"robots\" content=\"index, follow, max-snippet:-1, max-image-preview:large, max-video-preview:-1\" \/>\n<link rel=\"canonical\" href=\"https:\/\/uniest.it\/prodotto\/crema-per-pelli-sensibili\/\" \/>\n<meta property=\"og:locale\" content=\"fr_FR\" \/>\n<meta property=\"og:type\" content=\"article\" \/>\n<meta property=\"og:title\" content=\"Cr\u00e8me pour peaux sensibles - Uniest\" \/>\n<meta property=\"og:description\" content=\"Cr\u00e8me peau sensible : c&rsquo;est une cr\u00e8me l\u00e9g\u00e8re, donc caract\u00e9ris\u00e9e par une absorption facile et une texture douce, id\u00e9ale pour hydrater et prot\u00e9ger les peaux les plus d\u00e9licates pendant les saisons chaudes (printemps\/\u00e9t\u00e9). Parmi ses extraits on retrouve le Romarin, normalisant et purifiant pour la peau, le Citron, vitaminant, anti-inflammatoire et astringent, le Houblon, calmant, [&hellip;]\" \/>\n<meta property=\"og:url\" content=\"https:\/\/uniest.it\/prodotto\/crema-per-pelli-sensibili\/\" \/>\n<meta property=\"og:site_name\" content=\"Uniest\" \/>\n<meta property=\"article:modified_time\" content=\"2024-10-23T15:30:08+00:00\" \/>\n<meta property=\"og:image\" content=\"https:\/\/uniest.it\/wp-content\/uploads\/2020\/11\/096AAE.png\" \/>\n\t<meta property=\"og:image:width\" content=\"1283\" \/>\n\t<meta property=\"og:image:height\" content=\"2001\" \/>\n\t<meta property=\"og:image:type\" content=\"image\/png\" \/>\n<meta name=\"twitter:card\" content=\"summary_large_image\" \/>\n<meta name=\"twitter:label1\" content=\"Dur\u00e9e de lecture estim\u00e9e\" \/>\n\t<meta name=\"twitter:data1\" content=\"1 minute\" \/>\n<script type=\"application\/ld+json\" class=\"yoast-schema-graph\">{\"@context\":\"https:\/\/schema.org\",\"@graph\":[{\"@type\":\"WebPage\",\"@id\":\"https:\/\/uniest.it\/prodotto\/crema-per-pelli-sensibili\/\",\"url\":\"https:\/\/uniest.it\/prodotto\/crema-per-pelli-sensibili\/\",\"name\":\"Cr\u00e8me pour peaux sensibles - Uniest\",\"isPartOf\":{\"@id\":\"https:\/\/uniest.it\/#website\"},\"primaryImageOfPage\":{\"@id\":\"https:\/\/uniest.it\/prodotto\/crema-per-pelli-sensibili\/#primaryimage\"},\"image\":{\"@id\":\"https:\/\/uniest.it\/prodotto\/crema-per-pelli-sensibili\/#primaryimage\"},\"thumbnailUrl\":\"https:\/\/uniest.it\/wp-content\/uploads\/2020\/11\/096AAE.png\",\"datePublished\":\"2024-10-23T14:42:45+00:00\",\"dateModified\":\"2024-10-23T15:30:08+00:00\",\"breadcrumb\":{\"@id\":\"https:\/\/uniest.it\/prodotto\/crema-per-pelli-sensibili\/#breadcrumb\"},\"inLanguage\":\"fr-FR\",\"potentialAction\":[{\"@type\":\"ReadAction\",\"target\":[\"https:\/\/uniest.it\/prodotto\/crema-per-pelli-sensibili\/\"]}]},{\"@type\":\"ImageObject\",\"inLanguage\":\"fr-FR\",\"@id\":\"https:\/\/uniest.it\/prodotto\/crema-per-pelli-sensibili\/#primaryimage\",\"url\":\"https:\/\/uniest.it\/wp-content\/uploads\/2020\/11\/096AAE.png\",\"contentUrl\":\"https:\/\/uniest.it\/wp-content\/uploads\/2020\/11\/096AAE.png\",\"width\":1283,\"height\":2001},{\"@type\":\"BreadcrumbList\",\"@id\":\"https:\/\/uniest.it\/prodotto\/crema-per-pelli-sensibili\/#breadcrumb\",\"itemListElement\":[{\"@type\":\"ListItem\",\"position\":1,\"name\":\"Home\",\"item\":\"https:\/\/uniest.it\/fr\/\"},{\"@type\":\"ListItem\",\"position\":2,\"name\":\"Shop\",\"item\":\"https:\/\/uniest.it\/shop\/\"},{\"@type\":\"ListItem\",\"position\":3,\"name\":\"Cr\u00e8me pour peaux sensibles\"}]},{\"@type\":\"WebSite\",\"@id\":\"https:\/\/uniest.it\/#website\",\"url\":\"https:\/\/uniest.it\/\",\"name\":\"Uniest\",\"description\":\"Cosmetici Naturali e Bio\",\"potentialAction\":[{\"@type\":\"SearchAction\",\"target\":{\"@type\":\"EntryPoint\",\"urlTemplate\":\"https:\/\/uniest.it\/?s={search_term_string}\"},\"query-input\":{\"@type\":\"PropertyValueSpecification\",\"valueRequired\":true,\"valueName\":\"search_term_string\"}}],\"inLanguage\":\"fr-FR\"}]}<\/script>\n<!-- \/ Yoast SEO plugin. -->","yoast_head_json":{"title":"Cr\u00e8me pour peaux sensibles - Uniest","robots":{"index":"index","follow":"follow","max-snippet":"max-snippet:-1","max-image-preview":"max-image-preview:large","max-video-preview":"max-video-preview:-1"},"canonical":"https:\/\/uniest.it\/prodotto\/crema-per-pelli-sensibili\/","og_locale":"fr_FR","og_type":"article","og_title":"Cr\u00e8me pour peaux sensibles - Uniest","og_description":"Cr\u00e8me peau sensible : c&rsquo;est une cr\u00e8me l\u00e9g\u00e8re, donc caract\u00e9ris\u00e9e par une absorption facile et une texture douce, id\u00e9ale pour hydrater et prot\u00e9ger les peaux les plus d\u00e9licates pendant les saisons chaudes (printemps\/\u00e9t\u00e9). Parmi ses extraits on retrouve le Romarin, normalisant et purifiant pour la peau, le Citron, vitaminant, anti-inflammatoire et astringent, le Houblon, calmant, [&hellip;]","og_url":"https:\/\/uniest.it\/prodotto\/crema-per-pelli-sensibili\/","og_site_name":"Uniest","article_modified_time":"2024-10-23T15:30:08+00:00","og_image":[{"width":1283,"height":2001,"url":"https:\/\/uniest.it\/wp-content\/uploads\/2020\/11\/096AAE.png","type":"image\/png"}],"twitter_card":"summary_large_image","twitter_misc":{"Dur\u00e9e de lecture estim\u00e9e":"1 minute"},"schema":{"@context":"https:\/\/schema.org","@graph":[{"@type":"WebPage","@id":"https:\/\/uniest.it\/prodotto\/crema-per-pelli-sensibili\/","url":"https:\/\/uniest.it\/prodotto\/crema-per-pelli-sensibili\/","name":"Cr\u00e8me pour peaux sensibles - Uniest","isPartOf":{"@id":"https:\/\/uniest.it\/#website"},"primaryImageOfPage":{"@id":"https:\/\/uniest.it\/prodotto\/crema-per-pelli-sensibili\/#primaryimage"},"image":{"@id":"https:\/\/uniest.it\/prodotto\/crema-per-pelli-sensibili\/#primaryimage"},"thumbnailUrl":"https:\/\/uniest.it\/wp-content\/uploads\/2020\/11\/096AAE.png","datePublished":"2024-10-23T14:42:45+00:00","dateModified":"2024-10-23T15:30:08+00:00","breadcrumb":{"@id":"https:\/\/uniest.it\/prodotto\/crema-per-pelli-sensibili\/#breadcrumb"},"inLanguage":"fr-FR","potentialAction":[{"@type":"ReadAction","target":["https:\/\/uniest.it\/prodotto\/crema-per-pelli-sensibili\/"]}]},{"@type":"ImageObject","inLanguage":"fr-FR","@id":"https:\/\/uniest.it\/prodotto\/crema-per-pelli-sensibili\/#primaryimage","url":"https:\/\/uniest.it\/wp-content\/uploads\/2020\/11\/096AAE.png","contentUrl":"https:\/\/uniest.it\/wp-content\/uploads\/2020\/11\/096AAE.png","width":1283,"height":2001},{"@type":"BreadcrumbList","@id":"https:\/\/uniest.it\/prodotto\/crema-per-pelli-sensibili\/#breadcrumb","itemListElement":[{"@type":"ListItem","position":1,"name":"Home","item":"https:\/\/uniest.it\/fr\/"},{"@type":"ListItem","position":2,"name":"Shop","item":"https:\/\/uniest.it\/shop\/"},{"@type":"ListItem","position":3,"name":"Cr\u00e8me pour peaux sensibles"}]},{"@type":"WebSite","@id":"https:\/\/uniest.it\/#website","url":"https:\/\/uniest.it\/","name":"Uniest","description":"Cosmetici Naturali e Bio","potentialAction":[{"@type":"SearchAction","target":{"@type":"EntryPoint","urlTemplate":"https:\/\/uniest.it\/?s={search_term_string}"},"query-input":{"@type":"PropertyValueSpecification","valueRequired":true,"valueName":"search_term_string"}}],"inLanguage":"fr-FR"}]}},"_links":{"self":[{"href":"https:\/\/uniest.it\/fr\/wp-json\/wp\/v2\/product\/5748","targetHints":{"allow":["GET"]}}],"collection":[{"href":"https:\/\/uniest.it\/fr\/wp-json\/wp\/v2\/product"}],"about":[{"href":"https:\/\/uniest.it\/fr\/wp-json\/wp\/v2\/types\/product"}],"wp:featuredmedia":[{"embeddable":true,"href":"https:\/\/uniest.it\/fr\/wp-json\/wp\/v2\/media\/5749"}],"wp:attachment":[{"href":"https:\/\/uniest.it\/fr\/wp-json\/wp\/v2\/media?parent=5748"}],"wp:term":[{"taxonomy":"product_brand","embeddable":true,"href":"https:\/\/uniest.it\/fr\/wp-json\/wp\/v2\/product_brand?post=5748"},{"taxonomy":"product_cat","embeddable":true,"href":"https:\/\/uniest.it\/fr\/wp-json\/wp\/v2\/product_cat?post=5748"},{"taxonomy":"product_tag","embeddable":true,"href":"https:\/\/uniest.it\/fr\/wp-json\/wp\/v2\/product_tag?post=5748"}],"curies":[{"name":"wp","href":"https:\/\/api.w.org\/{rel}","templated":true}]}}