{"id":5750,"date":"2024-10-23T15:42:46","date_gmt":"2024-10-23T14:42:46","guid":{"rendered":"https:\/\/uniest.it\/prodotto\/creme-acidifiante\/"},"modified":"2024-10-23T16:30:08","modified_gmt":"2024-10-23T15:30:08","slug":"creme-acidifiante","status":"publish","type":"product","link":"https:\/\/uniest.it\/fr\/prodotto\/creme-acidifiante\/","title":{"rendered":"Cr\u00e8me acidifiante"},"content":{"rendered":"<p>La cr\u00e8me acidifiante est une cr\u00e8me dermoprotectrice, donc id\u00e9ale pour les saisons froides (automne\/hiver), ou pour les peaux qui ont tendance \u00e0 rougir. \u00c0 base d&rsquo;huile de son de riz et de sorbitol aux propri\u00e9t\u00e9s protectrices, hydratantes et anti-\u00e2ge, il est enrichi en extraits v\u00e9g\u00e9taux de romarin, qui ont une action hydratante et normalisante. Il contient de la Mauve, qui poss\u00e8de des propri\u00e9t\u00e9s \u00e9mollientes, d\u00e9congestionnantes, hydratantes et rafra\u00eechissantes reconnues, et du Citron, qui a enfin un effet purifiant, tonique et \u00e9claircissant pour la peau. Cette cr\u00e8me douce permet donc de r\u00e9\u00e9quilibrer d\u00e9licatement le pH de la peau et est \u00e9galement id\u00e9ale comme base de maquillage et dans tous les cas de rougeurs cutan\u00e9es, desquamation, irritation cutan\u00e9e. Prendre soin de sa peau au quotidien est essentiel pour avoir un teint frais, color\u00e9, homog\u00e8ne, sans imperfections, souvent caus\u00e9es par un maquillage trop agressif, le smog mais aussi par un nettoyage du visage incorrect ou mauvais.<\/p>\n","protected":false},"excerpt":{"rendered":"<p>La cr\u00e8me acidifiante est une cr\u00e8me dermoprotectrice, donc id\u00e9ale pour les saisons froides (automne\/hiver), ou pour les peaux qui ont tendance \u00e0 rougir. \u00c0 base d&rsquo;huile de son de riz et de sorbitol aux propri\u00e9t\u00e9s protectrices, hydratantes et anti-\u00e2ge, il est enrichi en extraits v\u00e9g\u00e9taux de romarin, qui ont une action hydratante et normalisante. Il [&hellip;]<\/p>\n","protected":false},"featured_media":5751,"template":"","meta":{"_acf_changed":false,"inline_featured_image":false},"product_brand":[],"product_cat":[1383],"product_tag":[],"class_list":{"0":"post-5750","1":"product","2":"type-product","3":"status-publish","4":"has-post-thumbnail","6":"product_beauty-detox-e-dren","7":"product_beauty-idratare","8":"product_beauty-lenire","9":"product_beauty-nutrire-e-rigenerare","10":"product_beauty-proteggere","11":"product_beauty-purificare","12":"product_beauty-rassodare-e-tonificare","13":"product_beauty-riequilibrare","14":"product_beauty-schiarire","15":"product_skin-pelli-delicate-e-sensibili","16":"product_skin-pelli-giovani-e-prime-rughe","17":"product_skin-pelli-grasse-e-miste","18":"product_skin-pelli-mature-e-rughe","19":"product_skin-pelli-secche-e-normali","20":"product_skin-tutte-le-pelli","21":"product_kind-creme-pelli-complesse","22":"product_kind-tutte-le-creme-viso","23":"product_lines-pelli-delicate-e-sensibili","24":"product_cat-viso-fr","25":"pa_size-50-fr","27":"first","28":"instock","29":"taxable","30":"shipping-taxable","31":"purchasable","32":"product-type-simple"},"acf":[],"yoast_head":"<!-- This site is optimized with the Yoast SEO plugin v24.6 - https:\/\/yoast.com\/wordpress\/plugins\/seo\/ -->\n<title>Cr\u00e8me acidifiante - Uniest<\/title>\n<meta name=\"robots\" content=\"index, follow, max-snippet:-1, max-image-preview:large, max-video-preview:-1\" \/>\n<link rel=\"canonical\" href=\"https:\/\/uniest.it\/prodotto\/crema-acidificante\/\" \/>\n<meta property=\"og:locale\" content=\"fr_FR\" \/>\n<meta property=\"og:type\" content=\"article\" \/>\n<meta property=\"og:title\" content=\"Cr\u00e8me acidifiante - Uniest\" \/>\n<meta property=\"og:description\" content=\"La cr\u00e8me acidifiante est une cr\u00e8me dermoprotectrice, donc id\u00e9ale pour les saisons froides (automne\/hiver), ou pour les peaux qui ont tendance \u00e0 rougir. \u00c0 base d&rsquo;huile de son de riz et de sorbitol aux propri\u00e9t\u00e9s protectrices, hydratantes et anti-\u00e2ge, il est enrichi en extraits v\u00e9g\u00e9taux de romarin, qui ont une action hydratante et normalisante. Il [&hellip;]\" \/>\n<meta property=\"og:url\" content=\"https:\/\/uniest.it\/prodotto\/crema-acidificante\/\" \/>\n<meta property=\"og:site_name\" content=\"Uniest\" \/>\n<meta property=\"article:modified_time\" content=\"2024-10-23T15:30:08+00:00\" \/>\n<meta property=\"og:image\" content=\"https:\/\/uniest.it\/wp-content\/uploads\/2020\/11\/099AAE.png\" \/>\n\t<meta property=\"og:image:width\" content=\"1283\" \/>\n\t<meta property=\"og:image:height\" content=\"2000\" \/>\n\t<meta property=\"og:image:type\" content=\"image\/png\" \/>\n<meta name=\"twitter:card\" content=\"summary_large_image\" \/>\n<meta name=\"twitter:label1\" content=\"Dur\u00e9e de lecture estim\u00e9e\" \/>\n\t<meta name=\"twitter:data1\" content=\"1 minute\" \/>\n<script type=\"application\/ld+json\" class=\"yoast-schema-graph\">{\"@context\":\"https:\/\/schema.org\",\"@graph\":[{\"@type\":\"WebPage\",\"@id\":\"https:\/\/uniest.it\/prodotto\/crema-acidificante\/\",\"url\":\"https:\/\/uniest.it\/prodotto\/crema-acidificante\/\",\"name\":\"Cr\u00e8me acidifiante - Uniest\",\"isPartOf\":{\"@id\":\"https:\/\/uniest.it\/#website\"},\"primaryImageOfPage\":{\"@id\":\"https:\/\/uniest.it\/prodotto\/crema-acidificante\/#primaryimage\"},\"image\":{\"@id\":\"https:\/\/uniest.it\/prodotto\/crema-acidificante\/#primaryimage\"},\"thumbnailUrl\":\"https:\/\/uniest.it\/wp-content\/uploads\/2020\/11\/099AAE.png\",\"datePublished\":\"2024-10-23T14:42:46+00:00\",\"dateModified\":\"2024-10-23T15:30:08+00:00\",\"breadcrumb\":{\"@id\":\"https:\/\/uniest.it\/prodotto\/crema-acidificante\/#breadcrumb\"},\"inLanguage\":\"fr-FR\",\"potentialAction\":[{\"@type\":\"ReadAction\",\"target\":[\"https:\/\/uniest.it\/prodotto\/crema-acidificante\/\"]}]},{\"@type\":\"ImageObject\",\"inLanguage\":\"fr-FR\",\"@id\":\"https:\/\/uniest.it\/prodotto\/crema-acidificante\/#primaryimage\",\"url\":\"https:\/\/uniest.it\/wp-content\/uploads\/2020\/11\/099AAE.png\",\"contentUrl\":\"https:\/\/uniest.it\/wp-content\/uploads\/2020\/11\/099AAE.png\",\"width\":1283,\"height\":2000},{\"@type\":\"BreadcrumbList\",\"@id\":\"https:\/\/uniest.it\/prodotto\/crema-acidificante\/#breadcrumb\",\"itemListElement\":[{\"@type\":\"ListItem\",\"position\":1,\"name\":\"Home\",\"item\":\"https:\/\/uniest.it\/fr\/\"},{\"@type\":\"ListItem\",\"position\":2,\"name\":\"Shop\",\"item\":\"https:\/\/uniest.it\/shop\/\"},{\"@type\":\"ListItem\",\"position\":3,\"name\":\"Cr\u00e8me acidifiante\"}]},{\"@type\":\"WebSite\",\"@id\":\"https:\/\/uniest.it\/#website\",\"url\":\"https:\/\/uniest.it\/\",\"name\":\"Uniest\",\"description\":\"Cosmetici Naturali e Bio\",\"potentialAction\":[{\"@type\":\"SearchAction\",\"target\":{\"@type\":\"EntryPoint\",\"urlTemplate\":\"https:\/\/uniest.it\/?s={search_term_string}\"},\"query-input\":{\"@type\":\"PropertyValueSpecification\",\"valueRequired\":true,\"valueName\":\"search_term_string\"}}],\"inLanguage\":\"fr-FR\"}]}<\/script>\n<!-- \/ Yoast SEO plugin. -->","yoast_head_json":{"title":"Cr\u00e8me acidifiante - Uniest","robots":{"index":"index","follow":"follow","max-snippet":"max-snippet:-1","max-image-preview":"max-image-preview:large","max-video-preview":"max-video-preview:-1"},"canonical":"https:\/\/uniest.it\/prodotto\/crema-acidificante\/","og_locale":"fr_FR","og_type":"article","og_title":"Cr\u00e8me acidifiante - Uniest","og_description":"La cr\u00e8me acidifiante est une cr\u00e8me dermoprotectrice, donc id\u00e9ale pour les saisons froides (automne\/hiver), ou pour les peaux qui ont tendance \u00e0 rougir. \u00c0 base d&rsquo;huile de son de riz et de sorbitol aux propri\u00e9t\u00e9s protectrices, hydratantes et anti-\u00e2ge, il est enrichi en extraits v\u00e9g\u00e9taux de romarin, qui ont une action hydratante et normalisante. Il [&hellip;]","og_url":"https:\/\/uniest.it\/prodotto\/crema-acidificante\/","og_site_name":"Uniest","article_modified_time":"2024-10-23T15:30:08+00:00","og_image":[{"width":1283,"height":2000,"url":"https:\/\/uniest.it\/wp-content\/uploads\/2020\/11\/099AAE.png","type":"image\/png"}],"twitter_card":"summary_large_image","twitter_misc":{"Dur\u00e9e de lecture estim\u00e9e":"1 minute"},"schema":{"@context":"https:\/\/schema.org","@graph":[{"@type":"WebPage","@id":"https:\/\/uniest.it\/prodotto\/crema-acidificante\/","url":"https:\/\/uniest.it\/prodotto\/crema-acidificante\/","name":"Cr\u00e8me acidifiante - Uniest","isPartOf":{"@id":"https:\/\/uniest.it\/#website"},"primaryImageOfPage":{"@id":"https:\/\/uniest.it\/prodotto\/crema-acidificante\/#primaryimage"},"image":{"@id":"https:\/\/uniest.it\/prodotto\/crema-acidificante\/#primaryimage"},"thumbnailUrl":"https:\/\/uniest.it\/wp-content\/uploads\/2020\/11\/099AAE.png","datePublished":"2024-10-23T14:42:46+00:00","dateModified":"2024-10-23T15:30:08+00:00","breadcrumb":{"@id":"https:\/\/uniest.it\/prodotto\/crema-acidificante\/#breadcrumb"},"inLanguage":"fr-FR","potentialAction":[{"@type":"ReadAction","target":["https:\/\/uniest.it\/prodotto\/crema-acidificante\/"]}]},{"@type":"ImageObject","inLanguage":"fr-FR","@id":"https:\/\/uniest.it\/prodotto\/crema-acidificante\/#primaryimage","url":"https:\/\/uniest.it\/wp-content\/uploads\/2020\/11\/099AAE.png","contentUrl":"https:\/\/uniest.it\/wp-content\/uploads\/2020\/11\/099AAE.png","width":1283,"height":2000},{"@type":"BreadcrumbList","@id":"https:\/\/uniest.it\/prodotto\/crema-acidificante\/#breadcrumb","itemListElement":[{"@type":"ListItem","position":1,"name":"Home","item":"https:\/\/uniest.it\/fr\/"},{"@type":"ListItem","position":2,"name":"Shop","item":"https:\/\/uniest.it\/shop\/"},{"@type":"ListItem","position":3,"name":"Cr\u00e8me acidifiante"}]},{"@type":"WebSite","@id":"https:\/\/uniest.it\/#website","url":"https:\/\/uniest.it\/","name":"Uniest","description":"Cosmetici Naturali e Bio","potentialAction":[{"@type":"SearchAction","target":{"@type":"EntryPoint","urlTemplate":"https:\/\/uniest.it\/?s={search_term_string}"},"query-input":{"@type":"PropertyValueSpecification","valueRequired":true,"valueName":"search_term_string"}}],"inLanguage":"fr-FR"}]}},"_links":{"self":[{"href":"https:\/\/uniest.it\/fr\/wp-json\/wp\/v2\/product\/5750","targetHints":{"allow":["GET"]}}],"collection":[{"href":"https:\/\/uniest.it\/fr\/wp-json\/wp\/v2\/product"}],"about":[{"href":"https:\/\/uniest.it\/fr\/wp-json\/wp\/v2\/types\/product"}],"wp:featuredmedia":[{"embeddable":true,"href":"https:\/\/uniest.it\/fr\/wp-json\/wp\/v2\/media\/5751"}],"wp:attachment":[{"href":"https:\/\/uniest.it\/fr\/wp-json\/wp\/v2\/media?parent=5750"}],"wp:term":[{"taxonomy":"product_brand","embeddable":true,"href":"https:\/\/uniest.it\/fr\/wp-json\/wp\/v2\/product_brand?post=5750"},{"taxonomy":"product_cat","embeddable":true,"href":"https:\/\/uniest.it\/fr\/wp-json\/wp\/v2\/product_cat?post=5750"},{"taxonomy":"product_tag","embeddable":true,"href":"https:\/\/uniest.it\/fr\/wp-json\/wp\/v2\/product_tag?post=5750"}],"curies":[{"name":"wp","href":"https:\/\/api.w.org\/{rel}","templated":true}]}}