{"id":5754,"date":"2021-02-04T12:59:20","date_gmt":"2024-10-23T14:42:47","guid":{"rendered":"https:\/\/uniest.it\/prodotto\/phytomasque-eclaircissant\/"},"modified":"2025-03-04T00:00:48","modified_gmt":"2025-03-03T23:00:48","slug":"phytomasque-eclaircissant","status":"publish","type":"product","link":"https:\/\/uniest.it\/fr\/prodotto\/phytomasque-eclaircissant\/","title":{"rendered":"Phytomasque \u00e9claircissant"},"content":{"rendered":"<p>Le phytomasque \u00e9claircissant est un masque qui aide \u00e0 r\u00e9duire les taches brunes disgracieuses, pour une peau toujours hydrat\u00e9e et \u00e9lastique et un teint uniforme et \u00e9clatant. Il se caract\u00e9rise par les substances nourrissantes d&rsquo;huiles v\u00e9g\u00e9tales (Carotte et Germe de Ma\u00efs) et de cires (Son de Riz, Candelilla et Jojoba), \u00e9mollientes, protectrices, apaisantes et antioxydantes. Les substances restructurantes des extraits de plantes (Camomille, Gen\u00e9vrier et Hamam\u00e9lis) et des huiles essentielles (Orange Am\u00e8re et Citron) sont excellentes pour r\u00e9tablir l&rsquo;\u00e9quilibre de la peau. Il contient les substances antiseptiques et cicatrisantes de l&rsquo;argile, excellentes pour ses nombreuses propri\u00e9t\u00e9s cicatrisantes, d\u00e9toxifiantes, anti-fermentaires et anti-inflammatoires. L&rsquo;argile contribue \u00e9galement \u00e0 activer les \u00e9changes entre toxines (absorb\u00e9es) et min\u00e9raux (lib\u00e9r\u00e9s), facilitant ainsi le transport des principes actifs contenus dans le masque. De plus, il contient des substances couvrantes naturelles telles que le dioxyde de titane, ce qui convient aux peaux sensibles par rapport aux filtres chimiques, car il agit comme une barri\u00e8re protectrice.<\/p>\n","protected":false},"excerpt":{"rendered":"<p>Le phytomasque \u00e9claircissant est un masque qui aide \u00e0 r\u00e9duire les taches brunes disgracieuses, pour une peau toujours hydrat\u00e9e et \u00e9lastique et un teint uniforme et \u00e9clatant. Il se caract\u00e9rise par les substances nourrissantes d&rsquo;huiles v\u00e9g\u00e9tales (Carotte et Germe de Ma\u00efs) et de cires (Son de Riz, Candelilla et Jojoba), \u00e9mollientes, protectrices, apaisantes et antioxydantes. [&hellip;]<\/p>\n","protected":false},"featured_media":5755,"template":"","meta":{"_acf_changed":false,"inline_featured_image":false},"product_brand":[],"product_cat":[1383],"product_tag":[],"class_list":{"0":"post-5754","1":"product","2":"type-product","3":"status-publish","4":"has-post-thumbnail","6":"product_beauty-idratare","7":"product_beauty-lenire","8":"product_beauty-nutrire-e-rigenerare","9":"product_beauty-schiarire","10":"product_skin-pelli-delicate-e-sensibili","11":"product_skin-pelli-giovani-e-prime-rughe","12":"product_kind-creme-pelli-complesse","13":"product_kind-maschere-ed-esfolianti-viso","14":"product_kind-trattamenti-speciali","15":"product_lines-pelli-delicate-e-sensibili","16":"product_cat-viso-fr","17":"pa_size-50-fr","19":"first","20":"instock","21":"taxable","22":"shipping-taxable","23":"purchasable","24":"product-type-simple"},"acf":[],"yoast_head":"<!-- This site is optimized with the Yoast SEO plugin v24.6 - https:\/\/yoast.com\/wordpress\/plugins\/seo\/ -->\n<title>Phytomasque \u00e9claircissant - Uniest<\/title>\n<meta name=\"robots\" content=\"index, follow, max-snippet:-1, max-image-preview:large, max-video-preview:-1\" \/>\n<link rel=\"canonical\" href=\"https:\/\/uniest.it\/prodotto\/fitomaschera-schiarente\/\" \/>\n<meta property=\"og:locale\" content=\"fr_FR\" \/>\n<meta property=\"og:type\" content=\"article\" \/>\n<meta property=\"og:title\" content=\"Phytomasque \u00e9claircissant - Uniest\" \/>\n<meta property=\"og:description\" content=\"Le phytomasque \u00e9claircissant est un masque qui aide \u00e0 r\u00e9duire les taches brunes disgracieuses, pour une peau toujours hydrat\u00e9e et \u00e9lastique et un teint uniforme et \u00e9clatant. Il se caract\u00e9rise par les substances nourrissantes d&rsquo;huiles v\u00e9g\u00e9tales (Carotte et Germe de Ma\u00efs) et de cires (Son de Riz, Candelilla et Jojoba), \u00e9mollientes, protectrices, apaisantes et antioxydantes. [&hellip;]\" \/>\n<meta property=\"og:url\" content=\"https:\/\/uniest.it\/prodotto\/fitomaschera-schiarente\/\" \/>\n<meta property=\"og:site_name\" content=\"Uniest\" \/>\n<meta property=\"article:modified_time\" content=\"2025-03-03T23:00:48+00:00\" \/>\n<meta property=\"og:image\" content=\"https:\/\/uniest.it\/wp-content\/uploads\/2020\/11\/102AAE.png\" \/>\n\t<meta property=\"og:image:width\" content=\"1283\" \/>\n\t<meta property=\"og:image:height\" content=\"2000\" \/>\n\t<meta property=\"og:image:type\" content=\"image\/png\" \/>\n<meta name=\"twitter:card\" content=\"summary_large_image\" \/>\n<meta name=\"twitter:label1\" content=\"Dur\u00e9e de lecture estim\u00e9e\" \/>\n\t<meta name=\"twitter:data1\" content=\"1 minute\" \/>\n<script type=\"application\/ld+json\" class=\"yoast-schema-graph\">{\"@context\":\"https:\/\/schema.org\",\"@graph\":[{\"@type\":\"WebPage\",\"@id\":\"https:\/\/uniest.it\/prodotto\/fitomaschera-schiarente\/\",\"url\":\"https:\/\/uniest.it\/prodotto\/fitomaschera-schiarente\/\",\"name\":\"Phytomasque \u00e9claircissant - Uniest\",\"isPartOf\":{\"@id\":\"https:\/\/uniest.it\/#website\"},\"primaryImageOfPage\":{\"@id\":\"https:\/\/uniest.it\/prodotto\/fitomaschera-schiarente\/#primaryimage\"},\"image\":{\"@id\":\"https:\/\/uniest.it\/prodotto\/fitomaschera-schiarente\/#primaryimage\"},\"thumbnailUrl\":\"https:\/\/uniest.it\/wp-content\/uploads\/2020\/11\/102AAE.png\",\"datePublished\":\"2024-10-23T14:42:47+00:00\",\"dateModified\":\"2025-03-03T23:00:48+00:00\",\"breadcrumb\":{\"@id\":\"https:\/\/uniest.it\/prodotto\/fitomaschera-schiarente\/#breadcrumb\"},\"inLanguage\":\"fr-FR\",\"potentialAction\":[{\"@type\":\"ReadAction\",\"target\":[\"https:\/\/uniest.it\/prodotto\/fitomaschera-schiarente\/\"]}]},{\"@type\":\"ImageObject\",\"inLanguage\":\"fr-FR\",\"@id\":\"https:\/\/uniest.it\/prodotto\/fitomaschera-schiarente\/#primaryimage\",\"url\":\"https:\/\/uniest.it\/wp-content\/uploads\/2020\/11\/102AAE.png\",\"contentUrl\":\"https:\/\/uniest.it\/wp-content\/uploads\/2020\/11\/102AAE.png\",\"width\":1283,\"height\":2000},{\"@type\":\"BreadcrumbList\",\"@id\":\"https:\/\/uniest.it\/prodotto\/fitomaschera-schiarente\/#breadcrumb\",\"itemListElement\":[{\"@type\":\"ListItem\",\"position\":1,\"name\":\"Home\",\"item\":\"https:\/\/uniest.it\/fr\/\"},{\"@type\":\"ListItem\",\"position\":2,\"name\":\"Shop\",\"item\":\"https:\/\/uniest.it\/shop\/\"},{\"@type\":\"ListItem\",\"position\":3,\"name\":\"Phytomasque \u00e9claircissant\"}]},{\"@type\":\"WebSite\",\"@id\":\"https:\/\/uniest.it\/#website\",\"url\":\"https:\/\/uniest.it\/\",\"name\":\"Uniest\",\"description\":\"Cosmetici Naturali e Bio\",\"potentialAction\":[{\"@type\":\"SearchAction\",\"target\":{\"@type\":\"EntryPoint\",\"urlTemplate\":\"https:\/\/uniest.it\/?s={search_term_string}\"},\"query-input\":{\"@type\":\"PropertyValueSpecification\",\"valueRequired\":true,\"valueName\":\"search_term_string\"}}],\"inLanguage\":\"fr-FR\"}]}<\/script>\n<!-- \/ Yoast SEO plugin. -->","yoast_head_json":{"title":"Phytomasque \u00e9claircissant - Uniest","robots":{"index":"index","follow":"follow","max-snippet":"max-snippet:-1","max-image-preview":"max-image-preview:large","max-video-preview":"max-video-preview:-1"},"canonical":"https:\/\/uniest.it\/prodotto\/fitomaschera-schiarente\/","og_locale":"fr_FR","og_type":"article","og_title":"Phytomasque \u00e9claircissant - Uniest","og_description":"Le phytomasque \u00e9claircissant est un masque qui aide \u00e0 r\u00e9duire les taches brunes disgracieuses, pour une peau toujours hydrat\u00e9e et \u00e9lastique et un teint uniforme et \u00e9clatant. Il se caract\u00e9rise par les substances nourrissantes d&rsquo;huiles v\u00e9g\u00e9tales (Carotte et Germe de Ma\u00efs) et de cires (Son de Riz, Candelilla et Jojoba), \u00e9mollientes, protectrices, apaisantes et antioxydantes. [&hellip;]","og_url":"https:\/\/uniest.it\/prodotto\/fitomaschera-schiarente\/","og_site_name":"Uniest","article_modified_time":"2025-03-03T23:00:48+00:00","og_image":[{"width":1283,"height":2000,"url":"https:\/\/uniest.it\/wp-content\/uploads\/2020\/11\/102AAE.png","type":"image\/png"}],"twitter_card":"summary_large_image","twitter_misc":{"Dur\u00e9e de lecture estim\u00e9e":"1 minute"},"schema":{"@context":"https:\/\/schema.org","@graph":[{"@type":"WebPage","@id":"https:\/\/uniest.it\/prodotto\/fitomaschera-schiarente\/","url":"https:\/\/uniest.it\/prodotto\/fitomaschera-schiarente\/","name":"Phytomasque \u00e9claircissant - Uniest","isPartOf":{"@id":"https:\/\/uniest.it\/#website"},"primaryImageOfPage":{"@id":"https:\/\/uniest.it\/prodotto\/fitomaschera-schiarente\/#primaryimage"},"image":{"@id":"https:\/\/uniest.it\/prodotto\/fitomaschera-schiarente\/#primaryimage"},"thumbnailUrl":"https:\/\/uniest.it\/wp-content\/uploads\/2020\/11\/102AAE.png","datePublished":"2024-10-23T14:42:47+00:00","dateModified":"2025-03-03T23:00:48+00:00","breadcrumb":{"@id":"https:\/\/uniest.it\/prodotto\/fitomaschera-schiarente\/#breadcrumb"},"inLanguage":"fr-FR","potentialAction":[{"@type":"ReadAction","target":["https:\/\/uniest.it\/prodotto\/fitomaschera-schiarente\/"]}]},{"@type":"ImageObject","inLanguage":"fr-FR","@id":"https:\/\/uniest.it\/prodotto\/fitomaschera-schiarente\/#primaryimage","url":"https:\/\/uniest.it\/wp-content\/uploads\/2020\/11\/102AAE.png","contentUrl":"https:\/\/uniest.it\/wp-content\/uploads\/2020\/11\/102AAE.png","width":1283,"height":2000},{"@type":"BreadcrumbList","@id":"https:\/\/uniest.it\/prodotto\/fitomaschera-schiarente\/#breadcrumb","itemListElement":[{"@type":"ListItem","position":1,"name":"Home","item":"https:\/\/uniest.it\/fr\/"},{"@type":"ListItem","position":2,"name":"Shop","item":"https:\/\/uniest.it\/shop\/"},{"@type":"ListItem","position":3,"name":"Phytomasque \u00e9claircissant"}]},{"@type":"WebSite","@id":"https:\/\/uniest.it\/#website","url":"https:\/\/uniest.it\/","name":"Uniest","description":"Cosmetici Naturali e Bio","potentialAction":[{"@type":"SearchAction","target":{"@type":"EntryPoint","urlTemplate":"https:\/\/uniest.it\/?s={search_term_string}"},"query-input":{"@type":"PropertyValueSpecification","valueRequired":true,"valueName":"search_term_string"}}],"inLanguage":"fr-FR"}]}},"_links":{"self":[{"href":"https:\/\/uniest.it\/fr\/wp-json\/wp\/v2\/product\/5754","targetHints":{"allow":["GET"]}}],"collection":[{"href":"https:\/\/uniest.it\/fr\/wp-json\/wp\/v2\/product"}],"about":[{"href":"https:\/\/uniest.it\/fr\/wp-json\/wp\/v2\/types\/product"}],"wp:featuredmedia":[{"embeddable":true,"href":"https:\/\/uniest.it\/fr\/wp-json\/wp\/v2\/media\/5755"}],"wp:attachment":[{"href":"https:\/\/uniest.it\/fr\/wp-json\/wp\/v2\/media?parent=5754"}],"wp:term":[{"taxonomy":"product_brand","embeddable":true,"href":"https:\/\/uniest.it\/fr\/wp-json\/wp\/v2\/product_brand?post=5754"},{"taxonomy":"product_cat","embeddable":true,"href":"https:\/\/uniest.it\/fr\/wp-json\/wp\/v2\/product_cat?post=5754"},{"taxonomy":"product_tag","embeddable":true,"href":"https:\/\/uniest.it\/fr\/wp-json\/wp\/v2\/product_tag?post=5754"}],"curies":[{"name":"wp","href":"https:\/\/api.w.org\/{rel}","templated":true}]}}