{"id":5756,"date":"2021-02-04T12:59:20","date_gmt":"2024-10-23T14:42:47","guid":{"rendered":"https:\/\/uniest.it\/prodotto\/biogouttes-defluentes\/"},"modified":"2024-10-23T16:30:10","modified_gmt":"2024-10-23T15:30:10","slug":"biogouttes-defluentes","status":"publish","type":"product","link":"https:\/\/uniest.it\/fr\/prodotto\/biogouttes-defluentes\/","title":{"rendered":"Biogouttes d\u00e9fluentes"},"content":{"rendered":"<p>Biogouttes sortantes : ce sont de pr\u00e9cieuses gouttes v\u00e9g\u00e9tales, de petite taille mol\u00e9culaire, qui aident la peau, soumise aux agressions d&rsquo;agents agressifs, \u00e0 retrouver une nouvelle fra\u00eecheur. Ils donnent du tonus \u00e0 la peau et sont excellents dans tous les cas de rougeurs, desquamations, l\u00e9gers gonflements et l\u00e9gers coups de soleil, car ils neutralisent l&rsquo;inconfort en laissant une sensation de soulagement. La formule Biogocce a \u00e9t\u00e9 cr\u00e9\u00e9e \u00e0 partir des actifs naturels contenus dans les extraits v\u00e9g\u00e9taux d&rsquo;Arnica, d&rsquo;Hamam\u00e9lis, de Marron d&rsquo;Inde et de Marjolaine. Ces actifs naturels, associ\u00e9s \u00e0 la pr\u00e9cieuse huile essentielle d&rsquo;Eucalyptus, assurent un parfait \u00e9quilibre hydrique, neutralisant les agressions et renfor\u00e7ant les d\u00e9fenses naturelles.<\/p>\n","protected":false},"excerpt":{"rendered":"<p>Biogouttes sortantes : ce sont de pr\u00e9cieuses gouttes v\u00e9g\u00e9tales, de petite taille mol\u00e9culaire, qui aident la peau, soumise aux agressions d&rsquo;agents agressifs, \u00e0 retrouver une nouvelle fra\u00eecheur. Ils donnent du tonus \u00e0 la peau et sont excellents dans tous les cas de rougeurs, desquamations, l\u00e9gers gonflements et l\u00e9gers coups de soleil, car ils neutralisent l&rsquo;inconfort [&hellip;]<\/p>\n","protected":false},"featured_media":5757,"template":"","meta":{"_acf_changed":false,"inline_featured_image":false},"product_brand":[],"product_cat":[1372,1383],"product_tag":[],"class_list":{"0":"post-5756","1":"product","2":"type-product","3":"status-publish","4":"has-post-thumbnail","6":"product_beauty-anti-cellulite","7":"product_beauty-detox-e-dren","8":"product_beauty-idratare","9":"product_skin-tutte-le-pelli","10":"product_kind-tonici-e-lozioni-viso","11":"product_lines-pelli-delicate-e-sensibili","12":"product_cat-corpo-fr","13":"product_cat-viso-fr","14":"pa_size-50-fr","16":"first","17":"instock","18":"taxable","19":"shipping-taxable","20":"purchasable","21":"product-type-simple"},"acf":[],"yoast_head":"<!-- This site is optimized with the Yoast SEO plugin v24.6 - https:\/\/yoast.com\/wordpress\/plugins\/seo\/ -->\n<title>Biogouttes d\u00e9fluentes - Uniest<\/title>\n<meta name=\"robots\" content=\"index, follow, max-snippet:-1, max-image-preview:large, max-video-preview:-1\" \/>\n<link rel=\"canonical\" href=\"https:\/\/uniest.it\/prodotto\/biogocce-defluenti\/\" \/>\n<meta property=\"og:locale\" content=\"fr_FR\" \/>\n<meta property=\"og:type\" content=\"article\" \/>\n<meta property=\"og:title\" content=\"Biogouttes d\u00e9fluentes - Uniest\" \/>\n<meta property=\"og:description\" content=\"Biogouttes sortantes : ce sont de pr\u00e9cieuses gouttes v\u00e9g\u00e9tales, de petite taille mol\u00e9culaire, qui aident la peau, soumise aux agressions d&rsquo;agents agressifs, \u00e0 retrouver une nouvelle fra\u00eecheur. Ils donnent du tonus \u00e0 la peau et sont excellents dans tous les cas de rougeurs, desquamations, l\u00e9gers gonflements et l\u00e9gers coups de soleil, car ils neutralisent l&rsquo;inconfort [&hellip;]\" \/>\n<meta property=\"og:url\" content=\"https:\/\/uniest.it\/prodotto\/biogocce-defluenti\/\" \/>\n<meta property=\"og:site_name\" content=\"Uniest\" \/>\n<meta property=\"article:modified_time\" content=\"2024-10-23T15:30:10+00:00\" \/>\n<meta property=\"og:image\" content=\"https:\/\/uniest.it\/wp-content\/uploads\/2020\/11\/105AAE.png\" \/>\n\t<meta property=\"og:image:width\" content=\"1283\" \/>\n\t<meta property=\"og:image:height\" content=\"2001\" \/>\n\t<meta property=\"og:image:type\" content=\"image\/png\" \/>\n<meta name=\"twitter:card\" content=\"summary_large_image\" \/>\n<meta name=\"twitter:label1\" content=\"Dur\u00e9e de lecture estim\u00e9e\" \/>\n\t<meta name=\"twitter:data1\" content=\"1 minute\" \/>\n<script type=\"application\/ld+json\" class=\"yoast-schema-graph\">{\"@context\":\"https:\/\/schema.org\",\"@graph\":[{\"@type\":\"WebPage\",\"@id\":\"https:\/\/uniest.it\/prodotto\/biogocce-defluenti\/\",\"url\":\"https:\/\/uniest.it\/prodotto\/biogocce-defluenti\/\",\"name\":\"Biogouttes d\u00e9fluentes - Uniest\",\"isPartOf\":{\"@id\":\"https:\/\/uniest.it\/#website\"},\"primaryImageOfPage\":{\"@id\":\"https:\/\/uniest.it\/prodotto\/biogocce-defluenti\/#primaryimage\"},\"image\":{\"@id\":\"https:\/\/uniest.it\/prodotto\/biogocce-defluenti\/#primaryimage\"},\"thumbnailUrl\":\"https:\/\/uniest.it\/wp-content\/uploads\/2020\/11\/105AAE.png\",\"datePublished\":\"2024-10-23T14:42:47+00:00\",\"dateModified\":\"2024-10-23T15:30:10+00:00\",\"breadcrumb\":{\"@id\":\"https:\/\/uniest.it\/prodotto\/biogocce-defluenti\/#breadcrumb\"},\"inLanguage\":\"fr-FR\",\"potentialAction\":[{\"@type\":\"ReadAction\",\"target\":[\"https:\/\/uniest.it\/prodotto\/biogocce-defluenti\/\"]}]},{\"@type\":\"ImageObject\",\"inLanguage\":\"fr-FR\",\"@id\":\"https:\/\/uniest.it\/prodotto\/biogocce-defluenti\/#primaryimage\",\"url\":\"https:\/\/uniest.it\/wp-content\/uploads\/2020\/11\/105AAE.png\",\"contentUrl\":\"https:\/\/uniest.it\/wp-content\/uploads\/2020\/11\/105AAE.png\",\"width\":1283,\"height\":2001},{\"@type\":\"BreadcrumbList\",\"@id\":\"https:\/\/uniest.it\/prodotto\/biogocce-defluenti\/#breadcrumb\",\"itemListElement\":[{\"@type\":\"ListItem\",\"position\":1,\"name\":\"Home\",\"item\":\"https:\/\/uniest.it\/fr\/\"},{\"@type\":\"ListItem\",\"position\":2,\"name\":\"Shop\",\"item\":\"https:\/\/uniest.it\/shop\/\"},{\"@type\":\"ListItem\",\"position\":3,\"name\":\"Biogouttes d\u00e9fluentes\"}]},{\"@type\":\"WebSite\",\"@id\":\"https:\/\/uniest.it\/#website\",\"url\":\"https:\/\/uniest.it\/\",\"name\":\"Uniest\",\"description\":\"Cosmetici Naturali e Bio\",\"potentialAction\":[{\"@type\":\"SearchAction\",\"target\":{\"@type\":\"EntryPoint\",\"urlTemplate\":\"https:\/\/uniest.it\/?s={search_term_string}\"},\"query-input\":{\"@type\":\"PropertyValueSpecification\",\"valueRequired\":true,\"valueName\":\"search_term_string\"}}],\"inLanguage\":\"fr-FR\"}]}<\/script>\n<!-- \/ Yoast SEO plugin. -->","yoast_head_json":{"title":"Biogouttes d\u00e9fluentes - Uniest","robots":{"index":"index","follow":"follow","max-snippet":"max-snippet:-1","max-image-preview":"max-image-preview:large","max-video-preview":"max-video-preview:-1"},"canonical":"https:\/\/uniest.it\/prodotto\/biogocce-defluenti\/","og_locale":"fr_FR","og_type":"article","og_title":"Biogouttes d\u00e9fluentes - Uniest","og_description":"Biogouttes sortantes : ce sont de pr\u00e9cieuses gouttes v\u00e9g\u00e9tales, de petite taille mol\u00e9culaire, qui aident la peau, soumise aux agressions d&rsquo;agents agressifs, \u00e0 retrouver une nouvelle fra\u00eecheur. Ils donnent du tonus \u00e0 la peau et sont excellents dans tous les cas de rougeurs, desquamations, l\u00e9gers gonflements et l\u00e9gers coups de soleil, car ils neutralisent l&rsquo;inconfort [&hellip;]","og_url":"https:\/\/uniest.it\/prodotto\/biogocce-defluenti\/","og_site_name":"Uniest","article_modified_time":"2024-10-23T15:30:10+00:00","og_image":[{"width":1283,"height":2001,"url":"https:\/\/uniest.it\/wp-content\/uploads\/2020\/11\/105AAE.png","type":"image\/png"}],"twitter_card":"summary_large_image","twitter_misc":{"Dur\u00e9e de lecture estim\u00e9e":"1 minute"},"schema":{"@context":"https:\/\/schema.org","@graph":[{"@type":"WebPage","@id":"https:\/\/uniest.it\/prodotto\/biogocce-defluenti\/","url":"https:\/\/uniest.it\/prodotto\/biogocce-defluenti\/","name":"Biogouttes d\u00e9fluentes - Uniest","isPartOf":{"@id":"https:\/\/uniest.it\/#website"},"primaryImageOfPage":{"@id":"https:\/\/uniest.it\/prodotto\/biogocce-defluenti\/#primaryimage"},"image":{"@id":"https:\/\/uniest.it\/prodotto\/biogocce-defluenti\/#primaryimage"},"thumbnailUrl":"https:\/\/uniest.it\/wp-content\/uploads\/2020\/11\/105AAE.png","datePublished":"2024-10-23T14:42:47+00:00","dateModified":"2024-10-23T15:30:10+00:00","breadcrumb":{"@id":"https:\/\/uniest.it\/prodotto\/biogocce-defluenti\/#breadcrumb"},"inLanguage":"fr-FR","potentialAction":[{"@type":"ReadAction","target":["https:\/\/uniest.it\/prodotto\/biogocce-defluenti\/"]}]},{"@type":"ImageObject","inLanguage":"fr-FR","@id":"https:\/\/uniest.it\/prodotto\/biogocce-defluenti\/#primaryimage","url":"https:\/\/uniest.it\/wp-content\/uploads\/2020\/11\/105AAE.png","contentUrl":"https:\/\/uniest.it\/wp-content\/uploads\/2020\/11\/105AAE.png","width":1283,"height":2001},{"@type":"BreadcrumbList","@id":"https:\/\/uniest.it\/prodotto\/biogocce-defluenti\/#breadcrumb","itemListElement":[{"@type":"ListItem","position":1,"name":"Home","item":"https:\/\/uniest.it\/fr\/"},{"@type":"ListItem","position":2,"name":"Shop","item":"https:\/\/uniest.it\/shop\/"},{"@type":"ListItem","position":3,"name":"Biogouttes d\u00e9fluentes"}]},{"@type":"WebSite","@id":"https:\/\/uniest.it\/#website","url":"https:\/\/uniest.it\/","name":"Uniest","description":"Cosmetici Naturali e Bio","potentialAction":[{"@type":"SearchAction","target":{"@type":"EntryPoint","urlTemplate":"https:\/\/uniest.it\/?s={search_term_string}"},"query-input":{"@type":"PropertyValueSpecification","valueRequired":true,"valueName":"search_term_string"}}],"inLanguage":"fr-FR"}]}},"_links":{"self":[{"href":"https:\/\/uniest.it\/fr\/wp-json\/wp\/v2\/product\/5756","targetHints":{"allow":["GET"]}}],"collection":[{"href":"https:\/\/uniest.it\/fr\/wp-json\/wp\/v2\/product"}],"about":[{"href":"https:\/\/uniest.it\/fr\/wp-json\/wp\/v2\/types\/product"}],"wp:featuredmedia":[{"embeddable":true,"href":"https:\/\/uniest.it\/fr\/wp-json\/wp\/v2\/media\/5757"}],"wp:attachment":[{"href":"https:\/\/uniest.it\/fr\/wp-json\/wp\/v2\/media?parent=5756"}],"wp:term":[{"taxonomy":"product_brand","embeddable":true,"href":"https:\/\/uniest.it\/fr\/wp-json\/wp\/v2\/product_brand?post=5756"},{"taxonomy":"product_cat","embeddable":true,"href":"https:\/\/uniest.it\/fr\/wp-json\/wp\/v2\/product_cat?post=5756"},{"taxonomy":"product_tag","embeddable":true,"href":"https:\/\/uniest.it\/fr\/wp-json\/wp\/v2\/product_tag?post=5756"}],"curies":[{"name":"wp","href":"https:\/\/api.w.org\/{rel}","templated":true}]}}